{"id":15563,"date":"2025-11-02T14:17:18","date_gmt":"2025-11-02T11:17:18","guid":{"rendered":"https:\/\/excursionsworld.com\/?post_type=product&#038;p=15563\/"},"modified":"2025-12-08T22:12:47","modified_gmt":"2025-12-08T19:12:47","slug":"green-canyon-bootstour-belek","status":"publish","type":"product","link":"https:\/\/excursionsworld.com\/tours\/green-canyon-boat-tour-belek\/","title":{"rendered":"Green Canyon Bootstour ab Belek | Gr\u00fcne Schlucht \u2013 All Inclusive"},"content":{"rendered":"<h3 data-start=\"130\" data-end=\"148\"><span style=\"color: #000000;\"><strong>\ud83c\udf32 \u00dcberblick<\/strong><\/span><\/h3>\n<p data-start=\"149\" data-end=\"396\">Begeben Sie sich auf eine friedliche Reise in die <strong data-start=\"182\" data-end=\"233\">Gr\u00fcner Canyon aus Belek, Kadriye und Bo\u011fazkent<\/strong>! Genie\u00dfen Sie eine Bootsfahrt auf dem t\u00fcrkisfarbenen Wasser, umgeben vom Taurusgebirge, schwimmen Sie im See und entspannen Sie sich in der Natur. Perfekt f\u00fcr Familien und Naturliebhaber.<\/p>\n<h3 data-start=\"398\" data-end=\"413\"><span style=\"color: #000000;\"><strong>Inbegriffen:<\/strong><\/span><\/h3>\n<p data-start=\"414\" data-end=\"557\"><strong><span style=\"color: #00ff00;\">\u2713<\/span> <\/strong>Abholung vom Hotel und R\u00fccktransport<br data-start=\"441\" data-end=\"444\" \/><strong><span style=\"color: #00ff00;\">\u2713<\/span> <\/strong>Bootsfahrt auf dem Green Canyon<br data-start=\"475\" data-end=\"478\" \/><strong><span style=\"color: #00ff00;\">\u2713<\/span> <\/strong>Leitfaden<br data-start=\"485\" data-end=\"488\" \/><strong><span style=\"color: #00ff00;\">\u2713<\/span> <\/strong>Mittagessen in einem Restaurant am See<br data-start=\"520\" data-end=\"523\" \/><strong><span style=\"color: #00ff00;\">\u2713<\/span> <\/strong>Vollversicherung<br data-start=\"539\" data-end=\"542\" \/><strong><span style=\"color: #00ff00;\">\u2713<\/span> <\/strong>Erfrischungsgetr\u00e4nke<\/p>\n<h3 data-start=\"559\" data-end=\"578\"><span style=\"color: #000000;\"><strong>Nicht inbegriffen:<\/strong><\/span><\/h3>\n<p data-start=\"579\" data-end=\"633\"><strong><span style=\"color: #ff0000;\">\u2717<\/span> <\/strong>Pers\u00f6nliche Ausgaben<br data-start=\"598\" data-end=\"601\" \/><strong><span style=\"color: #ff0000;\">\u2717<\/span> <\/strong>Fotos und Videos (optional)<\/p>\n<h3 data-start=\"635\" data-end=\"660\"><span style=\"color: #000000;\"><strong>\ud83d\udea4 H\u00f6hepunkte der Tour<\/strong><\/span><\/h3>\n<p data-start=\"661\" data-end=\"844\">\ud83d\udd39 Bootsfahrt durch den Green Canyon<br data-start=\"700\" data-end=\"703\" \/>\ud83d\udd39 Atemberaubende Aussicht auf das Taurusgebirge<br data-start=\"744\" data-end=\"747\" \/>\ud83d\udd39 Schwimmen in kristallklarem Wasser<br data-start=\"782\" data-end=\"785\" \/>\ud83d\udd39 Mittagessen am ruhigen See<br data-start=\"814\" data-end=\"817\" \/>\ud83d\udd39 Entspannende Flucht in die Natur<\/p>\n<h3 data-start=\"846\" data-end=\"872\">\ud83d\udcd6 Vollst\u00e4ndige Beschreibung<\/h3>\n<p data-start=\"873\" data-end=\"1359\">Beginnen Sie Ihren Tag mit einer bequemen Abholung von Ihrem Hotel in Belek, Kadriye oder Bo\u011fazkent. Fahren Sie durch das malerische Taurusgebirge zum Green Canyon, einem der beeindruckendsten Naturwunder der T\u00fcrkei. Gehen Sie an Bord eines komfortablen Bootes und fahren Sie durch die smaragdgr\u00fcnen Gew\u00e4sser des Kleinen und Gro\u00dfen Canyons, umgeben von \u00fcppigen Felsen. Genie\u00dfen Sie Badepausen und ein k\u00f6stliches Mittagessen in einem Restaurant am See. Dieser ruhige Tag in der Natur ist die perfekte Abwechslung zum hektischen Leben in den Ferienorten.<\/p>\n<h3 data-start=\"1361\" data-end=\"1386\"><span style=\"color: #000000;\"><strong>\ud83d\uddfa\ufe0f Reiseverlauf<\/strong><\/span><\/h3>\n<p data-start=\"1387\" data-end=\"1614\">\ud83d\udd39 Abholung von Hotels in Belek, Kadriye, Bo\u011fazkent<br data-start=\"1434\" data-end=\"1437\" \/>\ud83d\udd39 Landschaftliche Fahrt durch das Taurusgebirge<br data-start=\"1481\" data-end=\"1484\" \/>\ud83d\udd39 Bootsfahrt auf dem Green Canyon<br data-start=\"1518\" data-end=\"1521\" \/>\ud83d\udd39 Schwimmstopps<br data-start=\"1538\" data-end=\"1541\" \/>\ud83d\udd39 Mittagessen in einem Restaurant am See<br data-start=\"1574\" data-end=\"1577\" \/>R\u00fcckfahrt und Hoteltransfer<\/p>\n<h3 data-start=\"1616\" data-end=\"1644\"><span style=\"color: #000000;\"><strong>\u2139\ufe0f N\u00fctzliche Informationen<\/strong><\/span><\/h3>\n<p data-start=\"1645\" data-end=\"1972\">\ud83d\udd39 Dauer: ~7-8 Stunden (Ganztagestour)<br data-start=\"1684\" data-end=\"1687\" \/>\ud83d\udd39 Geeignet f\u00fcr alle Altersgruppen<br data-start=\"1711\" data-end=\"1714\" \/>\ud83d\udd39 T\u00e4glich verf\u00fcgbar in der Region Belek<br data-start=\"1750\" data-end=\"1753\" \/>\ud83d\udd39 Schwimmwesten und schattige Pl\u00e4tze auf dem Boot vorhanden<br data-start=\"1807\" data-end=\"1810\" \/>\ud83d\udd39 Kinder unter 5 Jahren, die kostenlos mitfahren, haben keinen eigenen Sitzplatz im Bus. Wenn der Bus voll ist, sitzen sie auf dem Scho\u00df eines Erwachsenen, oder es kann ein eigener Sitzplatz gebucht werden.<\/p>\n<h3 data-start=\"2090\" data-end=\"2113\"><span style=\"color: #000000;\"><strong>\ud83c\udf92 Was Sie mitbringen sollten<\/strong><\/span><\/h3>\n<p data-start=\"2114\" data-end=\"2233\">\ud83d\udd39 Badeanzug und Handtuch<br data-start=\"2135\" data-end=\"2138\" \/>\ud83d\udd39 Sonnenbrille und Hut<br data-start=\"2159\" data-end=\"2162\" \/>\ud83d\udd39 Sonnenschutzmittel<br data-start=\"2174\" data-end=\"2177\" \/>\ud83d\udd39 Kamera oder Smartphone<br data-start=\"2200\" data-end=\"2203\" \/>\ud83d\udd39 Bargeld f\u00fcr Getr\u00e4nke oder Extras<\/p>\n<h3 data-start=\"1974\" data-end=\"2000\"><span style=\"color: #000000;\"><strong>\ud83d\udeab Nicht geeignet f\u00fcr<\/strong><\/span><\/h3>\n<p data-start=\"2001\" data-end=\"2088\">\ud83d\udd39 Menschen mit eingeschr\u00e4nkter Mobilit\u00e4t<br data-start=\"2032\" data-end=\"2035\" \/>\ud83d\udd39 Rollstuhlfahrer<br data-start=\"2054\" data-end=\"2057\" \/>\ud83d\udd39 Menschen, die zur Seekrankheit neigen<\/p>\n<h3 dir=\"ltr\"><span style=\"color: #000000;\"><strong>\ud83d\udcb8 Preis und Buchung<\/strong><\/span><\/h3>\n<p dir=\"ltr\"><strong>\ud83d\udd39 Jetzt buchen, am Tag der Tour bezahlen<\/strong><br \/>\nKontaktiere uns \u00fcber WhatsApp, Telegram, Viber oder f\u00fclle das Buchungsformular unten aus. \ud83d\udc47\ud83c\udffc<\/p>","protected":false},"excerpt":{"rendered":"<p data-start=\"381\" data-end=\"590\">Buchen Sie die <b>Belek Gr\u00fcner Canyon Tour<\/b>! Genie\u00dfen Sie einen ganzen Tag <b>Bootsfahrt<\/b>\u00a0im Taurusgebirge, Schwimmen und Mittagessen am See. Perfekt <b>Naturflucht<\/b>.<\/p>","protected":false},"featured_media":12848,"comment_status":"open","ping_status":"closed","template":"","meta":[],"product_brand":[],"product_cat":[126],"product_tag":[120],"class_list":{"0":"post-15563","1":"product","2":"type-product","3":"status-publish","4":"has-post-thumbnail","6":"tour_phys-belek-tours","7":"product_cat-belek-tours","8":"product_tag-belek","9":"pa_destination-belek-tours","10":"pa_kategori-boat-tours","12":"first","13":"instock","14":"sale","15":"shipping-taxable","16":"purchasable","17":"product-type-tour_phys"},"aioseo_notices":[],"_links":{"self":[{"href":"https:\/\/excursionsworld.com\/de\/wp-json\/wp\/v2\/product\/15563","targetHints":{"allow":["GET"]}}],"collection":[{"href":"https:\/\/excursionsworld.com\/de\/wp-json\/wp\/v2\/product"}],"about":[{"href":"https:\/\/excursionsworld.com\/de\/wp-json\/wp\/v2\/types\/product"}],"replies":[{"embeddable":true,"href":"https:\/\/excursionsworld.com\/de\/wp-json\/wp\/v2\/comments?post=15563"}],"wp:featuredmedia":[{"embeddable":true,"href":"https:\/\/excursionsworld.com\/de\/wp-json\/wp\/v2\/media\/12848"}],"wp:attachment":[{"href":"https:\/\/excursionsworld.com\/de\/wp-json\/wp\/v2\/media?parent=15563"}],"wp:term":[{"taxonomy":"product_brand","embeddable":true,"href":"https:\/\/excursionsworld.com\/de\/wp-json\/wp\/v2\/product_brand?post=15563"},{"taxonomy":"product_cat","embeddable":true,"href":"https:\/\/excursionsworld.com\/de\/wp-json\/wp\/v2\/product_cat?post=15563"},{"taxonomy":"product_tag","embeddable":true,"href":"https:\/\/excursionsworld.com\/de\/wp-json\/wp\/v2\/product_tag?post=15563"}],"curies":[{"name":"wp","href":"https:\/\/api.w.org\/{rel}","templated":true}]}}