{"id":15564,"date":"2025-11-02T14:18:58","date_gmt":"2025-11-02T11:18:58","guid":{"rendered":"https:\/\/excursionsworld.com\/?post_type=product&#038;p=15564\/"},"modified":"2026-04-24T01:27:14","modified_gmt":"2026-04-23T22:27:14","slug":"piratenboot-side-big-kral","status":"publish","type":"product","link":"https:\/\/excursionsworld.com\/tours\/pirate-boat-side-big-kral\/","title":{"rendered":"Piraten-Bootstour ab Side: Legend Big Kral (All Inclusive)"},"content":{"rendered":"<h2><span style=\"color: #000000;\"><strong>\ud83c\udff4\u200d\u2620\ufe0f \u00dcberblick<\/strong><\/span><\/h2>\n<p>Beitritt zum <strong>Legenden-K\u00f6nig-Piratenboot-Tour von <a href=\"https:\/\/en.wikipedia.org\/wiki\/Side,_Turkey\" target=\"_blank\" rel=\"noopener\">Side<\/a><\/strong>, ein unvergessliches Seeabenteuer an der T\u00fcrkischen Riviera! Fahren Sie entlang der atemberaubenden K\u00fcste von Alanya auf einem der <strong>gr\u00f6\u00dfte Piratenschiffe im Mittelmeer<\/strong>, mit Musik, Schaumpartys, Schwimmpausen und Spa\u00df f\u00fcr alle Altersgruppen.<\/p>\n<h3><span style=\"color: #000000;\"><strong>Inbegriffen:<\/strong><\/span><\/h3>\n<p><span style=\"color: #00ff00;\"><strong>\u2713<\/strong> <\/span>Abholung vom Hotel und R\u00fccktransport aus der Region Side<br \/>\n<span style=\"color: #00ff00;\"><strong>\u2713<\/strong> <\/span>Professioneller F\u00fchrer<br \/>\n<span style=\"color: #00ff00;\"><strong>\u2713<\/strong> <\/span>Mittagessen (gegrilltes H\u00e4hnchen, Reis und Salate)<br \/>\n<span style=\"color: #00ff00;\"><strong>\u2713<\/strong> <\/span>Erfrischungsgetr\u00e4nke (Wasser, Cola, Fanta, usw.)<br \/>\n<span style=\"color: #00ff00;\"><strong>\u2713<\/strong> <\/span>Schaumparty und Animationen an Bord<br \/>\n<span style=\"color: #00ff00;\"><strong>\u2713<\/strong> <\/span>Schwimmwesten<br \/>\n<span style=\"color: #00ff00;\"><strong>\u2713<\/strong> <\/span>Vollversicherung<\/p>\n<h3><span style=\"color: #000000;\"><strong>Nicht inbegriffen:<\/strong><\/span><\/h3>\n<p><strong><span style=\"color: #ff0000;\">\u2717<\/span> <\/strong>Alkoholische Getr\u00e4nke<br \/>\n<strong><span style=\"color: #ff0000;\">\u2717<\/span> <\/strong>Fotos und Videos<br \/>\n<strong><span style=\"color: #ff0000;\">\u2717<\/span> <\/strong>Pers\u00f6nliche Ausgaben<\/p>\n<h2><span style=\"color: #000000;\"><strong>\ud83c\udf1f H\u00f6hepunkte der Tour<\/strong><\/span><\/h2>\n<p>\ud83d\udd39 Segel auf der legend\u00e4ren <strong>Gro\u00dfes Kral-Piratenschiff<\/strong> - die gr\u00f6\u00dfte im Mittelmeerraum<br \/>\n\ud83d\udd39 Siehe <strong>Burg Alanya<\/strong>, <strong>Roter Turm<\/strong>, und die <strong>alte Schiffswerft<\/strong><br \/>\n\ud83d\udd39 Erforschen <strong>Piraten, Liebhaber, Phosphor und Teufelsh\u00f6hlen<\/strong><br \/>\n\ud83d\udd39 Schwimmen im t\u00fcrkisfarbenen Wasser bei <strong>Ula\u015f Strand<\/strong><br \/>\n\ud83d\udd39 Genie\u00dfen <strong>Schaumparty, Musik und Live-Unterhaltung<\/strong><br \/>\n\ud83d\udd39 Perfekt f\u00fcr Familien, Paare und Gruppen, die einen unterhaltsamen Tag auf dem Meer verbringen m\u00f6chten<\/p>\n<h2><strong><span style=\"color: #000000;\">\ud83d\udcd6 Vollst\u00e4ndige Beschreibung<\/span><\/strong><\/h2>\n<p>Beginnen Sie Ihr Abenteuer mit einem komfortablen Transfer von Ihrem Hotel in <strong>Seitliche oder nahe gelegene Bereiche<\/strong> zu <strong>Hafen von Alanya<\/strong>, wo der majest\u00e4tische <strong>Legende Gro\u00dfes Kral-Piratenschiff<\/strong> erwartet. Als das Schiff abf\u00e4hrt, um <strong>10:00 AM<\/strong>, segeln Sie entlang der K\u00fcste von Alanya, vorbei an Wahrzeichen wie dem <strong>Roter Turm<\/strong>, <strong>Alte Werft<\/strong>, und <strong>Mauern der Burg von Alanya<\/strong>. Das Piratenschiff h\u00e4lt dann an mehreren ber\u00fchmten Meeresh\u00f6hlen - <strong>Piraten, Liebhaber, Phosphor und Teufelsh\u00f6hlen<\/strong> - Sie haben die M\u00f6glichkeit, in kristallklarem Wasser zu schwimmen und Fotos zu machen. A <strong>leckeres Mittagessen an Bord<\/strong> mit alkoholfreien Getr\u00e4nken wird serviert, w\u00e4hrend Sie Live-Unterhaltung und Animationen genie\u00dfen. Sp\u00e4ter k\u00f6nnen Sie an Deck entspannen oder an der <strong>Schaumparty<\/strong> f\u00fcr einen unterhaltsamen Nachmittag. Nach mehreren Badepausen kehrt das Schiff in den Hafen von Alanya zur\u00fcck. <strong>15:00<\/strong>, Anschlie\u00dfend erfolgt ein bequemer Transfer zur\u00fcck zu Ihrem Hotel in Side.<\/p>\n<h3><strong><span style=\"color: #000000;\">\ud83d\uddfa\ufe0f Reiseverlauf<\/span><\/strong><\/h3>\n<p>\ud83d\udd39 Abholung von Hotels in Side und Umgebung<br \/>\n\ud83d\udd39 Transfer zum Hafen von Alanya<br \/>\n\ud83d\udd39 Einsteigen und Abfahrt um 10:00 Uhr<br \/>\n\ud83d\udd39 Kreuzfahrt vorbei am Roten Turm und der alten Werft<br \/>\n\ud83d\udd39 Badestopp in der N\u00e4he der Burg von Alanya<br \/>\n\ud83d\udd39 Besuchen Sie Piraten, Liebende, Phosphor- und Teufelsh\u00f6hlen<br \/>\n\ud83d\udd39 Mittagessen an Bord<br \/>\n\ud83d\udd39 Schwimmen am Ula\u015f-Strand<br \/>\n\ud83d\udd39 Schaumparty und Unterhaltung<br \/>\n\ud83d\udd39 R\u00fcckkehr zum Hafen von Alanya (~15:00)<br \/>\n\ud83d\udd39 Abholung bei Hotels in Side<\/p>\n<h3><span style=\"color: #000000;\"><strong>\u2139\ufe0f N\u00fctzliche Informationen<\/strong><\/span><\/h3>\n<p>\ud83d\udd39 Dauer: ca. 5-6 Stunden<br \/>\n\ud83d\udd39 Englischsprachige Crew und Animationsteam an Bord<br \/>\n\ud83d\udd39 Familienfreundlich und f\u00fcr alle Altersgruppen geeignet<br \/>\n\ud83d\udd39 Ger\u00e4umiges 3-Deck-Piratenschiff mit moderner Ausstattung<br \/>\n\ud83d\udd39 Kinder unter 5 Jahren fahren kostenlos (geteilter Sitzplatz, wenn der Bus voll ist)<\/p>\n<h2><span style=\"color: #000000;\"><strong>\ud83c\udf92 Was Sie mitbringen sollten<\/strong><\/span><\/h2>\n<p>\ud83d\udd39 Badeanzug und Handtuch<br \/>\n\ud83d\udd39 Sonnencreme, Sonnenbrille und Hut<br \/>\n\ud83d\udd39 Kamera oder Telefon<br \/>\n\ud83d\udd39 Kleines Geld f\u00fcr optionale Extras<\/p>\n<h3><span style=\"color: #000000;\"><strong>\ud83d\udeab Nicht geeignet f\u00fcr<\/strong><\/span><\/h3>\n<p>\ud83d\udd39 G\u00e4ste mit schwerer Reisekrankheit<br \/>\n\ud83d\udd39 Schwangere Frauen<\/p>\n<h2><span style=\"color: #000000;\"><strong>\ud83d\udcb8 Preis und Buchung<\/strong><\/span><\/h2>\n<p><strong>\ud83d\udd39 Jetzt buchen, am Tag der Tour bezahlen<\/strong><br \/>\n\ud83d\udd39 Kontaktieren Sie uns \u00fcber <strong>WhatsApp<\/strong>, <strong>Telegramm<\/strong>, <strong>Viber<\/strong>, oder f\u00fcllen Sie das untenstehende Buchungsformular aus. \ud83d\udc47\ud83c\udffc<\/p>\n<p>Alternativen gesucht? St\u00f6bern Sie <a href=\"https:\/\/excursionsworld.com\/de\/piratenboots-antalya-kemer-belek\/\">Mehr Piratenschiff-Touren in Side<\/a>.<\/p>","protected":false},"excerpt":{"rendered":"<p>Buchen Sie die <b>Side Legend Big Kral Bootstour<\/b>! All-inclusive-Kreuzfahrt mit Mittagessen, <b>unbegrenzte Getr\u00e4nke<\/b>, Schaumparty und Schwimmen am Kleopatra-Strand. <b>Transfer inklusive<\/b>!<\/p>","protected":false},"featured_media":15443,"comment_status":"open","ping_status":"closed","template":"","meta":[],"product_brand":[],"product_cat":[130,127],"product_tag":[122],"class_list":{"0":"post-15564","1":"product","2":"type-product","3":"status-publish","4":"has-post-thumbnail","6":"tour_phys-pirate-boat-tours","7":"tour_phys-side-tours","8":"product_cat-pirate-boat-tours","9":"product_cat-side-tours","10":"product_tag-side","11":"pa_destination-side-tours","12":"pa_kategori-pirate-boat-tours","14":"first","15":"instock","16":"sale","17":"shipping-taxable","18":"purchasable","19":"product-type-tour_phys"},"aioseo_notices":[],"_links":{"self":[{"href":"https:\/\/excursionsworld.com\/de\/wp-json\/wp\/v2\/product\/15564","targetHints":{"allow":["GET"]}}],"collection":[{"href":"https:\/\/excursionsworld.com\/de\/wp-json\/wp\/v2\/product"}],"about":[{"href":"https:\/\/excursionsworld.com\/de\/wp-json\/wp\/v2\/types\/product"}],"replies":[{"embeddable":true,"href":"https:\/\/excursionsworld.com\/de\/wp-json\/wp\/v2\/comments?post=15564"}],"wp:featuredmedia":[{"embeddable":true,"href":"https:\/\/excursionsworld.com\/de\/wp-json\/wp\/v2\/media\/15443"}],"wp:attachment":[{"href":"https:\/\/excursionsworld.com\/de\/wp-json\/wp\/v2\/media?parent=15564"}],"wp:term":[{"taxonomy":"product_brand","embeddable":true,"href":"https:\/\/excursionsworld.com\/de\/wp-json\/wp\/v2\/product_brand?post=15564"},{"taxonomy":"product_cat","embeddable":true,"href":"https:\/\/excursionsworld.com\/de\/wp-json\/wp\/v2\/product_cat?post=15564"},{"taxonomy":"product_tag","embeddable":true,"href":"https:\/\/excursionsworld.com\/de\/wp-json\/wp\/v2\/product_tag?post=15564"}],"curies":[{"name":"wp","href":"https:\/\/api.w.org\/{rel}","templated":true}]}}