{"id":15565,"date":"2025-11-02T14:20:57","date_gmt":"2025-11-02T11:20:57","guid":{"rendered":"https:\/\/excursionsworld.com\/?post_type=product&#038;p=15565\/"},"modified":"2025-12-08T21:29:37","modified_gmt":"2025-12-08T18:29:37","slug":"pamukkale-hierapolis-side","status":"publish","type":"product","link":"https:\/\/excursionsworld.com\/tours\/pamukkale-hierapolis-side\/","title":{"rendered":"Pamukkale &amp; Hierapolis Ausflug ab Side \u2013 Tagestour"},"content":{"rendered":"<h3 data-start=\"2808\" data-end=\"2827\"><strong>\ud83c\udfdd\ufe0f \u00dcberblick<\/strong><\/h3>\n<p data-start=\"2828\" data-end=\"3176\">Entdecken Sie die atemberaubenden Terrassen von Pamukkale und die antike Stadt Hierapolis auf einer eint\u00e4gigen Tour ab <strong data-start=\"2934\" data-end=\"2942\">Side<\/strong> und die umliegenden Gebiete. Genie\u00dfen Sie bequeme Transfers von Hotels in Side, Manavgat, Evrenseki, Titreyeng\u00f6l und Kumk\u00f6y. Schwimmen Sie in Thermalquellen, erkunden Sie historische Ruinen und genie\u00dfen Sie ein k\u00f6stliches t\u00fcrkisches Mittagessen auf dieser unvergesslichen Reise.<\/p>\n<h3 data-start=\"3178\" data-end=\"3194\"><strong>Inbegriffen:<\/strong><\/h3>\n<p data-start=\"3195\" data-end=\"3369\"><span style=\"color: #00ff00;\"><strong>\u2713<\/strong> <\/span>Abholung vom Hotel und R\u00fccktransport<br data-start=\"3222\" data-end=\"3225\" \/><span style=\"color: #00ff00;\"><strong>\u2713<\/strong> <\/span>Klimatisierter Bus<br data-start=\"3246\" data-end=\"3249\" \/><span style=\"color: #00ff00;\"><strong>\u2713<\/strong> <\/span>Eintrittsgelder f\u00fcr Pamukkale und Hierapolis<br data-start=\"3292\" data-end=\"3295\" \/><span style=\"color: #00ff00;\"><strong>\u2713<\/strong> <\/span>Vollversicherung<br data-start=\"3311\" data-end=\"3314\" \/><span style=\"color: #00ff00;\"><strong>\u2713<\/strong> <\/span>Englischsprachiger historischer F\u00fchrer<br data-start=\"3348\" data-end=\"3351\" \/><span style=\"color: #00ff00;\"><strong>\u2713<\/strong> <\/span>Mittagessen (Buffet)<\/p>\n<h3 data-start=\"3371\" data-end=\"3391\"><span style=\"color: #000000;\"><strong>Nicht inbegriffen:<\/strong><\/span><\/h3>\n<p data-start=\"3392\" data-end=\"3457\"><span style=\"color: #ff0000;\"><strong>\u2717<\/strong> <\/span>Eingang zu Kleopatras Pool<br data-start=\"3422\" data-end=\"3425\" \/><span style=\"color: #ff0000;\"><strong>\u2717<\/strong> <\/span>Pers\u00f6nliche Ausgaben<br data-start=\"3444\" data-end=\"3447\" \/><span style=\"color: #ff0000;\"><strong>\u2717<\/strong> <\/span>Getr\u00e4nke<\/p>\n<h3 data-start=\"3459\" data-end=\"3484\"><span style=\"color: #000000;\"><strong>\ud83c\udf1f H\u00f6hepunkte der Tour<\/strong><\/span><\/h3>\n<p data-start=\"3485\" data-end=\"3757\">\ud83d\udd39 Bewundern Sie die schneewei\u00dfen Travertine von Pamukkale<br data-start=\"3534\" data-end=\"3537\" \/>\ud83d\udd39 Erkunden Sie das r\u00f6mische Theater und die Ruinen von Hierapolis<br data-start=\"3589\" data-end=\"3592\" \/>\ud83d\udd39 Entspannen in nat\u00fcrlichen Thermalbecken<br data-start=\"3625\" data-end=\"3628\" \/>\ud83d\udd39 Optionales Schwimmen in Cleopatra's Pool (gegen Aufpreis)<br data-start=\"3676\" data-end=\"3679\" \/>\ud83d\udd39 Genie\u00dfen Sie ein traditionelles t\u00fcrkisches Mittagessen<br data-start=\"3715\" data-end=\"3718\" \/>\ud83d\udd39 Besuch einer UNESCO-Weltkulturerbest\u00e4tte<\/p>\n<h3 data-start=\"3759\" data-end=\"3785\"><span style=\"color: #000000;\"><strong>\ud83d\udcd6 Vollst\u00e4ndige Beschreibung<\/strong><\/span><\/h3>\n<p data-start=\"3786\" data-end=\"4337\">Ihr Tag beginnt mit einem komfortablen Transfer von Ihrem Hotel in <strong data-start=\"3849\" data-end=\"3873\">Seitliche oder nahe gelegene Bereiche<\/strong>. Durch malerische Landschaften fahren Sie nach Pamukkale, der \u201cBaumwollburg\u201d, die f\u00fcr ihre strahlend wei\u00dfen Terrassen ber\u00fchmt ist. Nach der Ankunft genie\u00dfen Sie ein Mittagsbuffet, bevor Sie die mineralhaltigen Travertine von Pamukkale erkunden. Anschlie\u00dfend unternehmen Sie eine gef\u00fchrte Tour durch Hierapolis und besichtigen das r\u00f6mische Theater, den Apollo-Tempel und andere Monumente. Nach der Besichtigung k\u00f6nnen Sie sich in den Thermalbecken entspannen oder im Kleopatrabecken schwimmen (fakultativ). Am Ende des Tages kehren Sie zu Ihrem Hotel in Side zur\u00fcck.<\/p>\n<h3 data-start=\"4339\" data-end=\"4364\"><span style=\"color: #000000;\"><strong>\ud83d\uddfa\ufe0f Reiseverlauf<\/strong><\/span><\/h3>\n<p data-start=\"4365\" data-end=\"4602\">\ud83d\udd39 Abholung vom Hotel<br data-start=\"4385\" data-end=\"4388\" \/>\ud83d\udd39 Reise nach Pamukkale<br data-start=\"4411\" data-end=\"4414\" \/>\ud83d\udd39 Mittagsbuffet<br data-start=\"4429\" data-end=\"4432\" \/>\ud83d\udd39 Besichtigung der Travertinen von Pamukkale<br data-start=\"4466\" data-end=\"4469\" \/>\ud83d\udd39 Besuch der Ruinen von Hierapolis<br data-start=\"4497\" data-end=\"4500\" \/>\ud83d\udd39 Freie Zeit f\u00fcr Kleopatra's Pool (optional)<br data-start=\"4544\" data-end=\"4547\" \/>\ud83d\udd39 R\u00fcckreise nach Side<br data-start=\"4572\" data-end=\"4575\" \/>\ud83d\udd39 Transfer zur\u00fcck zum Hotel<\/p>\n<h3 data-start=\"4604\" data-end=\"4632\"><span style=\"color: #000000;\"><strong>\u2139\ufe0f N\u00fctzliche Informationen<\/strong><\/span><\/h3>\n<p data-start=\"4633\" data-end=\"4864\">\ud83d\udd39 Dauer: etwa 12 Stunden<br data-start=\"4668\" data-end=\"4671\" \/>\ud83d\udd39 Die Reiseroute kann sich aufgrund der Wetterbedingungen \u00e4ndern.<br data-start=\"4720\" data-end=\"4723\" \/>\ud83d\udd39 M\u00e4\u00dfige k\u00f6rperliche Aktivit\u00e4t (Spazierengehen, eventuell Schwimmen)<br data-start=\"4781\" data-end=\"4784\" \/>\ud83d\udd39 Kinder unter 5 Jahren, die kostenlos reisen, haben keinen eigenen Sitzplatz im Bus.<\/p>\n<h3 data-start=\"2287\" data-end=\"2310\"><span style=\"color: #000000;\"><strong>\ud83c\udf92 Was Sie mitbringen sollten<\/strong><\/span><\/h3>\n<p data-start=\"2311\" data-end=\"2453\">\ud83d\udd39 Reisepass oder Personalausweis<br data-start=\"2328\" data-end=\"2331\" \/>\ud83d\udd39 Bequeme Schuhe<br data-start=\"2351\" data-end=\"2354\" \/>\ud83d\udd39 Sonnenbrillen und Kopfbedeckungen<br data-start=\"2380\" data-end=\"2383\" \/>\ud83d\udd39 Badeanzug und Handtuch<br data-start=\"2404\" data-end=\"2407\" \/>\ud83d\udd39 Sonnenschutzmittel<br data-start=\"2419\" data-end=\"2422\" \/>\ud83d\udd39 Bargeld f\u00fcr pers\u00f6nliche Ausgaben<\/p>\n<h3 data-start=\"2455\" data-end=\"2481\"><span style=\"color: #000000;\"><strong>\ud83d\udeab Nicht geeignet f\u00fcr<\/strong><\/span><\/h3>\n<p data-start=\"2482\" data-end=\"2564\">\ud83d\udd39 Menschen mit eingeschr\u00e4nkter Mobilit\u00e4t<br data-start=\"2513\" data-end=\"2516\" \/>\ud83d\udd39 Personen mit schweren Erkrankungen<\/p>\n<h3 data-start=\"2629\" data-end=\"2656\"><strong>\ud83d\udcb8 Preis und Buchung<\/strong><\/h3>\n<p data-start=\"2657\" data-end=\"2781\"><strong>\ud83d\udd39 Jetzt buchen, am Tag der Tour bezahlen<\/strong><br data-start=\"2696\" data-end=\"2699\" \/>Kontaktiere uns \u00fcber WhatsApp, Telegram, Viber oder f\u00fclle das Buchungsformular unten aus. \ud83d\udc47\ud83c\udffc<\/p>","protected":false},"excerpt":{"rendered":"<p>Buchen Sie die <b>Seite Pamukkale Tour<\/b>! Besuchen Sie die Ruinen von Hierapolis und die Thermalb\u00e4der. Unvergesslich <b>Tagesausflug<\/b> mit Mittagessen und gem\u00fctlichem <b>Ausflug<\/b>.<\/p>","protected":false},"featured_media":12575,"comment_status":"open","ping_status":"closed","template":"","meta":[],"product_brand":[],"product_cat":[127],"product_tag":[122],"class_list":{"0":"post-15565","1":"product","2":"type-product","3":"status-publish","4":"has-post-thumbnail","6":"tour_phys-side-tours","7":"product_cat-side-tours","8":"product_tag-side","9":"pa_destination-side-tours","11":"first","12":"instock","13":"sale","14":"shipping-taxable","15":"purchasable","16":"product-type-tour_phys"},"aioseo_notices":[],"_links":{"self":[{"href":"https:\/\/excursionsworld.com\/de\/wp-json\/wp\/v2\/product\/15565","targetHints":{"allow":["GET"]}}],"collection":[{"href":"https:\/\/excursionsworld.com\/de\/wp-json\/wp\/v2\/product"}],"about":[{"href":"https:\/\/excursionsworld.com\/de\/wp-json\/wp\/v2\/types\/product"}],"replies":[{"embeddable":true,"href":"https:\/\/excursionsworld.com\/de\/wp-json\/wp\/v2\/comments?post=15565"}],"wp:featuredmedia":[{"embeddable":true,"href":"https:\/\/excursionsworld.com\/de\/wp-json\/wp\/v2\/media\/12575"}],"wp:attachment":[{"href":"https:\/\/excursionsworld.com\/de\/wp-json\/wp\/v2\/media?parent=15565"}],"wp:term":[{"taxonomy":"product_brand","embeddable":true,"href":"https:\/\/excursionsworld.com\/de\/wp-json\/wp\/v2\/product_brand?post=15565"},{"taxonomy":"product_cat","embeddable":true,"href":"https:\/\/excursionsworld.com\/de\/wp-json\/wp\/v2\/product_cat?post=15565"},{"taxonomy":"product_tag","embeddable":true,"href":"https:\/\/excursionsworld.com\/de\/wp-json\/wp\/v2\/product_tag?post=15565"}],"curies":[{"name":"wp","href":"https:\/\/api.w.org\/{rel}","templated":true}]}}