{"id":15567,"date":"2025-11-02T14:25:41","date_gmt":"2025-11-02T11:25:41","guid":{"rendered":"https:\/\/excursionsworld.com\/?post_type=product&#038;p=15567\/"},"modified":"2026-04-24T01:27:15","modified_gmt":"2026-04-23T22:27:15","slug":"piratenboot-legend-big-kral-alanya","status":"publish","type":"product","link":"https:\/\/excursionsworld.com\/tours\/pirate-boat-legend-big-kral-alanya\/","title":{"rendered":"Alanya Piraten Bootsfahrt - Big Kral Legend | Alles Inklusive"},"content":{"rendered":"<h2>\ud83c\udff4\u200d\u2620\ufe0f \u00dcberblick<\/h2>\n<p>Beitritt zum <strong>Legende Big Kral Piratenbootsfahrt<\/strong> \u2014 <a href=\"https:\/\/en.wikipedia.org\/wiki\/Alanya\" target=\"_blank\" rel=\"noopener\">Alanya<\/a>\u2019das ber\u00fchmteste Abenteuer auf See! Fahren Sie mit einem riesigen Piratenschiff entlang der atemberaubenden K\u00fcste mit Musik, Schaumparty und Badepausen. Genie\u00dfen Sie Sonne, Spa\u00df und spektakul\u00e4re Ausblicke auf die Burg von Alanya und das Mittelmeer.<\/p>\n<h3>Inbegriffen:<\/h3>\n<p><span style=\"color: #00ff00;\"><strong>\u2713<\/strong><\/span> Abholung vom Hotel und R\u00fccktransport<br \/>\n<span style=\"color: #00ff00;\"><strong>\u2713 <\/strong><\/span>Professioneller F\u00fchrer<br \/>\n<span style=\"color: #00ff00;\"><strong>\u2713 <\/strong><\/span>Mittagessen (gegrilltes H\u00e4hnchen, Reis und Salate)<br \/>\n<span style=\"color: #00ff00;\"><strong>\u2713 <\/strong><\/span>Erfrischungsgetr\u00e4nke (Wasser, Cola, Fanta, usw.)<br \/>\n<span style=\"color: #00ff00;\"><strong>\u2713 <\/strong><\/span>Schaumparty und Animationen<br \/>\n<span style=\"color: #00ff00;\"><strong>\u2713 <\/strong><\/span>Schwimmwesten<br \/>\n<span style=\"color: #00ff00;\"><strong>\u2713 <\/strong><\/span>Versicherung<\/p>\n<h3>Nicht inbegriffen:<\/h3>\n<p><strong><span style=\"color: #ff0000;\">\u2717<\/span><\/strong> Alkoholische Getr\u00e4nke<br \/>\n<strong><span style=\"color: #ff0000;\">\u2717 <\/span><\/strong>Fotos und Videos<br \/>\n<strong><span style=\"color: #ff0000;\">\u2717 <\/span><\/strong>Pers\u00f6nliche Ausgaben<\/p>\n<h2>\ud83c\udf1f Tour Highlights dieser Piraten-Bootstour in Alanya<\/h2>\n<p>\ud83d\udd39 Kreuzfahrt auf der legend\u00e4ren <strong>Gro\u00dfes Kral-Piratenschiff<\/strong> - einer der gr\u00f6\u00dften im Mittelmeerraum<br \/>\n\ud83d\udd39 Sehen Sie den Roten Turm, die alte Werft und die Mauern der Burg von Alanya<br \/>\n\ud83d\udd39 Besuchen Sie Piraten, Liebende, Phosphor und Teufelsh\u00f6hlen<br \/>\n\ud83d\udd39 Schwimmen im kristallklaren Wasser am Ula\u015f-Strand<br \/>\n\ud83d\udd39 Unterhaltung, Musik und Schaumparty an Bord<br \/>\n\ud83d\udd39 Perfekt f\u00fcr Familien, Paare und Gruppen<\/p>\n<h2>\ud83d\udcd6 Vollst\u00e4ndige Beschreibung: Ihr Alanya Piratenschiff-Erlebnis<\/h2>\n<div>Setzen Sie die Segel auf der <strong>Legende Big Kral<\/strong>, Alanyas eindrucksvollstes Piratenschiff, gebaut f\u00fcr Komfort und Unterhaltung. Die Tour startet von <strong>Hafen von Alanya um 10:00 Uhr<\/strong>, und segelt an der <strong>Roter Turm<\/strong>, <strong>Alte Werft<\/strong>, und <strong>Burg Alanya<\/strong>.<\/div>\n<div>Sie erkunden die legend\u00e4re <strong>Piraten, Liebhaber, Phosphor und Teufelsh\u00f6hlen<\/strong>, mit Stopps zum Schwimmen in t\u00fcrkisfarbenen Buchten wie <strong>Ula\u015f Strand<\/strong>. Genie\u00dfen Sie an Bord lebhafte Animationen, eine Schaumparty und ein leckeres Mittagessen mit Erfrischungsgetr\u00e4nken.<\/div>\n<div>Entspannen Sie sich auf den ger\u00e4umigen Decks, genie\u00dfen Sie die Sonne oder tanzen Sie mit dem Animationsteam, w\u00e4hrend die Big Kral \u00fcber das Mittelmeer segelt. Das Schiff kehrt zum Hafen von Alanya gegen <strong>15:00<\/strong>, Anschlie\u00dfend erfolgt ein bequemer Transfer zur\u00fcck zu Ihrem Hotel.<\/div>\n<h3>\ud83d\uddfa\ufe0f Reiseverlauf<\/h3>\n<p>\ud83d\udd39 Abholung von Hotels\/Appartements in Alanya<br \/>\n\ud83d\udd39 Transfer zum Hafen von Alanya<br \/>\n\ud83d\udd39 Abreise um 10:00 Uhr<br \/>\n\ud83d\udd39 Segeln Sie am Roten Turm und der alten Werft vorbei<br \/>\n\ud83d\udd39 Badepause in der N\u00e4he der Werft<br \/>\n\ud83d\udd39 Besuchen Sie Piraten, Liebende, Phosphor und Teufelsh\u00f6hlen<br \/>\n\ud83d\udd39 Mittagessen an Bord<br \/>\n\ud83d\udd39 Badepause am Ula\u015f Strand<br \/>\n\ud83d\udd39 Zus\u00e4tzliche Schwimmstopps<br \/>\n\ud83d\udd39 R\u00fcckkehr zum Hafen von Alanya (~15:00)<br \/>\n\ud83d\udd39 Abholung in den Hotels<\/p>\n<h3>\u2139\ufe0f N\u00fctzliche Informationen<\/h3>\n<p>\ud83d\udd39 Dauer: ca. 5-6 Stunden<br \/>\n\ud83d\udd39 Englischsprachige Besatzung und F\u00fchrer<br \/>\n\ud83d\udd39 Familienfreundlich und f\u00fcr alle Altersgruppen geeignet<br \/>\nKinder unter 5 Jahren reisen kostenlos (teilen sich den Sitzplatz mit den Eltern)<br \/>\n\ud83d\udd39 Ger\u00e4umiges 3-Deck-Piratenboot mit moderner Ausstattung<\/p>\n<h2>\ud83c\udf92 Was Sie mitbringen sollten<\/h2>\n<p>\ud83d\udd39 Badeanzug und Handtuch<br \/>\n\ud83d\udd39 Sonnencreme, Sonnenbrille und Hut<br \/>\n\ud83d\udd39 Kamera oder Telefon<br \/>\n\ud83d\udd39 Kleines Geld f\u00fcr Extras<\/p>\n<h3>\ud83d\udeab Nicht geeignet f\u00fcr<\/h3>\n<p>\ud83d\udd39 G\u00e4ste mit schwerer Reisekrankheit<br \/>\n\ud83d\udd39 Schwangere Frauen<\/p>\n<h2>\ud83d\udcb8 Preis und Buchung<\/h2>\n<p><strong>\ud83d\udd39 Jetzt buchen, am Tag der Tour bezahlen<\/strong><br \/>\n\ud83d\udd39 Kontaktieren Sie uns \u00fcber <strong>WhatsApp<\/strong>, <strong>Telegramm<\/strong>, <strong>Viber<\/strong>, oder f\u00fcllen Sie das untenstehende Buchungsformular aus. \ud83d\udc47\ud83c\udffc<\/p>\n<p>Alternativen gesucht? St\u00f6bern Sie <a href=\"https:\/\/excursionsworld.com\/de\/alanya-ausfluege\/\">Weitere Touren in Alanya<\/a>.<\/p>","protected":false},"excerpt":{"rendered":"<p>Buchen Sie die <b>Gro\u00dfe Kral-Legende<\/b> Pirat <b>Bootstour<\/b>! Beste <b>All-Inclusive-Reise<\/b> und Spa\u00df <b>Ausflug<\/b>. Genie\u00dfen Sie Schaumparty, Schwimmen und Unterhaltung. <b>Transfer inklusive<\/b>!<\/p>","protected":false},"featured_media":15443,"comment_status":"open","ping_status":"closed","template":"","meta":[],"product_brand":[],"product_cat":[128,130],"product_tag":[111],"class_list":{"0":"post-15567","1":"product","2":"type-product","3":"status-publish","4":"has-post-thumbnail","6":"tour_phys-alanya-tours","7":"tour_phys-pirate-boat-tours","8":"product_cat-alanya-tours","9":"product_cat-pirate-boat-tours","10":"product_tag-alanya","11":"pa_destination-alanya-tours","12":"pa_kategori-pirate-boat-tours","14":"first","15":"instock","16":"sale","17":"shipping-taxable","18":"purchasable","19":"product-type-tour_phys"},"aioseo_notices":[],"_links":{"self":[{"href":"https:\/\/excursionsworld.com\/de\/wp-json\/wp\/v2\/product\/15567","targetHints":{"allow":["GET"]}}],"collection":[{"href":"https:\/\/excursionsworld.com\/de\/wp-json\/wp\/v2\/product"}],"about":[{"href":"https:\/\/excursionsworld.com\/de\/wp-json\/wp\/v2\/types\/product"}],"replies":[{"embeddable":true,"href":"https:\/\/excursionsworld.com\/de\/wp-json\/wp\/v2\/comments?post=15567"}],"wp:featuredmedia":[{"embeddable":true,"href":"https:\/\/excursionsworld.com\/de\/wp-json\/wp\/v2\/media\/15443"}],"wp:attachment":[{"href":"https:\/\/excursionsworld.com\/de\/wp-json\/wp\/v2\/media?parent=15567"}],"wp:term":[{"taxonomy":"product_brand","embeddable":true,"href":"https:\/\/excursionsworld.com\/de\/wp-json\/wp\/v2\/product_brand?post=15567"},{"taxonomy":"product_cat","embeddable":true,"href":"https:\/\/excursionsworld.com\/de\/wp-json\/wp\/v2\/product_cat?post=15567"},{"taxonomy":"product_tag","embeddable":true,"href":"https:\/\/excursionsworld.com\/de\/wp-json\/wp\/v2\/product_tag?post=15567"}],"curies":[{"name":"wp","href":"https:\/\/api.w.org\/{rel}","templated":true}]}}