{"id":15568,"date":"2025-11-02T14:27:08","date_gmt":"2025-11-02T11:27:08","guid":{"rendered":"https:\/\/excursionsworld.com\/?post_type=product&#038;p=15568\/"},"modified":"2026-02-10T12:40:08","modified_gmt":"2026-02-10T09:40:08","slug":"piratenbootstour-in-alanya","status":"publish","type":"product","link":"https:\/\/excursionsworld.com\/tours\/alanya-pirate-boat-tour\/","title":{"rendered":"Alanya Piraten-Bootstour \u2013 Admiral Black | Alles inklusive"},"content":{"rendered":"<h3 data-start=\"291\" data-end=\"310\"><span style=\"color: #000000;\"><strong>\ud83c\udff4\u200d\u2620\ufe0f \u00dcberblick<\/strong><\/span><\/h3>\n<p data-start=\"312\" data-end=\"617\">Setzen Sie die Segel auf der <strong data-start=\"328\" data-end=\"355\">Alanya Piratenschiff Tour<\/strong> - die beliebteste Art, Alanyas atemberaubende K\u00fcste zu erkunden! Segeln Sie auf einem gro\u00dfen h\u00f6lzernen Piratenschiff mit Musik, Spa\u00df und atemberaubenden Ausblicken auf das Mittelmeer. Genie\u00dfen Sie Badepausen, Unterhaltung und ein k\u00f6stliches Mittagessen an Bord auf diesem unvergesslichen Seeabenteuer.<\/p>\n<h3 data-start=\"619\" data-end=\"632\"><span style=\"color: #000000;\"><strong>Inbegriffen:<\/strong><\/span><\/h3>\n<p data-start=\"634\" data-end=\"865\"><span style=\"color: #339966;\"><strong>\u2713<\/strong> <\/span>Abholung vom Hotel und R\u00fccktransport f<br data-start=\"690\" data-end=\"693\" \/><span style=\"color: #339966;\"><strong>\u2713<\/strong> <\/span>Professioneller F\u00fchrer<br data-start=\"713\" data-end=\"716\" \/><span style=\"color: #339966;\"><strong>\u2713<\/strong> <\/span>Mittagessen (gegrilltes H\u00e4hnchen, Reis und Salate)<br data-start=\"759\" data-end=\"762\" \/><span style=\"color: #339966;\"><strong>\u2713<\/strong> <\/span>Erfrischungsgetr\u00e4nke (Wasser, Cola, Fanta, usw.)<br data-start=\"802\" data-end=\"805\" \/><span style=\"color: #339966;\"><strong>\u2713<\/strong> <\/span>Schaumparty und Animationen<br data-start=\"832\" data-end=\"835\" \/><span style=\"color: #339966;\"><strong>\u2713<\/strong> <\/span>Schwimmwesten<br data-start=\"849\" data-end=\"852\" \/><span style=\"color: #339966;\"><strong>\u2713<\/strong> <\/span>Versicherung<\/p>\n<h3 data-start=\"867\" data-end=\"884\"><span style=\"color: #000000;\"><strong>Nicht inbegriffen:<\/strong><\/span><\/h3>\n<p data-start=\"886\" data-end=\"964\"><strong><span style=\"color: #ff0000;\">\u2717<\/span> <\/strong>Alkoholische Getr\u00e4nke<br data-start=\"904\" data-end=\"907\" \/><strong><span style=\"color: #ff0000;\">\u2717<\/span> <\/strong>Fotos und Videos<br data-start=\"940\" data-end=\"943\" \/><strong><span style=\"color: #ff0000;\">\u2717<\/span> <\/strong>Pers\u00f6nliche Ausgaben<\/p>\n<h3 data-start=\"966\" data-end=\"989\"><span style=\"color: #000000;\"><strong>\ud83c\udf1f H\u00f6hepunkte der Tour<\/strong><\/span><\/h3>\n<p data-start=\"991\" data-end=\"1317\">\ud83d\udd39 Segeln Sie entlang der Piratenk\u00fcste von Alanya und sehen Sie den Roten Turm, die alte Werft und die Burg von Alanya<br data-start=\"1085\" data-end=\"1088\" \/>\ud83d\udd39 Erkunden Sie die ber\u00fchmten H\u00f6hlen der Piraten, der Liebenden, des Phosphors und des Teufels<br data-start=\"1156\" data-end=\"1159\" \/>\ud83d\udd39 Genie\u00dfen Sie mehrere Badestellen, darunter den Ula\u015f-Strand<br data-start=\"1214\" data-end=\"1217\" \/>\ud83d\udd39 Mach mit bei der Schaumparty und der Unterhaltung an Bord<br data-start=\"1265\" data-end=\"1268\" \/>\ud83d\udd39 Mit etwas Gl\u00fcck kannst du Delfine oder Meeresschildkr\u00f6ten beobachten<\/p>\n<h3 data-start=\"1319\" data-end=\"1343\"><span style=\"color: #000000;\"><strong>\ud83d\udcd6 Vollst\u00e4ndige Beschreibung<\/strong><\/span><\/h3>\n<p data-start=\"1345\" data-end=\"2059\">Ihr Abenteuer beginnt mit der Abholung vom Hotel und dem Transfer zum Hafen von Alanya. Gehen Sie an Bord eines komfortablen Drei-Deck-Piratenschiffs wie Viking oder Captain<strong data-start=\"1482\" data-end=\"1502\"> Barbarossa<\/strong>, mit Duschen, Umkleidekabinen und einem Soundsystem.<br data-start=\"1559\" data-end=\"1562\" \/>Um 10:00 Uhr morgens f\u00e4hrt das Schiff an der <strong data-start=\"1599\" data-end=\"1612\">Roter Turm<\/strong>, <strong data-start=\"1614\" data-end=\"1630\">Alte Werft<\/strong>, und <strong data-start=\"1636\" data-end=\"1659\">Mauern der Burg von Alanya<\/strong>, und weiter zu den ber\u00fchmten <strong data-start=\"1686\" data-end=\"1736\">Piraten, Liebhaber, Phosphor und Teufelsh\u00f6hlen<\/strong>.<br data-start=\"1737\" data-end=\"1740\" \/>Genie\u00dfen Sie den ganzen Tag \u00fcber <strong data-start=\"1766\" data-end=\"1799\">drei bis vier Badepausen<\/strong>, einschlie\u00dflich bei <strong data-start=\"1814\" data-end=\"1828\">Ula\u015f Strand<\/strong>, bekannt f\u00fcr seine ruhigen, sandigen Gew\u00e4sser. Ein leckeres <strong data-start=\"1872\" data-end=\"1897\">Mittagessen und Erfrischungsgetr\u00e4nke<\/strong> werden an Bord serviert, w\u00e4hrend Sie sich entspannen oder zu flotter Musik tanzen.<br data-start=\"1958\" data-end=\"1961\" \/>Das Schiff kehrt zum Hafen von Alanya um <strong data-start=\"2003\" data-end=\"2012\">15:00<\/strong>, und Sie werden zu Ihrem Hotel zur\u00fcckgebracht.<\/p>\n<h3 data-start=\"2061\" data-end=\"2084\"><span style=\"color: #000000;\"><strong>\ud83d\uddfa\ufe0f Reiseverlauf<\/strong><\/span><\/h3>\n<p data-start=\"2086\" data-end=\"2479\">\ud83d\udd39 Abholung von Hotels\/Appartements in Alanya<br data-start=\"2128\" data-end=\"2131\" \/>\ud83d\udd39 Transfer zum Hafen von Alanya<br data-start=\"2160\" data-end=\"2163\" \/>\ud83d\udd39 Abreise um 10:00 Uhr<br data-start=\"2187\" data-end=\"2190\" \/>\ud83d\udd39 Besichtigung des Roten Turms und der alten Werft<br data-start=\"2237\" data-end=\"2240\" \/>\ud83d\udd39 Badepause in der N\u00e4he der Werft<br data-start=\"2275\" data-end=\"2278\" \/>\ud83d\udd39 Besuchen Sie Piraten, Liebende, Phosphor und Teufelsh\u00f6hlen<br data-start=\"2333\" data-end=\"2336\" \/>\ud83d\udd39 Mittagessen an Bord<br data-start=\"2353\" data-end=\"2356\" \/>\ud83d\udd39 Badepause am Ula\u015f Strand<br data-start=\"2387\" data-end=\"2390\" \/>\ud83d\udd39 Zus\u00e4tzliche Schwimmstopps<br data-start=\"2414\" data-end=\"2417\" \/>\ud83d\udd39 R\u00fcckkehr zum Hafen von Alanya (~15:00)<br data-start=\"2453\" data-end=\"2456\" \/>\ud83d\udd39 Abholung in den Hotels<\/p>\n<h3 data-start=\"2481\" data-end=\"2507\"><span style=\"color: #000000;\"><strong>\u2139\ufe0f N\u00fctzliche Informationen<\/strong><\/span><\/h3>\n<p data-start=\"2509\" data-end=\"2737\">\ud83d\udd39 Dauer: ca. 5-6 Stunden<br data-start=\"2545\" data-end=\"2548\" \/>\ud83d\udd39 Englischsprachige Besatzung und F\u00fchrer<br data-start=\"2583\" data-end=\"2586\" \/>\ud83d\udd39 Geeignet f\u00fcr Familien, Paare und Gruppen<br data-start=\"2631\" data-end=\"2634\" \/>Kinder unter 5 Jahren reisen kostenlos (teilen sich den Sitzplatz mit den Eltern)<br data-start=\"2691\" data-end=\"2694\" \/>\ud83d\udd39 Bequeme 3-Deck-Piratenboote aus Holz<\/p>\n<h3 data-start=\"2739\" data-end=\"2760\"><span style=\"color: #000000;\"><strong>\ud83c\udf92 Was Sie mitbringen sollten<\/strong><\/span><\/h3>\n<p data-start=\"2762\" data-end=\"2869\">\ud83d\udd39 Badeanzug und Handtuch<br data-start=\"2783\" data-end=\"2786\" \/>\ud83d\udd39 Sonnencreme, Sonnenbrille und Hut<br data-start=\"2819\" data-end=\"2822\" \/>\ud83d\udd39 Kamera oder Telefon<br data-start=\"2840\" data-end=\"2843\" \/>\ud83d\udd39 Kleines Geld f\u00fcr Extras<\/p>\n<h3 data-start=\"2871\" data-end=\"2895\"><span style=\"color: #000000;\"><strong>\ud83d\udeab Nicht geeignet f\u00fcr<\/strong><\/span><\/h3>\n<p data-start=\"2897\" data-end=\"2956\">\ud83d\udd39 G\u00e4ste mit schwerer Reisekrankheit<br data-start=\"2934\" data-end=\"2937\" \/>\ud83d\udd39 Schwangere Frauen<\/p>\n<h3 dir=\"ltr\">\ud83d\udcb8\u00a0<strong>Preis und Buchung<\/strong><\/h3>\n<p dir=\"ltr\"><strong>\ud83d\udd39 Jetzt buchen, am Tag der Tour bezahlen<\/strong><br \/>\nKontaktiere uns \u00fcber WhatsApp, Telegram, Viber oder f\u00fclle das Buchungsformular unten aus. \ud83d\udc47\ud83c\udffc<\/p>","protected":false},"excerpt":{"rendered":"<p>Beitritt zum <b>Alanya Piratenschiff Tour<\/b>! Beste <b>Seereise<\/b> zu sehen <b>Roter Turm<\/b>, H\u00f6hlen, und <b>Kleopatra-Strand<\/b>. Enth\u00e4lt <b>Mittagessen<\/b>, Schaumparty, und <b>\u00dcbertragung<\/b>. Buchen Sie Ihren Spa\u00df <b>Ausflug<\/b>!<\/p>","protected":false},"featured_media":15272,"comment_status":"open","ping_status":"closed","template":"","meta":[],"product_brand":[],"product_cat":[128,130],"product_tag":[111],"class_list":{"0":"post-15568","1":"product","2":"type-product","3":"status-publish","4":"has-post-thumbnail","6":"tour_phys-alanya-tours","7":"tour_phys-pirate-boat-tours","8":"product_cat-alanya-tours","9":"product_cat-pirate-boat-tours","10":"product_tag-alanya","11":"pa_destination-alanya-tours","12":"pa_kategori-pirate-boat-tours","14":"first","15":"instock","16":"sale","17":"shipping-taxable","18":"purchasable","19":"product-type-tour_phys"},"aioseo_notices":[],"_links":{"self":[{"href":"https:\/\/excursionsworld.com\/de\/wp-json\/wp\/v2\/product\/15568","targetHints":{"allow":["GET"]}}],"collection":[{"href":"https:\/\/excursionsworld.com\/de\/wp-json\/wp\/v2\/product"}],"about":[{"href":"https:\/\/excursionsworld.com\/de\/wp-json\/wp\/v2\/types\/product"}],"replies":[{"embeddable":true,"href":"https:\/\/excursionsworld.com\/de\/wp-json\/wp\/v2\/comments?post=15568"}],"wp:featuredmedia":[{"embeddable":true,"href":"https:\/\/excursionsworld.com\/de\/wp-json\/wp\/v2\/media\/15272"}],"wp:attachment":[{"href":"https:\/\/excursionsworld.com\/de\/wp-json\/wp\/v2\/media?parent=15568"}],"wp:term":[{"taxonomy":"product_brand","embeddable":true,"href":"https:\/\/excursionsworld.com\/de\/wp-json\/wp\/v2\/product_brand?post=15568"},{"taxonomy":"product_cat","embeddable":true,"href":"https:\/\/excursionsworld.com\/de\/wp-json\/wp\/v2\/product_cat?post=15568"},{"taxonomy":"product_tag","embeddable":true,"href":"https:\/\/excursionsworld.com\/de\/wp-json\/wp\/v2\/product_tag?post=15568"}],"curies":[{"name":"wp","href":"https:\/\/api.w.org\/{rel}","templated":true}]}}