{"id":15569,"date":"2025-11-02T14:28:23","date_gmt":"2025-11-02T11:28:23","guid":{"rendered":"https:\/\/excursionsworld.com\/?post_type=product&#038;p=15569\/"},"modified":"2025-12-08T19:11:13","modified_gmt":"2025-12-08T16:11:13","slug":"pamukkale-hierapolis-alanya","status":"publish","type":"product","link":"https:\/\/excursionsworld.com\/tours\/pamukkale-hierapolis-alanya\/","title":{"rendered":"Pamukkale &amp; Hierapolis Ausflug ab Alanya \u2013 Ganzt\u00e4gige Tour"},"content":{"rendered":"<h3 data-start=\"5389\" data-end=\"5408\"><strong>\ud83c\udfdd\ufe0f \u00dcberblick<\/strong><\/h3>\n<p data-start=\"5409\" data-end=\"5759\">Entdecken Sie die atemberaubenden Terrassen von Pamukkale und die antike Stadt Hierapolis auf einer eint\u00e4gigen Tour ab <strong data-start=\"5515\" data-end=\"5525\">Alanya<\/strong> und die umliegenden Gebiete. Genie\u00dfen Sie komfortable Transfers von Hotels in Alanya, Mahmutlar, Konakl\u0131, Kestel und Okurcalar. Schwimmen Sie in Thermalquellen, erkunden Sie historische Ruinen und genie\u00dfen Sie ein k\u00f6stliches t\u00fcrkisches Mittagessen auf dieser unvergesslichen Reise.<\/p>\n<h3 data-start=\"5761\" data-end=\"5777\"><strong>Inbegriffen:<\/strong><\/h3>\n<p data-start=\"5778\" data-end=\"5952\"><span style=\"color: #00ff00;\"><strong>\u2713<\/strong> <\/span>Abholung vom Hotel und R\u00fccktransport<br data-start=\"5805\" data-end=\"5808\" \/><span style=\"color: #00ff00;\"><strong>\u2713<\/strong> <\/span>Klimatisierter Bus<br data-start=\"5829\" data-end=\"5832\" \/><span style=\"color: #00ff00;\"><strong>\u2713<\/strong> <\/span>Eintrittsgelder f\u00fcr Pamukkale und Hierapolis<br data-start=\"5875\" data-end=\"5878\" \/><span style=\"color: #00ff00;\"><strong>\u2713<\/strong> <\/span>Vollversicherung<br data-start=\"5894\" data-end=\"5897\" \/><span style=\"color: #00ff00;\"><strong>\u2713<\/strong> <\/span>Englischsprachiger historischer F\u00fchrer<br data-start=\"5931\" data-end=\"5934\" \/><span style=\"color: #00ff00;\"><strong>\u2713<\/strong> <\/span>Mittagessen (Buffet)<\/p>\n<h3 data-start=\"5954\" data-end=\"5974\"><strong>Nicht inbegriffen:<\/strong><\/h3>\n<p data-start=\"5975\" data-end=\"6040\"><span style=\"color: #ff0000;\"><strong>\u2717<\/strong> <\/span>Eingang zu Kleopatras Pool<br data-start=\"6005\" data-end=\"6008\" \/><span style=\"color: #ff0000;\"><strong>\u2717<\/strong> <\/span>Pers\u00f6nliche Ausgaben<br data-start=\"6027\" data-end=\"6030\" \/><span style=\"color: #ff0000;\"><strong>\u2717<\/strong> <\/span>Getr\u00e4nke<\/p>\n<h3 data-start=\"6042\" data-end=\"6067\"><strong>\ud83c\udf1f H\u00f6hepunkte der Tour<\/strong><\/h3>\n<p data-start=\"6068\" data-end=\"6340\">\ud83d\udd39 Bewundern Sie die schneewei\u00dfen Travertine von Pamukkale<br data-start=\"6117\" data-end=\"6120\" \/>\ud83d\udd39 Erkunden Sie das r\u00f6mische Theater und die Ruinen von Hierapolis<br data-start=\"6172\" data-end=\"6175\" \/>\ud83d\udd39 Entspannen in nat\u00fcrlichen Thermalbecken<br data-start=\"6208\" data-end=\"6211\" \/>\ud83d\udd39 Optionales Schwimmen in Cleopatra's Pool (gegen Aufpreis)<br data-start=\"6259\" data-end=\"6262\" \/>\ud83d\udd39 Genie\u00dfen Sie ein traditionelles t\u00fcrkisches Mittagessen<br data-start=\"6298\" data-end=\"6301\" \/>\ud83d\udd39 Besuch einer UNESCO-Weltkulturerbest\u00e4tte<\/p>\n<h3 data-start=\"6342\" data-end=\"6368\"><strong>\ud83d\udcd6 Vollst\u00e4ndige Beschreibung<\/strong><\/h3>\n<p data-start=\"6369\" data-end=\"6924\">Ihr Tag beginnt mit einem komfortablen Transfer von Ihrem Hotel in <strong data-start=\"6432\" data-end=\"6458\">Alanya oder nahe gelegene Gebiete<\/strong>. Durch malerische Landschaften fahren Sie nach Pamukkale, der \u201cBaumwollburg\u201d, die f\u00fcr ihre strahlend wei\u00dfen Terrassen ber\u00fchmt ist. Genie\u00dfen Sie nach Ihrer Ankunft ein Mittagsbuffet, bevor Sie die mineralhaltigen Travertine von Pamukkale erkunden. Anschlie\u00dfend unternehmen Sie eine gef\u00fchrte Tour durch Hierapolis und besichtigen das r\u00f6mische Theater, den Apollo-Tempel und andere Monumente. Nach der Tour k\u00f6nnen Sie sich in den Thermalbecken entspannen oder im Kleopatra-Pool schwimmen (fakultativ). Am Ende des Tages kehren Sie zu Ihrem Hotel in Alanya zur\u00fcck.<\/p>\n<h3 data-start=\"6926\" data-end=\"6951\"><strong>\ud83d\uddfa\ufe0f Reiseverlauf<\/strong><\/h3>\n<p data-start=\"6952\" data-end=\"7191\">\ud83d\udd39 Abholung vom Hotel<br data-start=\"6972\" data-end=\"6975\" \/>\ud83d\udd39 Reise nach Pamukkale<br data-start=\"6998\" data-end=\"7001\" \/>\ud83d\udd39 Mittagsbuffet<br data-start=\"7016\" data-end=\"7019\" \/>\ud83d\udd39 Besichtigung der Travertinen von Pamukkale<br data-start=\"7053\" data-end=\"7056\" \/>\ud83d\udd39 Besuch der Ruinen von Hierapolis<br data-start=\"7084\" data-end=\"7087\" \/>\ud83d\udd39 Freie Zeit f\u00fcr Kleopatra's Pool (optional)<br data-start=\"7131\" data-end=\"7134\" \/>\ud83d\udd39 R\u00fcckfahrt nach Alanya<br data-start=\"7161\" data-end=\"7164\" \/>\ud83d\udd39 Transfer zur\u00fcck zum Hotel<\/p>\n<h3 data-start=\"7193\" data-end=\"7221\"><strong>\u2139\ufe0f N\u00fctzliche Informationen<\/strong><\/h3>\n<p data-start=\"7222\" data-end=\"7453\">\ud83d\udd39 Dauer: etwa 12 Stunden<br data-start=\"7257\" data-end=\"7260\" \/>\ud83d\udd39 Die Reiseroute kann sich aufgrund der Wetterbedingungen \u00e4ndern.<br data-start=\"7309\" data-end=\"7312\" \/>\ud83d\udd39 M\u00e4\u00dfige k\u00f6rperliche Aktivit\u00e4t (Spazierengehen, eventuell Schwimmen)<br data-start=\"7370\" data-end=\"7373\" \/>\ud83d\udd39 Kinder unter 5 Jahren, die kostenlos reisen, haben keinen eigenen Sitzplatz im Bus.<\/p>\n<h3 data-start=\"2287\" data-end=\"2310\"><span style=\"color: #000000;\"><strong>\ud83c\udf92 Was Sie mitbringen sollten<\/strong><\/span><\/h3>\n<p data-start=\"2311\" data-end=\"2453\">\ud83d\udd39 Reisepass oder Personalausweis<br data-start=\"2328\" data-end=\"2331\" \/>\ud83d\udd39 Bequeme Schuhe<br data-start=\"2351\" data-end=\"2354\" \/>\ud83d\udd39 Sonnenbrillen und Kopfbedeckungen<br data-start=\"2380\" data-end=\"2383\" \/>\ud83d\udd39 Badeanzug und Handtuch<br data-start=\"2404\" data-end=\"2407\" \/>\ud83d\udd39 Sonnenschutzmittel<br data-start=\"2419\" data-end=\"2422\" \/>\ud83d\udd39 Bargeld f\u00fcr pers\u00f6nliche Ausgaben<\/p>\n<h3 data-start=\"2455\" data-end=\"2481\"><span style=\"color: #000000;\"><strong>\ud83d\udeab Nicht geeignet f\u00fcr<\/strong><\/span><\/h3>\n<p data-start=\"2482\" data-end=\"2564\">\ud83d\udd39 Menschen mit eingeschr\u00e4nkter Mobilit\u00e4t<br data-start=\"2513\" data-end=\"2516\" \/>\ud83d\udd39 Personen mit schweren Erkrankungen<\/p>\n<h3 data-start=\"2629\" data-end=\"2656\"><strong>\ud83d\udcb8 Preis und Buchung<\/strong><\/h3>\n<p data-start=\"2657\" data-end=\"2781\"><strong>\ud83d\udd39 Jetzt buchen, am Tag der Tour bezahlen<\/strong><br data-start=\"2696\" data-end=\"2699\" \/>Kontaktiere uns \u00fcber WhatsApp, Telegram, Viber oder f\u00fclle das Buchungsformular unten aus. \ud83d\udc47\ud83c\udffc<\/p>","protected":false},"excerpt":{"rendered":"<p>Buchen Sie die <b>Alanya Pamukkale Tour<\/b>! Besuchen Sie die Ruinen von Hierapolis und die Thermaltravertinen. Ganzt\u00e4gig <b>Ausflug<\/b> mit Mittagessen und gem\u00fctlichem <b>Tagesausflug<\/b>.<\/p>","protected":false},"featured_media":12575,"comment_status":"open","ping_status":"closed","template":"","meta":[],"product_brand":[],"product_cat":[128],"product_tag":[111],"class_list":{"0":"post-15569","1":"product","2":"type-product","3":"status-publish","4":"has-post-thumbnail","6":"tour_phys-alanya-tours","7":"product_cat-alanya-tours","8":"product_tag-alanya","9":"pa_destination-alanya-tours","11":"first","12":"instock","13":"sale","14":"shipping-taxable","15":"purchasable","16":"product-type-tour_phys"},"aioseo_notices":[],"_links":{"self":[{"href":"https:\/\/excursionsworld.com\/de\/wp-json\/wp\/v2\/product\/15569","targetHints":{"allow":["GET"]}}],"collection":[{"href":"https:\/\/excursionsworld.com\/de\/wp-json\/wp\/v2\/product"}],"about":[{"href":"https:\/\/excursionsworld.com\/de\/wp-json\/wp\/v2\/types\/product"}],"replies":[{"embeddable":true,"href":"https:\/\/excursionsworld.com\/de\/wp-json\/wp\/v2\/comments?post=15569"}],"wp:featuredmedia":[{"embeddable":true,"href":"https:\/\/excursionsworld.com\/de\/wp-json\/wp\/v2\/media\/12575"}],"wp:attachment":[{"href":"https:\/\/excursionsworld.com\/de\/wp-json\/wp\/v2\/media?parent=15569"}],"wp:term":[{"taxonomy":"product_brand","embeddable":true,"href":"https:\/\/excursionsworld.com\/de\/wp-json\/wp\/v2\/product_brand?post=15569"},{"taxonomy":"product_cat","embeddable":true,"href":"https:\/\/excursionsworld.com\/de\/wp-json\/wp\/v2\/product_cat?post=15569"},{"taxonomy":"product_tag","embeddable":true,"href":"https:\/\/excursionsworld.com\/de\/wp-json\/wp\/v2\/product_tag?post=15569"}],"curies":[{"name":"wp","href":"https:\/\/api.w.org\/{rel}","templated":true}]}}