{"id":15769,"date":"2025-11-12T10:38:49","date_gmt":"2025-11-12T07:38:49","guid":{"rendered":"https:\/\/excursionsworld.com\/?post_type=product&#038;p=15769\/"},"modified":"2026-04-04T13:44:31","modified_gmt":"2026-04-04T10:44:31","slug":"piratenbootstour-in-kemer-red-dragon","status":"publish","type":"product","link":"https:\/\/excursionsworld.com\/tours\/kemer-pirate-boat-tour-red-dragon\/","title":{"rendered":"Piraten-Bootstour in Kemer \u2013 Red Dragon mit Mittagessen"},"content":{"rendered":"<h3 dir=\"ltr\" data-pm-slice=\"1 1 []\"><span style=\"color: #000000;\"><strong>\ud83c\udff4\u200d\u2620\ufe0f \u00dcberblick<\/strong><\/span><\/h3>\n<p dir=\"ltr\">Begeben Sie sich auf eine Kreuzfahrt an Bord eines modernen Katamarans entlang der atemberaubenden K\u00fcste von Kemer - die perfekte Mischung aus Schwimmen, Sonnenbaden und Naturgenuss. Wir holen Sie von Ihrem Hotel in Kemer oder in der n\u00e4heren Umgebung ab und bringen Sie zur Abfahrtsstelle im Yachthafen von Kemer.<\/p>\n<h3><strong>Inbegriffen:<\/strong><\/h3>\n<p dir=\"ltr\"><strong><span style=\"color: #00ff00;\">\u2713<\/span><\/strong> Abholung vom Hotel und R\u00fccktransport<br \/>\n<strong><span style=\"color: #00ff00;\">\u2713 <\/span><\/strong>Versicherung<br \/>\n<strong><span style=\"color: #00ff00;\">\u2713 <\/span><\/strong>Leitfaden<br \/>\n<strong><span style=\"color: #00ff00;\">\u2713 <\/span><\/strong>Schaumparty<br \/>\n<strong><span style=\"color: #00ff00;\">\u2713 <\/span><\/strong>Mittagessen<\/p>\n<h3 dir=\"ltr\"><strong>Nicht inbegriffen:<\/strong><\/h3>\n<p dir=\"ltr\"><span style=\"color: #ff0000;\"><strong>\u2717 <\/strong><\/span>Fotos und Videos<br \/>\n<span style=\"color: #ff0000;\"><strong>\u2717 <\/strong><\/span>Getr\u00e4nke<\/p>\n<h3 dir=\"ltr\"><span style=\"color: #000000;\"><strong>\ud83c\udf1f H\u00f6hepunkte der Tour<\/strong><\/span><\/h3>\n<p dir=\"ltr\">\ud83d\udd39 Kreuzfahrt auf einem modernen und komfortablen Katamaran<br \/>\n\ud83d\udd39 Schwimmen in den kristallklaren Buchten von Kemer<br \/>\n\ud83d\udd39 Live-Musik und Unterhaltungsprogramm an Bord<br \/>\n\ud83d\udd39 Sonnenbaden und Entspannung auf gro\u00dfz\u00fcgigen Decks<br \/>\n\ud83d\udd39 Atemberaubende Aussichten und tolle Fotom\u00f6glichkeiten<br \/>\n\ud83d\udd39 Hohe Qualit\u00e4t zu einem g\u00fcnstigen Preis<\/p>\n<h3 dir=\"ltr\"><span style=\"color: #000000;\"><strong>\ud83d\udcd6 Vollst\u00e4ndige Beschreibung<\/strong><\/span><\/h3>\n<div dir=\"ltr\">Verbringen Sie einen Tag voller Entspannung und Spa\u00df auf unserer Katamaran-Tour ab Kemer. Diese Reise verbindet den Komfort eines modernen Schiffes mit der Sch\u00f6nheit der Mittelmeerk\u00fcste.<br \/>\nDie Tour beginnt im Yachthafen von Kemer, wo Sie an Bord eines Katamarans gehen, der mit gem\u00fctlichen Liege- und Sonnenbadebereichen ausgestattet ist.<\/div>\n<div dir=\"ltr\">Auf der Kreuzfahrt wird in malerischen Buchten zum Baden angehalten:<br \/>\n<strong>Phaselis-Bucht<\/strong>: Schwimmen in der N\u00e4he alter Ruinen und Pinienw\u00e4lder.<br \/>\n<strong>Paradiesische Bucht<\/strong>: Ein abgeschiedener Ort mit strahlend blauem Wasser.<br \/>\n<strong>Mondscheinbucht<\/strong>: Ideal f\u00fcr Fotos und Entspannung.<br \/>\n<strong>Piratenh\u00f6hle<\/strong>: Segeln Sie an der legend\u00e4ren Meeresh\u00f6hle vorbei, einem gro\u00dfartigen Fotomotiv.<\/div>\n<div dir=\"ltr\">An Bord gibt es Musik, Animation und eine ausgelassene Schaumparty.<br \/>\nDas Mittagessen ist im Preis inbegriffen, und Getr\u00e4nke k\u00f6nnen erworben werden.<br \/>\nDiese Tour eignet sich f\u00fcr Paare, Familien und Alleinreisende und ist eine der beliebtesten Touren in Kemer.<\/div>\n<h3 dir=\"ltr\"><span style=\"color: #000000;\"><strong>\ud83d\uddfa\ufe0f Reiseverlauf<\/strong><\/span><\/h3>\n<p dir=\"ltr\">\ud83d\udd39 Abholung vom Hotel<br \/>\n\ud83d\udd39 Abfahrt vom Yachthafen Kemer<br \/>\n\ud83d\udd39 Badestopp in der Bucht von Phaselis: Ruinen und Natur<br \/>\n\ud83d\udd39 Badestopp in der Paradise Bay: abgelegene Bucht<br \/>\n\ud83d\udd39 Badestopp an der Moonlight Bay: Fotos und Entspannung<br \/>\n\ud83d\udd39 Segeln in der Piratenh\u00f6hle: Legenden und Klippen<br \/>\n\ud83d\udd39 Schaumparty und Musik an Bord<br \/>\nR\u00fcckkehr zum Yachthafen Kemer<br \/>\n\ud83d\udd39 Transfer zur\u00fcck zum Hotel<\/p>\n<h3 dir=\"ltr\">\u2139\ufe0f <strong>N\u00fctzliche Informationen<\/strong><\/h3>\n<p dir=\"ltr\">Dauer der Tour: ca. 5-6 Stunden<br \/>\n\ud83d\udd39 Der Katamaran verf\u00fcgt \u00fcber schattige Bereiche und Liegepl\u00e4tze<\/p>\n<h3 dir=\"ltr\"><span style=\"color: #000000;\"><strong>\ud83c\udf92 Was Sie mitbringen sollten<\/strong><\/span><\/h3>\n<p dir=\"ltr\">\ud83d\udd39 Badeanzug und Handtuch<br \/>\n\ud83d\udd39 Sonnenschutzmittel und Sonnenbrille<br \/>\n\ud83d\udd39 Hut oder M\u00fctze<br \/>\n\ud83d\udd39 Wasserdichte Handytasche oder Kamera<br \/>\n\ud83d\udd39 Etwas Bargeld f\u00fcr pers\u00f6nliche Ausgaben<\/p>\n<h3 dir=\"ltr\"><strong>\ud83d\udeab Nicht geeignet f\u00fcr<\/strong><\/h3>\n<p dir=\"ltr\">\ud83d\udd39 Menschen, die zu schwerer Seekrankheit neigen<br \/>\n\ud83d\udd39 Reisende mit eingeschr\u00e4nkter Mobilit\u00e4t<\/p>\n<h3 dir=\"ltr\"><span style=\"color: #000000;\"><strong>\ud83d\udcb8 Preis und Buchung<\/strong><\/span><\/h3>\n<p dir=\"ltr\"><strong>\ud83d\udd39 Jetzt buchen, am Tag der Tour bezahlen<\/strong><br \/>\nKontaktiere uns \u00fcber WhatsApp, Telegram, Viber oder f\u00fclle das Buchungsformular unten aus. \ud83d\udc47\ud83c\udffd<\/p>","protected":false},"excerpt":{"rendered":"<p>Nehmen Sie an der Kemer Piratenbootfahrt - Roter Drache - teil! Diese aufregende All-inclusive-Tour beinhaltet Schwimmen, Schaumparty und Mittagessen f\u00fcr einen unvergesslichen Tag.<\/p>","protected":false},"featured_media":16711,"comment_status":"open","ping_status":"closed","template":"","meta":[],"product_brand":[],"product_cat":[124,130],"product_tag":[105],"class_list":{"0":"post-15769","1":"product","2":"type-product","3":"status-publish","4":"has-post-thumbnail","6":"tour_phys-kemer-tours","7":"tour_phys-pirate-boat-tours","8":"product_cat-kemer-tours","9":"product_cat-pirate-boat-tours","10":"product_tag-kemer","11":"pa_destination-kemer-tours","12":"pa_kategori-pirate-boat-tours","14":"first","15":"instock","16":"sale","17":"featured","18":"shipping-taxable","19":"purchasable","20":"product-type-tour_phys"},"aioseo_notices":[],"_links":{"self":[{"href":"https:\/\/excursionsworld.com\/de\/wp-json\/wp\/v2\/product\/15769","targetHints":{"allow":["GET"]}}],"collection":[{"href":"https:\/\/excursionsworld.com\/de\/wp-json\/wp\/v2\/product"}],"about":[{"href":"https:\/\/excursionsworld.com\/de\/wp-json\/wp\/v2\/types\/product"}],"replies":[{"embeddable":true,"href":"https:\/\/excursionsworld.com\/de\/wp-json\/wp\/v2\/comments?post=15769"}],"wp:featuredmedia":[{"embeddable":true,"href":"https:\/\/excursionsworld.com\/de\/wp-json\/wp\/v2\/media\/16711"}],"wp:attachment":[{"href":"https:\/\/excursionsworld.com\/de\/wp-json\/wp\/v2\/media?parent=15769"}],"wp:term":[{"taxonomy":"product_brand","embeddable":true,"href":"https:\/\/excursionsworld.com\/de\/wp-json\/wp\/v2\/product_brand?post=15769"},{"taxonomy":"product_cat","embeddable":true,"href":"https:\/\/excursionsworld.com\/de\/wp-json\/wp\/v2\/product_cat?post=15769"},{"taxonomy":"product_tag","embeddable":true,"href":"https:\/\/excursionsworld.com\/de\/wp-json\/wp\/v2\/product_tag?post=15769"}],"curies":[{"name":"wp","href":"https:\/\/api.w.org\/{rel}","templated":true}]}}