{"id":15862,"date":"2026-01-03T15:26:19","date_gmt":"2026-01-03T12:26:19","guid":{"rendered":"https:\/\/excursionsworld.com\/?post_type=product&#038;p=15862\/"},"modified":"2026-04-24T01:27:18","modified_gmt":"2026-04-23T22:27:18","slug":"kotor-blaue-grotte-boot-unsere-liebe-frau-vom-felsen","status":"publish","type":"product","link":"https:\/\/excursionsworld.com\/tours\/kotor-blue-cave-boat-our-lady-of-the-rocks\/","title":{"rendered":"Kotor Blaue Grotte Bootstour: Unterwasser-Tunnel &amp; Unsere Liebe Frau vom Felsen"},"content":{"rendered":"<h2>\ud83c\udfd9\ufe0f <strong>\u00dcbersicht<\/strong><\/h2>\n<p>Begeben Sie sich auf ein spannendes Schnellboot-Abenteuer, das Adrenalin, Geschichte und nat\u00fcrliche Sch\u00f6nheit miteinander verbindet. Diese sorgf\u00e4ltig zusammengestellte Tour f\u00fchrt Sie zu den ber\u00fchmtesten Sehensw\u00fcrdigkeiten Montenegros und bietet t\u00fcrkisfarbenes Wasser, Panoramablicke und faszinierende Geschichten entlang der K\u00fcste.<\/p>\n<h3><strong>Inbegriffen:<\/strong><\/h3>\n<p><span style=\"color: #00ff00;\"><strong>\u2713<\/strong> <\/span>lizenzierter englischsprachiger Skipper<br \/>\n<span style=\"color: #00ff00;\"><strong>\u2713<\/strong> <\/span>Brandneues Premium-Schnellboot<br \/>\n<span style=\"color: #00ff00;\"><strong>\u2713<\/strong> <\/span>Kraftstoff, Steuern und alle Servicegeb\u00fchren<br \/>\n<span style=\"color: #00ff00;\"><strong>\u2713<\/strong> <\/span>Schwimmwesten f\u00fcr alle Altersgruppen<br \/>\n<span style=\"color: #00ff00;\"><strong>\u2713<\/strong> <\/span>Schnorchelausr\u00fcstung<br \/>\n<span style=\"color: #00ff00;\"><strong>\u2713<\/strong> <\/span>Wi-Fi und Musikanlage an Bord<br \/>\n<span style=\"color: #00ff00;\"><strong>\u2713<\/strong> <\/span>Vollversicherung<br \/>\n<span style=\"color: #00ff00;\"><strong>\u2713<\/strong> <\/span>Regenm\u00e4ntel bei leichtem Regen<\/p>\n<h3><strong>Nicht inbegriffen:<\/strong><\/h3>\n<p><strong><span style=\"color: #ff0000;\">\u2717<\/span> <\/strong>Eintritt in das Museum Our Lady of the Rocks (2 \u20ac optional)<br \/>\n<strong><span style=\"color: #ff0000;\">\u2717<\/span> <\/strong>Essen und Getr\u00e4nke<br \/>\n<strong><span style=\"color: #ff0000;\">\u2717<\/span> <\/strong>Pers\u00f6nliche Ausgaben<\/p>\n<h2>\ud83c\udf1f <strong>H\u00f6hepunkte der Tour<\/strong><\/h2>\n<p>\ud83d\udd39 Speedbootfahrt \u00fcber die Bucht von <a href=\"https:\/\/en.wikipedia.org\/wiki\/Kotor\" target=\"_blank\" rel=\"noopener\">Kotor<\/a><br \/>\n\ud83d\udd39 Our Lady of the Rocks - ikonische, k\u00fcnstliche Insel<br \/>\n\ud83d\udd39 U-Boot-Tunnel aus der Zeit Jugoslawiens<br \/>\n\ud83d\udd39 Mamula Island - Festung aus dem Zweiten Weltkrieg und Legenden<br \/>\n\ud83d\udd39 Blue Cave - Schwimmen und Schnorcheln Halt<br \/>\n\ud83d\udd39 Porto Novi Luxus-Jachthafen Ansichten<br \/>\n\ud83d\udd39 Panoramapass bei der UNESCO-gesch\u00fctzten Stadt Perast<\/p>\n<h2>\ud83d\udcd6 <strong>Vollst\u00e4ndige Beschreibung<\/strong><\/h2>\n<div>Ihre Reise beginnt bei <strong>Park Slobode in Kotor<\/strong>, wo Sie Ihren Skipper am blauen Schild von Hawaii Boat Tours treffen. Nach einer Sicherheitseinweisung genie\u00dfen Sie eine rasante Fahrt durch die Bucht in Richtung <strong>Unsere Liebe Frau von den Felsen<\/strong>, einer legend\u00e4ren, k\u00fcnstlichen Insel mit maritimer Tradition. Sie haben Zeit, die historische Kirche zu besichtigen, die Aussicht auf die umliegenden Berge zu bewundern und Fotos zu machen. Der Eintritt ins Museum ist fakultativ.<\/div>\n<div>Als N\u00e4chstes taucht die Tour in die Geschichte des Kalten Krieges ein, wenn Sie das versteckte <strong>U-Boot-Tunnel<\/strong>, die w\u00e4hrend der jugoslawischen \u00c4ra direkt in die Felsen gehauen wurden. Die geheimnisvolle Atmosph\u00e4re wird lebendig, wenn Ihr Skipper Ihnen unerz\u00e4hlte milit\u00e4rische Geschichten erz\u00e4hlt.<\/div>\n<div>Auf dem Weg zum offenen Meer passieren Sie <strong>Insel Mamula<\/strong>, die einst eine ber\u00fcchtigte Gef\u00e4ngnisfestung aus dem Zweiten Weltkrieg war. Es gibt zwar keine Anlegem\u00f6glichkeit, aber der nahe Panoramablick bietet dramatische Fotom\u00f6glichkeiten und historische Einblicke.<\/div>\n<div>Der H\u00f6hepunkt der Tour ist die <strong>Blaue H\u00f6hle<\/strong>, wo das Sonnenlicht im Inneren der H\u00f6hle ein leuchtendes T\u00fcrkis erzeugt. Schwimmen und Schnorcheln in kristallklarem Wasser dauert etwa 30 Minuten. Abenteuerlustige k\u00f6nnen in der N\u00e4he auch einen Klippensprung wagen.<\/div>\n<div>Entspannen Sie sich auf der R\u00fcckfahrt bei einer malerischen Fahrt vorbei an <strong>Porto Novi Yachthafen<\/strong>, der den modernen Luxus Montenegros pr\u00e4sentiert, gefolgt von einem atemberaubenden Blick auf <strong>Perast<\/strong>, eine von der UNESCO gesch\u00fctzte Barockstadt, die f\u00fcr ihre Steinpal\u00e4ste und ihre friedliche Atmosph\u00e4re bekannt ist, bevor sie nach Kotor zur\u00fcckkehrt.<\/div>\n<h3>\ud83d\uddfa\ufe0f <strong>Reiseroute<\/strong><\/h3>\n<p>\ud83d\udd39 Treffpunkt Park Slobode, Kotor (30 Minuten vor Abfahrt)<br \/>\nKreuzfahrt mit dem Schnellboot durch die Bucht von Kotor<br \/>\n\ud83d\udd39 Unsere Liebe Frau von den Felsen - 20 Minuten<br \/>\n\ud83d\udd39 U-Boot-Tunnel - 10 Minuten<br \/>\n\ud83d\udd39 Mamula Island - Panoramafotostopp<br \/>\n\ud83d\udd39 Blue Cave - Schwimmen und Schnorcheln (30 Minuten)<br \/>\nHin- und R\u00fcckfahrt \u00fcber Porto Novi und Perast mit Panoramablick<br \/>\n\ud83d\udd39 R\u00fcckkehr nach Kotor<\/p>\n<h3>\u2139\ufe0f <strong>N\u00fctzliche Informationen<\/strong><\/h3>\n<p>\ud83d\udd39 Dauer: ca. 3 Stunden<br \/>\n\ud83d\udd39 Kleine Gruppen oder private F\u00fchrungen m\u00f6glich<br \/>\n\ud83d\udd39 Professioneller englischsprachiger Skipper<br \/>\n\ud83d\udd39 Kostenlose Stornierung bis zu 24 Stunden vor der Abfahrt<br \/>\n\ud83d\udd39 Die Route kann sich je nach Seebedingungen \u00e4ndern.<br \/>\n\ud83d\udd39 Versp\u00e4tete Ank\u00fcnfte werden nicht erstattet.<\/p>\n<h2>\ud83c\udf92 <strong>Was Sie mitbringen sollten<\/strong><\/h2>\n<p>\ud83d\udd39 G\u00fcltiger Reisepass oder Personalausweis<br \/>\n\ud83d\udd39 Badesachen und Handtuch<br \/>\n\ud83d\udd39 Sonnenschutzmittel und Wasser<br \/>\n\ud83d\udd39 Geladenes Smartphone oder Kamera<\/p>\n<h3>\ud83d\udeab <strong>Nicht geeignet f\u00fcr<\/strong><\/h3>\n<p>\ud83d\udd39 Schwangere G\u00e4ste<br \/>\n\ud83d\udd39 G\u00e4ste mit Mobilit\u00e4tseinschr\u00e4nkungen<br \/>\n\ud83d\udd39 G\u00e4ste, die die Gewichtsgrenze f\u00fcr Schnellboote \u00fcberschreiten (115-159 kg je nach Boot)<\/p>\n<h2>\ud83d\udcb8 <strong>Preis und Buchung<\/strong><\/h2>\n<p>\ud83d\udd39 Jetzt reservieren, sp\u00e4ter bezahlen<br \/>\n\ud83d\udd39 Kostenlose Stornierung bis zu 24 Stunden vor der Tour<br \/>\n\ud83d\udd39 Buchen Sie ganz einfach \u00fcber WhatsApp oder das Online-Buchungsformular \ud83d\udc47\ud83c\udffd<\/p>\n<p>Alternativen gesucht? St\u00f6bern Sie <a href=\"https:\/\/excursionsworld.com\/de\/kotor-ausfluege\/\">mehr Kotor Touren<\/a>.<\/p>","protected":false},"excerpt":{"rendered":"<p>Erkunden Sie die Bucht von Kotor auf einer 3-st\u00fcndigen Tour mit dem Schnellboot. Besuchen Sie die Blaue H\u00f6hle, Our Lady of the Rocks, U-Boot-Tunnel, die Insel Mamula und die malerische Aussicht auf Perast.<\/p>","protected":false},"featured_media":15999,"comment_status":"open","ping_status":"closed","template":"","meta":[],"product_brand":[],"product_cat":[133],"product_tag":[131],"class_list":{"0":"post-15862","1":"product","2":"type-product","3":"status-publish","4":"has-post-thumbnail","6":"tour_phys-kotor-tours","7":"product_cat-kotor-tours","8":"product_tag-kotor","9":"pa_montenegro-kotor-tours","11":"first","12":"instock","13":"sale","14":"shipping-taxable","15":"purchasable","16":"product-type-tour_phys"},"aioseo_notices":[],"_links":{"self":[{"href":"https:\/\/excursionsworld.com\/de\/wp-json\/wp\/v2\/product\/15862","targetHints":{"allow":["GET"]}}],"collection":[{"href":"https:\/\/excursionsworld.com\/de\/wp-json\/wp\/v2\/product"}],"about":[{"href":"https:\/\/excursionsworld.com\/de\/wp-json\/wp\/v2\/types\/product"}],"replies":[{"embeddable":true,"href":"https:\/\/excursionsworld.com\/de\/wp-json\/wp\/v2\/comments?post=15862"}],"wp:featuredmedia":[{"embeddable":true,"href":"https:\/\/excursionsworld.com\/de\/wp-json\/wp\/v2\/media\/15999"}],"wp:attachment":[{"href":"https:\/\/excursionsworld.com\/de\/wp-json\/wp\/v2\/media?parent=15862"}],"wp:term":[{"taxonomy":"product_brand","embeddable":true,"href":"https:\/\/excursionsworld.com\/de\/wp-json\/wp\/v2\/product_brand?post=15862"},{"taxonomy":"product_cat","embeddable":true,"href":"https:\/\/excursionsworld.com\/de\/wp-json\/wp\/v2\/product_cat?post=15862"},{"taxonomy":"product_tag","embeddable":true,"href":"https:\/\/excursionsworld.com\/de\/wp-json\/wp\/v2\/product_tag?post=15862"}],"curies":[{"name":"wp","href":"https:\/\/api.w.org\/{rel}","templated":true}]}}