{"id":16022,"date":"2026-01-19T20:56:20","date_gmt":"2026-01-19T17:56:20","guid":{"rendered":"https:\/\/excursionsworld.com\/?post_type=product&#038;p=16022\/"},"modified":"2026-04-24T01:27:19","modified_gmt":"2026-04-23T22:27:19","slug":"herceg-novi-private-bootstour-blaue-grotte","status":"publish","type":"product","link":"https:\/\/excursionsworld.com\/tours\/herceg-novi-private-boat-tour-blue-cave\/","title":{"rendered":"Herceg Novi Private Bootstour zur Blauen Grotte &amp; Perast (3 Stunden)"},"content":{"rendered":"<h2>\ud83c\udfd9\ufe0f <strong>\u00dcbersicht<\/strong><\/h2>\n<p>Begeben Sie sich auf eine exklusive 3-st\u00fcndige private Bootstour ab Herceg Novi, die f\u00fcr Reisende konzipiert wurde, die Komfort, Flexibilit\u00e4t und eine atemberaubende K\u00fcstenlandschaft suchen. Fahren Sie in Ihrem eigenen Tempo durch die Bucht von Kotor, tauchen Sie in t\u00fcrkisfarbenes Wasser und erkunden Sie UNESCO-gelistete St\u00e4dte, w\u00e4hrend sich Ihr privater Skipper um alles k\u00fcmmert.<\/p>\n<h3><strong>Inbegriffen:<\/strong><\/h3>\n<p><strong><span style=\"color: #00ff00;\">\u2713<\/span> <\/strong>Lizenzierter englischsprachiger Privatskipper<br \/>\n<strong><span style=\"color: #00ff00;\">\u2713<\/span> <\/strong>Modernes privates Schnellboot<br \/>\n<strong><span style=\"color: #00ff00;\">\u2713<\/span> <\/strong>Kraftstoff und alle technischen Dienstleistungen<br \/>\n<strong><span style=\"color: #00ff00;\">\u2713<\/span> <\/strong>Insassenversicherung<br \/>\n<strong><span style=\"color: #00ff00;\">\u2713<\/span> <\/strong>Schwimmwesten (alle Gr\u00f6\u00dfen)<br \/>\n<strong><span style=\"color: #00ff00;\">\u2713<\/span> <\/strong> Schnorchelausr\u00fcstung<br \/>\n<strong><span style=\"color: #00ff00;\">\u2713<\/span> <\/strong>Kostenloses Wasser in Flaschen<br \/>\n<strong><span style=\"color: #00ff00;\">\u2713<\/span> <\/strong>Bimini-Sonnenschirm und gepolsterte Sitzpl\u00e4tze<br \/>\n<strong><span style=\"color: #00ff00;\">\u2713<\/span> <\/strong>WiFi und Bluetooth-Soundsystem an Bord<br \/>\n<strong><span style=\"color: #00ff00;\">\u2713<\/span> <\/strong>Frischwasserdusche und Ladestationen<\/p>\n<h3><strong>Nicht inbegriffen:<\/strong><\/h3>\n<p><span style=\"color: #ff0000;\"><strong>\u2717<\/strong> <\/span>Eintritt in das Museum Our Lady of the Rocks (fakultativ)<br \/>\n<span style=\"color: #ff0000;\"><strong>\u2717<\/strong> <\/span>Lebensmittel und alkoholische Getr\u00e4nke<br \/>\n<span style=\"color: #ff0000;\"><strong>\u2717<\/strong> <\/span>Pers\u00f6nliche Ausgaben<\/p>\n<h2>\ud83c\udf1f <strong>H\u00f6hepunkte der Tour<\/strong><\/h2>\n<p>\ud83d\udd39 Blaue H\u00f6hle (Plava \u0160pilja) - privates Schwimmen &amp; Schnorcheln<br \/>\n\ud83d\udd39 Our Lady of the Rocks - historische k\u00fcnstliche Insel<br \/>\n\ud83d\udd39 <a href=\"https:\/\/en.wikipedia.org\/wiki\/Perast\" target=\"_blank\" rel=\"noopener\">Perast<\/a> Altstadt \u2013 Freizeit in einer barocken UNESCO-Welterbestadt<br \/>\n\ud83d\udd39 Festung Mamula - Panoramablick auf den Eingang zur Bucht<br \/>\n\ud83d\udd39 Private Tour mit flexiblem Tempo und erstklassigem Komfort<\/p>\n<h2>\ud83d\udcd6 <strong>Vollst\u00e4ndige Beschreibung<\/strong><\/h2>\n<div>Ihre private Reise beginnt in <strong>Herceg Novi<\/strong>, wo Sie an Bord eines modernen, voll ausgestatteten Schnellbootes gehen. Ohne Menschenmassen und mit einem flexiblen Zeitplan erm\u00f6glicht Ihnen diese Tour, die K\u00fcste Montenegros in Ihrem eigenen Rhythmus zu erleben.<\/div>\n<div>Kreuzfahrt in Richtung <strong>Festung Mamula<\/strong>, und genie\u00dfen Sie den Panoramablick auf diese historische Insel, die am Eingang der Bucht liegt. Weiter zur ber\u00fchmten <strong>Blaue H\u00f6hle<\/strong>, wo das Sonnenlicht einen leuchtend blauen Effekt im Wasser erzeugt. Genie\u00dfen Sie 20-30 Minuten Schwimmen und Schnorcheln in kristallklarem, t\u00fcrkisfarbenem Wasser.<\/div>\n<div>Besuchen Sie dann <strong>Unsere Liebe Frau von den Felsen<\/strong>, eine legend\u00e4re k\u00fcnstliche Insel mit einer Kirche aus dem 15. Jahrhundert, die reich an maritimer Geschichte ist. Sie werden Zeit haben, die Insel zu erkunden und optional das Museum zu besuchen.<\/div>\n<div>Die Tour endet in <strong>Perast<\/strong>, die oft als das \u201cVenedig der Adria\u201d bezeichnet wird. Genie\u00dfen Sie die freie Zeit, um durch die charmanten Steinstra\u00dfen zu spazieren, die barocke Architektur zu bewundern, am Wasser zu entspannen oder einen Kaffee mit Blick auf die Bucht zu genie\u00dfen, bevor Sie nach Herceg Novi zur\u00fcckkehren.<\/div>\n<h3>\ud83d\uddfa\ufe0f <strong>Reiseroute<\/strong><\/h3>\n<p>\ud83d\udd39 Abfahrt von Herceg Novi<br \/>\n\ud83d\udd39 Mamula Festung - Panoramabesichtigung<br \/>\n\ud83d\udd39 Blue Cave - Schwimmen und Schnorcheln (20-30 Minuten)<br \/>\n\ud83d\udd39 Our Lady of the Rocks - 20-min\u00fctiger Besuch<br \/>\n\ud83d\udd39 Altstadt von Perast - ca. 40 Minuten freie Zeit<br \/>\n\ud83d\udd39 R\u00fcckkehr nach Herceg Novi<\/p>\n<h3>\u2139\ufe0f <strong>N\u00fctzliche Informationen<\/strong><\/h3>\n<p>\ud83d\udd39 Dauer: ca. 3 Stunden<br \/>\n\ud83d\udd39 Nur private F\u00fchrung<br \/>\n\ud83d\udd39 Flexibles Tempo und individuelles Erlebnis<br \/>\nOptionaler Hin- und R\u00fccktransfer ab Kotor oder Budva<br \/>\n\ud83d\udd39 Kostenlose Stornierung bis zu 24 Stunden vor der Abfahrt<\/p>\n<h2>\ud83c\udf92 <strong>Was Sie mitbringen sollten<\/strong><\/h2>\n<p>\ud83d\udd39 Badesachen und Handtuch<br \/>\n\ud83d\udd39 Sonnenschutzmittel und Sonnenbrille<br \/>\n\ud83d\udd39 Kamera oder Smartphone<br \/>\n\ud83d\udd39 Bargeld f\u00fcr fakultativen Museumseintritt oder pers\u00f6nliche Ausgaben<\/p>\n<h3>\ud83d\udeab <strong>Nicht geeignet f\u00fcr<\/strong><\/h3>\n<p>\ud83d\udd39 Schwangere G\u00e4ste<br \/>\n\ud83d\udd39 G\u00e4ste mit schweren Mobilit\u00e4tseinschr\u00e4nkungen<\/p>\n<h2>\ud83d\udcb8 <strong>Preis und Buchung<\/strong><\/h2>\n<p>\ud83d\udd39 Private Tour - Preis pro Boot<br \/>\n\ud83d\udd39 Jetzt reservieren, sp\u00e4ter bezahlen<br \/>\n\ud83d\udd39 Kostenlose Stornierung bis zu 24 Stunden vor der Tour<br \/>\n\ud83d\udd39 Buchen Sie ganz einfach \u00fcber WhatsApp oder das Online-Buchungsformular \ud83d\udc47\ud83c\udffd<\/p>\n<p>Alternativen gesucht? St\u00f6bern Sie <a href=\"https:\/\/excursionsworld.com\/de\/herceg-novi-ausfluege\/\">mehr Herceg Novi Touren in Perast<\/a>.<\/p>","protected":false},"excerpt":{"rendered":"<p>Genie\u00dfen Sie eine private 3-st\u00fcndige Bootstour von Herceg Novi zur Blauen H\u00f6hle und nach Perast. Schwimmen Sie, schnorcheln Sie, erkunden Sie UNESCO-St\u00e4tten und fahren Sie ganz bequem.<\/p>","protected":false},"featured_media":16014,"comment_status":"open","ping_status":"closed","template":"","meta":[],"product_brand":[],"product_cat":[134],"product_tag":[135],"class_list":{"0":"post-16022","1":"product","2":"type-product","3":"status-publish","4":"has-post-thumbnail","6":"tour_phys-herceg-novi-tours","7":"product_cat-herceg-novi-tours","8":"product_tag-herceg-novi","9":"pa_montenegro-herceg-novi-tours","11":"first","12":"instock","13":"sale","14":"shipping-taxable","15":"purchasable","16":"product-type-tour_phys"},"aioseo_notices":[],"_links":{"self":[{"href":"https:\/\/excursionsworld.com\/de\/wp-json\/wp\/v2\/product\/16022","targetHints":{"allow":["GET"]}}],"collection":[{"href":"https:\/\/excursionsworld.com\/de\/wp-json\/wp\/v2\/product"}],"about":[{"href":"https:\/\/excursionsworld.com\/de\/wp-json\/wp\/v2\/types\/product"}],"replies":[{"embeddable":true,"href":"https:\/\/excursionsworld.com\/de\/wp-json\/wp\/v2\/comments?post=16022"}],"wp:featuredmedia":[{"embeddable":true,"href":"https:\/\/excursionsworld.com\/de\/wp-json\/wp\/v2\/media\/16014"}],"wp:attachment":[{"href":"https:\/\/excursionsworld.com\/de\/wp-json\/wp\/v2\/media?parent=16022"}],"wp:term":[{"taxonomy":"product_brand","embeddable":true,"href":"https:\/\/excursionsworld.com\/de\/wp-json\/wp\/v2\/product_brand?post=16022"},{"taxonomy":"product_cat","embeddable":true,"href":"https:\/\/excursionsworld.com\/de\/wp-json\/wp\/v2\/product_cat?post=16022"},{"taxonomy":"product_tag","embeddable":true,"href":"https:\/\/excursionsworld.com\/de\/wp-json\/wp\/v2\/product_tag?post=16022"}],"curies":[{"name":"wp","href":"https:\/\/api.w.org\/{rel}","templated":true}]}}