{"id":16104,"date":"2026-02-02T13:02:42","date_gmt":"2026-02-02T10:02:42","guid":{"rendered":"https:\/\/excursionsworld.com\/?post_type=product&#038;p=16104\/"},"modified":"2026-02-03T20:37:33","modified_gmt":"2026-02-03T17:37:33","slug":"private-yacht-vermieten-side","status":"publish","type":"product","link":"https:\/\/excursionsworld.com\/tours\/private-yacht-rental-side\/","title":{"rendered":"Side Private Yachtvermietung - S\u0131la Luxury Sea Experience"},"content":{"rendered":"<h3 data-start=\"422\" data-end=\"442\">\ud83c\udfd9\ufe0f <strong data-start=\"430\" data-end=\"442\">\u00dcbersicht<\/strong><\/h3>\n<p data-start=\"443\" data-end=\"737\">Setzen Sie die Segel auf einer exklusiven Privatyacht entlang der t\u00fcrkischen Riviera. Dieser Charter wurde f\u00fcr Paare, Familien und kleine Gruppen konzipiert und bietet Freiheit, Komfort und unvergessliche K\u00fcstenaussichten. Von antiken Wahrzeichen bis hin zu versteckten Buchten, genie\u00dfen Sie das Meer in Ihrem eigenen Tempo mit einem Service von T\u00fcr zu T\u00fcr.<\/p>\n<h3 data-path-to-node=\"19\"><b data-path-to-node=\"19\" data-index-in-node=\"0\">Inbegriffen:<\/b><\/h3>\n<div data-path-to-node=\"20\"><span style=\"color: #00ff00;\"><strong>\u2713<\/strong><\/span> Privater Yachtcharter (bis zu 12 G\u00e4ste)<\/div>\n<div data-path-to-node=\"21\"><span style=\"color: #00ff00;\"><strong>\u2713 <\/strong><\/span>Hoteltransfer (Hin- und R\u00fcckfahrt)<\/div>\n<div data-path-to-node=\"22\"><span style=\"color: #00ff00;\"><strong>\u2713 <\/strong><\/span>Professioneller Kapit\u00e4n und Mannschaft<\/div>\n<div data-path-to-node=\"23\"><span style=\"color: #00ff00;\"><strong>\u2713 <\/strong><\/span>BBQ Mittagessen: Gegrillter Fisch\/Huhn\/Fleischb\u00e4llchen, Salat, Nudeln, Obst<\/div>\n<div data-path-to-node=\"24\"><span style=\"color: #00ff00;\"><strong>\u2713 <\/strong><\/span>Unbegrenzt Soft Drinks: Wasser, Cola, Fanta, Tee, Kaffee<\/div>\n<div data-path-to-node=\"25\"><span style=\"color: #00ff00;\"><strong>\u2713 <\/strong><\/span>Amateur-Angelger\u00e4te und Schnorchelausr\u00fcstung<\/div>\n<div data-path-to-node=\"26\"><span style=\"color: #00ff00;\"><strong>\u2713 <\/strong><\/span>Kostenloses Wi-Fi an Bord<\/div>\n<h3 data-path-to-node=\"27\"><b data-path-to-node=\"27\" data-index-in-node=\"0\">Ausgeschlossen:<\/b><\/h3>\n<div data-path-to-node=\"28\"><span style=\"color: #ff0000;\"><strong>\u2717<\/strong> <\/span>Alkoholische Getr\u00e4nke (Erh\u00e4ltlich oder bringen Sie Ihre eigenen mit 20 \u20ac Servicegeb\u00fchr)<\/div>\n<div data-path-to-node=\"29\"><span style=\"color: #ff0000;\"><strong>\u2717<\/strong> <\/span>Eiscreme<\/div>\n<h3 data-path-to-node=\"30\">\ud83c\udf1f H\u00f6hepunkte der Tour<\/h3>\n<div data-path-to-node=\"31\">\ud83d\udd39 Privates Luxusyacht-Erlebnis im Jahr 2023 renoviert<\/div>\n<div data-path-to-node=\"32\">\ud83d\udd39 Antike Stadt Side &amp; Apollo-Tempel vom Meer aus gesehen<\/div>\n<div data-path-to-node=\"33\">\ud83d\udd39 Turtle Bay - Beobachtung der Caretta caretta Schildkr\u00f6ten<\/div>\n<div data-path-to-node=\"34\">\ud83d\udd39 Mehrsprachiges Personal: Service auf Englisch, Russisch und Deutsch<\/div>\n<div data-path-to-node=\"35\">\ud83d\udd39 Kristallklare Buchten zum Schwimmen und Entspannen<\/div>\n<div data-path-to-node=\"36\">\ud83d\udd39 Ideal f\u00fcr Feierlichkeiten: Heiratsantr\u00e4ge, Geburtstage und Jahrestage<\/div>\n<h3 data-path-to-node=\"37\">\ud83d\udcd6 Vollst\u00e4ndige Beschreibung<\/h3>\n<div data-path-to-node=\"38\">Ihr VIP-Erlebnis beginnt am Side Harbor. Gehen Sie an Bord Ihrer exklusiven Jacht, <b data-path-to-node=\"38\" data-index-in-node=\"77\">SILA-1<\/b>, und setzen die Segel von der historischen Mole aus.<\/div>\n<div data-path-to-node=\"39\">Fahren Sie an der antiken Stadt Side und dem ber\u00fchmten Apollo-Tempel vorbei und genie\u00dfen Sie die atemberaubende Aussicht auf die K\u00fcste.<\/div>\n<div data-path-to-node=\"40\">Fahren Sie weiter in Richtung Turtle Bay, um Schildkr\u00f6ten zu beobachten und Badepausen in wundersch\u00f6nen Buchten zu genie\u00dfen.<\/div>\n<div data-path-to-node=\"41\">Ein frisches BBQ-Mittagessen, zubereitet von unserer Familiencrew, wird an Bord serviert. Nach einem Tag der Entspannung und des Feierns genie\u00dfen Sie eine ruhige R\u00fcckfahrt zum Hafen.<\/div>\n<h3 data-path-to-node=\"42\">\ud83d\uddfa\ufe0f Reiseverlauf<\/h3>\n<div data-path-to-node=\"43\">\ud83d\udd39 Abfahrt von Side Harbor<\/div>\n<div data-path-to-node=\"44\">\ud83d\udd39 Antike Stadt Side &amp; Apollo-Tempel (Meerblick)<\/div>\n<div data-path-to-node=\"45\">\ud83d\udd39 Turtle Bay - Besichtigungsstopp<\/div>\n<div data-path-to-node=\"46\">\ud83d\udd39 Badepausen in t\u00fcrkisfarbenen Buchten<\/div>\n<div data-path-to-node=\"47\">\ud83d\udd39 BBQ-Mittagessen an Bord<\/div>\n<div data-path-to-node=\"48\">Fakultative Manavgat-Flusskreuzfahrt<\/div>\n<div data-path-to-node=\"49\">\ud83d\udd39 R\u00fcckkehr nach Side Harbor<\/div>\n<h3 data-path-to-node=\"50\">\u2139\ufe0f N\u00fctzliche Informationen<\/h3>\n<div data-path-to-node=\"52\">\ud83d\udd39Kapazit\u00e4t: Bis zu 12 G\u00e4ste<\/div>\n<div data-path-to-node=\"53\">\ud83d\udd39Dauer: flexibel (halb- oder ganzt\u00e4gige Optionen m\u00f6glich)<br data-start=\"3099\" data-end=\"3102\" \/>\ud83d\udd39Im Juli und August k\u00f6nnen die Preise variieren<br data-start=\"3134\" data-end=\"3137\" \/>\ud83d\udd39Route kann je nach Seegang angepasst werden<br data-start=\"3185\" data-end=\"3188\" \/>\ud83d\udd39F\u00fcr Hotels, die weit vom Zentrum von Side entfernt sind, kann ein Zuschlag erhoben werden.<\/div>\n<h3 data-path-to-node=\"56\">\ud83c\udf92 Was Sie mitbringen sollten<\/h3>\n<div data-path-to-node=\"57\">\ud83d\udd39 Badesachen und Handtuch<\/div>\n<div data-path-to-node=\"58\">\ud83d\udd39 Sonnenschutzmittel und Sonnenbrille<\/div>\n<div data-path-to-node=\"59\">\ud83d\udd39 Hut<\/div>\n<h3 data-path-to-node=\"60\">\ud83d\udeab Nicht geeignet f\u00fcr<\/h3>\n<p data-path-to-node=\"61\">\ud83d\udd39 G\u00e4ste mit schweren Mobilit\u00e4tseinschr\u00e4nkungen<\/p>\n<div class=\"elementor-element elementor-element-884d539 e-con-full e-flex e-con e-child\" data-id=\"884d539\" data-element_type=\"container\">\n<div id=\"description\" class=\"elementor-element elementor-element-337037cc elementor-widget elementor-widget-thim-ekits-tours-content\" data-id=\"337037cc\" data-element_type=\"widget\" data-widget_type=\"thim-ekits-tours-content.default\">\n<div class=\"elementor-widget-container\">\n<div class=\"thim-ekit-single-tour__content\">\n<h3 dir=\"ltr\">\ud83d\udcb8\u00a0<strong>Preis und Buchung<\/strong><\/h3>\n<p dir=\"ltr\">\ud83d\udd39 Jetzt reservieren, am Tag bezahlen<br data-start=\"3549\" data-end=\"3552\" \/>\ud83d\udd39 Individuelle Dekorationen f\u00fcr besondere Anl\u00e4sse m\u00f6glich<br \/>\nKontaktiere uns \u00fcber WhatsApp, Telegram, Viber oder f\u00fclle das Buchungsformular unten aus. \ud83d\udc47\ud83c\udffc<\/p>\n<\/div>\n<\/div>\n<\/div>\n<\/div>\n<div class=\"elementor-element elementor-element-57a2f74 elementor-widget-divider--view-line elementor-widget elementor-widget-divider\" data-id=\"57a2f74\" data-element_type=\"widget\" data-widget_type=\"divider.default\">\n<div class=\"elementor-widget-container\">\n<div class=\"elementor-divider\"><\/div>\n<\/div>\n<\/div>","protected":false},"excerpt":{"rendered":"<p>Genie\u00dfen Sie einen privaten Yachtcharter in Side mit BBQ-Mittagessen, Badepausen, Schildkr\u00f6tenbucht und atemberaubendem Blick auf den Apollo-Tempel und die antike Stadt.<\/p>","protected":false},"featured_media":16105,"comment_status":"open","ping_status":"closed","template":"","meta":[],"product_brand":[],"product_cat":[129],"product_tag":[122],"class_list":{"0":"post-16104","1":"product","2":"type-product","3":"status-publish","4":"has-post-thumbnail","6":"tour_phys-yacht-rental","7":"product_cat-yacht-rental","8":"product_tag-side","9":"pa_kategori-private-yacht-rental-kemer-antalya","11":"first","12":"instock","13":"sale","14":"shipping-taxable","15":"purchasable","16":"product-type-tour_phys"},"aioseo_notices":[],"_links":{"self":[{"href":"https:\/\/excursionsworld.com\/de\/wp-json\/wp\/v2\/product\/16104","targetHints":{"allow":["GET"]}}],"collection":[{"href":"https:\/\/excursionsworld.com\/de\/wp-json\/wp\/v2\/product"}],"about":[{"href":"https:\/\/excursionsworld.com\/de\/wp-json\/wp\/v2\/types\/product"}],"replies":[{"embeddable":true,"href":"https:\/\/excursionsworld.com\/de\/wp-json\/wp\/v2\/comments?post=16104"}],"wp:featuredmedia":[{"embeddable":true,"href":"https:\/\/excursionsworld.com\/de\/wp-json\/wp\/v2\/media\/16105"}],"wp:attachment":[{"href":"https:\/\/excursionsworld.com\/de\/wp-json\/wp\/v2\/media?parent=16104"}],"wp:term":[{"taxonomy":"product_brand","embeddable":true,"href":"https:\/\/excursionsworld.com\/de\/wp-json\/wp\/v2\/product_brand?post=16104"},{"taxonomy":"product_cat","embeddable":true,"href":"https:\/\/excursionsworld.com\/de\/wp-json\/wp\/v2\/product_cat?post=16104"},{"taxonomy":"product_tag","embeddable":true,"href":"https:\/\/excursionsworld.com\/de\/wp-json\/wp\/v2\/product_tag?post=16104"}],"curies":[{"name":"wp","href":"https:\/\/api.w.org\/{rel}","templated":true}]}}