{"id":16115,"date":"2026-02-04T13:01:22","date_gmt":"2026-02-04T10:01:22","guid":{"rendered":"https:\/\/excursionsworld.com\/?post_type=product&#038;p=16115\/"},"modified":"2026-04-24T01:27:21","modified_gmt":"2026-04-23T22:27:21","slug":"private-yacht-mieten-side-la-perla","status":"publish","type":"product","link":"https:\/\/excursionsworld.com\/tours\/private-yacht-rental-side-la-perla\/","title":{"rendered":"Private Yacht mieten Side: La Perla \u2013 Luxus Azimut 42 Erlebnis"},"content":{"rendered":"<h2><strong>\ud83c\udfd9\ufe0f \u00dcberblick<\/strong><\/h2>\n<p>Segel setzen auf <strong>La Perla<\/strong>, eine exklusive <strong>Azimut 42 Motoryacht<\/strong> bietet ein raffiniertes privates Jachterlebnis entlang der t\u00fcrkischen Riviera. Perfekt f\u00fcr Paare, Familien und kleine Gruppen, kombiniert dieser Charter Freiheit, Komfort und atemberaubende K\u00fcstenaussichten mit erstklassigem Service und Transfers von T\u00fcr zu T\u00fcr.<\/p>\n<h3><strong>Inbegriffen:<\/strong><\/h3>\n<p><strong><span style=\"color: #00ff00;\">\u2713<\/span> <\/strong>Privater Yachtcharter (bis zu 12 G\u00e4ste)<br \/>\n<strong><span style=\"color: #00ff00;\">\u2713<\/span> <\/strong>Hoteltransfer (Hin- und R\u00fcckfahrt)<br \/>\n<strong><span style=\"color: #00ff00;\">\u2713<\/span> <\/strong>Professioneller weiblicher Kapit\u00e4n &amp; Crew<br \/>\n<strong><span style=\"color: #00ff00;\">\u2713<\/span> <\/strong>BBQ Mittagessen oder Abendessen: Gegrillter Fisch\/Huhn\/Fleischb\u00e4llchen<br \/>\n<strong><span style=\"color: #00ff00;\">\u2713<\/span> <\/strong>Nudeln, Reis &amp; Fr\u00fcchte der Saison<br \/>\n<strong><span style=\"color: #00ff00;\">\u2713<\/span> <\/strong>4 Arten von Vorspeisen &amp; 2 Arten von Salat<br \/>\n<strong><span style=\"color: #00ff00;\">\u2713<\/span> <\/strong>Unbegrenzte Softdrinks<br \/>\n<strong><span style=\"color: #00ff00;\">\u2713<\/span> <\/strong>Kostenloses Wi-Fi an Bord<br \/>\n<strong><span style=\"color: #00ff00;\">\u2713<\/span> <\/strong>SUP-Board, Schnorchel- und Amateur-Angelausr\u00fcstung<\/p>\n<h3><strong>Ausgeschlossen:<\/strong><\/h3>\n<p><strong><span style=\"color: #ff0000;\">\u2717<\/span> <\/strong>Alkoholische Getr\u00e4nke (an Bord erh\u00e4ltlich oder bringen Sie Ihre eigenen mit, ohne Aufpreis)<br \/>\n<strong><span style=\"color: #ff0000;\">\u2717<\/span> <\/strong>Eiscreme<br \/>\n<strong><span style=\"color: #ff0000;\">\u2717<\/span> <\/strong>Individuelle Dekoration &amp; Geburtstagstorte<\/p>\n<h2><strong>\ud83c\udf1f H\u00f6hepunkte der Tour<\/strong><\/h2>\n<p>\ud83d\udd39 Privater Luxus <strong>Azimut 42 Yacht (Baujahr 2025)<\/strong><br \/>\n\ud83d\udd39 <a href=\"https:\/\/en.wikipedia.org\/wiki\/Side,_Turkey\" target=\"_blank\" rel=\"noopener\">Side<\/a> Antiker Hafen und Apollontempel von See aus<br \/>\n\ud83d\udd39 Exklusive Betreuung durch einen Fachmann <strong>von Frauen gef\u00fchrte Mannschaft<\/strong><br \/>\nTurtle Rocks, Kleopatra-Bucht und Manavgat-Fluss-Route<br \/>\n\ud83d\udd39 Ger\u00e4umiges Sonnendeck, Badeleiter &amp; Seematratze<br \/>\n\ud83d\udd39 Ideal f\u00fcr elegante Feiern und hochwertige Privatreisen<\/p>\n<h2><strong>\ud83d\udcd6 Vollst\u00e4ndige Beschreibung<\/strong><\/h2>\n<div>Ihr VIP-Erlebnis beginnt mit einer privaten Abholung vom Hotel und der Ankunft am <strong>Seite Antiker Hafen<\/strong>, wo Sie an Bord gehen <strong>La Perla<\/strong>, von unserer erfahrenen Kapit\u00e4nin begr\u00fc\u00dft. Fahren Sie vorbei an der antiken Stadt Side und dem kultigen <strong>Apollo-Tempel<\/strong>, und genie\u00dfen Sie einen unvergesslichen Blick auf die K\u00fcste.<\/div>\n<div>Die Reise geht weiter in Richtung <strong>Kleopatra-Bucht<\/strong>, <strong>Schildkr\u00f6tenfelsen<\/strong>, und die landschaftlich reizvolle <strong>Manavgat-Stra\u00dfe<\/strong>, mit Badepausen in kristallklarem Wasser. An Bord wird ein frisch zubereitetes BBQ-Men\u00fc serviert, begleitet von einem aufmerksamen Service und einer entspannten Luxusatmosph\u00e4re. Egal, ob Sie sich f\u00fcr einen Ganztagesausflug oder eine romantische Kreuzfahrt bei Sonnenuntergang entscheiden, f\u00fcr Ihren Komfort wird jedes Detail ber\u00fccksichtigt.<\/div>\n<h3><strong>\ud83d\uddfa\ufe0f Reiseverlauf<\/strong><\/h3>\n<p>\ud83d\udd39 Private Abholung vom Hotel<br \/>\n\ud83d\udd39 Abfahrt von Side Harbor<br \/>\n\ud83d\udd39 Antike Stadt Side &amp; Apollo-Tempel (Meerblick)<br \/>\n\ud83d\udd39 Turtle Rocks Besichtigungstour<br \/>\n\ud83d\udd39 Kleopatra-Bucht und Manavgat-Stra\u00dfe<br \/>\n\ud83d\udd39 Badepausen im offenen Meer und in Buchten<br \/>\n\ud83d\udd39 BBQ-Mahlzeit an Bord<br \/>\n\ud83d\udd39 R\u00fcckkehr nach Side Harbor<br \/>\n\ud83d\udd39 Privater Transfer zur\u00fcck zum Hotel<\/p>\n<h3><strong>\u2139\ufe0f N\u00fctzliche Informationen<\/strong><\/h3>\n<p>\ud83d\udd39 Kapazit\u00e4t: Bis zu 12 G\u00e4ste<br \/>\n\ud83d\udd39 Dauer: Flexibel (4-Stunden- oder 10-Stunden-Optionen verf\u00fcgbar)<br \/>\n\ud83d\udd39 Die Route kann je nach Seebedingungen angepasst werden.<br \/>\n\ud83d\udd39 Men\u00fcanpassung auf Anfrage m\u00f6glich<br \/>\n\ud83d\udd39 Option f\u00fcr verz\u00f6gerten Transfer f\u00fcr l\u00e4ngere Zeit in der Stadt verf\u00fcgbar<\/p>\n<h2><strong>\ud83c\udf92 Was Sie mitbringen sollten<\/strong><\/h2>\n<p>\ud83d\udd39 Badesachen und Handtuch<br \/>\n\ud83d\udd39 Sonnenschutzmittel und Sonnenbrille<br \/>\n\ud83d\udd39 Hut<br \/>\n\ud83d\udd39 Pers\u00f6nliche alkoholische Getr\u00e4nke (fakultativ)<\/p>\n<h3><strong>\ud83d\udeab Nicht geeignet f\u00fcr<\/strong><\/h3>\n<p>\ud83d\udd39 G\u00e4ste mit schweren Mobilit\u00e4tseinschr\u00e4nkungen<\/p>\n<h2><strong>\ud83d\udcb8 Preis und Buchung<\/strong><\/h2>\n<p>\ud83d\udd39 Jetzt reservieren, am Tag bezahlen<br \/>\n\ud83d\udd39 Individuelle Dekorationen f\u00fcr besondere Anl\u00e4sse m\u00f6glich<br \/>\n\ud83d\udd39 Kontaktieren Sie uns \u00fcber <strong>WhatsApp, Telegram, Viber<\/strong>, oder f\u00fcllen Sie das Buchungsformular unten aus \ud83d\udc47\ud83c\udffc<\/p>\n<p>Alternativen gesucht? St\u00f6bern Sie <a href=\"https:\/\/excursionsworld.com\/de\/private-yacht-charter-kemer-antalya\/\">mehr Yachtcharter-Touren in Side<\/a>.<\/p>","protected":false},"excerpt":{"rendered":"<p>Privater Azimut 42 Yachtcharter in Side mit Sonnenuntergang oder ganzt\u00e4gigen Optionen. Genie\u00dfen Sie Hoteltransfer, BBQ-Mahlzeit, Badestopps und erstklassigen Service. Buchen Sie jetzt!<\/p>","protected":false},"featured_media":16116,"comment_status":"open","ping_status":"closed","template":"","meta":[],"product_brand":[],"product_cat":[129],"product_tag":[122],"class_list":{"0":"post-16115","1":"product","2":"type-product","3":"status-publish","4":"has-post-thumbnail","6":"tour_phys-yacht-rental","7":"product_cat-yacht-rental","8":"product_tag-side","9":"pa_kategori-private-yacht-rental-kemer-antalya","11":"first","12":"instock","13":"sale","14":"shipping-taxable","15":"purchasable","16":"product-type-tour_phys"},"aioseo_notices":[],"_links":{"self":[{"href":"https:\/\/excursionsworld.com\/de\/wp-json\/wp\/v2\/product\/16115","targetHints":{"allow":["GET"]}}],"collection":[{"href":"https:\/\/excursionsworld.com\/de\/wp-json\/wp\/v2\/product"}],"about":[{"href":"https:\/\/excursionsworld.com\/de\/wp-json\/wp\/v2\/types\/product"}],"replies":[{"embeddable":true,"href":"https:\/\/excursionsworld.com\/de\/wp-json\/wp\/v2\/comments?post=16115"}],"wp:featuredmedia":[{"embeddable":true,"href":"https:\/\/excursionsworld.com\/de\/wp-json\/wp\/v2\/media\/16116"}],"wp:attachment":[{"href":"https:\/\/excursionsworld.com\/de\/wp-json\/wp\/v2\/media?parent=16115"}],"wp:term":[{"taxonomy":"product_brand","embeddable":true,"href":"https:\/\/excursionsworld.com\/de\/wp-json\/wp\/v2\/product_brand?post=16115"},{"taxonomy":"product_cat","embeddable":true,"href":"https:\/\/excursionsworld.com\/de\/wp-json\/wp\/v2\/product_cat?post=16115"},{"taxonomy":"product_tag","embeddable":true,"href":"https:\/\/excursionsworld.com\/de\/wp-json\/wp\/v2\/product_tag?post=16115"}],"curies":[{"name":"wp","href":"https:\/\/api.w.org\/{rel}","templated":true}]}}