{"id":16154,"date":"2026-02-07T20:57:36","date_gmt":"2026-02-07T17:57:36","guid":{"rendered":"https:\/\/excursionsworld.com\/?post_type=product&#038;p=16154\/"},"modified":"2026-04-24T01:27:22","modified_gmt":"2026-04-23T22:27:22","slug":"yacht-mieten-alanya-infinity","status":"publish","type":"product","link":"https:\/\/excursionsworld.com\/tours\/alanya-yacht-rental-infinity\/","title":{"rendered":"Yacht mieten in Alanya \u2013 Infinity | Tages- &amp; Sunset-Touren"},"content":{"rendered":"<h2>\ud83c\udfd9\ufe0f \u00dcberblick<\/h2>\n<p>Unvergessliches <a href=\"https:\/\/excursionsworld.com\/de\/tour-category\/yacht-rental\/\">Alanya Yachtcharter<\/a>Steigen Sie ein! <strong>Unendlichkeit<\/strong>, eine 17 Meter lange Motoryacht, die 2023 renoviert wurde und von Downtown abf\u00e4hrt <a href=\"https:\/\/en.wikipedia.org\/wiki\/Alanya\" target=\"_blank\" rel=\"noopener\">Alanya Marina<\/a>. Diese private Kreuzfahrt wurde f\u00fcr Komfort und Privatsph\u00e4re entwickelt und ist ideal f\u00fcr Familien, Paare und Gruppen, die die K\u00fcste von Alanya in ihrem eigenen Tempo erkunden m\u00f6chten.<\/p>\n<p>Ger\u00e4umige Sonnendecks, moderne Annehmlichkeiten an Bord und eine professionelle Crew sorgen f\u00fcr eine reibungslose und angenehme Kreuzfahrt von Anfang bis Ende.<\/p>\n<h3>\u2705 Was ist enthalten<\/h3>\n<p><span style=\"color: #00ff00;\"><strong>\u2713<\/strong><\/span> Exklusive Vermietung von Privatjachten<br \/>\n<span style=\"color: #00ff00;\"><strong>\u2713 <\/strong><\/span>Professioneller Kapit\u00e4n und 2-k\u00f6pfige Crew<br \/>\n<span style=\"color: #00ff00;\"><strong>\u2713 <\/strong><\/span>Hin- und R\u00fcckfahrt zum Hotel (Alanya und Umgebung)<br \/>\n<span style=\"color: #00ff00;\"><strong>\u2713 <\/strong><\/span>Frisches Essen an Bord (im Preis inbegriffen):<br \/>\n<strong>\u2022<\/strong> <strong>Hauptgericht (w\u00e4hlen Sie eines):<\/strong> Gegrillte Seebrasse <strong>oder<\/strong> Gegrilltes Huhn und Fleischb\u00e4llchen<br \/>\n<strong>\u2022<\/strong> <strong>Nebengerichte:<\/strong> Mediterraner Salat, Nudeln, Bratw\u00fcrste<br \/>\n<strong>\u2022<\/strong> Obstteller der Saison<br \/>\n<span style=\"color: #00ff00;\"><strong>\u2713 <\/strong><\/span>Unbegrenzte alkoholfreie Getr\u00e4nke und Hei\u00dfgetr\u00e4nke<br \/>\n<span style=\"color: #00ff00;\"><strong>\u2713 <\/strong><\/span>Wi-Fi an Bord<br \/>\n<span style=\"color: #00ff00;\"><strong>\u2713 <\/strong><\/span>Schnorchelausr\u00fcstung und Badeleiter<br \/>\n<span style=\"color: #00ff00;\"><strong>\u2713 <\/strong><\/span>Musikanlage mit Mobilfunkanschluss<br \/>\n<span style=\"color: #00ff00;\"><strong>\u2713 <\/strong><\/span>Sonnendeck und schattige Sitzbereiche<\/p>\n<p>\ud83c\udf77 <strong>Alkohol:<\/strong> Die G\u00e4ste k\u00f6nnen ihre eigenen Getr\u00e4nke mitbringen.<\/p>\n<h3>\u274c Ausgeschlossen<\/h3>\n<p><span style=\"color: #ff0000;\"><strong>\u2717<\/strong> <\/span>Alkoholische Getr\u00e4nke<br \/>\n<span style=\"color: #ff0000;\"><strong>\u2717<\/strong> <\/span>Besondere Dekorationen und Veranstaltungsaufbauten<br \/>\n<span style=\"color: #ff0000;\"><strong>\u2717<\/strong> <\/span>Fotograf \/ Drohnenaufnahmen<br \/>\n<span style=\"color: #ff0000;\"><strong>\u2717<\/strong> <\/span>Zeitverl\u00e4ngerungen und zus\u00e4tzliche Routenanfragen<\/p>\n<h2>\ud83c\udf1f Tour-Highlights dieser Alanya-Yachtmiete<\/h2>\n<p>\ud83d\udd39 Private Yachtvermietung f\u00fcr bis zu 12 G\u00e4ste<br \/>\n\ud83d\udd39 K\u00fcrzlich renovierte Yacht (2023)<br \/>\n\ud83d\udd39 Schwimmen &amp; Schnorcheln in den klaren Buchten von Alanya<br \/>\n\ud83d\udd39 Bequemes Sonnendeck und schattige Bereiche<br \/>\n\ud83d\udd39 Frisch zubereitete Mahlzeit an Bord<br \/>\n\ud83d\udd39 Ideal f\u00fcr Familien, Paare und besondere Anl\u00e4sse<\/p>\n<h2>\ud83d\udcd6 Vollst\u00e4ndige Beschreibung: Ihr Alanya Yacht-Erlebnis<\/h2>\n<p>Einsteigen <strong>Infinity Motoryacht<\/strong> An der Alanya Marina in der Innenstadt und stechen Sie in See entlang der wundersch\u00f6nen Mittelmeerk\u00fcste. Genie\u00dfen Sie w\u00e4hrend Ihrer privaten Yachtmiete in Alanya ruhige Badestopps, Sonnenbaden an Deck und entspannende Momente bei Musik und Meerblick.<\/p>\n<p>Ihre Crew bereitet an Bord eine frisch zubereitete Mahlzeit zu, w\u00e4hrend Sie absolute Privatsph\u00e4re und flexible Routenplanung genie\u00dfen. Ob tags\u00fcber oder bei Sonnenuntergang, die Infinity bietet ein komfortables und unvergessliches Chartererlebnis.<\/p>\n<p>M\u00f6chten Sie ein anderes Boot? Vergleichen Sie den Rest unseres <a href=\"https:\/\/excursionsworld.com\/de\/tour-category\/yacht-rental\/\">Alanya Yachtmietflotte<\/a> \u2014 einschlie\u00dflich des beliebten <a href=\"https:\/\/excursionsworld.com\/de\/ausfluege\/alanya-yacht-charter-efsane-deluxe\/\">Efsane Deluxe<\/a> f\u00fcr gr\u00f6\u00dfere Gruppen.<\/p>\n<h3>\ud83d\uddfa\ufe0f Musterroute<\/h3>\n<p>\ud83d\udd39 Abfahrt vom Stadtzentrum Alanya Marina<br \/>\n\ud83d\udd39 K\u00fcstenfahrt entlang der K\u00fcste von Alanya<br \/>\n\ud83d\udd39 Bade- und Schnorchelpausen<br \/>\n\ud83d\udd39 Mahlzeitendienst an Bord<br \/>\n\ud83d\udd39 Freizeitkreuzfahrt &amp; R\u00fcckkehr zum Yachthafen<\/p>\n<p>Die Route kann je nach den Vorlieben der G\u00e4ste und den Seebedingungen variieren.<\/p>\n<h2>\ud83c\udf92 Was Sie mitbringen sollten<\/h2>\n<p>\ud83d\udd39 Badebekleidung &amp; Handtuch<br \/>\n\ud83d\udd39 Sonnenschutzmittel und Sonnenbrille<br \/>\n\ud83d\udd39 Hut<br \/>\n\ud83d\udd39 Kamera oder GoPro<\/p>\n<h3>\ud83d\udeab Nicht geeignet f\u00fcr<\/h3>\n<p>\ud83d\udd39 G\u00e4ste mit schweren Mobilit\u00e4tseinschr\u00e4nkungen<\/p>\n<p>Alternativen gesucht? St\u00f6bern Sie <a href=\"https:\/\/excursionsworld.com\/de\/private-yacht-charter-kemer-antalya\/\">mehr Yachtverleih-Touren in Alanya<\/a>.<\/p>\n<h2>\ud83d\udcb8 Preis &amp; Buchung \u2014 Mieten Sie Ihre Yacht in Alanya<\/h2>\n<p>\ud83d\udd39 Jetzt reservieren, am Tag bezahlen<br \/>\n\ud83d\udd39 Individuelle Routen und Sonderw\u00fcnsche m\u00f6glich<br \/>\n\ud83d\udd39 Kontakt \u00fcber <strong>WhatsApp, Telegram, Viber<\/strong> oder das Buchungsformular unter \ud83d\udc47\ud83c\udffc<\/p>\n<p>Bevorzugen Sie etwas anderes auf dem Wasser? Probieren Sie unser <a href=\"https:\/\/excursionsworld.com\/de\/ausfluege\/piratenbootstour-in-alanya\/\">Alanya Piratenschiff-Tour<\/a> f\u00fcr einen familienfreundlichen All-Inclusive-Tagesausflug.<\/p>","protected":false},"excerpt":{"rendered":"<p>Mieten Sie die Infinity Yacht in Alanya f\u00fcr eine private Luxuskreuzfahrt. Genie\u00dfen Sie Tages- oder Sonnenuntergangstouren mit professioneller Crew, Essen an Bord und flexible Chartertermine.<\/p>","protected":false},"featured_media":16155,"comment_status":"open","ping_status":"closed","template":"","meta":[],"product_brand":[],"product_cat":[129],"product_tag":[111],"class_list":{"0":"post-16154","1":"product","2":"type-product","3":"status-publish","4":"has-post-thumbnail","6":"tour_phys-yacht-rental","7":"product_cat-yacht-rental","8":"product_tag-alanya","9":"pa_kategori-private-yacht-rental-kemer-antalya","11":"first","12":"instock","13":"sale","14":"shipping-taxable","15":"purchasable","16":"product-type-tour_phys"},"aioseo_notices":[],"_links":{"self":[{"href":"https:\/\/excursionsworld.com\/de\/wp-json\/wp\/v2\/product\/16154","targetHints":{"allow":["GET"]}}],"collection":[{"href":"https:\/\/excursionsworld.com\/de\/wp-json\/wp\/v2\/product"}],"about":[{"href":"https:\/\/excursionsworld.com\/de\/wp-json\/wp\/v2\/types\/product"}],"replies":[{"embeddable":true,"href":"https:\/\/excursionsworld.com\/de\/wp-json\/wp\/v2\/comments?post=16154"}],"wp:featuredmedia":[{"embeddable":true,"href":"https:\/\/excursionsworld.com\/de\/wp-json\/wp\/v2\/media\/16155"}],"wp:attachment":[{"href":"https:\/\/excursionsworld.com\/de\/wp-json\/wp\/v2\/media?parent=16154"}],"wp:term":[{"taxonomy":"product_brand","embeddable":true,"href":"https:\/\/excursionsworld.com\/de\/wp-json\/wp\/v2\/product_brand?post=16154"},{"taxonomy":"product_cat","embeddable":true,"href":"https:\/\/excursionsworld.com\/de\/wp-json\/wp\/v2\/product_cat?post=16154"},{"taxonomy":"product_tag","embeddable":true,"href":"https:\/\/excursionsworld.com\/de\/wp-json\/wp\/v2\/product_tag?post=16154"}],"curies":[{"name":"wp","href":"https:\/\/api.w.org\/{rel}","templated":true}]}}