{"id":16166,"date":"2026-02-08T18:51:53","date_gmt":"2026-02-08T15:51:53","guid":{"rendered":"https:\/\/excursionsworld.com\/?post_type=product&#038;p=16166\/"},"modified":"2026-04-24T01:27:22","modified_gmt":"2026-04-23T22:27:22","slug":"private-yacht-charter-alanya","status":"publish","type":"product","link":"https:\/\/excursionsworld.com\/tours\/alanya-yacht-charter-my-dreams\/","title":{"rendered":"Private Yacht Charter in Alanya \u2013 My Dreams | Tages- &amp; Sunset Cruise"},"content":{"rendered":"<h2><strong>\ud83c\udfd9\ufe0f \u00dcberblick<\/strong><\/h2>\n<p>Genie\u00dfen Sie ein ger\u00e4umiges und modernes privates Yachterlebnis an Bord <strong>Meine Tr\u00e4ume-A<\/strong>, einer 2022 gebauten Motoryacht, die ablegt von <a href=\"https:\/\/en.wikipedia.org\/wiki\/Alanya\" target=\"_blank\" rel=\"noopener\">Alanya<\/a> Neue Marina. Mit einem weitl\u00e4ufigen Decklayout und hoher G\u00e4stekapazit\u00e4t ist diese Yacht ideal f\u00fcr Gro\u00dffamilien, Freundesgruppen, Feiern und private Veranstaltungen.<\/p>\n<p>Komfort, Privatsph\u00e4re und professioneller Service werden durch die T\u00fcr-zu-T\u00fcr <strong>Transfer inklusive<\/strong>, und machen Ihren Yachttag von Anfang bis Ende m\u00fchelos.<\/p>\n<h3><strong>Inbegriffen:<\/strong><\/h3>\n<p><span style=\"color: #00ff00;\"><strong>\u2713<\/strong> <\/span>Exklusive Vermietung von Privatjachten<br \/>\n<span style=\"color: #00ff00;\"><strong>\u2713<\/strong> <\/span>Professioneller Kapit\u00e4n und 3-k\u00f6pfige Crew<br \/>\n<strong><span style=\"color: #00ff00;\">\u2713 <\/span>Hin- und R\u00fcckfahrt inklusive Hoteltransfer\u00a0<\/strong><br \/>\n<span style=\"color: #00ff00;\"><strong>\u2713<\/strong> <\/span>Frisches Essen an Bord (im Preis inbegriffen):<br \/>\n\u2022 <strong>Hauptgericht (w\u00e4hlen Sie eines):<\/strong> Gegrilltes Huhn, Fleischb\u00e4llchen oder Fisch (Seebrasse\/Seebarsch)<br \/>\n\u2022 <strong>Nebengerichte:<\/strong> Mediterraner Salat, Nudeln<br \/>\n\u2022 <strong>Obstteller<\/strong><br \/>\n<span style=\"color: #00ff00;\"><strong>\u2713<\/strong> <\/span>Unbegrenzt alkoholfreie Getr\u00e4nke, Tee, Kaffee und Kr\u00e4utertees<br \/>\n<span style=\"color: #00ff00;\"><strong>\u2713<\/strong> <\/span>Wi-Fi an Bord<br \/>\n<span style=\"color: #00ff00;\"><strong>\u2713<\/strong> <\/span>Sup Board &amp; Seematratze<br \/>\n<span style=\"color: #00ff00;\"><strong>\u2713<\/strong> <\/span>Schnorchelausr\u00fcstung und Badeleiter<br \/>\n<span style=\"color: #00ff00;\"><strong>\u2713<\/strong> <\/span>Musikanlage mit Mobilfunkanschluss<br \/>\n<span style=\"color: #00ff00;\"><strong>\u2713<\/strong> <\/span>Sonnendeck und schattige Sitzbereiche<br \/>\n<span style=\"color: #00ff00;\"><strong>\u2713<\/strong> <\/span>Barbecue &amp; modernes Geschirr<\/p>\n<p>\ud83c\udf77 <strong>Alkohol:<\/strong> Die G\u00e4ste k\u00f6nnen ihre eigenen Getr\u00e4nke mitbringen.<\/p>\n<h3><strong>Ausgeschlossen:<\/strong><\/h3>\n<p><span style=\"color: #ff0000;\"><strong>\u2717<\/strong> <\/span>Alkoholische Getr\u00e4nke<br \/>\n<span style=\"color: #ff0000;\"><strong>\u2717<\/strong> <\/span>Ma\u00dfgeschneiderte Dekorationen und spezielle Event-Einrichtungen<\/p>\n<h2><strong>\ud83c\udf1f H\u00f6hepunkte der Tour<\/strong><\/h2>\n<p>\ud83d\udd39 Ger\u00e4umige Yacht f\u00fcr bis zu 27 G\u00e4ste<br \/>\n\ud83d\udd39 Moderne Yacht nach Ma\u00df (2022)<br \/>\n\ud83d\udd39 Ideal f\u00fcr Geburtstage, Gruppenveranstaltungen und Feiern<br \/>\n\ud83d\udd39 Breites Sonnendeck, SUP-Board und Meeresmatratze<br \/>\n\ud83d\udd39 Frisch zubereitete Mahlzeit an Bord<br \/>\n\ud83d\udd39 Professionelle Besatzung &amp; komfortable Kreuzfahrt<\/p>\n<h2><strong>\ud83d\udcd6 Vollst\u00e4ndige Beschreibung<\/strong><\/h2>\n<p>Vorstand <strong>Meine Tr\u00e4ume-A<\/strong> in Alanya New Marina und genie\u00dfen Sie eine entspannte private Kreuzfahrt entlang der Mittelmeerk\u00fcste. Dank der gro\u00dfen Breite und der gro\u00dfz\u00fcgigen Decksfl\u00e4che bietet diese Yacht au\u00dfergew\u00f6hnlichen Komfort f\u00fcr gr\u00f6\u00dfere Gruppen.<\/p>\n<p>Genie\u00dfen Sie w\u00e4hrend Ihrer Kreuzfahrt Schwimmpausen, Sonnenb\u00e4der, Musik und ein frisch zubereitetes Essen an Bord. Optionale Zusatzleistungen wie die Anpassung des Men\u00fcs, Wassersportstopps oder Geburtstagskuchen k\u00f6nnen auf Anfrage organisiert werden.<\/p>\n<h3><strong>\ud83d\uddfa\ufe0f Musterroute<\/strong><\/h3>\n<p>\ud83d\udd39 Abholung vom Hotel und Transfer zum Alanya New Marina<br \/>\n\ud83d\udd39 Abreise und K\u00fcstenfahrt<br \/>\n\ud83d\udd39 Schwimmen und Entspannungspausen<br \/>\n\ud83d\udd39 Mahlzeitendienst an Bord<br \/>\n\ud83d\udd39 Freizeitkreuzfahrt &amp; R\u00fcckkehr zum Yachthafen<br \/>\n\ud83d\udd39 Transfer zur\u00fcck zum Hotel<\/p>\n<h2><strong>\ud83c\udf92 Was Sie mitbringen sollten<\/strong><\/h2>\n<p>\ud83d\udd39 Badebekleidung &amp; Handtuch<br \/>\n\ud83d\udd39 Sonnenschutzmittel und Sonnenbrille<br \/>\n\ud83d\udd39 Hut<br \/>\n\ud83d\udd39 Kamera oder Telefon<\/p>\n<h3><strong>\ud83d\udeab Nicht geeignet f\u00fcr<\/strong><\/h3>\n<p>\ud83d\udd39 G\u00e4ste mit schweren Mobilit\u00e4tseinschr\u00e4nkungen<\/p>\n<h2><strong>\ud83d\udcb8 Preis &amp; Buchung<\/strong><\/h2>\n<p>\ud83d\udd39 Jetzt reservieren, am Tag bezahlen<br \/>\n\ud83d\udd39 Individuelles Men\u00fc, Wassersport und Geburtstagskuchen auf Anfrage erh\u00e4ltlich<br \/>\n\ud83d\udd39 Kontakt \u00fcber WhatsApp, Telegram, Viber oder Buchungsformular unter \ud83d\udc47\ud83c\udffc<\/p>\n<p>Alternativen gesucht? St\u00f6bern Sie <a href=\"https:\/\/excursionsworld.com\/de\/private-yacht-charter-kemer-antalya\/\">mehr Yachtverleih-Touren in Alanya<\/a>.<\/p>","protected":false},"excerpt":{"rendered":"<p>Erleben Sie einen privaten Yachtcharter in Alanya an Bord der My Dreams-A. Ideal f\u00fcr Tages- und Sonnenuntergangsfahrten mit Crew, Mahlzeiten und Hoteltransfer inklusive.<\/p>","protected":false},"featured_media":16167,"comment_status":"open","ping_status":"closed","template":"","meta":[],"product_brand":[],"product_cat":[129],"product_tag":[111],"class_list":{"0":"post-16166","1":"product","2":"type-product","3":"status-publish","4":"has-post-thumbnail","6":"tour_phys-yacht-rental","7":"product_cat-yacht-rental","8":"product_tag-alanya","9":"pa_kategori-private-yacht-rental-kemer-antalya","11":"first","12":"instock","13":"sale","14":"shipping-taxable","15":"purchasable","16":"product-type-tour_phys"},"aioseo_notices":[],"_links":{"self":[{"href":"https:\/\/excursionsworld.com\/de\/wp-json\/wp\/v2\/product\/16166","targetHints":{"allow":["GET"]}}],"collection":[{"href":"https:\/\/excursionsworld.com\/de\/wp-json\/wp\/v2\/product"}],"about":[{"href":"https:\/\/excursionsworld.com\/de\/wp-json\/wp\/v2\/types\/product"}],"replies":[{"embeddable":true,"href":"https:\/\/excursionsworld.com\/de\/wp-json\/wp\/v2\/comments?post=16166"}],"wp:featuredmedia":[{"embeddable":true,"href":"https:\/\/excursionsworld.com\/de\/wp-json\/wp\/v2\/media\/16167"}],"wp:attachment":[{"href":"https:\/\/excursionsworld.com\/de\/wp-json\/wp\/v2\/media?parent=16166"}],"wp:term":[{"taxonomy":"product_brand","embeddable":true,"href":"https:\/\/excursionsworld.com\/de\/wp-json\/wp\/v2\/product_brand?post=16166"},{"taxonomy":"product_cat","embeddable":true,"href":"https:\/\/excursionsworld.com\/de\/wp-json\/wp\/v2\/product_cat?post=16166"},{"taxonomy":"product_tag","embeddable":true,"href":"https:\/\/excursionsworld.com\/de\/wp-json\/wp\/v2\/product_tag?post=16166"}],"curies":[{"name":"wp","href":"https:\/\/api.w.org\/{rel}","templated":true}]}}