{"id":16173,"date":"2026-02-09T13:42:40","date_gmt":"2026-02-09T10:42:40","guid":{"rendered":"https:\/\/excursionsworld.com\/?post_type=product&#038;p=16173\/"},"modified":"2026-02-09T14:57:26","modified_gmt":"2026-02-09T11:57:26","slug":"alanya-syedra-antike-stadt-dim-hoehle-fluss","status":"publish","type":"product","link":"https:\/\/excursionsworld.com\/tours\/alanya-syedra-dim-cave-river\/","title":{"rendered":"Alanya Syedra Antike Stadt Tour \u2013 Dim H\u00f6hle &amp; Fluss mit Mittagessen"},"content":{"rendered":"<h3 data-start=\"436\" data-end=\"456\">\ud83c\udfd9\ufe0f <strong data-start=\"444\" data-end=\"456\">\u00dcbersicht<\/strong><\/h3>\n<p data-start=\"457\" data-end=\"741\">Tauchen Sie mit diesem sorgf\u00e4ltig konzipierten Ausflug in die reiche Vergangenheit und die nat\u00fcrliche Sch\u00f6nheit von Alanya ein. Von Ruinen auf H\u00fcgeln mit Panoramablick auf das Mittelmeer bis hin zu beeindruckenden unterirdischen Formationen und einer friedlichen Flusslandschaft bietet diese Tour eine ausgewogene Mischung aus Kultur, Entdeckung und Entspannung.<\/p>\n<h3 data-start=\"743\" data-end=\"760\"><strong data-start=\"747\" data-end=\"760\">Inbegriffen:<\/strong><\/h3>\n<p data-start=\"761\" data-end=\"1007\"><span style=\"color: #00ff00;\"><strong>\u2713<\/strong> <\/span>Professioneller Hoteltransfer (Hin- und R\u00fcckfahrt)\u00a0<br data-start=\"825\" data-end=\"828\" \/><span style=\"color: #00ff00;\"><strong>\u2713<\/strong> <\/span>Professioneller englischsprachiger F\u00fchrer<br data-start=\"865\" data-end=\"868\" \/><span style=\"color: #00ff00;\"><strong>\u2713<\/strong> <\/span>Gef\u00fchrter Besuch der antiken Stadt Syedra<br data-start=\"905\" data-end=\"908\" \/><span style=\"color: #00ff00;\"><strong>\u2713<\/strong> <\/span>Mittagessen am Flussufer des Dim<br data-start=\"942\" data-end=\"945\" \/><span style=\"color: #00ff00;\"><strong>\u2713<\/strong> <\/span>Besuch des \u00f6rtlichen Obsthauses<br data-start=\"977\" data-end=\"980\" \/><span style=\"color: #00ff00;\"><strong>\u2713<\/strong> <\/span>Vollst\u00e4ndiger Versicherungsschutz<\/p>\n<h3 data-start=\"1009\" data-end=\"1030\"><strong data-start=\"1013\" data-end=\"1030\">Nicht inbegriffen:<\/strong><\/h3>\n<p data-start=\"1031\" data-end=\"1141\"><span style=\"color: #ff0000;\"><strong>\u2717<\/strong> <\/span>Eintritt in die Dim-H\u00f6hle (10 \u20ac in bar)<br data-start=\"1069\" data-end=\"1072\" \/><span style=\"color: #ff0000;\"><strong>\u2717<\/strong> <\/span>Getr\u00e4nke w\u00e4hrend der Tour<br data-start=\"1096\" data-end=\"1099\" \/><span style=\"color: #ff0000;\"><strong>\u2717<\/strong> <\/span>Pers\u00f6nliche Ausgaben (Fotos und Souvenirs)<\/p>\n<h3 data-start=\"1143\" data-end=\"1169\">\ud83c\udf1f <strong data-start=\"1150\" data-end=\"1169\">H\u00f6hepunkte der Tour<\/strong><\/h3>\n<p data-start=\"1170\" data-end=\"1488\">\ud83d\udd39 Syedra Antike Stadt - R\u00f6mische und byzantinische Ruinen<br data-start=\"1218\" data-end=\"1221\" \/>\ud83d\udd39 Panoramablick auf das Mittelmeer von der Anh\u00f6he aus<br data-start=\"1270\" data-end=\"1273\" \/>\ud83d\udd39 Dim Cave - Stalaktiten, Stalagmiten und unterirdischer See<br data-start=\"1330\" data-end=\"1333\" \/>\ud83d\udd39 Entspannendes Mittagessen am Flussufer des Dim<br data-start=\"1377\" data-end=\"1380\" \/>\ud83d\udd39 Besuch eines \u00f6rtlichen Obsthauses mit regionalen Produkten<br data-start=\"1434\" data-end=\"1437\" \/>\ud83d\udd39 Aufschlussreiche Kommentare von professionellen F\u00fchrern<\/p>\n<h3 data-start=\"1490\" data-end=\"1517\">\ud83d\udcd6 <strong data-start=\"1497\" data-end=\"1517\">Vollst\u00e4ndige Beschreibung<\/strong><\/h3>\n<p data-start=\"1518\" data-end=\"1876\">Ihr Tag beginnt mit einer bequemen Abholung von Ihrem Hotel und einer malerischen Fahrt nach <strong data-start=\"1598\" data-end=\"1621\">Syedra Antike Stadt<\/strong>, eines der versteckten arch\u00e4ologischen Juwelen von Alanya. Auf einem H\u00fcgel gelegen, bietet Syedra einen atemberaubenden Blick auf das Mittelmeer. Gehen Sie durch antike Stra\u00dfen, B\u00e4der und Zisternen, w\u00e4hrend Ihr F\u00fchrer die r\u00f6mische und byzantinische Geschichte der Stadt zum Leben erweckt.<\/p>\n<p data-start=\"1878\" data-end=\"2135\">Fahren Sie dann fort mit <strong data-start=\"1896\" data-end=\"1908\">Verdunkelte H\u00f6hle<\/strong>, eine der gr\u00f6\u00dften und beeindruckendsten H\u00f6hlen der Region. Die \u00fcber Millionen von Jahren entstandene H\u00f6hle mit ihren dramatischen Stalaktiten, Stalagmiten und einem geheimnisvollen unterirdischen See ist ein wahrhaft unvergessliches Naturerlebnis.<\/p>\n<p data-start=\"2137\" data-end=\"2409\">Nachdem Sie die H\u00f6hle erkundet haben, gehen Sie in die friedliche <strong data-start=\"2184\" data-end=\"2197\">Dim River<\/strong>, wo Sie inmitten von \u00fcppigem Gr\u00fcn und k\u00fchlem, flie\u00dfendem Wasser ein k\u00f6stliches Mittagessen genie\u00dfen k\u00f6nnen. Bevor Sie nach Alanya zur\u00fcckkehren, halten Sie an einem <strong data-start=\"2327\" data-end=\"2348\">lokales Obsthaus<\/strong> um frisches Obst und Produkte aus der Region zu entdecken und zu kaufen.<\/p>\n<h3 data-start=\"2411\" data-end=\"2437\">\ud83d\uddfa\ufe0f <strong data-start=\"2419\" data-end=\"2437\">Reiseroute<\/strong><\/h3>\n<p data-start=\"2438\" data-end=\"2728\">\ud83d\udd39 09:00 - Abholung von den Hotels und Abfahrt<br data-start=\"2479\" data-end=\"2482\" \/>\ud83d\udd39 Besuch der antiken Stadt Syedra (gef\u00fchrte Tour &amp; Fotostopp)<br data-start=\"2540\" data-end=\"2543\" \/>\ud83d\udd39 Dim Cave erforschen<br data-start=\"2562\" data-end=\"2565\" \/>\ud83d\udd39 Mittagessen am Flussufer des Dim<br data-start=\"2600\" data-end=\"2603\" \/>\ud83d\udd39 Freie Zeit und Entspannung am Wasser<br data-start=\"2643\" data-end=\"2646\" \/>\ud83d\udd39 Besuch des \u00f6rtlichen Obsthauses<br data-start=\"2679\" data-end=\"2682\" \/>\ud83d\udd39 16:00 - R\u00fcckfahrt nach Alanya und Abholung vom Hotel<\/p>\n<h3 data-start=\"2730\" data-end=\"2759\">\u2139\ufe0f <strong data-start=\"2737\" data-end=\"2759\">N\u00fctzliche Informationen<\/strong><\/h3>\n<p data-start=\"2760\" data-end=\"2982\">\ud83d\udd39 Erfahrung in kleinen Gruppen<br data-start=\"2785\" data-end=\"2788\" \/>\ud83d\udd39 M\u00e4\u00dfiges Gehen auf unebenem Terrain<br data-start=\"2825\" data-end=\"2828\" \/>\ud83d\udd39 In der Dim Cave ist es k\u00fchl - leichte Jacke empfohlen<br data-start=\"2881\" data-end=\"2884\" \/>\ud83d\udd39 Die Tour findet bei allen Wetterbedingungen statt.<br data-start=\"2926\" data-end=\"2929\" \/>\ud83d\udd39 Di\u00e4tetische Anforderungen sollten bei der Buchung mitgeteilt werden<\/p>\n<h3 data-start=\"2984\" data-end=\"3008\">\ud83c\udf92 <strong data-start=\"2991\" data-end=\"3008\">Was Sie mitbringen sollten<\/strong><\/h3>\n<p data-start=\"3009\" data-end=\"3170\">\ud83d\udd39 Bequeme Wanderschuhe<br data-start=\"3037\" data-end=\"3040\" \/>\ud83d\udd39 Kamera oder Smartphone<br data-start=\"3063\" data-end=\"3066\" \/>\ud83d\udd39 Hut und Sonnenbrille<br data-start=\"3087\" data-end=\"3090\" \/>\ud83d\udd39 Sonnenschutzmittel<br data-start=\"3102\" data-end=\"3105\" \/>\ud83d\udd39 Wiederverwendbare Wasserflasche<br data-start=\"3129\" data-end=\"3132\" \/>\ud83d\udd39 Bargeld f\u00fcr H\u00f6hleneingang und Getr\u00e4nke<\/p>\n<h3 data-start=\"3172\" data-end=\"3199\">\ud83d\udeab <strong data-start=\"3179\" data-end=\"3199\">Nicht geeignet f\u00fcr<\/strong><\/h3>\n<p data-start=\"3200\" data-end=\"3304\">\ud83d\udd39 G\u00e4ste mit schweren Mobilit\u00e4tseinschr\u00e4nkungen<br data-start=\"3242\" data-end=\"3245\" \/>\ud83d\udd39 Rollstuhlfahrer<br data-start=\"3264\" data-end=\"3267\" \/>\ud83d\udd39 Schwangere G\u00e4ste (unebenes Terrain)<\/p>\n<h3 dir=\"ltr\">\ud83d\udcb8\u00a0<strong>Preis und Buchung<\/strong><\/h3>\n<p dir=\"ltr\"><strong>\ud83d\udd39 Jetzt buchen, am Tag der Tour bezahlen<\/strong><br \/>\nKontaktiere uns \u00fcber WhatsApp, Telegram, Viber oder f\u00fclle das Buchungsformular unten aus. \ud83d\udc47\ud83c\udffc<\/p>","protected":false},"excerpt":{"rendered":"<p>Erkunden Sie die antike Stadt Syedra, besuchen Sie die Dim-H\u00f6hle und genie\u00dfen Sie das Mittagessen am Dim-Fluss auf einer ganzt\u00e4gigen Alanya-Tour, die Geschichte und Natur verbindet.<\/p>","protected":false},"featured_media":16181,"comment_status":"open","ping_status":"closed","template":"","meta":[],"product_brand":[],"product_cat":[128],"product_tag":[111],"class_list":{"0":"post-16173","1":"product","2":"type-product","3":"status-publish","4":"has-post-thumbnail","6":"tour_phys-alanya-tours","7":"product_cat-alanya-tours","8":"product_tag-alanya","9":"pa_destination-alanya-tours","11":"first","12":"instock","13":"sale","14":"shipping-taxable","15":"purchasable","16":"product-type-tour_phys"},"aioseo_notices":[],"_links":{"self":[{"href":"https:\/\/excursionsworld.com\/de\/wp-json\/wp\/v2\/product\/16173","targetHints":{"allow":["GET"]}}],"collection":[{"href":"https:\/\/excursionsworld.com\/de\/wp-json\/wp\/v2\/product"}],"about":[{"href":"https:\/\/excursionsworld.com\/de\/wp-json\/wp\/v2\/types\/product"}],"replies":[{"embeddable":true,"href":"https:\/\/excursionsworld.com\/de\/wp-json\/wp\/v2\/comments?post=16173"}],"wp:featuredmedia":[{"embeddable":true,"href":"https:\/\/excursionsworld.com\/de\/wp-json\/wp\/v2\/media\/16181"}],"wp:attachment":[{"href":"https:\/\/excursionsworld.com\/de\/wp-json\/wp\/v2\/media?parent=16173"}],"wp:term":[{"taxonomy":"product_brand","embeddable":true,"href":"https:\/\/excursionsworld.com\/de\/wp-json\/wp\/v2\/product_brand?post=16173"},{"taxonomy":"product_cat","embeddable":true,"href":"https:\/\/excursionsworld.com\/de\/wp-json\/wp\/v2\/product_cat?post=16173"},{"taxonomy":"product_tag","embeddable":true,"href":"https:\/\/excursionsworld.com\/de\/wp-json\/wp\/v2\/product_tag?post=16173"}],"curies":[{"name":"wp","href":"https:\/\/api.w.org\/{rel}","templated":true}]}}