{"id":16623,"date":"2026-03-07T17:07:14","date_gmt":"2026-03-07T14:07:14","guid":{"rendered":"https:\/\/excursionsworld.com\/?post_type=product&#038;p=16623\/"},"modified":"2026-03-07T19:02:31","modified_gmt":"2026-03-07T16:02:31","slug":"blaue-grotte-speedboot-budva","status":"publish","type":"product","link":"https:\/\/excursionsworld.com\/tours\/blue-cave-speedboat-budva\/","title":{"rendered":"Budva Blue Cave Speedboot Tour | Montenegro Bootsfahrt"},"content":{"rendered":"<h3 data-section-id=\"12p45uz\" data-start=\"246\" data-end=\"266\"><strong data-start=\"250\" data-end=\"266\">\ud83c\udfdd\ufe0f \u00dcberblick<\/strong><\/h3>\n<p data-start=\"267\" data-end=\"532\">Entdecken Sie die Sch\u00f6nheit der Adriak\u00fcste auf unserer <strong data-start=\"316\" data-end=\"362\">Deluxe Blaue H\u00f6hle Speedboat Tour von Budva<\/strong>. Dieses aufregende 3-st\u00fcndige Meeresabenteuer f\u00fchrt Sie zu versteckten K\u00fcstenjuwelen, darunter die ber\u00fchmte Blaue H\u00f6hle, malerische Str\u00e4nde und spektakul\u00e4re Aussichtspunkte entlang der Riviera von Budva.<\/p>\n<p data-start=\"534\" data-end=\"704\">Schwimmen Sie in kristallklarem, t\u00fcrkisfarbenem Wasser, erkunden Sie dramatische Klippen und genie\u00dfen Sie atemberaubende Ausblicke auf die K\u00fcste, w\u00e4hrend Sie auf einem modernen Schnellboot mit einer erfahrenen einheimischen Crew unterwegs sind.<\/p>\n<h3 data-section-id=\"ydfjyc\" data-start=\"706\" data-end=\"723\"><strong data-start=\"710\" data-end=\"723\">Inbegriffen:<\/strong><\/h3>\n<div data-start=\"724\" data-end=\"878\"><span style=\"color: #00ff00;\"><strong>\u2713<\/strong><\/span> Abholung vom Hotel (falls verf\u00fcgbar)<\/div>\n<div data-start=\"724\" data-end=\"878\"><span style=\"color: #00ff00;\"><strong>\u2713 <\/strong><\/span>Professioneller Skipper-F\u00fchrer<br data-start=\"765\" data-end=\"768\" \/><span style=\"color: #00ff00;\"><strong>\u2713 <\/strong><\/span>Begr\u00fc\u00dfungsgetr\u00e4nk<br data-start=\"783\" data-end=\"786\" \/><span style=\"color: #00ff00;\"><strong>\u2713 <\/strong><\/span>Schnorchel-Masken<br data-start=\"804\" data-end=\"807\" \/><span style=\"color: #00ff00;\"><strong>\u2713 <\/strong><\/span>Kreuzfahrt mit dem Schnellboot<br data-start=\"857\" data-end=\"860\" \/><span style=\"color: #00ff00;\"><strong>\u2713\u00a0<\/strong><\/span>Tournee-Versicherung<\/div>\n<h3 data-section-id=\"1f64jv5\" data-start=\"880\" data-end=\"901\"><strong data-start=\"884\" data-end=\"901\">Nicht inbegriffen:<\/strong><\/h3>\n<p data-start=\"902\" data-end=\"981\"><strong><span style=\"color: #ff0000;\">\u2717<\/span> <\/strong>Pers\u00f6nliche Ausgaben<br data-start=\"921\" data-end=\"924\" \/><strong><span style=\"color: #ff0000;\">\u2717<\/span> <\/strong>Essen und zus\u00e4tzliche Getr\u00e4nke<br data-start=\"952\" data-end=\"955\" \/><strong><span style=\"color: #ff0000;\">\u2717<\/span> <\/strong>Trinkgelder f\u00fcr die Besatzung (fakultativ)<\/p>\n<h3 data-section-id=\"gnzuxm\" data-start=\"983\" data-end=\"1009\"><strong data-start=\"987\" data-end=\"1009\">\ud83c\udf1f H\u00f6hepunkte der Tour<\/strong><\/h3>\n<p data-start=\"1010\" data-end=\"1349\">Panorama-Kreuzfahrt entlang der historischen K\u00fcstenlinie der Altstadt von Budva<br data-start=\"1070\" data-end=\"1073\" \/>\ud83d\udd39 Schwimmen in der ber\u00fchmten Blauen H\u00f6hle (Plava \u0160pilja)<br data-start=\"1123\" data-end=\"1126\" \/>\ud83d\udd39 Fotostopp an der Klippenkirche von St. Nicholas<br data-start=\"1179\" data-end=\"1182\" \/>\ud83d\udd39 Badepause am Sandstrand von Trsteno<br data-start=\"1222\" data-end=\"1225\" \/>Panoramakreuzfahrt entlang der Riviera von Budva<br data-start=\"1268\" data-end=\"1271\" \/>\ud83d\udd39 Blick auf die Str\u00e4nde von Plo\u010de und Jaz<br data-start=\"1304\" data-end=\"1307\" \/>\ud83d\udd39 Komfortables Speedboot-Erlebnis der Extraklasse<\/p>\n<h3 data-section-id=\"1jizkbc\" data-start=\"1351\" data-end=\"1378\"><strong data-start=\"1355\" data-end=\"1378\">\ud83d\udcd6 Vollst\u00e4ndige Beschreibung<\/strong><\/h3>\n<div data-start=\"1379\" data-end=\"1504\">Ihr Abenteuer beginnt in Budva, wo Sie an Bord eines modernen Schnellbootes gehen und eine unvergessliche Fahrt entlang der Adriak\u00fcste unternehmen.<\/div>\n<div data-start=\"1506\" data-end=\"1683\">Die Tour beginnt mit einer malerischen Fahrt vorbei an den historischen Mauern der Altstadt von Budva. Unterwegs sehen Sie die ber\u00fchmte Ballerina-Statue und die wundersch\u00f6nen Klippen des Mogren-Strandes.<\/div>\n<div data-start=\"1685\" data-end=\"1874\">Der H\u00f6hepunkt des Ausflugs ist die magische Blaue H\u00f6hle, in der das Sonnenlicht ein unglaubliches blaues Leuchten im Inneren der H\u00f6hle erzeugt. Hier haben Sie Zeit zum Schwimmen und Schnorcheln in kristallklarem Wasser.<\/div>\n<div data-start=\"1876\" data-end=\"2069\">Als N\u00e4chstes steuern wir die einzigartige Kirche St. Nikolaus an, die dramatisch auf einer Klippe liegt und nur \u00fcber das Meer erreichbar ist. Dieses versteckte Wahrzeichen bietet atemberaubende Aussichten und hervorragende Fotom\u00f6glichkeiten.<\/div>\n<div data-start=\"2071\" data-end=\"2254\">Die Tour geht weiter zum Strand von Trsteno, einem der wenigen Sandstr\u00e4nde in der Region Budva. Umgeben von Klippen und ruhigem t\u00fcrkisfarbenem Wasser ist er ein perfekter Ort zum Schwimmen und Entspannen.<\/div>\n<div data-start=\"2256\" data-end=\"2405\">Auf der R\u00fcckfahrt genie\u00dfen Sie eine Panorama-Kreuzfahrt entlang der Riviera von Budva, vorbei an den beliebten Str\u00e4nden von Plo\u010de und Jaz, bevor Sie nach Budva zur\u00fcckkehren.<\/div>\n<div data-start=\"2256\" data-end=\"2405\"><\/div>\n<h3 data-section-id=\"1e4kph\" data-start=\"2407\" data-end=\"2433\"><strong data-start=\"2411\" data-end=\"2433\">\ud83d\uddfa\ufe0f Reiseverlauf<\/strong><\/h3>\n<p data-start=\"2434\" data-end=\"2685\">\ud83d\udd39 Abfahrt vom Yachthafen Budva<br data-start=\"2464\" data-end=\"2467\" \/>Rundfahrt durch die Altstadt von Budva<br data-start=\"2504\" data-end=\"2507\" \/>\ud83d\udd39 Badestopp in der Blauen H\u00f6hle<br data-start=\"2536\" data-end=\"2539\" \/>\ud83d\udd39 Fotostopp an der St.-Nikolaus-Kirche<br data-start=\"2578\" data-end=\"2581\" \/>\ud83d\udd39 Badepause am Strand von Trsteno<br data-start=\"2615\" data-end=\"2618\" \/>Panoramakreuzfahrt vorbei an den Str\u00e4nden von Plo\u010de und Jaz<br data-start=\"2664\" data-end=\"2667\" \/>\ud83d\udd39 R\u00fcckkehr nach Budva<\/p>\n<h3 data-section-id=\"x7plk0\" data-start=\"2687\" data-end=\"2716\"><strong data-start=\"2691\" data-end=\"2716\">\u2139\ufe0f N\u00fctzliche Informationen<\/strong><\/h3>\n<p data-start=\"2717\" data-end=\"2942\">\ud83d\udd39 Dauer: ca. 3 Stunden<br data-start=\"2751\" data-end=\"2754\" \/>\ud83d\udd39 Sprachen: Englisch, Russisch, Serbisch<br data-start=\"2793\" data-end=\"2796\" \/>\ud83d\udd39 Schnellboot-Erlebnis in einer kleinen Gruppe<br data-start=\"2831\" data-end=\"2834\" \/>\ud83d\udd39 Der Zeitplan kann sich aufgrund von Wetter- oder Seebedingungen \u00e4ndern.<br data-start=\"2889\" data-end=\"2892\" \/>\ud83d\udd39 Der Kapit\u00e4n kann die Route aus Sicherheitsgr\u00fcnden \u00e4ndern.<\/p>\n<h3 data-section-id=\"zapgrt\" data-start=\"2944\" data-end=\"2968\"><strong data-start=\"2948\" data-end=\"2968\">\ud83c\udf92 Was Sie mitbringen sollten<\/strong><\/h3>\n<p data-start=\"2969\" data-end=\"3084\">\ud83d\udd39 Badesachen und Handtuch<br data-start=\"2990\" data-end=\"2993\" \/>\ud83d\udd39 Sonnenbrille und Sonnenschutzmittel<br data-start=\"3020\" data-end=\"3023\" \/>\ud83d\udd39 Bequeme, leichte Kleidung<br data-start=\"3052\" data-end=\"3055\" \/>\ud83d\udd39 Kamera oder Telefon f\u00fcr Fotos<\/p>\n<h3 data-section-id=\"1kfbjov\" data-start=\"3086\" data-end=\"3113\"><strong data-start=\"3090\" data-end=\"3113\">\ud83d\udeab Nicht geeignet f\u00fcr<\/strong><\/h3>\n<p data-start=\"3114\" data-end=\"3258\">\ud83d\udd39 Kinder unter 5 Jahren<br data-start=\"3143\" data-end=\"3146\" \/>\ud83d\udd39 G\u00e4ste \u00fcber 70 Jahre alt<br data-start=\"3173\" data-end=\"3176\" \/>\ud83d\udd39 Schwangere Reisende<br data-start=\"3197\" data-end=\"3200\" \/>\ud83d\udd39 Rollstuhlfahrer<br data-start=\"3219\" data-end=\"3222\" \/>\ud83d\udd39 G\u00e4ste mit schweren R\u00fcckenproblemen<\/p>\n<h3 data-section-id=\"7egtho\" data-start=\"3260\" data-end=\"3288\"><strong data-start=\"3264\" data-end=\"3288\">\ud83d\udcb8 Preis und Buchung<\/strong><\/h3>\n<p data-start=\"3289\" data-end=\"3426\">\ud83d\udd39 Jetzt reservieren, sp\u00e4ter bezahlen<br data-start=\"3314\" data-end=\"3317\" \/>\ud83d\udd39 Kostenlose Stornierung bis zu 24 Stunden vor der Tour<br data-start=\"3368\" data-end=\"3371\" \/><img decoding=\"async\" class=\"emoji\" role=\"img\" draggable=\"false\" src=\"https:\/\/s.w.org\/images\/core\/emoji\/17.0.2\/svg\/1f539.svg\" alt=\"\ud83d\udd39\" \/>\u00a0Kontaktieren Sie uns \u00fcber WhatsApp, Telegram, Viber, oder f\u00fcllen Sie das Buchungsformular unten aus.\u00a0<img decoding=\"async\" class=\"emoji\" role=\"img\" draggable=\"false\" src=\"https:\/\/s.w.org\/images\/core\/emoji\/17.0.2\/svg\/1f447-1f3fd.svg\" alt=\"\ud83d\udc47\ud83c\udffd\" \/><\/p>","protected":false},"excerpt":{"rendered":"<p>Entdecken Sie die Blaue H\u00f6hle auf einer Schnellboottour von Budva aus. Schwimmen Sie in kristallklarem Wasser, besuchen Sie versteckte Str\u00e4nde und genie\u00dfen Sie die atemberaubende Aussicht auf die Riviera von Budva.<\/p>","protected":false},"featured_media":16624,"comment_status":"open","ping_status":"closed","template":"","meta":[],"product_brand":[],"product_cat":[132],"product_tag":[123],"class_list":{"0":"post-16623","1":"product","2":"type-product","3":"status-publish","4":"has-post-thumbnail","6":"tour_phys-budva-tours","7":"product_cat-budva-tours","8":"product_tag-budva","9":"pa_montenegro-budva-tours","11":"first","12":"instock","13":"sale","14":"shipping-taxable","15":"purchasable","16":"product-type-tour_phys"},"aioseo_notices":[],"_links":{"self":[{"href":"https:\/\/excursionsworld.com\/de\/wp-json\/wp\/v2\/product\/16623","targetHints":{"allow":["GET"]}}],"collection":[{"href":"https:\/\/excursionsworld.com\/de\/wp-json\/wp\/v2\/product"}],"about":[{"href":"https:\/\/excursionsworld.com\/de\/wp-json\/wp\/v2\/types\/product"}],"replies":[{"embeddable":true,"href":"https:\/\/excursionsworld.com\/de\/wp-json\/wp\/v2\/comments?post=16623"}],"wp:featuredmedia":[{"embeddable":true,"href":"https:\/\/excursionsworld.com\/de\/wp-json\/wp\/v2\/media\/16624"}],"wp:attachment":[{"href":"https:\/\/excursionsworld.com\/de\/wp-json\/wp\/v2\/media?parent=16623"}],"wp:term":[{"taxonomy":"product_brand","embeddable":true,"href":"https:\/\/excursionsworld.com\/de\/wp-json\/wp\/v2\/product_brand?post=16623"},{"taxonomy":"product_cat","embeddable":true,"href":"https:\/\/excursionsworld.com\/de\/wp-json\/wp\/v2\/product_cat?post=16623"},{"taxonomy":"product_tag","embeddable":true,"href":"https:\/\/excursionsworld.com\/de\/wp-json\/wp\/v2\/product_tag?post=16623"}],"curies":[{"name":"wp","href":"https:\/\/api.w.org\/{rel}","templated":true}]}}