{"id":16690,"date":"2026-03-22T18:07:29","date_gmt":"2026-03-22T15:07:29","guid":{"rendered":"https:\/\/excursionsworld.com\/?post_type=product&#038;p=16690\/"},"modified":"2026-03-22T19:16:39","modified_gmt":"2026-03-22T16:16:39","slug":"tara-fluss-rafting-kotor","status":"publish","type":"product","link":"https:\/\/excursionsworld.com\/tours\/tara-river-rafting-kotor\/","title":{"rendered":"Rafting-Abenteuer auf der Tara ab Kotor, Montenegro"},"content":{"rendered":"<h3 data-section-id=\"2p8n8v\" data-start=\"189\" data-end=\"209\"><span role=\"text\"><strong data-start=\"193\" data-end=\"209\">\ud83c\udfd9\ufe0f \u00dcberblick<\/strong><\/span><\/h3>\n<p data-start=\"211\" data-end=\"575\">Erleben Sie ein unvergessliches Wildwasser-Rafting-Abenteuer auf dem legend\u00e4ren <span class=\"hover:entity-accent entity-underline inline cursor-pointer align-baseline\"><span class=\"whitespace-normal\">Tara River Canyon<\/span><\/span>, dem tiefsten Canyon Europas. Abreise von <span class=\"hover:entity-accent entity-underline inline cursor-pointer align-baseline\"><span class=\"whitespace-normal\">Kotor<\/span><\/span>, Diese Ganztagestour kombiniert Adrenalin, atemberaubende Landschaften und authentische montenegrinische Gastfreundschaft in einer der atemberaubendsten Naturlandschaften des Balkans.<\/p>\n<h3 data-section-id=\"ydfjyc\" data-start=\"577\" data-end=\"594\"><span role=\"text\"><strong data-start=\"581\" data-end=\"594\">Inbegriffen:<\/strong><\/span><\/h3>\n<p data-start=\"596\" data-end=\"864\"><span style=\"color: #00ff00;\"><strong>\u2713<\/strong><\/span> Hin- und R\u00fccktransfer von Kotor<br data-start=\"628\" data-end=\"631\" \/><span style=\"color: #00ff00;\"><strong>\u2713 <\/strong><\/span>Professionelle lizenzierte Rafting-Skipper<br data-start=\"671\" data-end=\"674\" \/><span style=\"color: #00ff00;\"><strong>\u2713 <\/strong><\/span>Englischsprachiger Reiseleiter<br data-start=\"703\" data-end=\"706\" \/><span style=\"color: #00ff00;\"><strong>\u2713 <\/strong><\/span>Komplette Rafting-Ausr\u00fcstung (Helm, Neoprenanzug, Schuhe, Schwimmweste)<br data-start=\"768\" data-end=\"771\" \/><span style=\"color: #00ff00;\"><strong>\u2713 <\/strong><\/span>Fr\u00fchst\u00fcck und Mittagessen am Flussufer<br data-start=\"802\" data-end=\"805\" \/><span style=\"color: #00ff00;\"><strong>\u2713 <\/strong><\/span>Eintrittsgelder f\u00fcr Nationalparks<br data-start=\"834\" data-end=\"837\" \/><span style=\"color: #00ff00;\"><strong>\u2713 <\/strong><\/span>Vollst\u00e4ndiger Versicherungsschutz<\/p>\n<h3 data-section-id=\"1f64jv5\" data-start=\"866\" data-end=\"887\"><span role=\"text\"><strong data-start=\"870\" data-end=\"887\">Nicht inbegriffen:<\/strong><\/span><\/h3>\n<p data-start=\"889\" data-end=\"934\"><span style=\"color: #ff0000;\"><strong>\u2717<\/strong> <\/span>Pers\u00f6nliche Ausgaben<br data-start=\"908\" data-end=\"911\" \/><span style=\"color: #ff0000;\"><strong>\u2717<\/strong> <\/span>Getr\u00e4nke zu den Mahlzeiten<\/p>\n<h3 data-section-id=\"gnzuxm\" data-start=\"936\" data-end=\"962\"><span role=\"text\"><strong data-start=\"940\" data-end=\"962\">\ud83c\udf1f H\u00f6hepunkte der Tour<\/strong><\/span><\/h3>\n<p data-start=\"964\" data-end=\"1239\">\ud83d\udd39 Mit dem Flo\u00df durch das Spektakel <span class=\"hover:entity-accent entity-underline inline cursor-pointer align-baseline\"><span class=\"whitespace-normal\">Tara River Canyon<\/span><\/span><br data-start=\"1033\" data-end=\"1036\" \/>\ud83d\udd39 Erleben Sie aufregende Wildwasser-Stromschnellen<br data-start=\"1077\" data-end=\"1080\" \/>\ud83d\udd39 Entdecken Sie die UNESCO-gesch\u00fctzte Natur und Tierwelt<br data-start=\"1128\" data-end=\"1131\" \/>\ud83d\udd39 Genie\u00dfen Sie das traditionelle montenegrinische Fr\u00fchst\u00fcck und Mittagessen<br data-start=\"1181\" data-end=\"1184\" \/>\ud83d\udd39 Badestopps und Fotom\u00f6glichkeiten entlang des Flusses<\/p>\n<h3 data-section-id=\"1jizkbc\" data-start=\"1241\" data-end=\"1268\"><span role=\"text\"><strong data-start=\"1245\" data-end=\"1268\">\ud83d\udcd6 Vollst\u00e4ndige Beschreibung<\/strong><\/span><\/h3>\n<p data-start=\"1270\" data-end=\"1526\">Ihr Tag beginnt mit einer fr\u00fchmorgendlichen Abfahrt von Kotor, gefolgt von einer malerischen Fahrt durch die Berglandschaften Montenegros. Bei der Ankunft in \u0160\u0107epan Polje genie\u00dfen Sie ein traditionelles Fr\u00fchst\u00fcck am Fluss, bevor Sie sich auf Ihr Rafting-Abenteuer vorbereiten.<\/p>\n<p data-start=\"1528\" data-end=\"1768\">Nachdem Sie sich ausger\u00fcstet haben, werden Sie nach Br\u0161tanovica, dem Ausgangspunkt Ihrer Rafting-Tour, gebracht. Unter der Leitung von erfahrenen und lizenzierten Skippern werden Sie aufregende Stromschnellen, ruhige Abschnitte zum Schwimmen und versteckte Naturgebiete befahren.<\/p>\n<p data-start=\"1770\" data-end=\"1947\">Nach etwa drei Stunden auf dem Wasser kehren Sie zur Basis zur\u00fcck, wo ein k\u00f6stliches Mittagessen am Flussufer auf Sie wartet. Nach dem Essen entspannen Sie sich auf der malerischen Fahrt zur\u00fcck nach Kotor.<\/p>\n<h3 data-section-id=\"1e4kph\" data-start=\"1949\" data-end=\"1975\"><span role=\"text\"><strong data-start=\"1953\" data-end=\"1975\">\ud83d\uddfa\ufe0f Reiseverlauf<\/strong><\/span><\/h3>\n<p data-start=\"1977\" data-end=\"2207\">\ud83d\udd39 07:00 - Abholung von Kotor &amp; Abfahrt<br data-start=\"2017\" data-end=\"2020\" \/>\ud83d\udd39 Panoramafahrt durch Montenegro<br data-start=\"2054\" data-end=\"2057\" \/>\ud83d\udd39 Ankunft in \u0160\u0107epan Polje &amp; Fr\u00fchst\u00fcck<br data-start=\"2095\" data-end=\"2098\" \/>\ud83d\udd39 Transfer zum Startpunkt des Raftings<br data-start=\"2132\" data-end=\"2135\" \/>\ud83d\udd39 3-st\u00fcndiges Rafting-Erlebnis<br data-start=\"2163\" data-end=\"2166\" \/>\ud83d\udd39 Mittagessen am Fluss<br data-start=\"2184\" data-end=\"2187\" \/>\ud83d\udd39 R\u00fcckkehr nach Kotor<\/p>\n<h3 data-section-id=\"1fgl4g2\" data-start=\"2209\" data-end=\"2251\"><span role=\"text\"><strong data-start=\"2213\" data-end=\"2251\">\u2139\ufe0f Wichtig zu wissen, bevor Sie gehen<\/strong><\/span><\/h3>\n<p data-start=\"2253\" data-end=\"2447\">\ud83d\udd39 Dauer: Ungef\u00e4hr 12 Stunden<br data-start=\"2288\" data-end=\"2291\" \/>\ud83d\udd39 Reisepass oder Personalausweis ist obligatorisch<br data-start=\"2321\" data-end=\"2324\" \/>\ud83d\udd39 Geeignet f\u00fcr Abenteuerlustige<br data-start=\"2356\" data-end=\"2359\" \/>\ud83d\udd39 Die Tour findet je nach Wetterbedingungen statt.<br data-start=\"2407\" data-end=\"2410\" \/>\ud83d\udd39 Kostenlose Stornierung bis zu 24 Stunden<\/p>\n<h3 data-section-id=\"zapgrt\" data-start=\"2449\" data-end=\"2473\"><span role=\"text\"><strong data-start=\"2453\" data-end=\"2473\">\ud83c\udf92 Was Sie mitbringen sollten<\/strong><\/span><\/h3>\n<p data-start=\"2475\" data-end=\"2571\">\ud83d\udd39 Badesachen und Handtuch<br data-start=\"2496\" data-end=\"2499\" \/>\ud83d\udd39 Wechsel der Kleidung<br data-start=\"2519\" data-end=\"2522\" \/>\ud83d\udd39 Sonnenschutzmittel und Sonnenbrille<br data-start=\"2549\" data-end=\"2552\" \/>\ud83d\udd39 Reisepass oder Personalausweis<\/p>\n<h3 data-section-id=\"1kfbjov\" data-start=\"2573\" data-end=\"2600\"><span role=\"text\"><strong data-start=\"2577\" data-end=\"2600\">\ud83d\udeab Nicht geeignet f\u00fcr<\/strong><\/span><\/h3>\n<p data-start=\"2602\" data-end=\"2683\">\ud83d\udd39 G\u00e4ste mit schwerwiegenden medizinischen Problemen<br data-start=\"2643\" data-end=\"2646\" \/>\ud83d\udd39 G\u00e4ste mit Mobilit\u00e4tseinschr\u00e4nkungen<\/p>\n<h3 data-start=\"3506\" data-end=\"3534\">\ud83d\udcb8 <strong data-start=\"3513\" data-end=\"3534\">Preis und Buchung<\/strong><\/h3>\n<p data-start=\"3535\" data-end=\"3674\">\ud83d\udd39 Jetzt reservieren, am Tag bezahlen\u00a0<br data-start=\"3560\" data-end=\"3563\" \/>\ud83d\udd39 Kostenlose Stornierung bis zu 24 Stunden vor der Tour<br data-start=\"3614\" data-end=\"3617\" \/>\ud83d\udd39 Buchen Sie ganz einfach \u00fcber WhatsApp oder das Online-Buchungsformular \ud83d\udc47\ud83c\udffd<\/p>","protected":false},"excerpt":{"rendered":"<p>Erleben Sie das ultimative Wildwasser-Rafting-Abenteuer auf dem Tara-Fluss ab Kotor! Bezwingen Sie Europas tiefsten Canyon, genie\u00dfen Sie ein Mittagessen am Fluss und erleben Sie Montenegros beste<\/p>","protected":false},"featured_media":16691,"comment_status":"open","ping_status":"closed","template":"","meta":[],"product_brand":[],"product_cat":[133],"product_tag":[131],"class_list":{"0":"post-16690","1":"product","2":"type-product","3":"status-publish","4":"has-post-thumbnail","6":"tour_phys-kotor-tours","7":"product_cat-kotor-tours","8":"product_tag-kotor","9":"pa_montenegro-kotor-tours","11":"first","12":"instock","13":"sale","14":"shipping-taxable","15":"purchasable","16":"product-type-tour_phys"},"aioseo_notices":[],"_links":{"self":[{"href":"https:\/\/excursionsworld.com\/de\/wp-json\/wp\/v2\/product\/16690","targetHints":{"allow":["GET"]}}],"collection":[{"href":"https:\/\/excursionsworld.com\/de\/wp-json\/wp\/v2\/product"}],"about":[{"href":"https:\/\/excursionsworld.com\/de\/wp-json\/wp\/v2\/types\/product"}],"replies":[{"embeddable":true,"href":"https:\/\/excursionsworld.com\/de\/wp-json\/wp\/v2\/comments?post=16690"}],"wp:featuredmedia":[{"embeddable":true,"href":"https:\/\/excursionsworld.com\/de\/wp-json\/wp\/v2\/media\/16691"}],"wp:attachment":[{"href":"https:\/\/excursionsworld.com\/de\/wp-json\/wp\/v2\/media?parent=16690"}],"wp:term":[{"taxonomy":"product_brand","embeddable":true,"href":"https:\/\/excursionsworld.com\/de\/wp-json\/wp\/v2\/product_brand?post=16690"},{"taxonomy":"product_cat","embeddable":true,"href":"https:\/\/excursionsworld.com\/de\/wp-json\/wp\/v2\/product_cat?post=16690"},{"taxonomy":"product_tag","embeddable":true,"href":"https:\/\/excursionsworld.com\/de\/wp-json\/wp\/v2\/product_tag?post=16690"}],"curies":[{"name":"wp","href":"https:\/\/api.w.org\/{rel}","templated":true}]}}