{"id":16701,"date":"2026-03-22T19:40:51","date_gmt":"2026-03-22T16:40:51","guid":{"rendered":"https:\/\/excursionsworld.com\/?post_type=product&#038;p=16701\/"},"modified":"2026-04-24T01:27:24","modified_gmt":"2026-04-23T22:27:24","slug":"tara-fluss-rafting-herceg-novi","status":"publish","type":"product","link":"https:\/\/excursionsworld.com\/tours\/tara-river-rafting-herceg-novi\/","title":{"rendered":"Rafting-Abenteuer auf der Tara ab Herceg Novi"},"content":{"rendered":"<h2 data-section-id=\"2p8n8v\"><span role=\"text\"><strong>\ud83c\udfd9\ufe0f \u00dcberblick<\/strong><\/span><\/h2>\n<p>Abreise von <span class=\"hover:entity-accent entity-underline inline cursor-pointer align-baseline\"><span class=\"whitespace-normal\"><a href=\"https:\/\/en.wikipedia.org\/wiki\/Herceg_Novi\" target=\"_blank\" rel=\"noopener\">Herceg Novi<\/a><\/span><\/span>, Diese ganzt\u00e4gige Rafting-Tour f\u00fchrt Sie zu den atemberaubenden <span class=\"hover:entity-accent entity-underline inline cursor-pointer align-baseline\"><span class=\"whitespace-normal\">Tara River Canyon<\/span><\/span>. Erleben Sie Adrenalin, Natur und eine der spektakul\u00e4rsten Flusslandschaften Europas.<\/p>\n<h3 data-section-id=\"ydfjyc\"><span role=\"text\"><strong>Inbegriffen:<\/strong><\/span><\/h3>\n<p><span style=\"color: #00ff00;\"><strong>\u2713<\/strong><\/span> Hin- und R\u00fccktransfer von Herceg Novi<br \/>\n<span style=\"color: #00ff00;\"><strong>\u2713 <\/strong><\/span>Professionelle lizenzierte Rafting-Skipper<br \/>\n<span style=\"color: #00ff00;\"><strong>\u2713 <\/strong><\/span>Englischsprachiger Reiseleiter<br \/>\n<span style=\"color: #00ff00;\"><strong>\u2713 <\/strong><\/span>Komplette Rafting-Ausr\u00fcstung (Helm, Neoprenanzug, Schuhe, Schwimmweste)<br \/>\n<span style=\"color: #00ff00;\"><strong>\u2713 <\/strong><\/span>Fr\u00fchst\u00fcck und Mittagessen am Flussufer<br \/>\n<span style=\"color: #00ff00;\"><strong>\u2713 <\/strong><\/span>Eintrittsgelder f\u00fcr Nationalparks<br \/>\n<span style=\"color: #00ff00;\"><strong>\u2713 <\/strong><\/span>Vollst\u00e4ndiger Versicherungsschutz<\/p>\n<h3 data-section-id=\"1f64jv5\"><span role=\"text\"><strong>Nicht inbegriffen:<\/strong><\/span><\/h3>\n<p><span style=\"color: #ff0000;\"><strong>\u2717<\/strong> <\/span>Pers\u00f6nliche Ausgaben<br \/>\n<span style=\"color: #ff0000;\"><strong>\u2717<\/strong> <\/span>Getr\u00e4nke zu den Mahlzeiten<\/p>\n<h2 data-section-id=\"gnzuxm\"><span role=\"text\"><strong>\ud83c\udf1f H\u00f6hepunkte der Tour<\/strong><\/span><\/h2>\n<p>\ud83d\udd39 Entdecke den Tara River Canyon<br \/>\n\ud83d\udd39 Aufregendes Wildwasser-Rafting-Erlebnis<br \/>\n\ud83d\udd39 Traditionelle lokale Gerichte<br \/>\n\ud83d\udd39 Bade- und Fotopausen<br \/>\n\ud83d\udd39 Atemberaubende Aussicht auf den Canyon<\/p>\n<h2 data-section-id=\"1jizkbc\"><span role=\"text\"><strong>\ud83d\udcd6 Vollst\u00e4ndige Beschreibung<\/strong><\/span><\/h2>\n<p>Ihre Reise beginnt mit einer fr\u00fchen Abholung von Herceg Novi und einer malerischen Fahrt ins Landesinnere. Nach der Ankunft an der Rafting-Basis genie\u00dfen Sie das Fr\u00fchst\u00fcck, bevor Sie sich auf Ihr Abenteuer vorbereiten.<\/p>\n<p>Unter professioneller Anleitung fahren Sie mit dem Flo\u00df durch eine der beeindruckendsten Schluchten Europas, wobei Sie sowohl aufregende Stromschnellen als auch ruhige Abschnitte \u00fcberwinden.<\/p>\n<p>Nach dem Rafting-Erlebnis genie\u00dfen Sie ein Mittagessen am Fluss, bevor Sie bequem nach Herceg Novi zur\u00fcckkehren.<\/p>\n<h3 data-section-id=\"1e4kph\"><span role=\"text\"><strong>\ud83d\uddfa\ufe0f Reiseverlauf<\/strong><\/span><\/h3>\n<p>\ud83d\udd39 Fr\u00fche Abholung aus Herceg Novi<br \/>\n\ud83d\udd39 Szenischer Transfer<br \/>\n\ud83d\udd39 Fr\u00fchst\u00fcck<br \/>\n\ud83d\udd39 Rafting-Erlebnis<br \/>\n\ud83d\udd39 Mittagessen<br \/>\n\ud83d\udd39 R\u00fcckreise<\/p>\n<h3 data-section-id=\"1fgl4g2\"><span role=\"text\"><strong>\u2139\ufe0f Wichtig zu wissen, bevor Sie gehen<\/strong><\/span><\/h3>\n<p>\ud83d\udd39 Dauer: 12 Stunden<br \/>\n\ud83d\udd39 Reisepass erforderlich<br \/>\n\ud83d\udd39 Wetterabh\u00e4ngig<br \/>\n\ud83d\udd39 Kostenlose Stornierung m\u00f6glich<\/p>\n<h2 data-section-id=\"zapgrt\"><span role=\"text\"><strong>\ud83c\udf92 Was Sie mitbringen sollten<\/strong><\/span><\/h2>\n<p>\ud83d\udd39 Bademode<br \/>\n\ud83d\udd39 Handtuch<br \/>\n\ud83d\udd39 Wechsel der Kleidung<br \/>\n\ud83d\udd39 Sonnenschutzmittel<\/p>\n<h3 data-section-id=\"1kfbjov\"><span role=\"text\"><strong>\ud83d\udeab Nicht geeignet f\u00fcr<\/strong><\/span><\/h3>\n<p>\ud83d\udd39 G\u00e4ste mit schweren gesundheitlichen Problemen<br \/>\n\ud83d\udd39 G\u00e4ste mit Mobilit\u00e4tseinschr\u00e4nkungen<\/p>\n<h2>\ud83d\udcb8 <strong>Preis und Buchung<\/strong><\/h2>\n<p>\ud83d\udd39 Jetzt reservieren, am Tag bezahlen<br \/>\n\ud83d\udd39 Kostenlose Stornierung bis zu 24 Stunden vor der Tour<br \/>\n\ud83d\udd39 Buchen Sie ganz einfach \u00fcber WhatsApp oder das Online-Buchungsformular \ud83d\udc47\ud83c\udffd<\/p>\n<p>Alternativen gesucht? St\u00f6bern Sie <a href=\"https:\/\/excursionsworld.com\/de\/herceg-novi-ausfluege\/\">mehr Touren in Herceg Novi<\/a>.<\/p>","protected":false},"excerpt":{"rendered":"<p>Nehmen Sie an einem Rafting-Abenteuer auf dem Tara-Fluss ab Herceg Novi teil! Bezwingen Sie den tiefsten Canyon Europas, genie\u00dfen Sie ein Mittagessen am Fluss und erleben Sie den ultimativen Nervenkitzel in Montenegro.<\/p>","protected":false},"featured_media":16691,"comment_status":"open","ping_status":"closed","template":"","meta":[],"product_brand":[],"product_cat":[134],"product_tag":[135],"class_list":{"0":"post-16701","1":"product","2":"type-product","3":"status-publish","4":"has-post-thumbnail","6":"tour_phys-herceg-novi-tours","7":"product_cat-herceg-novi-tours","8":"product_tag-herceg-novi","9":"pa_montenegro-kotor-tours","11":"first","12":"instock","13":"sale","14":"shipping-taxable","15":"purchasable","16":"product-type-tour_phys"},"aioseo_notices":[],"_links":{"self":[{"href":"https:\/\/excursionsworld.com\/de\/wp-json\/wp\/v2\/product\/16701","targetHints":{"allow":["GET"]}}],"collection":[{"href":"https:\/\/excursionsworld.com\/de\/wp-json\/wp\/v2\/product"}],"about":[{"href":"https:\/\/excursionsworld.com\/de\/wp-json\/wp\/v2\/types\/product"}],"replies":[{"embeddable":true,"href":"https:\/\/excursionsworld.com\/de\/wp-json\/wp\/v2\/comments?post=16701"}],"wp:featuredmedia":[{"embeddable":true,"href":"https:\/\/excursionsworld.com\/de\/wp-json\/wp\/v2\/media\/16691"}],"wp:attachment":[{"href":"https:\/\/excursionsworld.com\/de\/wp-json\/wp\/v2\/media?parent=16701"}],"wp:term":[{"taxonomy":"product_brand","embeddable":true,"href":"https:\/\/excursionsworld.com\/de\/wp-json\/wp\/v2\/product_brand?post=16701"},{"taxonomy":"product_cat","embeddable":true,"href":"https:\/\/excursionsworld.com\/de\/wp-json\/wp\/v2\/product_cat?post=16701"},{"taxonomy":"product_tag","embeddable":true,"href":"https:\/\/excursionsworld.com\/de\/wp-json\/wp\/v2\/product_tag?post=16701"}],"curies":[{"name":"wp","href":"https:\/\/api.w.org\/{rel}","templated":true}]}}