{"id":16712,"date":"2026-04-04T15:31:23","date_gmt":"2026-04-04T12:31:23","guid":{"rendered":"https:\/\/excursionsworld.com\/?post_type=product&#038;p=16712\/"},"modified":"2026-04-04T17:41:00","modified_gmt":"2026-04-04T14:41:00","slug":"side-private-yacht-charter","status":"publish","type":"product","link":"https:\/\/excursionsworld.com\/tours\/side-private-yacht-charter\/","title":{"rendered":"Side Privat Yacht Charter: Luxus-Motoryacht"},"content":{"rendered":"<h3 data-section-id=\"1elwh7z\" data-start=\"124\" data-end=\"142\">\ud83c\udfd9\ufe0f \u00dcberblick<\/h3>\n<div data-start=\"143\" data-end=\"320\">Laufen Sie vom eleganten <strong data-start=\"167\" data-end=\"203\">Mondlicht \u2013 Fairline Squadron 55<\/strong>, eine erstklassige private Motoryacht, die ein raffiniertes Kreuzfahrterlebnis entlang der K\u00fcste von Side und des Flusses Manavgat bietet.<\/div>\n<div data-start=\"322\" data-end=\"561\">Perfekt f\u00fcr Paare, Familien und kleine private Gruppen, kombiniert diese Luxusyacht ger\u00e4umiges Design, Komfort und erstklassigen Service. Genie\u00dfen Sie kristallklares Wasser, malerische K\u00fcstenblicke und absolute Privatsph\u00e4re mit bequemen Transfers von T\u00fcr zu T\u00fcr.<\/div>\n<h3 data-start=\"769\" data-end=\"786\"><strong data-start=\"773\" data-end=\"786\">Inbegriffen:<\/strong><\/h3>\n<p data-start=\"788\" data-end=\"1138\"><strong><span style=\"color: #00ff00;\">\u2713<\/span> <\/strong>Privater Yachtcharter (bis zu 12 G\u00e4ste)<br data-start=\"829\" data-end=\"832\" \/><strong><span style=\"color: #00ff00;\">\u2713<\/span> <\/strong>Hoteltransfer (Hin- und R\u00fcckfahrt)<br data-start=\"859\" data-end=\"862\" \/><strong><span style=\"color: #00ff00;\">\u2713<\/span> <\/strong>Professioneller Kapit\u00e4n und Mannschaft<br data-start=\"898\" data-end=\"901\" \/><strong><span style=\"color: #00ff00;\">\u2713<\/span> <\/strong>BBQ Mittagessen oder Abendessen: Gegrillter Fisch\/Huhn\/Fleischb\u00e4llchen<br data-start=\"958\" data-end=\"961\" \/><strong><span style=\"color: #00ff00;\">\u2713<\/span> <\/strong>Nudeln, Reis &amp; Fr\u00fcchte der Saison<br data-start=\"992\" data-end=\"995\" \/><strong><span style=\"color: #00ff00;\">\u2713<\/span> <\/strong>4 Arten von Vorspeisen &amp; 2 Arten von Salat<br data-start=\"1037\" data-end=\"1040\" \/><strong><span style=\"color: #00ff00;\">\u2713<\/span> <\/strong>Unbegrenzte Softdrinks<br data-start=\"1063\" data-end=\"1066\" \/><strong><span style=\"color: #00ff00;\">\u2713<\/span> <\/strong>Kostenloses Wi-Fi an Bord<br data-start=\"1087\" data-end=\"1090\" \/><strong><span style=\"color: #00ff00;\">\u2713<\/span> <\/strong>SUP-Board, Schnorchel- und Amateur-Angelausr\u00fcstung<\/p>\n<h3 data-start=\"1145\" data-end=\"1162\"><strong data-start=\"1149\" data-end=\"1162\">Ausgeschlossen:<\/strong><\/h3>\n<p data-start=\"1164\" data-end=\"1300\"><strong><span style=\"color: #ff0000;\">\u2717<\/span> <\/strong>Alkoholische Getr\u00e4nke<br data-start=\"1245\" data-end=\"1248\" \/><strong><span style=\"color: #ff0000;\">\u2717<\/span> <\/strong>Eiscreme<br data-start=\"1259\" data-end=\"1262\" \/><strong><span style=\"color: #ff0000;\">\u2717<\/span> <\/strong>Individuelle Dekoration &amp; Geburtstagstorte<\/p>\n<h3 data-section-id=\"1ivzauh\" data-start=\"927\" data-end=\"950\">\u2b50 Tour Highlights<\/h3>\n<p data-start=\"951\" data-end=\"1245\">\ud83d\udd39 Luxusyacht Fairline Squadron 55 (Refit 2025)<br data-start=\"1000\" data-end=\"1003\" \/>\ud83d\udd39 Kreuzfahrt entlang der K\u00fcste von Side und des Manavgat-Flusses<br data-start=\"1050\" data-end=\"1053\" \/>\ud83d\udd39 Gro\u00dfz\u00fcgiges Sonnendeck und entspannende Loungebereiche<br data-start=\"1099\" data-end=\"1102\" \/>\ud83d\udd39 3 Badezimmer f\u00fcr maximalen Komfort an Bord<br data-start=\"1144\" data-end=\"1147\" \/>\ud83d\udd39 Premiumausstattung: WLAN, Soundsystem, Grill<br data-start=\"1193\" data-end=\"1196\" \/>\ud83d\udd39 Ideal f\u00fcr VIP-Erlebnisse und private Veranstaltungen<\/p>\n<h3>\ud83d\udee5 Yacht Beschreibung<\/h3>\n<p data-start=\"1279\" data-end=\"1472\"><strong data-start=\"1279\" data-end=\"1292\">Mondschein<\/strong> bietet eine perfekte Mischung aus Stil und Komfort. Die Yacht verf\u00fcgt \u00fcber 2 Master-Kabinen und 1 zus\u00e4tzliche Kabine sowie 3 Badezimmer und sorgt so f\u00fcr ein angenehmes Erlebnis f\u00fcr alle G\u00e4ste.<\/p>\n<p data-start=\"1474\" data-end=\"1691\">Genie\u00dfen Sie das ger\u00e4umige Sonnendeck, die Badeleiter, die Schwimmmatratze und ein modernes Soundsystem f\u00fcr eine entspannende Atmosph\u00e4re auf See. G\u00e4ste k\u00f6nnen sich sonnen, im kristallklaren Wasser schwimmen oder an Bord Aktivit\u00e4ten wie Schnorcheln genie\u00dfen.<\/p>\n<h3 data-section-id=\"v1sx1x\" data-start=\"1698\" data-end=\"1722\">\ud83d\uddfa\ufe0f Reiseverlauf<\/h3>\n<p data-start=\"1723\" data-end=\"1954\">\ud83d\udd39 Private Abholung vom Hotel<br data-start=\"1746\" data-end=\"1749\" \/>\ud83d\udd39 Abfahrt vom Hafen von Side \/ Manavgat<br data-start=\"1795\" data-end=\"1798\" \/>\ud83d\udd39 K\u00fcstenkreuzfahrt-Erlebnis<br data-start=\"1828\" data-end=\"1831\" \/>\ud83d\udd39 Schwimmen im offenen Meer und in Buchten<br data-start=\"1870\" data-end=\"1873\" \/>\ud83d\udd39 Freizeit zur Entspannung an Bord<br data-start=\"1902\" data-end=\"1905\" \/>R\u00fcckkehr in den Hafen<br data-start=\"1924\" data-end=\"1927\" \/>\ud83d\udd39 Transfer zur\u00fcck zum Hotel<\/p>\n<h3 data-section-id=\"7guyre\" data-start=\"1961\" data-end=\"1991\">\u2139\ufe0f Wichtige Informationen<\/h3>\n<p data-start=\"1992\" data-end=\"2194\">\ud83d\udd39 Kapazit\u00e4t: Bis zu 12 G\u00e4ste<br data-start=\"2020\" data-end=\"2023\" \/>\ud83d\udd39 Yacht: Fairline Squadron 55 (16,54 m L\u00e4nge)<br data-start=\"2070\" data-end=\"2073\" \/>\ud83d\udd39 Modernisierungsjahr: 2025<br data-start=\"2092\" data-end=\"2095\" \/>\ud83d\udd39 Route kann je nach Seebedingungen variieren<br data-start=\"2140\" data-end=\"2143\" \/>\ud83d\udd39 Individuelle Dienstleistungen und Mahlzeiten auf Anfrage erh\u00e4ltlich<\/p>\n<h3 data-start=\"3032\" data-end=\"3056\"><strong data-start=\"3036\" data-end=\"3056\">\ud83c\udf92 Was Sie mitbringen sollten<\/strong><\/h3>\n<p data-start=\"3058\" data-end=\"3162\">\ud83d\udd39 Badesachen und Handtuch<br data-start=\"3079\" data-end=\"3082\" \/>\ud83d\udd39 Sonnenschutzmittel und Sonnenbrille<br data-start=\"3109\" data-end=\"3112\" \/>\ud83d\udd39 Hut<br data-start=\"3118\" data-end=\"3121\" \/>\ud83d\udd39 Pers\u00f6nliche alkoholische Getr\u00e4nke (fakultativ)<\/p>\n<h3 data-start=\"3169\" data-end=\"3196\"><strong data-start=\"3173\" data-end=\"3196\">\ud83d\udeab Nicht geeignet f\u00fcr<\/strong><\/h3>\n<p data-start=\"3198\" data-end=\"3242\">\ud83d\udd39 G\u00e4ste mit schweren Mobilit\u00e4tseinschr\u00e4nkungen<\/p>\n<h3 data-start=\"3249\" data-end=\"3277\"><strong data-start=\"3253\" data-end=\"3277\">\ud83d\udcb8 Preis und Buchung<\/strong><\/h3>\n<p data-start=\"3279\" data-end=\"3458\">\ud83d\udd39 Jetzt reservieren, am Tag bezahlen<br data-start=\"3309\" data-end=\"3312\" \/>\ud83d\udd39 Individuelle Dekorationen f\u00fcr besondere Anl\u00e4sse m\u00f6glich<br data-start=\"3365\" data-end=\"3368\" \/>\ud83d\udd39 Kontaktieren Sie uns \u00fcber <strong data-start=\"3386\" data-end=\"3415\">WhatsApp, Telegram, Viber<\/strong>, oder f\u00fcllen Sie das Buchungsformular unten aus \ud83d\udc47\ud83c\udffc<\/p>","protected":false},"excerpt":{"rendered":"<p>Luxuri\u00f6ses privates Yachtcharter in Side an Bord der Moonlight Fairline 55. Genie\u00dfen Sie BBQ, WLAN, Schwimmen und volle Privatsph\u00e4re mit inklusivem Hoteltransfer.<\/p>","protected":false},"featured_media":16713,"comment_status":"open","ping_status":"closed","template":"","meta":[],"product_brand":[],"product_cat":[129],"product_tag":[122],"class_list":{"0":"post-16712","1":"product","2":"type-product","3":"status-publish","4":"has-post-thumbnail","6":"tour_phys-yacht-rental","7":"product_cat-yacht-rental","8":"product_tag-side","9":"pa_kategori-private-yacht-rental-kemer-antalya","11":"first","12":"instock","13":"sale","14":"shipping-taxable","15":"purchasable","16":"product-type-tour_phys"},"aioseo_notices":[],"_links":{"self":[{"href":"https:\/\/excursionsworld.com\/de\/wp-json\/wp\/v2\/product\/16712","targetHints":{"allow":["GET"]}}],"collection":[{"href":"https:\/\/excursionsworld.com\/de\/wp-json\/wp\/v2\/product"}],"about":[{"href":"https:\/\/excursionsworld.com\/de\/wp-json\/wp\/v2\/types\/product"}],"replies":[{"embeddable":true,"href":"https:\/\/excursionsworld.com\/de\/wp-json\/wp\/v2\/comments?post=16712"}],"wp:featuredmedia":[{"embeddable":true,"href":"https:\/\/excursionsworld.com\/de\/wp-json\/wp\/v2\/media\/16713"}],"wp:attachment":[{"href":"https:\/\/excursionsworld.com\/de\/wp-json\/wp\/v2\/media?parent=16712"}],"wp:term":[{"taxonomy":"product_brand","embeddable":true,"href":"https:\/\/excursionsworld.com\/de\/wp-json\/wp\/v2\/product_brand?post=16712"},{"taxonomy":"product_cat","embeddable":true,"href":"https:\/\/excursionsworld.com\/de\/wp-json\/wp\/v2\/product_cat?post=16712"},{"taxonomy":"product_tag","embeddable":true,"href":"https:\/\/excursionsworld.com\/de\/wp-json\/wp\/v2\/product_tag?post=16712"}],"curies":[{"name":"wp","href":"https:\/\/api.w.org\/{rel}","templated":true}]}}