{"id":16774,"date":"2026-04-24T16:38:21","date_gmt":"2026-04-24T13:38:21","guid":{"rendered":"https:\/\/excursionsworld.com\/?post_type=product&#038;p=16774\/"},"modified":"2026-04-24T18:09:18","modified_gmt":"2026-04-24T15:09:18","slug":"kas-kaputas-strand-antalya","status":"publish","type":"product","link":"https:\/\/excursionsworld.com\/tours\/kas-kaputas-beach-antalya\/","title":{"rendered":"Ka\u015f &amp; Kaputa\u015f Strandtour ab Antalya"},"content":{"rendered":"<h2><span style=\"color: #000000;\"><strong>\ud83c\udfd9\ufe0f \u00dcbersicht<\/strong><\/span><\/h2>\n<p dir=\"ltr\">Verbringen Sie einen ganzen Tag damit, die sch\u00f6nsten Orte an der t\u00fcrkischen S\u00fcdk\u00fcste zu erkunden! Abfahrt von <span class=\"hover:entity-accent entity-underline inline cursor-pointer align-baseline\"><span class=\"whitespace-normal\">Antalya<\/span><\/span>, Schlendern Sie durch die charmanten Stra\u00dfen von Kalkan, schwimmen Sie im kristallklaren t\u00fcrkisfarbenen Wasser des Kaputa\u015f Strandes und genie\u00dfen Sie einen entspannten Tag in der malerischen Stadt Ka\u015f. Diese Tour kombiniert Natur, Geschichte und K\u00fcstencharme perfekt.<\/p>\n<h3 dir=\"ltr\"><span style=\"color: #000000;\"><strong>Inbegriffen:<\/strong><\/span><\/h3>\n<div dir=\"ltr\"><strong><span style=\"color: #00ff00;\">\u2713<\/span><\/strong> Abholung vom Hotel und R\u00fccktransport<br \/>\n<strong><span style=\"color: #00ff00;\">\u2713 <\/span><\/strong>Leitfaden<br \/>\n<strong><span style=\"color: #00ff00;\">\u2713 <\/span><\/strong>Eintrittskarte f\u00fcr den Kaputa\u015f Strand<br \/>\n<strong><span style=\"color: #00ff00;\">\u2713 <\/span><\/strong>Besuch der k\u00f6niglichen Gruft<br \/>\n<strong><span style=\"color: #00ff00;\">\u2713 <\/span><\/strong>Besuch des antiken Theaters<br \/>\n<strong><span style=\"color: #00ff00;\">\u2713 <\/span><\/strong>Versicherung<\/div>\n<div dir=\"ltr\"><strong><span style=\"color: #00ff00;\">\u2713 <\/span><\/strong>Mittagessen<\/div>\n<h3 dir=\"ltr\"><span style=\"color: #000000;\">Nicht inbegriffen:<\/span><\/h3>\n<div dir=\"ltr\"><span style=\"color: #ff0000;\"><strong>\u2717\u00a0<\/strong><\/span> Getr\u00e4nke<br \/>\n<span style=\"color: #ff0000;\"><strong>\u2717 <\/strong><\/span>Pers\u00f6nliche Ausgaben<\/div>\n<h2 dir=\"ltr\"><span style=\"color: #000000;\"><strong>\ud83c\udf1f H\u00f6hepunkte der Tour<\/strong><\/span><\/h2>\n<p dir=\"ltr\">\ud83d\udd39 Panoramafahrt entlang der Mittelmeerk\u00fcste<br data-start=\"895\" data-end=\"898\" \/>\ud83d\udd39 Panoramahalt mit Blick auf <span class=\"hover:entity-accent entity-underline inline cursor-pointer align-baseline\"><span class=\"whitespace-normal\">Meis Insel<\/span><\/span><br data-start=\"965\" data-end=\"968\" \/>\ud83d\udd39 2\u20133 Stunden Freizeit in Ka\u015f<br data-start=\"1000\" data-end=\"1003\" \/>\ud83d\udd39 Schwimmen am Kaputa\u015f-Strand (2\u20132,5 Stunden)<br data-start=\"1045\" data-end=\"1048\" \/>\ud83d\udd39 Besuch der charmanten Stra\u00dfen von Kalkan<br data-start=\"1085\" data-end=\"1088\" \/>\ud83d\udd39 Authentisches Mittagserlebnis<\/p>\n<h2 dir=\"ltr\">\ud83d\udcd6 <strong>Vollst\u00e4ndige Beschreibung<\/strong><\/h2>\n<div data-start=\"1155\" data-end=\"1349\">Ihr Tag beginnt mit einer bequemen Abholung von Ihrem Hotel in <span style=\"color: #0000ff;\"><a style=\"color: #0000ff;\" href=\"https:\/\/tr.wikipedia.org\/wiki\/Antalya\">Antalya<\/a>,<\/span> gefolgt von einer malerischen Fahrt entlang der Mittelmeerk\u00fcste. Unterwegs gibt es einen kurzen Stopp f\u00fcr Erholung und Fotos.<\/div>\n<div data-start=\"1351\" data-end=\"1599\">Das erste Highlight ist ein Panorama-Aussichtspunkt mit Blick auf die Insel Meis, der beeindruckende Fotom\u00f6glichkeiten bietet. Anschlie\u00dfend geht es weiter nach Ka\u015f, einer charmanten K\u00fcstenstadt, die f\u00fcr ihre engen Gassen, Boutiquen, antiken Ruinen und entspannte Atmosph\u00e4re bekannt ist.<\/div>\n<div data-start=\"1601\" data-end=\"1747\">Nach einer kurzen Einf\u00fchrung haben Sie 2\u20133 Stunden Freizeit, um Ka\u015f auf eigene Faust zu erkunden, zu Mittag zu essen, Fotos zu machen oder Souvenirs zu kaufen.<\/div>\n<div data-start=\"1749\" data-end=\"2050\">Als N\u00e4chstes besuchen Sie den ber\u00fchmten Kaputa\u015f-Strand, einen der ikonischsten Str\u00e4nde der T\u00fcrkei. Umgeben von Klippen und bekannt f\u00fcr sein leuchtend t\u00fcrkisfarbenes Wasser ist er der perfekte Ort zum Schwimmen, Entspannen und Genie\u00dfen der nat\u00fcrlichen Sch\u00f6nheit. Sie werden hier etwa 2\u20132,5 Stunden verbringen, bevor Sie nach Antalya zur\u00fcckkehren.<\/div>\n<h3 dir=\"ltr\"><span style=\"color: #000000;\"><strong>\ud83d\uddfa\ufe0f Reiseverlauf<\/strong><\/span><\/h3>\n<p dir=\"ltr\">\ud83d\udd39 07:00 \u2013 Abholung von Hotels in Antalya<br data-start=\"2125\" data-end=\"2128\" \/>\ud83d\udd39 Malerische K\u00fcstenfahrt mit einer kurzen Pause<br data-start=\"2170\" data-end=\"2173\" \/>\ud83d\udd39 Panoramastopp in der N\u00e4he der Insel Mei<br data-start=\"2207\" data-end=\"2210\" \/>\ud83d\udd39 Ankunft in Ka\u015f &amp; kurze Orientierung<br data-start=\"2247\" data-end=\"2250\" \/>\ud83d\udd39 2\u20133 Stunden Freizeit in Ka\u015f<br data-start=\"2279\" data-end=\"2282\" \/>\ud83d\udd39 Transfer zum Kaputa\u015f-Strand<br data-start=\"2310\" data-end=\"2313\" \/>\ud83d\udd39 Schwimmen &amp; Entspannung (2\u20132,5 Stunden)<br data-start=\"2351\" data-end=\"2354\" \/>16:00 \u2013 Abfahrt von Kaputa\u015f<br data-start=\"2387\" data-end=\"2390\" \/>\ud83d\udd39 19:00 \u2013 20:00 R\u00fcckkehr zu den Hotels in Antalya<\/p>\n<h3 dir=\"ltr\"><span style=\"color: #000000;\"><strong>\u2139\ufe0f N\u00fctzliche Informationen<\/strong><\/span><\/h3>\n<p dir=\"ltr\">\ud83d\udd39 Dauer der Tour: ca. 10-11 Stunden<br \/>\n\ud83d\udd39 Mittagessen inbegriffen (Fisch, Huhn oder Fleischb\u00e4llchen), Getr\u00e4nke gegen Aufpreis<br \/>\n\ud83d\udd39 In Ka\u015f gibt es zahlreiche lokale Restaurants und Caf\u00e9s, die in der Freizeit besucht werden k\u00f6nnen.<br \/>\n\ud83d\udd39 Kinder unter 5 Jahren, die kostenlos mitfahren, haben keinen eigenen Sitzplatz im Bus. Wenn der Bus voll ist, sitzen sie auf dem Scho\u00df eines Erwachsenen, oder es kann ein eigener Sitzplatz gebucht werden<\/p>\n<h3 dir=\"ltr\"><span style=\"color: #000000;\"><strong>\ud83c\udf92 Was Sie mitbringen sollten<\/strong><\/span><\/h3>\n<p dir=\"ltr\">\ud83d\udd39 Badeanzug und Handtuch<br \/>\n\ud83d\udd39 Bequeme Schuhe und Kleidung<br \/>\n\ud83d\udd39 Sonnenschutz (Hut, Sonnenschutzmittel, Sonnenbrille)<br \/>\n\ud83d\udd39 Bargeld f\u00fcr Getr\u00e4nke und pers\u00f6nliche Ausgaben<\/p>\n<h3 dir=\"ltr\"><span style=\"color: #000000;\"><strong>\ud83d\udeab Nicht geeignet f\u00fcr<\/strong><\/span><\/h3>\n<p dir=\"ltr\">\ud83d\udd39 Menschen mit eingeschr\u00e4nkter Mobilit\u00e4t<br \/>\n\ud83d\udd39 Kleinkinder und S\u00e4uglinge wegen der langen Reise<\/p>\n<h2 dir=\"ltr\"><span style=\"color: #000000;\"><strong>\ud83d\udcb8 Preis und Buchung<\/strong><\/span><\/h2>\n<p dir=\"ltr\"><strong>\ud83d\udd39 Jetzt buchen, am Tag der Tour bezahlen<\/strong><br \/>\nKontaktiere uns \u00fcber WhatsApp, Telegram, Viber oder f\u00fclle das Buchungsformular unten aus. \ud83d\udc47\ud83c\udffc<\/p>\n<p>Alternativen gesucht? St\u00f6bern Sie <a href=\"https:\/\/excursionsworld.com\/de\/antalya-ausfluege\/\">Weitere Antalya-Touren<\/a>.<\/p>","protected":false},"excerpt":{"rendered":"<section class=\"text-token-text-primary w-full focus:outline-none [--shadow-height:45px] has-data-writing-block:pointer-events-none has-data-writing-block:-mt-(--shadow-height) has-data-writing-block:pt-(--shadow-height) [&amp;:has([data-writing-block])&gt;*]:pointer-events-auto [content-visibility:auto] supports-[content-visibility:auto]:[contain-intrinsic-size:auto_100lvh] R6Vx5W_threadScrollVars scroll-mb-[calc(var(--scroll-root-safe-area-inset-bottom,0px)+var(--thread-response-height))] scroll-mt-[calc(var(--header-height)+min(200px,max(70px,20svh)))]\" dir=\"auto\" data-turn-id=\"request-6967a54b-d690-8327-ae0f-541feafe2984-2\" data-testid=\"conversation-turn-100\" data-scroll-anchor=\"false\" data-turn=\"assistant\">\n<div class=\"text-base my-auto mx-auto pb-10 [--thread-content-margin:var(--thread-content-margin-xs,calc(var(--spacing)*4))] @w-sm\/main:[--thread-content-margin:var(--thread-content-margin-sm,calc(var(--spacing)*6))] @w-lg\/main:[--thread-content-margin:var(--thread-content-margin-lg,calc(var(--spacing)*16))] px-(--thread-content-margin)\">\n<div class=\"[--thread-content-max-width:40rem] @w-lg\/main:[--thread-content-max-width:48rem] mx-auto max-w-(--thread-content-max-width) flex-1 group\/turn-messages focus-visible:outline-hidden relative flex w-full min-w-0 flex-col agent-turn\">\n<div class=\"flex max-w-full flex-col gap-4 grow\">\n<div class=\"min-h-8 text-message relative flex w-full flex-col items-end gap-2 text-start break-words whitespace-normal outline-none keyboard-focused:focus-ring [.text-message+&amp;]:mt-1\" dir=\"auto\" tabindex=\"0\" data-message-author-role=\"assistant\" data-message-id=\"999871b4-0439-4617-8c5a-3a6f30bbf967\" data-message-model-slug=\"gpt-5-3\" data-turn-start-message=\"true\">\n<div class=\"flex w-full flex-col gap-1 empty:hidden\">\n<div class=\"markdown prose dark:prose-invert w-full wrap-break-word light markdown-new-styling\">\n<p data-start=\"0\" data-end=\"177\" data-is-last-node=\"\" data-is-only-node=\"\">Ka\u015f &amp; Kaputa\u015f Beach tour from Antalya with hotel pickup, free time in Ka\u015f, swimming at Kaputa\u015f Beach, and scenic Mediterranean coastal views.<\/p>\n<\/div>\n<\/div>\n<\/div>\n<\/div>\n<div class=\"z-0 flex min-h-[46px] justify-start\"><\/div>\n<div class=\"mt-3 w-full empty:hidden\">\n<div class=\"text-center\"><\/div>\n<\/div>\n<\/div>\n<\/div>\n<\/section>\n<div class=\"pointer-events-none -mt-px h-px translate-y-[calc(var(--scroll-root-safe-area-inset-bottom)-14*var(--spacing))]\" aria-hidden=\"true\"><\/div>\n","protected":false},"featured_media":14102,"comment_status":"open","ping_status":"closed","template":"","meta":[],"product_brand":[],"product_cat":[125],"product_tag":[107],"class_list":{"0":"post-16774","1":"product","2":"type-product","3":"status-publish","4":"has-post-thumbnail","6":"tour_phys-antalya-tours","7":"product_cat-antalya-tours","8":"product_tag-antalya","9":"pa_destination-antalya-tours","11":"first","12":"instock","13":"sale","14":"shipping-taxable","15":"purchasable","16":"product-type-tour_phys"},"aioseo_notices":[],"_links":{"self":[{"href":"https:\/\/excursionsworld.com\/de\/wp-json\/wp\/v2\/product\/16774","targetHints":{"allow":["GET"]}}],"collection":[{"href":"https:\/\/excursionsworld.com\/de\/wp-json\/wp\/v2\/product"}],"about":[{"href":"https:\/\/excursionsworld.com\/de\/wp-json\/wp\/v2\/types\/product"}],"replies":[{"embeddable":true,"href":"https:\/\/excursionsworld.com\/de\/wp-json\/wp\/v2\/comments?post=16774"}],"wp:featuredmedia":[{"embeddable":true,"href":"https:\/\/excursionsworld.com\/de\/wp-json\/wp\/v2\/media\/14102"}],"wp:attachment":[{"href":"https:\/\/excursionsworld.com\/de\/wp-json\/wp\/v2\/media?parent=16774"}],"wp:term":[{"taxonomy":"product_brand","embeddable":true,"href":"https:\/\/excursionsworld.com\/de\/wp-json\/wp\/v2\/product_brand?post=16774"},{"taxonomy":"product_cat","embeddable":true,"href":"https:\/\/excursionsworld.com\/de\/wp-json\/wp\/v2\/product_cat?post=16774"},{"taxonomy":"product_tag","embeddable":true,"href":"https:\/\/excursionsworld.com\/de\/wp-json\/wp\/v2\/product_tag?post=16774"}],"curies":[{"name":"wp","href":"https:\/\/api.w.org\/{rel}","templated":true}]}}