{"id":16791,"date":"2026-04-26T17:41:13","date_gmt":"2026-04-26T14:41:13","guid":{"rendered":"https:\/\/excursionsworld.com\/?post_type=product&#038;p=16791\/"},"modified":"2026-04-26T18:31:43","modified_gmt":"2026-04-26T15:31:43","slug":"alanya-piratenbootfahrt","status":"publish","type":"product","link":"https:\/\/excursionsworld.com\/tours\/alanya-pirate-boat\/","title":{"rendered":"Piratenbootfahrt in Alanya \u2013 Wiking | All Inclusive"},"content":{"rendered":"<h2><span style=\"color: #000000;\"><strong>\ud83c\udff4\u200d\u2620\ufe0f \u00dcberblick<\/strong><\/span><\/h2>\n<p>Kommen Sie mit auf eine Piratenbootstour in <strong><a href=\"https:\/\/en.wikipedia.org\/wiki\/Alanya\" target=\"_blank\" rel=\"noopener\">Alanya<\/a>\u2013 <\/strong>Wikinger | All Inclusive und erleben Sie eine der genussvollsten Arten, die K\u00fcste Alanyas zu entdecken. Segeln Sie an Bord eines gro\u00dfen Piratenschiffes, genie\u00dfen Sie lebhafte Unterhaltung, erfrischende Badepausen und genie\u00dfen Sie den Panoramablick auf das Mittelmeer. Dieses All-Inclusive-Meeresabenteuer ist perfekt f\u00fcr alle, die Spa\u00df, Komfort und unvergessliche Momente auf dem Wasser suchen.<\/p>\n<h3><span style=\"color: #000000;\"><strong>Inbegriffen:<\/strong><\/span><\/h3>\n<p><span style=\"color: #339966;\"><strong>\u2713<\/strong> <\/span>Abholung vom Hotel und R\u00fccktransport f<br \/>\n<span style=\"color: #339966;\"><strong>\u2713<\/strong> <\/span>Professioneller F\u00fchrer<br \/>\n<span style=\"color: #339966;\"><strong>\u2713<\/strong> <\/span>Mittagessen (gegrilltes H\u00e4hnchen, Reis und Salate)<br \/>\n<span style=\"color: #339966;\"><strong>\u2713<\/strong> <\/span>Erfrischungsgetr\u00e4nke (Wasser, Cola, Fanta, usw.)<br \/>\n<span style=\"color: #339966;\"><strong>\u2713<\/strong> <\/span>Schaumparty und Animationen<br \/>\n<span style=\"color: #339966;\"><strong>\u2713<\/strong> <\/span>Schwimmwesten<br \/>\n<span style=\"color: #339966;\"><strong>\u2713<\/strong> <\/span>Versicherung<\/p>\n<h3><span style=\"color: #000000;\"><strong>Nicht inbegriffen:<\/strong><\/span><\/h3>\n<p><strong><span style=\"color: #ff0000;\">\u2717<\/span> <\/strong>Alkoholische Getr\u00e4nke<br \/>\n<strong><span style=\"color: #ff0000;\">\u2717<\/span> <\/strong>Fotos und Videos<br \/>\n<strong><span style=\"color: #ff0000;\">\u2717<\/span> <\/strong>Pers\u00f6nliche Ausgaben<\/p>\n<h2><span style=\"color: #000000;\"><strong>\ud83c\udf1f H\u00f6hepunkte der Tour<\/strong><\/span><\/h2>\n<p>\ud83d\udd39 Entlang der K\u00fcstenlinie von <span class=\"hover:entity-accent entity-underline inline cursor-pointer align-baseline\"><span class=\"whitespace-normal\">Alanya<\/span><\/span> mit Blick auf den Roten Turm und die Burgmauern<br data-start=\"1059\" data-end=\"1062\" \/>\ud83d\udd39 Entdecken Sie ber\u00fchmte Meeresh\u00f6hlen wie die Piratenh\u00f6hle, die Liebesh\u00f6hle, die Phosphorh\u00f6hle und die Teufelsh\u00f6hle<br data-start=\"1147\" data-end=\"1150\" \/>\ud83d\udd39 Genie\u00dfen Sie mehrere Badestopps im klaren Mittelmeerwasser<br data-start=\"1211\" data-end=\"1214\" \/>\ud83d\udd39 Spa\u00dfige Schaumparty und Unterhaltung an Bord<br data-start=\"1264\" data-end=\"1267\" \/>\ud83d\udd39 Chance, Delfine oder Meeresschildkr\u00f6ten zu sehen<\/p>\n<h2><span style=\"color: #000000;\"><strong>\ud83d\udcd6 Vollst\u00e4ndige Beschreibung<\/strong><\/span><\/h2>\n<div data-start=\"1345\" data-end=\"1581\">Ihr Tag beginnt mit einer bequemen Abholung von Ihrem Hotel und dem Transfer zum Hafen von Alanya. Sobald Sie an Bord des Wikinger-Piratenboots sind, finden Sie ger\u00e4umige Decks, schattige Bereiche und Einrichtungen an Bord, die f\u00fcr Komfort w\u00e4hrend der gesamten Reise ausgelegt sind.<\/div>\n<div data-start=\"1583\" data-end=\"1877\">Die Kreuzfahrt beginnt gegen 10:00 Uhr und f\u00fchrt vorbei an Alanyas bekanntesten Wahrzeichen wie dem Roten Turm, der historischen Werft und den beeindruckenden Burgmauern. Die Route f\u00fchrt weiter entlang der malerischen K\u00fcste mit einem Stopp in der N\u00e4he ber\u00fchmter Meeresh\u00f6hlen, wo Sie einzigartige Felsformationen vom Meer aus bewundern k\u00f6nnen.<\/div>\n<div data-start=\"1879\" data-end=\"2192\">W\u00e4hrend der gesamten Reise genie\u00dfen Sie mehrere Badepausen an verschiedenen Orten, darunter der bekannte Ula\u015f Beach, wo ruhiges Wasser zum Entspannen und Abk\u00fchlen einl\u00e4dt. An Bord wird ein frisch zubereitetes Mittagessen und unbegrenzt alkoholfreie Getr\u00e4nke serviert, w\u00e4hrend Musik und Unterhaltung f\u00fcr eine lebhafte Atmosph\u00e4re sorgen.<\/div>\n<div data-start=\"2194\" data-end=\"2447\">Als H\u00f6hepunkt der Tour sorgt die Schaumparty f\u00fcr Energie und Spa\u00df an Deck und macht dieses Erlebnis besonders angenehm f\u00fcr Gruppen und Familien. Das Boot kehrt am Nachmittag in den Hafen zur\u00fcck, gefolgt von einem bequemen Transfer zur\u00fcck zu Ihrem Hotel.<\/div>\n<h3><span style=\"color: #000000;\"><strong>\ud83d\uddfa\ufe0f Reiseverlauf<\/strong><\/span><\/h3>\n<p>\ud83d\udd39 Abholung von Hotels\/Appartements in Alanya<br data-start=\"2524\" data-end=\"2527\" \/>\ud83d\udd39 Transfer zum Hafen von Alanya<br data-start=\"2556\" data-end=\"2559\" \/>\ud83d\udd39 Abreise um 10:00 Uhr<br data-start=\"2583\" data-end=\"2586\" \/>\ud83d\udd39 K\u00fcstenfahrt vorbei am Roten Turm und der alten Werft<br data-start=\"2635\" data-end=\"2638\" \/>\ud83d\udd39 Badeabluse im Bereich der Werft<br data-start=\"2678\" data-end=\"2681\" \/>\ud83d\udd39 Seegrotte Route (Piraten, Liebhaber, Phosphor, Teufel)<br data-start=\"2737\" data-end=\"2740\" \/>\ud83d\udd39 Mittagessen wird an Bord serviert<br data-start=\"2764\" data-end=\"2767\" \/>\ud83d\udd39 Badepause am Ula\u015f Strand<br data-start=\"2798\" data-end=\"2801\" \/>\ud83d\udd39 Zus\u00e4tzliche Schwimmstopps<br data-start=\"2825\" data-end=\"2828\" \/>\ud83d\udd39 R\u00fcckkehr zum Hafen von Alanya (~15:00)<br data-start=\"2864\" data-end=\"2867\" \/>\ud83d\udd39 Abholung in den Hotels<\/p>\n<h3><span style=\"color: #000000;\"><strong>\u2139\ufe0f N\u00fctzliche Informationen<\/strong><\/span><\/h3>\n<p>\ud83d\udd39 Dauer: ca. 5-6 Stunden<br \/>\n\ud83d\udd39 Englischsprachige Besatzung und F\u00fchrer<br \/>\n\ud83d\udd39 Geeignet f\u00fcr Familien, Paare und Gruppen<br \/>\nKinder unter 5 Jahren reisen kostenlos (teilen sich den Sitzplatz mit den Eltern)<br \/>\n\ud83d\udd39 Bequeme 3-Deck-Piratenboote aus Holz<\/p>\n<h2><span style=\"color: #000000;\"><strong>\ud83c\udf92 Was Sie mitbringen sollten<\/strong><\/span><\/h2>\n<p>\ud83d\udd39 Badeanzug und Handtuch<br \/>\n\ud83d\udd39 Sonnencreme, Sonnenbrille und Hut<br \/>\n\ud83d\udd39 Kamera oder Telefon<br \/>\n\ud83d\udd39 Kleines Geld f\u00fcr Extras<\/p>\n<h3><span style=\"color: #000000;\"><strong>\ud83d\udeab Nicht geeignet f\u00fcr<\/strong><\/span><\/h3>\n<p>\ud83d\udd39 G\u00e4ste mit schwerer Reisekrankheit<br \/>\n\ud83d\udd39 Schwangere Frauen<\/p>\n<h2 dir=\"ltr\">\ud83d\udcb8\u00a0<strong>Preis und Buchung<\/strong><\/h2>\n<p dir=\"ltr\"><strong>\ud83d\udd39 Jetzt buchen, am Tag der Tour bezahlen<\/strong><br \/>\nKontaktiere uns \u00fcber WhatsApp, Telegram, Viber oder f\u00fclle das Buchungsformular unten aus. \ud83d\udc47\ud83c\udffc<\/p>\n<p>Alternativen gesucht? St\u00f6bern Sie <a href=\"https:\/\/excursionsworld.com\/de\/alanya-ausfluege\/\">Weitere Touren in Alanya<\/a>.<\/p>","protected":false},"excerpt":{"rendered":"<p>Alanya Piratenschiff-Tour Wiking All Inclusive: Badestopps, Meeresh\u00f6hlen, Schaumparty, Mittagessen und Erfrischungsgetr\u00e4nke inklusive. Hoteltransfer. Jetzt buchen, am Tag der Fahrt bezahlen.<\/p>","protected":false},"featured_media":16792,"comment_status":"open","ping_status":"closed","template":"","meta":[],"product_brand":[],"product_cat":[128],"product_tag":[111],"class_list":{"0":"post-16791","1":"product","2":"type-product","3":"status-publish","4":"has-post-thumbnail","6":"tour_phys-alanya-tours","7":"tour_phys-pirate-boat-tours","8":"product_cat-alanya-tours","9":"product_tag-alanya","10":"pa_destination-alanya-tours","11":"pa_kategori-pirate-boat-tours","13":"first","14":"instock","15":"sale","16":"shipping-taxable","17":"purchasable","18":"product-type-tour_phys"},"aioseo_notices":[],"_links":{"self":[{"href":"https:\/\/excursionsworld.com\/de\/wp-json\/wp\/v2\/product\/16791","targetHints":{"allow":["GET"]}}],"collection":[{"href":"https:\/\/excursionsworld.com\/de\/wp-json\/wp\/v2\/product"}],"about":[{"href":"https:\/\/excursionsworld.com\/de\/wp-json\/wp\/v2\/types\/product"}],"replies":[{"embeddable":true,"href":"https:\/\/excursionsworld.com\/de\/wp-json\/wp\/v2\/comments?post=16791"}],"wp:featuredmedia":[{"embeddable":true,"href":"https:\/\/excursionsworld.com\/de\/wp-json\/wp\/v2\/media\/16792"}],"wp:attachment":[{"href":"https:\/\/excursionsworld.com\/de\/wp-json\/wp\/v2\/media?parent=16791"}],"wp:term":[{"taxonomy":"product_brand","embeddable":true,"href":"https:\/\/excursionsworld.com\/de\/wp-json\/wp\/v2\/product_brand?post=16791"},{"taxonomy":"product_cat","embeddable":true,"href":"https:\/\/excursionsworld.com\/de\/wp-json\/wp\/v2\/product_cat?post=16791"},{"taxonomy":"product_tag","embeddable":true,"href":"https:\/\/excursionsworld.com\/de\/wp-json\/wp\/v2\/product_tag?post=16791"}],"curies":[{"name":"wp","href":"https:\/\/api.w.org\/{rel}","templated":true}]}}