{"id":16801,"date":"2026-04-27T13:36:54","date_gmt":"2026-04-27T10:36:54","guid":{"rendered":"https:\/\/excursionsworld.com\/?post_type=product&#038;p=16801\/"},"modified":"2026-04-27T16:07:14","modified_gmt":"2026-04-27T13:07:14","slug":"olympos-porto-genoese-bootstour-kemer","status":"publish","type":"product","link":"https:\/\/excursionsworld.com\/tours\/olympos-porto-genoese-boat-kemer\/","title":{"rendered":"Olympos &amp; Porto Genoese Bootstour ab Kemer mit Phaselis Bucht"},"content":{"rendered":"<h2 dir=\"ltr\" data-pm-slice=\"1 1 []\"><span style=\"color: #000000;\"><strong>\ud83c\udff4\u200d\u2620\ufe0f \u00dcberblick<\/strong><\/span><\/h2>\n<p dir=\"ltr\">Entdecken Sie die unber\u00fchrte Sch\u00f6nheit der K\u00fcste Kemers am <strong data-start=\"299\" data-end=\"379\">Olympos &amp; Porto Genoese Bootsfahrt von<\/strong>\u00a0<a href=\"https:\/\/en.wikipedia.org\/wiki\/Kemer,_Antalya\" target=\"_blank\" rel=\"noopener\">Kemer. <\/a>\u2014 Dieses ganzt\u00e4gige Erlebnis f\u00fchrt Sie zu einigen der malerischsten und unber\u00fchrtesten Buchten des Mittelmeers und kombiniert Schwimmen, Entspannung und atemberaubende Natursch\u00f6nheiten. Perfekt f\u00fcr Reisende, die eine friedliche und authentische Bootstour abseits der ausgetretenen Pfade suchen.<\/p>\n<h3><strong>Inbegriffen:<\/strong><\/h3>\n<div dir=\"ltr\"><strong><span style=\"color: #00ff00;\">\u2713<\/span><\/strong> Abholung vom Hotel und R\u00fccktransport<\/div>\n<div dir=\"ltr\"><strong><span style=\"color: #00ff00;\">\u2713 <\/span><\/strong>Bootsfahrt entlang der K\u00fcste von Kemer<br \/>\n<strong><span style=\"color: #00ff00;\">\u2713 <\/span><\/strong>Versicherung<br \/>\n<strong><span style=\"color: #00ff00;\">\u2713 <\/span><\/strong>Leitfaden<br \/>\n<strong><span style=\"color: #00ff00;\">\u2713 <\/span><\/strong>Mittagessen<\/div>\n<h3 dir=\"ltr\">Nicht inbegriffen:<\/h3>\n<p dir=\"ltr\"><span style=\"color: #ff0000;\"><strong>\u2717 <\/strong><\/span>Fotos und Videos<br \/>\n<span style=\"color: #ff0000;\"><strong>\u2717 <\/strong><\/span>Getr\u00e4nke<\/p>\n<h3 data-section-id=\"gnzuxm\" data-start=\"738\" data-end=\"764\"><span role=\"text\"><strong data-start=\"742\" data-end=\"764\">\ud83c\udf1f H\u00f6hepunkte der Tour<\/strong><\/span><\/h3>\n<p>\ud83d\udd39 Abfahrt von der Kemer Marina zu einer malerischen K\u00fcstenfahrt<br data-start=\"806\" data-end=\"809\" \/>\ud83d\udd39 Fotostopp an der Piratenh\u00f6hle<br data-start=\"837\" data-end=\"840\" \/>\ud83d\udd39 Schwimmen in der Bucht von Phaselis (antike Umgebung)<br data-start=\"890\" data-end=\"893\" \/>\ud83d\udd39 Badestopp in der Bucht Tekirova Teketa\u015f<br data-start=\"933\" data-end=\"936\" \/>\ud83d\udd39 Freizeit und Schwimmen in der Olympos Bucht<br data-start=\"976\" data-end=\"979\" \/>Badespa\u00df in der Porto Genoese Bucht<br data-start=\"1017\" data-end=\"1020\" \/>\ud83d\udd39 Panoramablicke auf die Drei Inseln (Fotostopp)<br data-start=\"1068\" data-end=\"1071\" \/><strong>\ud83d\udd39<\/strong>Letzter Schwimmstopp an der Alacasu Bucht mit felsigem Uferzugang vom Boot<br data-start=\"1116\" data-end=\"1119\" \/>\ud83d\udd39 Entspannte Atmosph\u00e4re abseits von Partyschiffen<\/p>\n<h2 data-section-id=\"1jizkbc\" data-start=\"1172\" data-end=\"1199\"><span role=\"text\"><strong data-start=\"1176\" data-end=\"1199\">Bootsfahrt von Kemer nach Olympos, Phaselis &amp; Porto Genoese<\/strong><\/span><\/h2>\n<div data-start=\"1201\" data-end=\"1421\">Ihr Tag beginnt mit einer bequemen Abholung von Ihrem Hotel in Kemer und Umgebung, gefolgt von einem kurzen Transfer zum Hafen von Kemer. Um 10:00 Uhr gehen Sie an Bord des Bootes und beginnen Ihre Reise entlang der atemberaubenden K\u00fcste.<\/div>\n<div data-start=\"1423\" data-end=\"1530\">Kurz nach der Abfahrt passieren Sie die ber\u00fchmte Piratenh\u00f6hle, wo das Boot f\u00fcr einen Fotostopp langsamer wird.<\/div>\n<div data-start=\"1532\" data-end=\"1731\">Die erste Badepause findet in der Phaselis Bucht statt, umgeben von Natur und historischer Kulisse. Die Tour geht weiter zur Tekirova Teketa\u015f Bucht, einem ruhigeren und weniger \u00fcberf\u00fcllten Ort, der sich ideal zum Schwimmen eignet.<\/div>\n<div data-start=\"1733\" data-end=\"1948\">Als n\u00e4chstes erreichen Sie die Olympos Bucht, wo Sie in einzigartiger Natur schwimmen und entspannen k\u00f6nnen. Danach f\u00e4hrt das Boot weiter zur Porto Genoese Bucht, einer der unber\u00fchrtesten und friedlichsten Buchten der Region.<\/div>\n<div data-start=\"1950\" data-end=\"2180\">Auf der R\u00fcckfahrt passieren Sie die Drei Inseln f\u00fcr einen Fotostopp mit Panoramablick (kein Schwimmen wegen der Str\u00f6mungen). Der letzte Halt ist die Alacasu-Bucht, wo das Boot in Ufern\u00e4he ankert, so dass die G\u00e4ste schwimmen und den Strand erreichen k\u00f6nnen.<\/div>\n<div data-start=\"2182\" data-end=\"2280\">Die Tour endet mit der R\u00fcckkehr zur Kemer Marina gegen 17:00 Uhr, gefolgt von der R\u00fcckfahrt zu Ihrem Hotel.<\/div>\n<h3 data-section-id=\"1e4kph\" data-start=\"2506\" data-end=\"2532\"><span role=\"text\"><strong data-start=\"2510\" data-end=\"2532\">\ud83d\uddfa\ufe0f Reiseverlauf<\/strong><\/span><\/h3>\n<div data-start=\"2534\" data-end=\"3008\">\ud83d\udd39 Abholung von Hotels in Kemer<br data-start=\"2564\" data-end=\"2567\" \/>Transfer zum Yachthafen von Kemer<br data-start=\"2594\" data-end=\"2597\" \/>10:00 \u2013 Abfahrt<br data-start=\"2617\" data-end=\"2620\" \/>Piratenh\u00f6hle \u2013 Fotostopp<br data-start=\"2647\" data-end=\"2650\" \/>\ud83d\udd39 Phaselis Bucht \u2013 Badepause (30 Min.)<br data-start=\"2694\" data-end=\"2697\" \/>\ud83d\udd39 Tekirova Teketa\u015f Bucht \u2013 Badepause (30 Min.)<br data-start=\"2749\" data-end=\"2752\" \/>\ud83d\udd39 Olympos Bay \u2013 Schwimmen &amp; Freizeit (45 Min.)<br data-start=\"2798\" data-end=\"2801\" \/>\ud83d\udd39 Porto Genoese Bucht \u2013 Badepause (45 min)<br data-start=\"2847\" data-end=\"2850\" \/>\ud83d\udd39 Drei Inseln \u2013 Fotostopp mit Panoramablick<br data-start=\"2889\" data-end=\"2892\" \/>\ud83d\udd39 Alacasu-Bucht \u2013 Badestopp mit Uferzugang \u00fcber Felsen (30 Min.)<\/div>\n<div data-start=\"2534\" data-end=\"3008\">17:00 \u2013 R\u00fcckkehr zum Yachthafen Kemer<br data-start=\"2977\" data-end=\"2980\" \/>\ud83d\udd39 Transfer zur\u00fcck zu den Hotels<\/div>\n<h3 data-section-id=\"x7plk0\" data-start=\"201\" data-end=\"230\"><span role=\"text\"><strong data-start=\"205\" data-end=\"230\">\u2139\ufe0f N\u00fctzliche Informationen<\/strong><\/span><\/h3>\n<p data-start=\"232\" data-end=\"517\">\ud83d\udd39 Tour duration: approximately 7-8 hours<br data-start=\"271\" data-end=\"274\" \/>Abfahrtszeit: 10:00 Uhr<br data-start=\"301\" data-end=\"304\" \/>\ud83d\udd39 Geeignet f\u00fcr alle Altersgruppen<br data-start=\"334\" data-end=\"337\" \/>\ud83d\udd39 Entspannte Atmosph\u00e4re mit leichter Bordunterhaltung und Musik<br data-start=\"392\" data-end=\"395\" \/>Das Reiseprogramm kann sich je nach Wetter- und Seebedingungen \u00e4ndern<br data-start=\"461\" data-end=\"464\" \/>\ud83d\udd39 Das Boot hat schattige Bereiche und Sonnenliegefl\u00e4chen<\/p>\n<h2 dir=\"ltr\"><span style=\"color: #000000;\"><strong>\ud83c\udf92 Was Sie mitbringen sollten<\/strong><\/span><\/h2>\n<p dir=\"ltr\">\ud83d\udd39 Badeanzug und Handtuch<br \/>\n\ud83d\udd39 Sonnenschutzmittel und Sonnenbrille<br \/>\n\ud83d\udd39 Hut oder M\u00fctze<br \/>\n\ud83d\udd39 Wasserdichte Handytasche oder Kamera<br \/>\n\ud83d\udd39 Etwas Bargeld f\u00fcr pers\u00f6nliche Ausgaben<\/p>\n<h3 dir=\"ltr\"><strong>\ud83d\udeab Nicht geeignet f\u00fcr<\/strong><\/h3>\n<p dir=\"ltr\">\ud83d\udd39 Menschen, die zu schwerer Seekrankheit neigen<br \/>\n\ud83d\udd39 Reisende mit eingeschr\u00e4nkter Mobilit\u00e4t<\/p>\n<h2 dir=\"ltr\"><span style=\"color: #000000;\"><strong>\ud83d\udcb8 Preis und Buchung<\/strong><\/span><\/h2>\n<p dir=\"ltr\"><strong>\ud83d\udd39 Jetzt buchen, am Tag der Tour bezahlen<\/strong><br \/>\nKontaktiere uns \u00fcber WhatsApp, Telegram, Viber oder f\u00fclle das Buchungsformular unten aus. \ud83d\udc47\ud83c\udffd<\/p>\n<p>Alternativen gesucht? St\u00f6bern Sie <a href=\"https:\/\/excursionsworld.com\/de\/kemer-ausfluege\/\">mehr Kemer-Touren<\/a>.<\/p>","protected":false},"excerpt":{"rendered":"<p>Bootstour ab Kemer zu den Buchten von Olympos und Porto Genoese mit Stopp in Phaselis. Badepausen, Mittagessen, Hoteltransfer inklusive. Jetzt buchen, sp\u00e4ter bezahlen.<\/p>","protected":false},"featured_media":16802,"comment_status":"open","ping_status":"closed","template":"","meta":[],"product_brand":[],"product_cat":[124,130],"product_tag":[105],"class_list":{"0":"post-16801","1":"product","2":"type-product","3":"status-publish","4":"has-post-thumbnail","6":"tour_phys-kemer-tours","7":"tour_phys-pirate-boat-tours","8":"product_cat-kemer-tours","9":"product_cat-pirate-boat-tours","10":"product_tag-kemer","11":"pa_destination-kemer-tours","12":"pa_kategori-pirate-boat-tours","14":"first","15":"instock","16":"sale","17":"featured","18":"shipping-taxable","19":"purchasable","20":"product-type-tour_phys"},"aioseo_notices":[],"_links":{"self":[{"href":"https:\/\/excursionsworld.com\/de\/wp-json\/wp\/v2\/product\/16801","targetHints":{"allow":["GET"]}}],"collection":[{"href":"https:\/\/excursionsworld.com\/de\/wp-json\/wp\/v2\/product"}],"about":[{"href":"https:\/\/excursionsworld.com\/de\/wp-json\/wp\/v2\/types\/product"}],"replies":[{"embeddable":true,"href":"https:\/\/excursionsworld.com\/de\/wp-json\/wp\/v2\/comments?post=16801"}],"wp:featuredmedia":[{"embeddable":true,"href":"https:\/\/excursionsworld.com\/de\/wp-json\/wp\/v2\/media\/16802"}],"wp:attachment":[{"href":"https:\/\/excursionsworld.com\/de\/wp-json\/wp\/v2\/media?parent=16801"}],"wp:term":[{"taxonomy":"product_brand","embeddable":true,"href":"https:\/\/excursionsworld.com\/de\/wp-json\/wp\/v2\/product_brand?post=16801"},{"taxonomy":"product_cat","embeddable":true,"href":"https:\/\/excursionsworld.com\/de\/wp-json\/wp\/v2\/product_cat?post=16801"},{"taxonomy":"product_tag","embeddable":true,"href":"https:\/\/excursionsworld.com\/de\/wp-json\/wp\/v2\/product_tag?post=16801"}],"curies":[{"name":"wp","href":"https:\/\/api.w.org\/{rel}","templated":true}]}}