{"id":16808,"date":"2026-04-29T20:14:38","date_gmt":"2026-04-29T17:14:38","guid":{"rendered":"https:\/\/excursionsworld.com\/?post_type=product&#038;p=16808\/"},"modified":"2026-04-29T20:30:37","modified_gmt":"2026-04-29T17:30:37","slug":"olympos-porto-genoese-bootstour-antalya","status":"publish","type":"product","link":"https:\/\/excursionsworld.com\/tours\/antalya-boat-trip-olympos-porto-genoese-phaselis\/","title":{"rendered":"Olympos &amp; Porto Genoese Bootstour ab Antalya mit Phaselis"},"content":{"rendered":"<h2 dir=\"ltr\" data-pm-slice=\"1 1 []\"><span style=\"color: #000000;\"><strong>\ud83c\udff4\u200d\u2620\ufe0f \u00dcberblick<\/strong><\/span><\/h2>\n<p dir=\"ltr\">Erkunden Sie die unber\u00fchrte K\u00fcste von Kemer auf dem <strong data-start=\"67\" data-end=\"132\">Olympos &amp; Genuesen-Kreuzfahrt von <a href=\"https:\/\/en.wikipedia.org\/wiki\/Antalya\">Antalya<\/a> mit der Phaselis Bucht<\/strong>. Diese ganzt\u00e4gige Bootserfahrung kombiniert kristallklare Badestellen, unber\u00fchrte Natur und malerische mediterrane Ausblicke. Beginnend mit einem komfortablen Transfer von Antalya ist es ein idealer Ausflug f\u00fcr Reisende, die einen entspannten und dennoch unvergesslichen Tag auf See genie\u00dfen m\u00f6chten.<\/p>\n<h3><strong>Inbegriffen:<\/strong><\/h3>\n<div dir=\"ltr\"><strong><span style=\"color: #00ff00;\">\u2713<\/span><\/strong> Abholung vom Hotel und R\u00fccktransport<\/div>\n<div dir=\"ltr\"><strong><span style=\"color: #00ff00;\">\u2713 <\/span><\/strong>Bootsfahrt entlang der K\u00fcste von Kemer<br \/>\n<strong><span style=\"color: #00ff00;\">\u2713 <\/span><\/strong>Versicherung<br \/>\n<strong><span style=\"color: #00ff00;\">\u2713 <\/span><\/strong>Leitfaden<br \/>\n<strong><span style=\"color: #00ff00;\">\u2713 <\/span><\/strong>Mittagessen<\/div>\n<h3 dir=\"ltr\">Nicht inbegriffen:<\/h3>\n<p dir=\"ltr\"><span style=\"color: #ff0000;\"><strong>\u2717 <\/strong><\/span>Fotos und Videos<br \/>\n<span style=\"color: #ff0000;\"><strong>\u2717 <\/strong><\/span>Getr\u00e4nke<\/p>\n<h3 data-section-id=\"gnzuxm\" data-start=\"738\" data-end=\"764\"><span role=\"text\"><strong data-start=\"742\" data-end=\"764\">\ud83c\udf1f H\u00f6hepunkte der Tour<\/strong><\/span><\/h3>\n<p>\ud83d\udd39 Komfortabler Transfer von Antalya zur Kemer Marina<br data-start=\"661\" data-end=\"664\" \/>\ud83d\udd39 Malerische Fahrt entlang der Mittelmeerk\u00fcste<br data-start=\"714\" data-end=\"717\" \/>\ud83d\udd39 Fotostopp an der ber\u00fchmten Piratenh\u00f6hle<br data-start=\"756\" data-end=\"759\" \/>\ud83d\udd39 Schwimmpause an der Phaselis Bucht, umgeben von antiken Ruinen<br data-start=\"820\" data-end=\"823\" \/>\ud83d\udd39 Badestopp bei Tekirova Teketa\u015f Bucht<br data-start=\"859\" data-end=\"862\" \/>\ud83d\udd39 Freizeit und Schwimmen in der Olympos Bucht<br data-start=\"902\" data-end=\"905\" \/>\ud83d\udd39 Entspannendes Schwimmen in der Bucht Porto Genoese<br data-start=\"942\" data-end=\"945\" \/>\ud83d\udd39 Panoramischer Fotostopp bei den Drei Inseln<br data-start=\"989\" data-end=\"992\" \/>\ud83d\udd39 Letzter Schwimmstopp in der Alacasu-Bucht mit Zugang \u00fcber eine felsige K\u00fcste<\/p>\n<h2 data-section-id=\"1jizkbc\" data-start=\"1172\" data-end=\"1199\"><span role=\"text\"><strong data-start=\"1176\" data-end=\"1199\">Bootsfahrt von Kemer nach Olympos, Phaselis &amp; Porto Genoese<\/strong><\/span><\/h2>\n<div data-start=\"1127\" data-end=\"1372\">Ihr Tag beginnt mit einer fr\u00fchen Abholung von Ihrem Hotel in Antalya und einem komfortablen Transfer zum Yachthafen von Kemer. Nach Ihrer Ankunft steigen Sie an Bord des Bootes und stechen um 10:00 Uhr zu einer malerischen Fahrt entlang der K\u00fcste in See.<\/div>\n<div data-start=\"1374\" data-end=\"1598\">Kurz nach der Abfahrt passieren Sie die ikonische Piratenh\u00f6hle, wo das Boot f\u00fcr eine kurze Fotom\u00f6glichkeit langsamer wird. Die erste Badestopp ist in der Phaselis-Bucht, einem einzigartigen Ort, wo t\u00fcrkisfarbenes Wasser auf antike Geschichte trifft.<\/div>\n<div data-start=\"1600\" data-end=\"1789\">Die Kreuzfahrt geht weiter nach Tekirova Teketa\u015f Bucht, bekannt f\u00fcr ihre friedliche Atmosph\u00e4re und ihr klares Wasser. Anschlie\u00dfend fahren Sie zur Olympos Bucht, wo Sie freie Zeit zum Schwimmen und Entspannen in einer nat\u00fcrlichen Umgebung haben.<\/div>\n<div data-start=\"1791\" data-end=\"2035\">Anschlie\u00dfend genie\u00dfen Sie ein erfrischendes Bad in der Bucht Porto Genoese, einem der unber\u00fchrtesten und ruhigsten Orte an der K\u00fcste. Auf der R\u00fcckfahrt passiert das Boot die Drei Inseln f\u00fcr einen Fotostopp mit Panoramablick (Schwimmen ist aufgrund der Meeresstr\u00f6mungen nicht erlaubt).<\/div>\n<div data-start=\"2037\" data-end=\"2183\">Die Endhaltestelle ist die Alacasu-Bucht, wo das Boot nahe am felsigen Ufer ankert und den G\u00e4sten die M\u00f6glichkeit zum Schwimmen und Zugang zum Ufer bietet.<\/div>\n<div data-start=\"2185\" data-end=\"2283\">Das Boot kehrt gegen 17:00 Uhr zum Yachthafen von Kemer zur\u00fcck, gefolgt von einem Transfer zur\u00fcck zu Ihrem Hotel in Antalya.<\/div>\n<h3 data-section-id=\"1e4kph\" data-start=\"2506\" data-end=\"2532\"><span role=\"text\"><strong data-start=\"2510\" data-end=\"2532\">\ud83d\uddfa\ufe0f Reiseverlauf<\/strong><\/span><\/h3>\n<div data-start=\"2534\" data-end=\"3008\">\ud83d\udd39 Abholung von Hotels in Antalya<br data-start=\"2346\" data-end=\"2349\" \/>Transfer zum Yachthafen von Kemer<br data-start=\"2376\" data-end=\"2379\" \/>10:00 \u2013 Abfahrt<br data-start=\"2399\" data-end=\"2402\" \/>Piratenh\u00f6hle \u2013 Fotostopp<br data-start=\"2429\" data-end=\"2432\" \/>\ud83d\udd39 Phaselis Bucht \u2013 Badepause (30 Min.)<br data-start=\"2473\" data-end=\"2476\" \/>\ud83d\udd39 Tekirova Teketa\u015f Bucht \u2013 Badepause (30 Min.)<br data-start=\"2525\" data-end=\"2528\" \/>\ud83d\udd39 Olympos Bay \u2013 Schwimmen &amp; Freizeit (45 Min.)<br data-start=\"2574\" data-end=\"2577\" \/>\ud83d\udd39 Porto Genoese Bucht \u2013 Badepause (45 min)<br data-start=\"2623\" data-end=\"2626\" \/>\ud83d\udd39 Drei Inseln \u2013 Fotostopp mit Panoramablick<br data-start=\"2665\" data-end=\"2668\" \/>\ud83d\udd39 Alacasu-Bucht \u2013 Badestopp mit Uferzugang \u00fcber Felsen (30 Min.)<br data-start=\"2731\" data-end=\"2734\" \/>17:00 \u2013 R\u00fcckkehr zum Yachthafen Kemer<br data-start=\"2767\" data-end=\"2770\" \/>\ud83d\udd39 R\u00fccktransfer zu Hotels in Antalya<\/div>\n<h3 data-section-id=\"x7plk0\" data-start=\"201\" data-end=\"230\"><span role=\"text\"><strong data-start=\"205\" data-end=\"230\">\u2139\ufe0f N\u00fctzliche Informationen<\/strong><\/span><\/h3>\n<p data-start=\"232\" data-end=\"517\">\ud83d\udd39 Dauer der Tour: ca. 7\u20138 Stunden (inklusive Transfers)<br data-start=\"2904\" data-end=\"2907\" \/>Abfahrtszeit des Bootes: 10:00 Uhr<br data-start=\"2939\" data-end=\"2942\" \/>\ud83d\udd39 Geeignet f\u00fcr alle Altersgruppen<br data-start=\"2972\" data-end=\"2975\" \/>\ud83d\udd39 Entspannte Atmosph\u00e4re bei leiser Musik und sanfter Unterhaltung<br data-start=\"3036\" data-end=\"3039\" \/>\ud83d\udd39 Die Reiseroute kann sich je nach Wetter- und Seebedingungen \u00e4ndern<br data-start=\"3102\" data-end=\"3105\" \/>\ud83d\udd39 Das Boot verf\u00fcgt \u00fcber schattige Bereiche und Sonnendecks<\/p>\n<h2 dir=\"ltr\"><span style=\"color: #000000;\"><strong>\ud83c\udf92 Was Sie mitbringen sollten<\/strong><\/span><\/h2>\n<p dir=\"ltr\">\ud83d\udd39 Badeanzug und Handtuch<br \/>\n\ud83d\udd39 Sonnenschutzmittel und Sonnenbrille<br \/>\n\ud83d\udd39 Hut oder M\u00fctze<br \/>\n\ud83d\udd39 Wasserdichte Handytasche oder Kamera<br \/>\n\ud83d\udd39 Etwas Bargeld f\u00fcr pers\u00f6nliche Ausgaben<\/p>\n<h3 dir=\"ltr\"><strong>\ud83d\udeab Nicht geeignet f\u00fcr<\/strong><\/h3>\n<p dir=\"ltr\">\ud83d\udd39 Menschen, die zu schwerer Seekrankheit neigen<br \/>\n\ud83d\udd39 Reisende mit eingeschr\u00e4nkter Mobilit\u00e4t<\/p>\n<h2 dir=\"ltr\"><span style=\"color: #000000;\"><strong>\ud83d\udcb8 Preis und Buchung<\/strong><\/span><\/h2>\n<p dir=\"ltr\"><strong>\ud83d\udd39 Jetzt buchen, am Tag der Tour bezahlen<\/strong><br \/>\nKontaktiere uns \u00fcber WhatsApp, Telegram, Viber oder f\u00fclle das Buchungsformular unten aus. \ud83d\udc47\ud83c\udffd<\/p>\n<p>Suchen Sie nach Alternativen? <a href=\"https:\/\/excursionsworld.com\/de\/antalya-ausfluege\/\">Mehr Antalya-Touren entdecken.<\/a><\/p>","protected":false},"excerpt":{"rendered":"<p>Bootsfahrt von Antalya nach Olympos, Phaselis &amp; Porto Genoese. Schwimmen in kristallklaren Buchten, Mittagessen an Bord und Hoteltransfer inklusive. Jetzt buchen.<\/p>","protected":false},"featured_media":16802,"comment_status":"open","ping_status":"closed","template":"","meta":[],"product_brand":[],"product_cat":[125],"product_tag":[107],"class_list":{"0":"post-16808","1":"product","2":"type-product","3":"status-publish","4":"has-post-thumbnail","6":"tour_phys-antalya-tours","7":"tour_phys-pirate-boat-tours","8":"product_cat-antalya-tours","9":"product_tag-antalya","10":"pa_destination-antalya-tours","11":"pa_kategori-pirate-boat-tours","13":"first","14":"instock","15":"sale","16":"featured","17":"shipping-taxable","18":"purchasable","19":"product-type-tour_phys"},"aioseo_notices":[],"_links":{"self":[{"href":"https:\/\/excursionsworld.com\/de\/wp-json\/wp\/v2\/product\/16808","targetHints":{"allow":["GET"]}}],"collection":[{"href":"https:\/\/excursionsworld.com\/de\/wp-json\/wp\/v2\/product"}],"about":[{"href":"https:\/\/excursionsworld.com\/de\/wp-json\/wp\/v2\/types\/product"}],"replies":[{"embeddable":true,"href":"https:\/\/excursionsworld.com\/de\/wp-json\/wp\/v2\/comments?post=16808"}],"wp:featuredmedia":[{"embeddable":true,"href":"https:\/\/excursionsworld.com\/de\/wp-json\/wp\/v2\/media\/16802"}],"wp:attachment":[{"href":"https:\/\/excursionsworld.com\/de\/wp-json\/wp\/v2\/media?parent=16808"}],"wp:term":[{"taxonomy":"product_brand","embeddable":true,"href":"https:\/\/excursionsworld.com\/de\/wp-json\/wp\/v2\/product_brand?post=16808"},{"taxonomy":"product_cat","embeddable":true,"href":"https:\/\/excursionsworld.com\/de\/wp-json\/wp\/v2\/product_cat?post=16808"},{"taxonomy":"product_tag","embeddable":true,"href":"https:\/\/excursionsworld.com\/de\/wp-json\/wp\/v2\/product_tag?post=16808"}],"curies":[{"name":"wp","href":"https:\/\/api.w.org\/{rel}","templated":true}]}}