{"id":16522,"date":"2026-02-27T19:24:17","date_gmt":"2026-02-27T16:24:17","guid":{"rendered":"https:\/\/excursionsworld.com\/?page_id=16522"},"modified":"2026-02-27T22:39:08","modified_gmt":"2026-02-27T19:39:08","slug":"sobre-nosotros","status":"publish","type":"page","link":"https:\/\/excursionsworld.com\/es\/about-us\/","title":{"rendered":"Sobre nosotros"},"content":{"rendered":"<div data-elementor-type=\"wp-page\" data-elementor-id=\"16522\" class=\"elementor elementor-16522\">\n\t\t\t\t<div class=\"elementor-element elementor-element-cce95a4 e-flex e-con-boxed e-con e-parent\" data-id=\"cce95a4\" data-element_type=\"container\" data-e-type=\"container\">\n\t\t\t\t\t<div class=\"e-con-inner\">\n\t\t\t\t<div class=\"elementor-element elementor-element-f8692a1 elementor-widget elementor-widget-text-editor\" data-id=\"f8692a1\" data-element_type=\"widget\" data-e-type=\"widget\" data-widget_type=\"text-editor.default\">\n\t\t\t\t<div class=\"elementor-widget-container\">\n\t\t\t\t\t\t\t\t\t<style>\n    \/* Ana kapsay\u0131c\u0131 ve d\u0131\u015f bo\u015fluk s\u0131f\u0131rlama *\/\n    .about-main-wrapper {\n        font-family: 'Segoe UI', Roboto, sans-serif;\n        color: #333;\n        line-height: 1.6;\n        width: 100%;\n        margin-top: -45px !important; \/* Ba\u015fl\u0131\u011fa tam yana\u015fmas\u0131 i\u00e7in *\/\n        padding: 0;\n    }\n\n    .container-inner {\n        width: 100%;\n        max-width: 1200px;\n        margin: 0 auto;\n        padding: 0;\n    }\n\n    \/* Our Story Metni - Tam Geni\u015flik *\/\n    .intro-block {\n        padding: 0 10px;\n        text-align: center;\n        margin-bottom: 25px;\n    }\n\n    .intro-block h2 {\n        color: #1f3c88;\n        font-size: 26px;\n        font-weight: 700;\n        margin-bottom: 10px;\n    }\n\n    \/* Mavi Kutular *\/\n    .info-card {\n        background: #eef4f8; \n        padding: 25px 15px;\n        border-radius: 10px;\n        margin-bottom: 15px;\n        width: 100%;\n        box-sizing: border-box;\n        border: 1px solid #dce6ed;\n    }\n\n    \/* Ba\u015fl\u0131k i\u00e7i ikon stili *\/\n    .card-title {\n        color: #1f3c88;\n        font-size: 22px;\n        font-weight: 700;\n        margin-bottom: 12px;\n        display: flex;\n        align-items: center;\n        justify-content: center;\n        gap: 10px; \/* \u0130kon ve metin aras\u0131 bo\u015fluk *\/\n    }\n\n    .title-icon {\n        font-size: 24px; \/* Ba\u015fl\u0131k b\u00fcy\u00fckl\u00fc\u011f\u00fcnde *\/\n        font-style: normal;\n    }\n\n    \/* Why Us B\u00f6l\u00fcm\u00fc \u0130konlar\u0131 (\u00dcstte duran b\u00fcy\u00fck ikonlar) *\/\n    .card-icon-large {\n        font-size: 55px;\n        margin-bottom: 15px;\n        display: block;\n        text-align: center;\n    }\n\n    .card-text {\n        text-align: center;\n        font-size: 15px;\n        margin: 0;\n    }\n\n    \/* MOB\u0130L AYARLAR *\/\n    @media (max-width: 768px) {\n        .about-main-wrapper {\n            margin-top: -55px !important;\n        }\n        .intro-block {\n            padding: 0 5px;\n        }\n        .info-card {\n            padding: 20px 10px;\n        }\n        .card-title {\n            font-size: 20px;\n        }\n    }\n\n    .legal-footer-box {\n        text-align: center;\n        padding: 30px 10px;\n        margin-top: 20px;\n    }\n<\/style>\n\n<div class=\"about-main-wrapper\">\n    <div class=\"container-inner\">\n        \n        <div class=\"intro-block\">\n            <h2>Nuestra historia y experiencia<\/h2>\n            <p><strong>Excursions World<\/strong> es la principal puerta digital al Mediterr\u00e1neo, donde d\u00e9cadas de arraigada experiencia tur\u00edstica se unen a una visi\u00f3n moderna y centrada en el hu\u00e9sped. Con sede en el coraz\u00f3n de Antalya, nuestra plataforma funciona como canal oficial de reservas y marketing en l\u00ednea para <strong>GINZA TRAVEL (N\u00ba de licencia T\u00dcRSAB: 4179)<\/strong>, una de las agencias de viajes m\u00e1s respetadas y consolidadas de la regi\u00f3n.<\/p>\n            <p>Nuestras operaciones digitales est\u00e1n gestionadas por un equipo de profesionales comprometidos con ofrecer la experiencia de reserva m\u00e1s transparente, fiable y r\u00e1pida a viajeros de todo el mundo.<\/p>\n        <\/div>\n\n        <div class=\"info-card\">\n            <h3 class=\"card-title\"><i class=\"title-icon\">\ud83c\udfaf<\/i>Nuestra misi\u00f3n<\/h3>\n            <p class=\"card-text\">Mostrar la incomparable belleza, historia y cultura de las regiones del Mediterr\u00e1neo y el Egeo, garantizando a nuestros hu\u00e9spedes los recuerdos de viaje m\u00e1s c\u00f3modos, seguros e inolvidables.<\/p>\n        <\/div>\n\n        <div class=\"info-card\">\n            <h3 class=\"card-title\"><i class=\"title-icon\">\ud83d\udc41\ufe0f<\/i>Nuestra visi\u00f3n<\/h3>\n            <p class=\"card-text\">Ser el socio digital de viajes m\u00e1s fiable de la regi\u00f3n combinando a la perfecci\u00f3n la tecnolog\u00eda moderna con la tradicional hospitalidad turca y la excelencia operativa de Ginza Travel.<\/p>\n        <\/div>\n\n        <h2 style=\"color: #1f3c88; font-size: 26px; font-weight: 700; text-align: center; margin: 35px 0 20px 0;\">\u00bfPor qu\u00e9 Excursions World?<\/h2>\n\n        <div class=\"info-card\">\n            <span class=\"card-icon-large\">\ud83d\udee1\ufe0f<\/span>\n            <h3 class=\"card-title\">Garant\u00eda jur\u00eddica oficial<\/h3>\n            <p class=\"card-text\">Cada excursi\u00f3n y servicio reservado a trav\u00e9s de nuestra plataforma est\u00e1 bajo la total garant\u00eda legal y operativa de Ginza Travel, miembro certificado de T\u00dcRSAB.<\/p>\n        <\/div>\n\n        <div class=\"info-card\">\n            <span class=\"card-icon-large\">\ud83d\udcb3<\/span>\n            <h3 class=\"card-title\">Sistema de pago seguro \u201cPay on Tour<\/h3>\n            <p class=\"card-text\">Damos prioridad a su tranquilidad. Le ofrecemos una experiencia de reserva sin riesgos, sin necesidad de prepago en l\u00ednea: solo tiene que reservar su plaza y pagar el mismo d\u00eda.<\/p>\n        <\/div>\n\n        <div class=\"info-card\">\n            <span class=\"card-icon-large\">\ud83d\udccd<\/span>\n            <h3 class=\"card-title\">Conocimientos locales inigualables<\/h3>\n            <p class=\"card-text\">Trabajamos exclusivamente con gu\u00edas locales profesionales y equipos de expertos que conocen cada rinc\u00f3n de Kemer y Antalya.<\/p>\n        <\/div>\n\n        <div class=\"info-card\">\n            <span class=\"card-icon-large\">\ud83c\udfa7<\/span>\n            <h3 class=\"card-title\">Asistencia Premium 24\/7<\/h3>\n            <p class=\"card-text\">Nuestro equipo profesional de asistencia est\u00e1 siempre a su disposici\u00f3n para ayudarle antes, durante y despu\u00e9s de su viaje.<\/p>\n        <\/div>\n\n        <div class=\"legal-footer-box\">\n            <h3 style=\"color:#1f3c88; font-weight:700;\">Asociaci\u00f3n operativa y confianza<\/h3>\n            <p>Todas las actividades est\u00e1n organizadas, gestionadas y aseguradas a todo riesgo por:<\/p>\n            <p><strong>GINZA TRAVEL (N\u00ba de licencia: 4179)<\/strong><br>\n            Direcci\u00f3n: Merkez Mah. Atat\u00fcrk Cad. No:3 Kemer \/ Antalya, Turqu\u00eda<\/p>\n        <\/div>\n\n    <\/div>\n<\/div>\t\t\t\t\t\t\t\t<\/div>\n\t\t\t\t<\/div>\n\t\t\t\t\t<\/div>\n\t\t\t\t<\/div>\n\t\t\t\t<\/div>","protected":false},"excerpt":{"rendered":"<p>\n    \/* Ana kapsay\u0131c\u0131 ve d\u0131\u015f bo\u015fluk s\u0131f\u0131rlama *\/<br \/>\n    .about-main-wrapper {<br \/>\n        font-family: &#8216;Segoe UI&#8217;, <\/p>","protected":false},"author":2,"featured_media":0,"parent":0,"menu_order":0,"comment_status":"closed","ping_status":"closed","template":"","meta":{"footnotes":""},"class_list":["post-16522","page","type-page","status-publish","hentry"],"aioseo_notices":[],"_links":{"self":[{"href":"https:\/\/excursionsworld.com\/es\/wp-json\/wp\/v2\/pages\/16522","targetHints":{"allow":["GET"]}}],"collection":[{"href":"https:\/\/excursionsworld.com\/es\/wp-json\/wp\/v2\/pages"}],"about":[{"href":"https:\/\/excursionsworld.com\/es\/wp-json\/wp\/v2\/types\/page"}],"author":[{"embeddable":true,"href":"https:\/\/excursionsworld.com\/es\/wp-json\/wp\/v2\/users\/2"}],"replies":[{"embeddable":true,"href":"https:\/\/excursionsworld.com\/es\/wp-json\/wp\/v2\/comments?post=16522"}],"version-history":[{"count":0,"href":"https:\/\/excursionsworld.com\/es\/wp-json\/wp\/v2\/pages\/16522\/revisions"}],"wp:attachment":[{"href":"https:\/\/excursionsworld.com\/es\/wp-json\/wp\/v2\/media?parent=16522"}],"curies":[{"name":"wp","href":"https:\/\/api.w.org\/{rel}","templated":true}]}}