{"id":12742,"date":"2025-05-08T16:15:35","date_gmt":"2025-05-08T13:15:35","guid":{"rendered":"https:\/\/excursionsworld.com\/?post_type=product&#038;p=12742"},"modified":"2026-04-23T05:58:41","modified_gmt":"2026-04-23T02:58:41","slug":"acuario-tunel-antalya-desde-kemer","status":"publish","type":"product","link":"https:\/\/excursionsworld.com\/tours\/antalya-tunnel-aquarium-tour-kemer\/","title":{"rendered":"Acuario T\u00fanel de Antalya tour desde Kemer"},"content":{"rendered":"<h2 dir=\"ltr\" data-pm-slice=\"1 1 []\"><span style=\"color: #000000;\"><strong>\ud83d\udc20 Visi\u00f3n general<\/strong><\/span><\/h2>\n<p dir=\"ltr\">Sum\u00e9rgete en un mundo submarino con un tour de medio d\u00eda al Acuario de Antalya desde <a href=\"https:\/\/en.wikipedia.org\/wiki\/Kemer,_Antalya\" target=\"_blank\" rel=\"noopener\">Kemer<\/a> \u00a1y \u00e1reas circundantes! Explora el acuario en t\u00fanel y Snow World. \u00a1Perfecto para familias, este tour de ~4 horas ha deleitado a m\u00e1s de 500 invitados!<\/p>\n<h3 dir=\"ltr\"><span style=\"color: #000000;\"><strong>Incluido:<\/strong><\/span><\/h3>\n<p dir=\"ltr\"><span style=\"color: #00ff00;\"><strong>\u2713<\/strong> <\/span>Recogida y entrega en el hotel<br \/>\n<span style=\"color: #00ff00;\"><strong>\u2713<\/strong> <\/span>Seguros<br \/>\n<span style=\"color: #00ff00;\"><strong>\u2713<\/strong> <\/span>C\u00f3modo autob\u00fas con aire acondicionado<br \/>\n<span style=\"color: #00ff00;\"><strong>\u2713<\/strong> <\/span>Entrada al acuario de Antalya<\/p>\n<h3 dir=\"ltr\"><span style=\"color: #000000;\"><strong>No se incluye:<\/strong><\/span><\/h3>\n<p dir=\"ltr\"><span style=\"color: #ff0000;\"><strong>\u2717<\/strong><\/span> Bebidas<br \/>\n<span style=\"color: #ff0000;\"><strong>\u2717 <\/strong><\/span>Gastos personales<\/p>\n<h2 dir=\"ltr\"><span style=\"color: #000000;\"><strong>Destacados<\/strong><\/span><\/h2>\n<p dir=\"ltr\">\ud83d\udd39 Acuario t\u00fanel de 131 metros con tiburones<br \/>\n\ud83d\udd39 Peces ex\u00f3ticos y criaturas marinas<br \/>\n\ud83d\udd39 Exposiciones tem\u00e1ticas en el acuario<br \/>\n\ud83d\udd39 El pa\u00eds de las maravillas invernal en Snow World<br \/>\n\ud83d\udd39 Traslado desde Kemer<\/p>\n<h2 dir=\"ltr\"><span style=\"color: #000000;\"><strong>\ud83d\udcd6 Descripci\u00f3n completa<\/strong><\/span><\/h2>\n<p dir=\"ltr\">Emb\u00e1rquese en una aventura de medio d\u00eda desde Kemer hasta el acuario de Antalya con un c\u00f3modo traslado. Pasee por el acuario t\u00fanel, donde los tiburones nadan por encima de la cabeza y los peces vibrantes crean un espect\u00e1culo submarino. Experimente una escapada invernal en Snow World, jugando en la nieve. Tras 1,5-2 horas de exploraci\u00f3n, regrese a su hotel con v\u00edvidos recuerdos.<\/p>\n<h3 dir=\"ltr\"><span style=\"color: #000000;\"><strong>\ud83d\uddfa\ufe0f Itinerario<\/strong><\/span><\/h3>\n<p dir=\"ltr\">\ud83d\udd39 Recogida en Kemer y alrededores.<br \/>\n\ud83d\udd39 Llegada al acuario de Antalya<br \/>\n\ud83d\udd39 Tiempo libre en el acuario y Snow World (1,5-2 horas)<br \/>\n\ud83d\udd39 Regreso al hotel<\/p>\n<h3 dir=\"ltr\"><span style=\"color: #000000;\"><strong>\u2139\ufe0f Informaci\u00f3n \u00fatil<\/strong><\/span><\/h3>\n<div dir=\"ltr\">Duraci\u00f3n: ~4 horas (excursi\u00f3n de medio d\u00eda)<br \/>\n\ud83d\udd39 Apto para personas con movilidad b\u00e1sica<br \/>\n\ud83d\udd39 Poca actividad f\u00edsica<br \/>\n\ud83d\udd39 Prohibida la fotograf\u00eda con flash en el acuario<\/div>\n<div dir=\"ltr\">\ud83d\udd39 Los ni\u00f1os que viajan por libre no tienen un asiento individual en el autob\u00fas. Si el autob\u00fas va lleno, se sientan en el regazo de un adulto, o se puede reservar un asiento aparte<\/div>\n<h2 dir=\"ltr\"><span style=\"color: #000000;\"><strong>Qu\u00e9 llevar<\/strong><\/span><\/h2>\n<p dir=\"ltr\">\ud83d\udd39 Efectivo para gastos<br \/>\n\ud83d\udd39 Zapatos c\u00f3modos<br \/>\n\ud83d\udd39 C\u00e1mara (sin flash en el acuario)<\/p>\n<div dir=\"ltr\">\n<h3 dir=\"ltr\"><span style=\"color: #000000;\"><strong>\ud83d\udeab No apto para<\/strong><\/span><\/h3>\n<p dir=\"ltr\">\ud83d\udd39 Personas con movilidad reducida (paseos largos)<br \/>\n\ud83d\udd39 Beb\u00e9s menores de 2 a\u00f1os (duraci\u00f3n del viaje)<\/p>\n<\/div>\n<h2>\ud83d\udcb8 Precios y reservas<\/h2>\n<p><strong>\ud83d\udd39 Reserva ahora, paga el d\u00eda de la excursi\u00f3n<\/strong><br \/>\ud83d\udd39 Contacta con nosotros v\u00eda WhatsApp, Telegram o Viber para reservas y detalles \ud83d\udc47\ud83c\udffc<\/p>\n<p>\u00bfBuscas alternativas? Explora <a href=\"https:\/\/excursionsworld.com\/es\/urun-kategori\/excursiones-kemer\/\">m\u00e1s tours en Kemer<\/a>.<\/p>","protected":false},"excerpt":{"rendered":"<p>Reserva el <b>Excursi\u00f3n al acuario de Kemer Antalya<\/b>\u00a1! Media jornada <b>viaje<\/b> para ver los 131 m <strong>acuario t\u00fanel<\/strong>, Mundo de nieve y peces ex\u00f3ticos. Diversi\u00f3n en familia <b>excursi\u00f3n<\/b>.<\/p>","protected":false},"featured_media":12743,"comment_status":"open","ping_status":"closed","template":"","meta":[],"product_brand":[],"product_cat":[124],"product_tag":[105],"class_list":{"0":"post-12742","1":"product","2":"type-product","3":"status-publish","4":"has-post-thumbnail","6":"tour_phys-kemer-tours","7":"product_cat-kemer-tours","8":"product_tag-kemer","9":"pa_destination-kemer-tours","11":"first","12":"instock","13":"sale","14":"shipping-taxable","15":"purchasable","16":"product-type-tour_phys"},"aioseo_notices":[],"_links":{"self":[{"href":"https:\/\/excursionsworld.com\/es\/wp-json\/wp\/v2\/product\/12742","targetHints":{"allow":["GET"]}}],"collection":[{"href":"https:\/\/excursionsworld.com\/es\/wp-json\/wp\/v2\/product"}],"about":[{"href":"https:\/\/excursionsworld.com\/es\/wp-json\/wp\/v2\/types\/product"}],"replies":[{"embeddable":true,"href":"https:\/\/excursionsworld.com\/es\/wp-json\/wp\/v2\/comments?post=12742"}],"wp:featuredmedia":[{"embeddable":true,"href":"https:\/\/excursionsworld.com\/es\/wp-json\/wp\/v2\/media\/12743"}],"wp:attachment":[{"href":"https:\/\/excursionsworld.com\/es\/wp-json\/wp\/v2\/media?parent=12742"}],"wp:term":[{"taxonomy":"product_brand","embeddable":true,"href":"https:\/\/excursionsworld.com\/es\/wp-json\/wp\/v2\/product_brand?post=12742"},{"taxonomy":"product_cat","embeddable":true,"href":"https:\/\/excursionsworld.com\/es\/wp-json\/wp\/v2\/product_cat?post=12742"},{"taxonomy":"product_tag","embeddable":true,"href":"https:\/\/excursionsworld.com\/es\/wp-json\/wp\/v2\/product_tag?post=12742"}],"curies":[{"name":"wp","href":"https:\/\/api.w.org\/{rel}","templated":true}]}}