{"id":12867,"date":"2025-05-10T11:36:33","date_gmt":"2025-05-10T08:36:33","guid":{"rendered":"https:\/\/excursionsworld.com\/?post_type=product&#038;p=12867"},"modified":"2026-04-24T00:20:33","modified_gmt":"2026-04-23T21:20:33","slug":"paseo-a-caballo-kemer","status":"publish","type":"product","link":"https:\/\/excursionsworld.com\/tours\/kemer-horseback-riding-tour\/","title":{"rendered":"Paseo a caballo en Kemer tour \u2013 entre naturaleza"},"content":{"rendered":"<h2 dir=\"ltr\" data-pm-slice=\"1 1 []\"><span style=\"color: #000000;\"><strong>\ud83d\udc0e Visi\u00f3n general<\/strong><\/span><\/h2>\n<p dir=\"ltr\">Emb\u00e1rquese en un sereno tour a caballo desde <a href=\"https:\/\/en.wikipedia.org\/wiki\/Kemer,_Antalya\" target=\"_blank\" rel=\"noopener\">Kemer<\/a> \u00a1y alrededores! Disfruta de un recorrido de 1 hora por senderos forestales, con opciones para extenderlo a 2 o 3 horas. Perfecto para principiantes y amantes de la naturaleza, este tour de aproximadamente 2-3 horas incluye traslados.<\/p>\n<h3 dir=\"ltr\"><strong><span style=\"color: #000000;\">Incluido:<\/span><\/strong><\/h3>\n<p dir=\"ltr\"><span style=\"color: #00ff00;\"><strong>\u2713<\/strong> <\/span>Recogida y entrega en el hotel<br \/>\n<span style=\"color: #00ff00;\"><strong>\u2713<\/strong> <\/span>1 hora de equitaci\u00f3n<br \/>\n<span style=\"color: #00ff00;\"><strong>\u2713<\/strong> <\/span>Gu\u00eda profesional, caballos adiestrados<br \/>\n<span style=\"color: #00ff00;\"><strong>\u2713<\/strong> <\/span>Seguro a todo riesgo<br \/>\n<span style=\"color: #00ff00;\"><strong>\u2713<\/strong> <\/span>Transporte c\u00f3modo<br \/>\n<span style=\"color: #00ff00;\"><strong>\u2713<\/strong> <\/span>Ba\u00f1o opcional en la piscina del rancho<\/p>\n<h3 dir=\"ltr\"><span style=\"color: #000000;\"><strong>No se incluye:<\/strong><\/span><\/h3>\n<p dir=\"ltr\"><span style=\"color: #ff0000;\"><strong>\u2717<\/strong><\/span> Bebidas<br \/>\n<span style=\"color: #ff0000;\"><strong>\u2717<\/strong><\/span>Gastos personales<\/p>\n<h2 dir=\"ltr\"><span style=\"color: #000000;\"><strong>\ud83c\udf33 Aspectos destacados<\/strong><\/span><\/h2>\n<p dir=\"ltr\">\ud83d\udd39 Paseo de 1 hora por pinares<br \/>\n\ud83d\udd39 Apto para todos los niveles de habilidad<br \/>\n\ud83d\udd39 Caballos amistosos y gu\u00edas experimentados<br \/>\n\ud83d\udd39 Paseos opcionales de 2 o 3 horas<br \/>\n\ud83d\udd39 Refrescante ba\u00f1o en la piscina del rancho.<\/p>\n<h2 dir=\"ltr\"><span style=\"color: #000000;\"><strong>\ud83d\udcd6 Descripci\u00f3n completa<\/strong><\/span><\/h2>\n<p dir=\"ltr\">Comience el d\u00eda con un traslado desde Kemer o zonas cercanas hasta un rancho local. Tras una breve sesi\u00f3n informativa, ensille el caballo y emprenda un paseo de una hora por pintorescos senderos de monta\u00f1a, rodeado de pinos y sonidos de la naturaleza. Tanto si es un jinete novato como experimentado, los caballos adiestrados y los gu\u00edas profesionales garantizan la seguridad y el disfrute. Ampl\u00ede su paseo a 2 \u00f3 3 horas por un suplemento para vivir m\u00e1s aventuras. De vuelta en el rancho, refr\u00e9squese en la piscina (opcional) antes de regresar a su hotel, lleno del encanto de la naturaleza.<\/p>\n<h3 dir=\"ltr\"><span style=\"color: #000000;\"><strong>\ud83d\uddfa\ufe0f Itinerario<\/strong><\/span><\/h3>\n<p dir=\"ltr\">\ud83d\udd39 Recogida en Kemer y alrededores.<br \/>\n\ud83d\udd39 Llegada al rancho<br \/>\n\ud83d\udd39 Briefing e instrucci\u00f3n de conducci\u00f3n<br \/>\n\ud83d\udd39 Paseo por senderos de 1 hora<br \/>\n\ud83d\udd39 Nataci\u00f3n opcional en el rancho.<br \/>\n\ud83d\udd39 Regreso al hotel<\/p>\n<h3 dir=\"ltr\"><span style=\"color: #000000;\"><strong>\u2139\ufe0f Informaci\u00f3n \u00fatil<\/strong><\/span><\/h3>\n<p dir=\"ltr\">\ud83d\udd39 Duraci\u00f3n: ~2-3 horas (recorrido corto, traslados incluidos)<br \/>\n\ud83d\udd39 Poca actividad f\u00edsica (equitaci\u00f3n y nataci\u00f3n opcional).<br \/>\n\ud83d\udd39 No se requiere experiencia en equitaci\u00f3n; se proporciona formaci\u00f3n.<br \/>\n\ud83d\udd39 Paseos opcionales de 2 o 3 horas disponibles por un suplemento.<br \/>\n\ud83d\udd39 Se proporcionan cascos para mayor seguridad<\/p>\n<h3 dir=\"ltr\"><span style=\"color: #000000;\"><strong>\ud83d\udeab No apto para<\/strong><\/span><\/h3>\n<p dir=\"ltr\">\ud83d\udd39 Ni\u00f1os menores de 6 a\u00f1os<br \/>\n\ud83d\udd39 Personas con problemas graves de espalda o cuello.<br \/>\n\ud83d\udd39 Mujeres embarazadas<\/p>\n<h2 dir=\"ltr\"><span style=\"color: #000000;\"><strong>Qu\u00e9 llevar<\/strong><\/span><\/h2>\n<p dir=\"ltr\">\ud83d\udd39 Gafas de sol y protecci\u00f3n solar.<br \/>\n\ud83d\udd39 Ba\u00f1ador y toalla (para nadar).<br \/>\n\ud83d\udd39 Dinero en efectivo para bebidas o servicios extra.<\/p>\n<h2 dir=\"ltr\"><span style=\"color: #000000;\"><strong>\ud83d\udcb8 Precios y reservas<\/strong><\/span><\/h2>\n<p dir=\"ltr\"><strong>\ud83d\udd39 Reserva ahora - paga el d\u00eda de la excursi\u00f3n<\/strong><br \/>\n\ud83d\udd39 Ponte en contacto con nosotros a trav\u00e9s de WhatsApp, Telegram, Viber, o rellena el siguiente formulario de reserva. \ud83d\udc47\ud83c\udffc<\/p>\n<p>\u00bfBuscas alternativas? Explora <a href=\"https:\/\/excursionsworld.com\/es\/excursiones-kemer\/\">m\u00e1s tours en Kemer<\/a>.<\/p>","protected":false},"excerpt":{"rendered":"<p>Disfrute de<b> Paseos a caballo en Kemer<\/b> <b>visita<\/b>\u00a1! Disfruta <b>senderos naturales<\/b> a trav\u00e9s de bosques de pinos. <b>Apto para principiantes<\/b> Tiempo opcional de piscina en el rancho. <b>Transferencia<\/b> incluido.<\/p>","protected":false},"featured_media":12868,"comment_status":"open","ping_status":"closed","template":"","meta":[],"product_brand":[],"product_cat":[124],"product_tag":[105],"class_list":{"0":"post-12867","1":"product","2":"type-product","3":"status-publish","4":"has-post-thumbnail","6":"tour_phys-kemer-tours","7":"product_cat-kemer-tours","8":"product_tag-kemer","9":"pa_destination-kemer-tours","11":"first","12":"instock","13":"sale","14":"featured","15":"shipping-taxable","16":"purchasable","17":"product-type-tour_phys"},"aioseo_notices":[],"_links":{"self":[{"href":"https:\/\/excursionsworld.com\/es\/wp-json\/wp\/v2\/product\/12867","targetHints":{"allow":["GET"]}}],"collection":[{"href":"https:\/\/excursionsworld.com\/es\/wp-json\/wp\/v2\/product"}],"about":[{"href":"https:\/\/excursionsworld.com\/es\/wp-json\/wp\/v2\/types\/product"}],"replies":[{"embeddable":true,"href":"https:\/\/excursionsworld.com\/es\/wp-json\/wp\/v2\/comments?post=12867"}],"wp:featuredmedia":[{"embeddable":true,"href":"https:\/\/excursionsworld.com\/es\/wp-json\/wp\/v2\/media\/12868"}],"wp:attachment":[{"href":"https:\/\/excursionsworld.com\/es\/wp-json\/wp\/v2\/media?parent=12867"}],"wp:term":[{"taxonomy":"product_brand","embeddable":true,"href":"https:\/\/excursionsworld.com\/es\/wp-json\/wp\/v2\/product_brand?post=12867"},{"taxonomy":"product_cat","embeddable":true,"href":"https:\/\/excursionsworld.com\/es\/wp-json\/wp\/v2\/product_cat?post=12867"},{"taxonomy":"product_tag","embeddable":true,"href":"https:\/\/excursionsworld.com\/es\/wp-json\/wp\/v2\/product_tag?post=12867"}],"curies":[{"name":"wp","href":"https:\/\/api.w.org\/{rel}","templated":true}]}}