{"id":12885,"date":"2025-05-10T13:28:00","date_gmt":"2025-05-10T10:28:00","guid":{"rendered":"https:\/\/excursionsworld.com\/?post_type=product&#038;p=12885"},"modified":"2025-12-10T12:46:36","modified_gmt":"2025-12-10T09:46:36","slug":"show-delfines-nado-kemer","status":"publish","type":"product","link":"https:\/\/excursionsworld.com\/tours\/dolphin-show-swim-kemer\/","title":{"rendered":"Show de Delfines en Kemer &amp; Nado con Delfines \u2013 Diversi\u00f3n Familiar"},"content":{"rendered":"<h3 dir=\"ltr\"><span style=\"color: #000000;\"><strong>\ud83c\udfadOverview<\/strong><\/span><\/h3>\n<p dir=\"ltr\">Sum\u00e9rjase en la alegr\u00eda con un espect\u00e1culo de delfines desde Kemer y sus alrededores. Disfrute de un espect\u00e1culo de 50 minutos con delfines acrob\u00e1ticos y un ba\u00f1o opcional. Perfecto para familias, este tour de ~3-4 horas incluye traslados.<\/p>\n<h3 dir=\"ltr\"><span style=\"color: #000000;\"><strong>Incluye<\/strong>:<\/span><\/h3>\n<p dir=\"ltr\"><span style=\"color: #00ff00;\"><strong>\u2713<\/strong><\/span> Recogida y entrega en el hotel<br \/>\n<span style=\"color: #00ff00;\"><strong>\u2713 <\/strong><\/span>Entrada al espect\u00e1culo de delfines<br \/>\n<span style=\"color: #00ff00;\"><strong>\u2713 <\/strong><\/span>C\u00f3modo autob\u00fas con aire acondicionado<br \/>\n<span style=\"color: #00ff00;\"><strong>\u2713 <\/strong><\/span>Seguro a todo riesgo<br \/>\n<span style=\"color: #00ff00;\"><strong>\u2713 <\/strong><\/span>Gu\u00eda<\/p>\n<h3 dir=\"ltr\"><span style=\"color: #000000;\"><strong>No se incluye:<\/strong><\/span><\/h3>\n<p dir=\"ltr\"><span style=\"color: #ff0000;\"><strong>\u2717<\/strong> <\/span>Gastos personales, fotos y v\u00eddeos<br \/>\n<span style=\"color: #ff0000;\"><strong>\u2717<\/strong> <\/span>Bebidas<br \/>\n<span style=\"color: #ff0000;\"><strong>\u2717<\/strong> <\/span>Nadar con delfines (cargo adicional)<\/p>\n<h3 dir=\"ltr\"><span style=\"color: #000000;\"><strong>\ud83c\udfad Aspectos destacados<\/strong><\/span><\/h3>\n<p dir=\"ltr\">\ud83d\udd39 Espect\u00e1culo de delfines de 50 minutos con saltos y trucos.<br \/>\n\ud83d\udd39 Divertido y educativo para todas las edades<br \/>\n\ud83d\udd39 Delfines juguetones y entrenadores expertos<br \/>\n\ud83d\udd39 Nado opcional con delfines<br \/>\n\ud83d\udd39 Entretenimiento para toda la familia<\/p>\n<h3 dir=\"ltr\"><span style=\"color: #000000;\"><strong>\ud83d\udcd6 Descripci\u00f3n completa<\/strong><\/span><\/h3>\n<p dir=\"ltr\">Emb\u00e1rquese en una deliciosa aventura con un traslado desde el hotel de Kemer o zonas cercanas hasta uno de los mejores delfinarios de Antalya. Asista a un espect\u00e1culo de 50 minutos en el que los inteligentes delfines realizan impresionantes saltos, bailes y juguetones trucos junto a sus entrenadores. La coreograf\u00eda cautiva tanto a ni\u00f1os como a adultos, mezclando diversi\u00f3n con fascinantes conocimientos sobre la vida marina. Para un encuentro m\u00e1s cercano, opte por nadar con los delfines (coste adicional, previa reserva). Despu\u00e9s del espect\u00e1culo, disfrute de tiempo libre y regrese a su hotel sonriente tras esta conmovedora experiencia.<\/p>\n<h3 dir=\"ltr\"><span style=\"color: #000000;\"><strong>\ud83d\uddfa\ufe0f Itinerario<\/strong><\/span><\/h3>\n<p dir=\"ltr\">\ud83d\udd39 Recogida en Kemer y alrededores.<br \/>\n\ud83d\udd39 Llegada al delfinario<br \/>\n\ud83d\udd39 Espect\u00e1culo con delfines (50 minutos)<br \/>\n\ud83d\udd39 Tiempo libre y ba\u00f1o con delfines opcional.<br \/>\n\ud83d\udd39 Regreso al hotel<\/p>\n<h3 dir=\"ltr\"><span style=\"color: #000000;\"><strong>\u2139\ufe0f Informaci\u00f3n \u00fatil<\/strong><\/span><\/h3>\n<p dir=\"ltr\">\ud83d\udd39 Duraci\u00f3n: ~3-4 horas (recorrido corto, traslados incluidos)<br \/>\n\ud83d\udd39 Poca actividad f\u00edsica (mirar y caminar)<\/p>\n<h3 dir=\"ltr\"><span style=\"color: #000000;\"><strong>Qu\u00e9 llevar<\/strong><\/span><\/h3>\n<p dir=\"ltr\">Gafas de sol \ud83d\udd39<br \/>\n\ud83d\udd39 C\u00e1mara o smartphone<br \/>\n\ud83d\udd39 Dinero en efectivo para bebidas o servicios extra.<br \/>\n\ud83d\udd39 Ropa c\u00f3moda<\/p>\n<h3 dir=\"ltr\"><span style=\"color: #000000;\"><strong>\ud83d\udeab No apto para<\/strong><\/span><\/h3>\n<p dir=\"ltr\">\ud83d\udd39 Personas con alergias graves a los animales<br \/>\n\ud83d\udd39 Hu\u00e9spedes con limitaciones importantes de movilidad (contactar con antelaci\u00f3n)<\/p>\n<div class=\"elementor-element elementor-element-884d539 e-con-full e-flex e-con e-child\" data-id=\"884d539\" data-element_type=\"container\">\n<div id=\"description\" class=\"elementor-element elementor-element-337037cc elementor-widget elementor-widget-thim-ekits-tours-content\" data-id=\"337037cc\" data-element_type=\"widget\" data-widget_type=\"thim-ekits-tours-content.default\">\n<div class=\"elementor-widget-container\">\n<div class=\"thim-ekit-single-tour__content\">\n<h3 data-start=\"3840\" data-end=\"3867\">\ud83d\udcb8 Precios y reservas<\/h3>\n<p data-start=\"3868\" data-end=\"3996\"><strong>\ud83d\udd39 Reserva ahora, paga el d\u00eda de la excursi\u00f3n<\/strong><br data-start=\"3907\" data-end=\"3910\" \/>\ud83d\udd39 Ponte en contacto con nosotros a trav\u00e9s de WhatsApp, Telegram, Viber, o rellena el siguiente formulario de reserva \ud83d\udc47\ud83c\udffc<\/p>\n<\/div>\n<\/div>\n<\/div>\n<\/div>","protected":false},"excerpt":{"rendered":"<p>El perfecto <b>excursi\u00f3n familiar<\/b>\u00a1! Disfrute de los 50 minutos <b>Espect\u00e1culo de delfines en Kemer<\/b> u optar por una m\u00e1gica <b>nadar con delfines<\/b>\u00a1! Marino inolvidable <b>excursi\u00f3n<\/b>. <b>Transferencia<\/b> incluido.<\/p>","protected":false},"featured_media":12886,"comment_status":"open","ping_status":"closed","template":"","meta":[],"product_brand":[],"product_cat":[124],"product_tag":[105],"class_list":{"0":"post-12885","1":"product","2":"type-product","3":"status-publish","4":"has-post-thumbnail","6":"tour_phys-kemer-tours","7":"product_cat-kemer-tours","8":"product_tag-kemer","9":"pa_destination-kemer-tours","11":"first","12":"instock","13":"sale","14":"featured","15":"shipping-taxable","16":"purchasable","17":"product-type-tour_phys"},"aioseo_notices":[],"_links":{"self":[{"href":"https:\/\/excursionsworld.com\/es\/wp-json\/wp\/v2\/product\/12885","targetHints":{"allow":["GET"]}}],"collection":[{"href":"https:\/\/excursionsworld.com\/es\/wp-json\/wp\/v2\/product"}],"about":[{"href":"https:\/\/excursionsworld.com\/es\/wp-json\/wp\/v2\/types\/product"}],"replies":[{"embeddable":true,"href":"https:\/\/excursionsworld.com\/es\/wp-json\/wp\/v2\/comments?post=12885"}],"wp:featuredmedia":[{"embeddable":true,"href":"https:\/\/excursionsworld.com\/es\/wp-json\/wp\/v2\/media\/12886"}],"wp:attachment":[{"href":"https:\/\/excursionsworld.com\/es\/wp-json\/wp\/v2\/media?parent=12885"}],"wp:term":[{"taxonomy":"product_brand","embeddable":true,"href":"https:\/\/excursionsworld.com\/es\/wp-json\/wp\/v2\/product_brand?post=12885"},{"taxonomy":"product_cat","embeddable":true,"href":"https:\/\/excursionsworld.com\/es\/wp-json\/wp\/v2\/product_cat?post=12885"},{"taxonomy":"product_tag","embeddable":true,"href":"https:\/\/excursionsworld.com\/es\/wp-json\/wp\/v2\/product_tag?post=12885"}],"curies":[{"name":"wp","href":"https:\/\/api.w.org\/{rel}","templated":true}]}}