{"id":12893,"date":"2025-05-10T13:52:10","date_gmt":"2025-05-10T10:52:10","guid":{"rendered":"https:\/\/excursionsworld.com\/?post_type=product&#038;p=12893"},"modified":"2026-04-24T00:20:35","modified_gmt":"2026-04-23T21:20:35","slug":"pesca-picnic-kemer","status":"publish","type":"product","link":"https:\/\/excursionsworld.com\/tours\/kemer-fishing-picnic-tour-ulupinar\/","title":{"rendered":"Pesca y picnic tour desde Kemer \u2013 medio d\u00eda en Ulup\u0131nar"},"content":{"rendered":"<h2 dir=\"ltr\" data-pm-slice=\"1 1 []\"><span style=\"color: #000000;\"><strong>\ud83c\udfa3 Visi\u00f3n general<\/strong><\/span><\/h2>\n<p dir=\"ltr\">Escapa del ajetreo y el bullicio con un picnic y un tour de pesca en Ulup\u0131nar desde <a href=\"https:\/\/en.wikipedia.org\/wiki\/Kemer,_Antalya\" target=\"_blank\" rel=\"noopener\">Kemer<\/a> \u00a1y alrededores! Disfruta de un d\u00eda de relax junto al r\u00edo, pesca y un delicioso almuerzo en plena naturaleza. Apto para todas las edades, este tour dura aproximadamente 5-6 horas.<\/p>\n<h3 dir=\"ltr\"><span style=\"color: #000000;\"><strong>Incluye<\/strong><\/span>:<\/h3>\n<p dir=\"ltr\"><span style=\"color: #00ff00;\"><strong>\u2713<\/strong> <\/span>Recogida y entrega en el hotel<br \/>\n<span style=\"color: #00ff00;\"><strong>\u2713 <\/strong><\/span>Gu\u00eda profesional<br \/>\n<span style=\"color: #00ff00;\"><strong>\u2713 <\/strong><\/span>Seguro a todo riesgo<br \/>\n<span style=\"color: #00ff00;\"><strong>\u2713 <\/strong><\/span>C\u00f3modo autob\u00fas con aire acondicionado<br \/>\n<span style=\"color: #00ff00;\"><strong>\u2713 <\/strong><\/span>Almuerzo y bebidas junto al r\u00edo<br \/>\n<span style=\"color: #00ff00;\"><strong>\u2713 <\/strong><\/span>Equipos de pesca<\/p>\n<h3 dir=\"ltr\"><span style=\"color: #000000;\"><strong>No se incluye:<\/strong><\/span><\/h3>\n<p dir=\"ltr\"><span style=\"color: #ff0000;\"><strong>\u2717<\/strong> <\/span>Gastos personales, fotos y v\u00eddeos<\/p>\n<h2 dir=\"ltr\"><span style=\"color: #000000;\"><strong>\ud83c\udf33 Aspectos destacados<\/strong><\/span><\/h2>\n<p dir=\"ltr\">\ud83d\udd39 Tranquilo picnic junto a las frescas aguas de Ulup\u0131nar.<br \/>\n\ud83d\udd39 1,5 horas de pesca con la opci\u00f3n de cocinar tus capturas.<br \/>\n\ud83d\udd39 Zonas de relajaci\u00f3n sombreadas<br \/>\n\ud83d\udd39 Naturaleza esc\u00e9nica perfecta para familias y parejas<br \/>\n\ud83d\udd39 Relajante experiencia al aire libre<\/p>\n<h2 dir=\"ltr\"><span style=\"color: #000000;\"><strong>\ud83d\udcd6 Descripci\u00f3n completa<\/strong><\/span><\/h2>\n<p dir=\"ltr\">Sum\u00e9rjase en la tranquilidad con un traslado desde Kemer o zonas cercanas hasta Ulup\u0131nar, famosa por sus frescos arroyos y exuberantes paisajes. En un restaurante a orillas del r\u00edo, inst\u00e1lese para una sesi\u00f3n de pesca de hora y media en pozas designadas o simplemente rel\u00e1jese en un merendero a la sombra. Capture peces que le preparar\u00e1n al momento. Disfrute de un delicioso almuerzo junto al r\u00edo, empap\u00e1ndose del ambiente de los pinos y el murmullo del agua. Esta excursi\u00f3n familiar combina naturaleza y relajaci\u00f3n, y le devolver\u00e1 a su hotel renovado.<\/p>\n<h3 dir=\"ltr\"><span style=\"color: #000000;\"><strong>\ud83d\uddfa\ufe0f Itinerario<\/strong><\/span><\/h3>\n<p dir=\"ltr\">\ud83d\udd39 Recogida en Kemer y alrededores.<br \/>\n\ud83d\udd39 Llegada al restaurante Ulup\u0131nar.<br \/>\n\ud83d\udd39 Sesi\u00f3n informativa sobre pesca<br \/>\n\ud83d\udd39 1,5 horas de pesca o tiempo libre.<br \/>\n\ud83d\udd39 Almuerzo junto al r\u00edo<br \/>\n\ud83d\udd39 Regreso al hotel<\/p>\n<h3 dir=\"ltr\"><span style=\"color: #000000;\"><strong>\u2139\ufe0f Informaci\u00f3n \u00fatil<\/strong><\/span><\/h3>\n<p dir=\"ltr\">Duraci\u00f3n: ~5-6 horas (excursi\u00f3n de medio d\u00eda)<br \/>\n\ud83d\udd39 Poca actividad f\u00edsica (pescar o relajarse).<br \/>\n\ud83d\udd39 La pesca es opcional; puedes simplemente disfrutar del picnic<br \/>\n\ud83d\udd39 El pescado capturado se puede cocinar<br \/>\n\ud83d\udd39 Excursi\u00f3n disponible todos los d\u00edas durante la temporada de verano<br \/>\n\ud83d\udd39 Apto para todas las edades<\/p>\n<h2 dir=\"ltr\">Qu\u00e9 llevar<\/h2>\n<p dir=\"ltr\">\ud83d\udd39 Gafas de sol y protecci\u00f3n solar.<br \/>\n\ud83d\udd39 C\u00e1mara (opcional)<\/p>\n<h3 dir=\"ltr\"><span style=\"color: #000000;\"><strong>\ud83d\udeab No apto para<\/strong><\/span><\/h3>\n<p dir=\"ltr\">\ud83d\udd39 Hu\u00e9spedes con graves problemas de movilidad.<br \/>\n\ud83d\udd39 Personas a las que no les gustan las actividades al aire libre<\/p>\n<h2 dir=\"ltr\"><span style=\"color: #000000;\"><strong>\ud83d\udcb8 Precios y reservas<\/strong><\/span><\/h2>\n<p dir=\"ltr\"><strong>\ud83d\udd39 Reserva ahora - paga el d\u00eda de la excursi\u00f3n<\/strong><br \/>\n\ud83d\udd39 Ponte en contacto con nosotros a trav\u00e9s de WhatsApp, Telegram, Viber, o rellena el siguiente formulario de reserva. \ud83d\udc47\ud83c\udffc<\/p>\n<p>\u00bfBuscas alternativas? Explora <a href=\"https:\/\/excursionsworld.com\/es\/excursiones-kemer\/\">m\u00e1s tours en Kemer<\/a>.<\/p>","protected":false},"excerpt":{"rendered":"<p>Reserve su <b>excursi\u00f3n de un d\u00eda<\/b>\u00a1! Disfruta <b>Kemer Pesca y Picnic<\/b> <b>excursi\u00f3n<\/b> en tranquilidad <b>Ulup\u0131nar<\/b> junto al r\u00edo. Pesque (cocine su <b>captura<\/b>!), relajarse y tener el almuerzo y las bebidas incluidas.<\/p>","protected":false},"featured_media":12894,"comment_status":"open","ping_status":"closed","template":"","meta":[],"product_brand":[],"product_cat":[124],"product_tag":[105],"class_list":{"0":"post-12893","1":"product","2":"type-product","3":"status-publish","4":"has-post-thumbnail","6":"tour_phys-kemer-tours","7":"product_cat-kemer-tours","8":"product_tag-kemer","9":"pa_destination-kemer-tours","11":"first","12":"instock","13":"sale","14":"featured","15":"shipping-taxable","16":"purchasable","17":"product-type-tour_phys"},"aioseo_notices":[],"_links":{"self":[{"href":"https:\/\/excursionsworld.com\/es\/wp-json\/wp\/v2\/product\/12893","targetHints":{"allow":["GET"]}}],"collection":[{"href":"https:\/\/excursionsworld.com\/es\/wp-json\/wp\/v2\/product"}],"about":[{"href":"https:\/\/excursionsworld.com\/es\/wp-json\/wp\/v2\/types\/product"}],"replies":[{"embeddable":true,"href":"https:\/\/excursionsworld.com\/es\/wp-json\/wp\/v2\/comments?post=12893"}],"wp:featuredmedia":[{"embeddable":true,"href":"https:\/\/excursionsworld.com\/es\/wp-json\/wp\/v2\/media\/12894"}],"wp:attachment":[{"href":"https:\/\/excursionsworld.com\/es\/wp-json\/wp\/v2\/media?parent=12893"}],"wp:term":[{"taxonomy":"product_brand","embeddable":true,"href":"https:\/\/excursionsworld.com\/es\/wp-json\/wp\/v2\/product_brand?post=12893"},{"taxonomy":"product_cat","embeddable":true,"href":"https:\/\/excursionsworld.com\/es\/wp-json\/wp\/v2\/product_cat?post=12893"},{"taxonomy":"product_tag","embeddable":true,"href":"https:\/\/excursionsworld.com\/es\/wp-json\/wp\/v2\/product_tag?post=12893"}],"curies":[{"name":"wp","href":"https:\/\/api.w.org\/{rel}","templated":true}]}}