{"id":12915,"date":"2025-05-10T15:55:17","date_gmt":"2025-05-10T12:55:17","guid":{"rendered":"https:\/\/excursionsworld.com\/?post_type=product&#038;p=12915"},"modified":"2025-11-20T21:19:27","modified_gmt":"2025-11-20T18:19:27","slug":"parapente-tandem-adrasan-kemer","status":"publish","type":"product","link":"https:\/\/excursionsworld.com\/tours\/kemer-tandem-paragliding-adrasan\/","title":{"rendered":"Parapente t\u00e1ndem en Adrasan tour desde Kemer \u2013 aventura en el cielo"},"content":{"rendered":"<h3 dir=\"ltr\" data-pm-slice=\"1 1 []\"><span style=\"color: #000000;\"><strong>\ud83e\ude82 Visi\u00f3n general<\/strong><\/span><\/h3>\n<p dir=\"ltr\">Viva la emoci\u00f3n de volar en parapente sobre la costa de Adrasan en una excursi\u00f3n de medio d\u00eda desde Kemer y sus alrededores. Vuele a 985 m, disfrute de las vistas del mar Mediterr\u00e1neo y b\u00e1\u00f1ese en la playa de Adrasan. Esta aventura de unas 4-5 horas es perfecta para los amantes de las emociones fuertes.<\/p>\n<h3 dir=\"ltr\"><span style=\"color: #000000;\"><strong>Incluido:<\/strong><\/span><\/h3>\n<p dir=\"ltr\"><span style=\"color: #00ff00;\"><strong>\u2713<\/strong> <\/span>Recogida y entrega en el hotel<br \/>\n<span style=\"color: #00ff00;\"><strong>\u2713<\/strong> <\/span>Pilotos profesionales, equipos certificados<br \/>\n<span style=\"color: #00ff00;\"><strong>\u2713<\/strong> <\/span>Vuelo en parapente (25-35 minutos)<br \/>\n<span style=\"color: #00ff00;\"><strong>\u2713<\/strong> <\/span>Seguro a todo riesgo<br \/>\n<span style=\"color: #00ff00;\"><strong>\u2713<\/strong> <\/span>Pausa para nadar en la playa de Adrasan<\/p>\n<h3 dir=\"ltr\"><span style=\"color: #000000;\"><strong>No se incluye:<\/strong><\/span><\/h3>\n<p dir=\"ltr\"><span style=\"color: #ff0000;\"><strong>\u2717<\/strong><\/span> Gastos personales<br \/>\n<span style=\"color: #ff0000;\"><strong>\u2717 <\/strong><\/span>Fotos y v\u00eddeos (opcional)<br \/>\n<span style=\"color: #ff0000;\"><strong>\u2717 <\/strong><\/span>Bebidas<\/p>\n<h3 dir=\"ltr\"><span style=\"color: #000000;\"><strong>Destacados<\/strong><\/span><\/h3>\n<p dir=\"ltr\">\ud83d\udd39 Vuelo desde 985 m sobre la bah\u00eda de Adrasan<br \/>\n\ud83d\udd39 Impresionantes vistas al mar y a la monta\u00f1a.<br \/>\n\ud83d\udd39 Vuelo seguro con pilotos experimentados<br \/>\n\ud83d\udd39 Suave aterrizaje en la playa de Adrasan<br \/>\n\ud83d\udd39 Ba\u00f1o relajante despu\u00e9s del vuelo<\/p>\n<h3 dir=\"ltr\"><span style=\"color: #000000;\"><strong>\ud83d\udcd6 Descripci\u00f3n completa<\/strong><\/span><\/h3>\n<p dir=\"ltr\">Comience su aventura con un c\u00f3modo traslado desde Kemer o zonas cercanas hasta el punto de despegue en Adrasan, a 985 m. Tras una minuciosa sesi\u00f3n informativa sobre seguridad, pilotos profesionales le preparar\u00e1n para el vuelo. Sobrevuele durante 25-35 minutos las aguas turquesas de la bah\u00eda de Adrasan, exuberantes valles y escarpadas cumbres, empap\u00e1ndose de la belleza del Mediterr\u00e1neo. Aterrice suavemente en la playa de Adrasan, donde podr\u00e1 ba\u00f1arse en aguas cristalinas y relajarse. Regrese a su hotel animado por el vuelo y el mar.<\/p>\n<h3 dir=\"ltr\"><span style=\"color: #000000;\"><strong>\ud83d\uddfa\ufe0f Itinerario<\/strong><\/span><\/h3>\n<p dir=\"ltr\">\ud83d\udd39 Recogida en Kemer y alrededores.<br \/>\n\ud83d\udd39 Llegada al punto de lanzamiento de Adrasan (985 m)<br \/>\n\ud83d\udd39 Sesi\u00f3n informativa y preparaci\u00f3n del equipo<br \/>\n\ud83d\udd39 Vuelo en parapente (25-35 minutos)<br \/>\n\ud83d\udd39 Desembarco y ba\u00f1o en la playa de Adrasan<br \/>\n\ud83d\udd39 Regreso al hotel<\/p>\n<h3 dir=\"ltr\"><span style=\"color: #000000;\"><strong>\u2139\ufe0f Informaci\u00f3n \u00fatil<\/strong><\/span><\/h3>\n<p dir=\"ltr\">Duraci\u00f3n: ~4-5 horas (excursi\u00f3n de medio d\u00eda)<br \/>\n\ud83d\udd39 Actividad f\u00edsica moderada<br \/>\n\ud83d\udd39 Edad m\u00ednima: 5 a\u00f1os; peso m\u00e1ximo: 110 kg.<br \/>\n\ud83d\udd39 Los vuelos dependen de las condiciones meteorol\u00f3gicas y del viento<br \/>\n\ud83d\udd39 Indique el nombre y la direcci\u00f3n del hotel al hacer la reserva<br \/>\n\ud83d\udd39 Paquetes de fotos\/v\u00eddeos disponibles tras el aterrizaje.<\/p>\n<h3 dir=\"ltr\"><span style=\"color: #000000;\"><strong>Qu\u00e9 llevar<\/strong><\/span><\/h3>\n<p dir=\"ltr\">\ud83d\udd39 Calzado deportivo (no sandalias ni chanclas).<br \/>\n\ud83d\udd39 Gafas de sol y protecci\u00f3n solar.<br \/>\n\ud83d\udd39 Ba\u00f1ador y toalla.<br \/>\n\ud83d\udd39 Agua o bebidas ligeras<br \/>\n\ud83d\udd39 Dinero en efectivo por fotos o servicios extra.<\/p>\n<h3 dir=\"ltr\"><span style=\"color: #000000;\"><strong>\ud83d\udeab No apto para<\/strong><\/span><\/h3>\n<p dir=\"ltr\">\ud83d\udd39 Mujeres embarazadas<br \/>\n\ud83d\udd39 Ni\u00f1os menores de 5 a\u00f1os<br \/>\n\ud83d\udd39 Personas con cardiopat\u00edas o epilepsia<br \/>\n\ud83d\udd39 Personas de m\u00e1s de 110 kg<\/p>\n<h3 dir=\"ltr\"><span style=\"color: #000000;\"><strong>\ud83d\udcb8 Precios y reservas<\/strong><\/span><\/h3>\n<p dir=\"ltr\"><strong>\ud83d\udd39 Reserva ahora - paga el d\u00eda de la excursi\u00f3n<\/strong><br \/>\n\ud83d\udd39 Ponte en contacto con nosotros a trav\u00e9s de WhatsApp, Telegram, Viber, o rellena el siguiente formulario de reserva. \ud83d\udc47\ud83c\udffc<\/p>","protected":false},"excerpt":{"rendered":"<p>Parapente biplaza en Adrasan desde Kemer con pilotos expertos. Planea sobre bah\u00edas turquesas y aterriza en la playa. Incluye traslado al hotel y gu\u00eda.<\/p>","protected":false},"featured_media":12841,"comment_status":"open","ping_status":"closed","template":"","meta":[],"product_brand":[],"product_cat":[124],"product_tag":[105],"class_list":{"0":"post-12915","1":"product","2":"type-product","3":"status-publish","4":"has-post-thumbnail","6":"tour_phys-kemer-tours","7":"product_cat-kemer-tours","8":"product_tag-kemer","9":"pa_destination-kemer-tours","11":"first","12":"instock","13":"sale","14":"featured","15":"shipping-taxable","16":"purchasable","17":"product-type-tour_phys"},"aioseo_notices":[],"_links":{"self":[{"href":"https:\/\/excursionsworld.com\/es\/wp-json\/wp\/v2\/product\/12915","targetHints":{"allow":["GET"]}}],"collection":[{"href":"https:\/\/excursionsworld.com\/es\/wp-json\/wp\/v2\/product"}],"about":[{"href":"https:\/\/excursionsworld.com\/es\/wp-json\/wp\/v2\/types\/product"}],"replies":[{"embeddable":true,"href":"https:\/\/excursionsworld.com\/es\/wp-json\/wp\/v2\/comments?post=12915"}],"wp:featuredmedia":[{"embeddable":true,"href":"https:\/\/excursionsworld.com\/es\/wp-json\/wp\/v2\/media\/12841"}],"wp:attachment":[{"href":"https:\/\/excursionsworld.com\/es\/wp-json\/wp\/v2\/media?parent=12915"}],"wp:term":[{"taxonomy":"product_brand","embeddable":true,"href":"https:\/\/excursionsworld.com\/es\/wp-json\/wp\/v2\/product_brand?post=12915"},{"taxonomy":"product_cat","embeddable":true,"href":"https:\/\/excursionsworld.com\/es\/wp-json\/wp\/v2\/product_cat?post=12915"},{"taxonomy":"product_tag","embeddable":true,"href":"https:\/\/excursionsworld.com\/es\/wp-json\/wp\/v2\/product_tag?post=12915"}],"curies":[{"name":"wp","href":"https:\/\/api.w.org\/{rel}","templated":true}]}}