{"id":12916,"date":"2025-05-10T17:30:23","date_gmt":"2025-05-10T14:30:23","guid":{"rendered":"https:\/\/excursionsworld.com\/?post_type=product&#038;p=12916"},"modified":"2025-11-20T21:17:08","modified_gmt":"2025-11-20T18:17:08","slug":"parapente-tandem-tahtali-kemer","status":"publish","type":"product","link":"https:\/\/excursionsworld.com\/tours\/kemer-tandem-paragliding-tahtali-mountain\/","title":{"rendered":"Parapente t\u00e1ndem monte Tahtal\u0131 desde Kemer \u2013 2365 m"},"content":{"rendered":"<h3 dir=\"ltr\" data-pm-slice=\"1 1 []\"><span style=\"color: #000000;\"><strong>\ud83e\ude82 Visi\u00f3n general<\/strong><\/span><\/h3>\n<p dir=\"ltr\">Vuela desde la cima del monte Tahtal\u0131 (2.365 m) en una aventura en parapente desde Kemer, Beldibi y Tekirova. Marav\u00edllese con las vistas del mar Mediterr\u00e1neo, las monta\u00f1as y los bosques, y despu\u00e9s b\u00e1\u00f1ese en la playa de Tekirova. Esta aventura de medio d\u00eda dura entre 4 y 5 horas.<\/p>\n<h3 dir=\"ltr\"><span style=\"color: #000000;\"><strong>Incluido:<\/strong><\/span><\/h3>\n<p dir=\"ltr\"><span style=\"color: #00ff00;\"><strong>\u2713<\/strong><\/span> Recogida y entrega en el hotel<br \/>\n<span style=\"color: #00ff00;\"><strong>\u2713 <\/strong><\/span>Pilotos profesionales y equipos de vuelo<br \/>\n<span style=\"color: #00ff00;\"><strong>\u2713 <\/strong><\/span>Instrucciones de seguridad y formaci\u00f3n en parapente<br \/>\n<span style=\"color: #00ff00;\"><strong>\u2713 <\/strong><\/span>Billete para el telef\u00e9rico Olympos Teleferik<br \/>\n<span style=\"color: #00ff00;\"><strong>\u2713 <\/strong><\/span>Seguros<br \/>\n<span style=\"color: #00ff00;\"><strong>\u2713 <\/strong><\/span>Pausa para nadar en la playa de Tekirova<\/p>\n<h3 dir=\"ltr\"><span style=\"color: #000000;\"><strong>No se incluye:<\/strong><\/span><\/h3>\n<p dir=\"ltr\"><span style=\"color: #ff0000;\"><strong>\u2717<\/strong><\/span> Gastos personales<br \/>\n<span style=\"color: #ff0000;\"><strong>\u2717 <\/strong><\/span>Fotos y v\u00eddeos (opcional)<br \/>\n<span style=\"color: #ff0000;\"><strong>\u2717 <\/strong><\/span>Bebidas<\/p>\n<h3 dir=\"ltr\"><span style=\"color: #000000;\"><strong>\ud83c\udfd4\ufe0f Aspectos destacados<\/strong><\/span><\/h3>\n<p dir=\"ltr\">\ud83d\udd39 Vuelo desde Tahtal\u0131 - el punto de parapente m\u00e1s alto del Mediterr\u00e1neo.<br \/>\n\ud83d\udd39 Vistas panor\u00e1micas de los montes Tauro y la costa.<br \/>\n\ud83d\udd39 Vuelo seguro con pilotos experimentados<br \/>\nDesembarco en la playa de Tekirova<br \/>\n\ud83d\udd39 Grabaci\u00f3n de fotos y v\u00eddeo opcional<\/p>\n<h3 dir=\"ltr\"><span style=\"color: #000000;\"><strong>\ud83d\udcd6 Descripci\u00f3n completa<\/strong><\/span><\/h3>\n<p dir=\"ltr\">Comience su aventura con un traslado VIP desde Kemer, Beldibi o Tekirova hasta la base del monte Tahtal\u0131. Suba a la cima (2365 m) en el telef\u00e9rico Olympos Teleferik, el punto de despegue de parapente m\u00e1s alto de la regi\u00f3n. Tras una sesi\u00f3n informativa, pilotos expertos le preparar\u00e1n para el vuelo. Sobrevuele bosques de pinos, picos escarpados y la costa turquesa, contemplando el Parque Nacional de Olympos. El vuelo de 35-45 minutos termina con un suave aterrizaje en la playa de Tekirova, donde podr\u00e1 nadar y relajarse antes de regresar a su hotel.<\/p>\n<h3 dir=\"ltr\"><span style=\"color: #000000;\"><strong>\ud83d\uddfa\ufe0f Itinerario<\/strong><\/span><\/h3>\n<p dir=\"ltr\">\ud83d\udd39 Recogida en Kemer, Beldibi o Tekirova<br \/>\n\ud83d\udd39 Llegada a la base de Olympos Teleferik<br \/>\n\ud83d\udd39 Ascenso en telef\u00e9rico a la cumbre de Tahtal\u0131 (2365 m).<br \/>\n\ud83d\udd39 Sesi\u00f3n informativa sobre seguridad y preparaci\u00f3n del equipo<br \/>\n\ud83d\udd39 Vuelo en parapente (35-45 minutos)<br \/>\n\ud83d\udd39 Desembarco y ba\u00f1o en la playa de Tekirova.<br \/>\n\ud83d\udd39 Regreso al hotel<\/p>\n<h3 dir=\"ltr\"><span style=\"color: #000000;\"><strong>Qu\u00e9 llevar<\/strong><\/span><\/h3>\n<p dir=\"ltr\">\ud83d\udd39 Zapatillas deportivas c\u00f3modas<br \/>\n\ud83d\udd39 Gafas de sol y protecci\u00f3n solar.<br \/>\n\ud83d\udd39 Ba\u00f1ador y toalla.<br \/>\n\ud83d\udd39 Agua y aperitivos ligeros<br \/>\n\ud83d\udd39 Efectivo por servicios adicionales<\/p>\n<h3 dir=\"ltr\"><span style=\"color: #000000;\"><strong>\ud83d\udeab No apto para<\/strong><\/span><\/h3>\n<p dir=\"ltr\">\ud83d\udd39 Ni\u00f1os menores de 5 a\u00f1os<br \/>\n\ud83d\udd39 Mujeres embarazadas<br \/>\n\ud83d\udd39 Personas con epilepsia, afecciones card\u00edacas o respiratorias.<br \/>\n\ud83d\udd39 Hombres de m\u00e1s de 110 kg, mujeres de m\u00e1s de 90 kg<\/p>\n<h3 dir=\"ltr\"><span style=\"color: #000000;\"><strong>\ud83d\udcb8 Precios y reservas<\/strong><\/span><\/h3>\n<p dir=\"ltr\"><strong>\ud83d\udd39 Reserva ahora - paga el d\u00eda de la excursi\u00f3n<\/strong><br \/>\n\ud83d\udd39 Ponte en contacto con nosotros a trav\u00e9s de WhatsApp, Telegram, Viber, o rellena el siguiente formulario de reserva. \ud83d\udc47\ud83c\udffc<\/p>","protected":false},"excerpt":{"rendered":"<p>Reserve <b>Parapente en Kemer<\/b>\u00a1! Vuela desde <b>Monta\u00f1a Tahtal\u0131<\/b> (2365 m) para impresionar <b>vistas<\/b> y aterrizar en <b>Playa de Tekirova<\/b>. <b>Telef\u00e9rico<\/b> &amp; <b>transferencia<\/b> incluido.<\/p>","protected":false},"featured_media":12830,"comment_status":"open","ping_status":"closed","template":"","meta":[],"product_brand":[],"product_cat":[124],"product_tag":[105],"class_list":{"0":"post-12916","1":"product","2":"type-product","3":"status-publish","4":"has-post-thumbnail","6":"tour_phys-kemer-tours","7":"product_cat-kemer-tours","8":"product_tag-kemer","9":"pa_destination-kemer-tours","11":"first","12":"instock","13":"sale","14":"featured","15":"shipping-taxable","16":"purchasable","17":"product-type-tour_phys"},"aioseo_notices":[],"_links":{"self":[{"href":"https:\/\/excursionsworld.com\/es\/wp-json\/wp\/v2\/product\/12916","targetHints":{"allow":["GET"]}}],"collection":[{"href":"https:\/\/excursionsworld.com\/es\/wp-json\/wp\/v2\/product"}],"about":[{"href":"https:\/\/excursionsworld.com\/es\/wp-json\/wp\/v2\/types\/product"}],"replies":[{"embeddable":true,"href":"https:\/\/excursionsworld.com\/es\/wp-json\/wp\/v2\/comments?post=12916"}],"wp:featuredmedia":[{"embeddable":true,"href":"https:\/\/excursionsworld.com\/es\/wp-json\/wp\/v2\/media\/12830"}],"wp:attachment":[{"href":"https:\/\/excursionsworld.com\/es\/wp-json\/wp\/v2\/media?parent=12916"}],"wp:term":[{"taxonomy":"product_brand","embeddable":true,"href":"https:\/\/excursionsworld.com\/es\/wp-json\/wp\/v2\/product_brand?post=12916"},{"taxonomy":"product_cat","embeddable":true,"href":"https:\/\/excursionsworld.com\/es\/wp-json\/wp\/v2\/product_cat?post=12916"},{"taxonomy":"product_tag","embeddable":true,"href":"https:\/\/excursionsworld.com\/es\/wp-json\/wp\/v2\/product_tag?post=12916"}],"curies":[{"name":"wp","href":"https:\/\/api.w.org\/{rel}","templated":true}]}}