{"id":12918,"date":"2025-05-10T17:50:54","date_gmt":"2025-05-10T14:50:54","guid":{"rendered":"https:\/\/excursionsworld.com\/?post_type=product&#038;p=12918"},"modified":"2025-12-10T12:26:47","modified_gmt":"2025-12-10T09:26:47","slug":"sunset-teleferico-tahtali-kemer","status":"publish","type":"product","link":"https:\/\/excursionsworld.com\/tours\/sunset-cable-car-tahtali-kemer\/","title":{"rendered":"Kemer Telef\u00e9rico al atardecer al Monte Tahtali \u2013 Olympos Teleferik"},"content":{"rendered":"<h3 dir=\"ltr\" data-pm-slice=\"1 1 []\"><span style=\"color: #000000;\"><strong>\ud83c\udfd4\ufe0f Informaci\u00f3n general<\/strong><\/span><\/h3>\n<p dir=\"ltr\">Emb\u00e1rquese en un viaje inolvidable a la cima del monte Tahtal\u0131 para presenciar una puesta de sol a 2365 metros de altura. Ascienda a trav\u00e9s de uno de los telef\u00e9ricos m\u00e1s largos del mundo y disfrute de unas vistas impresionantes del mar Mediterr\u00e1neo y los montes Tauro. Perfecto para una velada rom\u00e1ntica o un sereno retiro en la naturaleza.<\/p>\n<h3 dir=\"ltr\"><span style=\"color: #000000;\"><strong>Incluido:<\/strong><\/span><\/h3>\n<p dir=\"ltr\"><span style=\"color: #00ff00;\"><strong>\u2713<\/strong><\/span> Recogida y entrega en el hotel<br \/>\n<span style=\"color: #00ff00;\"><strong>\u2713 <\/strong><\/span>Seguros<br \/>\n<span style=\"color: #00ff00;\"><strong>\u2713 <\/strong><\/span>Billete de telef\u00e9rico<br \/>\n<span style=\"color: #00ff00;\"><strong>\u2713 <\/strong><\/span>Cena con m\u00fasica en directo<\/p>\n<h3 dir=\"ltr\"><span style=\"color: #000000;\"><strong>No se incluye:<\/strong><\/span><\/h3>\n<p dir=\"ltr\"><span style=\"color: #ff0000;\"><strong>\u2717<\/strong><\/span> Bebidas<br \/>\n<span style=\"color: #ff0000;\"><strong>\u2717 <\/strong><\/span>Gastos personales<br \/>\n<span style=\"color: #ff0000;\"><strong>\u2717 <\/strong><\/span>Fotos y v\u00eddeos<\/p>\n<h3 dir=\"ltr\"><span style=\"color: #000000;\"><strong>\ud83c\udf1f Lo m\u00e1s destacado del viaje<\/strong><\/span><\/h3>\n<p dir=\"ltr\">\ud83d\udd39 Subida en telef\u00e9rico (12 minutos) a la cumbre de Tahtal\u0131.<br \/>\n\ud83d\udd39 Inolvidable puesta de sol con vistas panor\u00e1micas al mar y a la monta\u00f1a<br \/>\n\ud83d\udd39 Cena con m\u00fasica en directo en el caf\u00e9 de la cumbre<br \/>\n\ud83d\udd39 Ambiente rom\u00e1ntico y tranquilo por encima de las nubes<br \/>\n\ud83d\udd39C\u00f3modos traslados al hotel<br \/>\n\ud83d\udd39 Ideal para parejas y amantes de la naturaleza<\/p>\n<h3 dir=\"ltr\"><span style=\"color: #000000;\"><strong>\ud83d\udcd6 Descripci\u00f3n completa<\/strong><\/span><\/h3>\n<div dir=\"ltr\">La excursi\u00f3n comienza con un traslado desde su hotel en Antalya hasta la estaci\u00f3n inferior del telef\u00e9rico, a 726 metros. Desde all\u00ed, disfrute de un viaje de 12 minutos hasta la cima del monte Tahtal\u0131 (2365 metros) en uno de los telef\u00e9ricos m\u00e1s largos del mundo.<\/div>\n<div dir=\"ltr\">En la cima, disfrute de las impresionantes vistas de la costa mediterr\u00e1nea y los montes Tauro. Al ponerse el sol, el cielo se transforma en tonos vibrantes, creando un ambiente m\u00e1gico. Capture fotos impresionantes, respire aire fresco de monta\u00f1a y rel\u00e1jese.<\/div>\n<div dir=\"ltr\">Tras la puesta de sol, saboree una deliciosa cena acompa\u00f1ada de m\u00fasica en directo en el caf\u00e9 de la cumbre. A continuaci\u00f3n, descienda en telef\u00e9rico y regrese a su hotel con recuerdos entra\u00f1ables.<\/div>\n<h3 dir=\"ltr\"><span style=\"color: #000000;\"><strong>\ud83d\uddfa\ufe0f Itinerario<\/strong><\/span><\/h3>\n<p dir=\"ltr\">\ud83d\udd39 Recogida en el hotel en Antalya<br \/>\n\ud83d\udd39 Llegada a la estaci\u00f3n inferior del telef\u00e9rico.<br \/>\n\ud83d\udd39 Subida en telef\u00e9rico a la cumbre de Tahtal\u0131 (12 minutos).<br \/>\n\ud83d\udd39 Disfrutando de la puesta de sol y de las vistas panor\u00e1micas<br \/>\n\ud83d\udd39 Cena con m\u00fasica en directo<br \/>\n\ud83d\udd39 Descenso en telef\u00e9rico<br \/>\n\ud83d\udd39 Regreso al hotel<\/p>\n<h3 dir=\"ltr\"><span style=\"color: #000000;\"><strong>\u2139\ufe0f Informaci\u00f3n \u00fatil<\/strong><\/span><\/h3>\n<p dir=\"ltr\">\ud83d\udd39 Duraci\u00f3n: ~4-5 horas<br \/>\n\ud83d\udd39 La hora de la puesta de sol var\u00eda seg\u00fan la estaci\u00f3n del a\u00f1o<br \/>\n\ud83d\udd39 El tiempo en la cumbre puede ser m\u00e1s fresco que en la ciudad<br \/>\n\ud83d\udd39 Los ni\u00f1os que viajan por libre no tienen un asiento separado en el autob\u00fas; se sientan en el regazo de un adulto a menos que se reserve un asiento.<br \/>\n\ud83d\udd39 Los ni\u00f1os menores de 6 a\u00f1os que viajan gratis no tienen asiento individual en el autob\u00fas. Reserve un asiento si lo necesita<\/p>\n<h3 dir=\"ltr\"><span style=\"color: #000000;\"><strong>Qu\u00e9 llevar<\/strong><\/span><\/h3>\n<p dir=\"ltr\">\ud83d\udd39 Chaqueta ligera (puede hacer fresco en la cumbre).<br \/>\n\ud83d\udd39 Zapatos c\u00f3modos<br \/>\n\ud83d\udd39 C\u00e1mara o smartphone<br \/>\n\ud83d\udd39 Efectivo para gastos personales<\/p>\n<h3 dir=\"ltr\"><span style=\"color: #000000;\"><strong>\ud83d\udeab No apto para<\/strong><\/span><\/h3>\n<p dir=\"ltr\">\ud83d\udd39 Personas con miedo a las alturas.<br \/>\n\ud83d\udd39 Viajeros con movilidad reducida<\/p>\n<h4 dir=\"ltr\"><span style=\"color: #000000;\"><strong>\ud83d\udcb8 Precios y reservas<\/strong><\/span><\/h4>\n<p dir=\"ltr\"><strong>\ud83d\udd39 Reserva ahora - paga el d\u00eda de la excursi\u00f3n<\/strong><br \/>\n\ud83d\udd39 Ponte en contacto con nosotros a trav\u00e9s de WhatsApp, Telegram, Viber, o rellena el siguiente formulario de reserva. \ud83d\udc47\ud83c\udffc<\/p>","protected":false},"excerpt":{"rendered":"<p>Reserva un <b>rom\u00e1ntico viaje al atardecer<\/b>\u00a1! Monta el <b>Telef\u00e9rico de Tahtal\u0131<\/b> a <b>2365m<\/b> por arte de magia <b>vistas<\/b> y disfruta <b>cena<\/b> con <b>m\u00fasica en directo<\/b> en la cumbre. Kemer<b>\u00a0transferencia<\/b> incluido.<\/p>","protected":false},"featured_media":12625,"comment_status":"open","ping_status":"closed","template":"","meta":[],"product_brand":[],"product_cat":[124],"product_tag":[105],"class_list":{"0":"post-12918","1":"product","2":"type-product","3":"status-publish","4":"has-post-thumbnail","6":"tour_phys-kemer-tours","7":"product_cat-kemer-tours","8":"product_tag-kemer","9":"pa_destination-kemer-tours","11":"first","12":"instock","13":"sale","14":"shipping-taxable","15":"purchasable","16":"product-type-tour_phys"},"aioseo_notices":[],"_links":{"self":[{"href":"https:\/\/excursionsworld.com\/es\/wp-json\/wp\/v2\/product\/12918","targetHints":{"allow":["GET"]}}],"collection":[{"href":"https:\/\/excursionsworld.com\/es\/wp-json\/wp\/v2\/product"}],"about":[{"href":"https:\/\/excursionsworld.com\/es\/wp-json\/wp\/v2\/types\/product"}],"replies":[{"embeddable":true,"href":"https:\/\/excursionsworld.com\/es\/wp-json\/wp\/v2\/comments?post=12918"}],"wp:featuredmedia":[{"embeddable":true,"href":"https:\/\/excursionsworld.com\/es\/wp-json\/wp\/v2\/media\/12625"}],"wp:attachment":[{"href":"https:\/\/excursionsworld.com\/es\/wp-json\/wp\/v2\/media?parent=12918"}],"wp:term":[{"taxonomy":"product_brand","embeddable":true,"href":"https:\/\/excursionsworld.com\/es\/wp-json\/wp\/v2\/product_brand?post=12918"},{"taxonomy":"product_cat","embeddable":true,"href":"https:\/\/excursionsworld.com\/es\/wp-json\/wp\/v2\/product_cat?post=12918"},{"taxonomy":"product_tag","embeddable":true,"href":"https:\/\/excursionsworld.com\/es\/wp-json\/wp\/v2\/product_tag?post=12918"}],"curies":[{"name":"wp","href":"https:\/\/api.w.org\/{rel}","templated":true}]}}