{"id":12920,"date":"2025-05-10T18:27:29","date_gmt":"2025-05-10T15:27:29","guid":{"rendered":"https:\/\/excursionsworld.com\/?post_type=product&#038;p=12920"},"modified":"2025-12-10T11:24:48","modified_gmt":"2025-12-10T08:24:48","slug":"dolusu-parque-acuatico-kemer","status":"publish","type":"product","link":"https:\/\/excursionsworld.com\/tours\/dolusu-aquapark-kemer\/","title":{"rendered":"Parque acu\u00e1tico DoluSu tour en Kemer \u2013 toboganes extremos y sirenas"},"content":{"rendered":"<h3 dir=\"ltr\" data-pm-slice=\"1 1 []\"><span style=\"color: #000000;\"><strong>\ud83c\udf0a Visi\u00f3n general<\/strong><\/span><\/h3>\n<p dir=\"ltr\">Sum\u00e9rjase en un mundo de diversi\u00f3n con una excursi\u00f3n de d\u00eda completo a DoluSu Aquapark desde Kemer y sus alrededores. Suba a emocionantes toboganes, vea espect\u00e1culos de sirenas y rel\u00e1jese en la playa. Esta excursi\u00f3n de unas 8 horas es perfecta para familias y amantes de la aventura.<\/p>\n<h3 dir=\"ltr\"><span style=\"color: #000000;\"><strong>Incluido:<\/strong><\/span><\/h3>\n<div dir=\"ltr\"><span style=\"color: #00ff00;\"><strong>\u2713<\/strong><\/span> Recogida en el hotel y traslado desde Kemer<br \/>\n<span style=\"color: #00ff00;\"><strong>\u2713 <\/strong><\/span>Entrada al parque acu\u00e1tico DoluSu Aquapark<br \/>\n<span style=\"color: #00ff00;\"><strong>\u2713 <\/strong><\/span>Acceso a todos los toboganes y atracciones<br \/>\n<span style=\"color: #00ff00;\"><strong>\u2713 <\/strong><\/span>Tumbonas y taquillas en la playa<br \/>\n<span style=\"color: #00ff00;\"><strong>\u2713 <\/strong><\/span>Espect\u00e1culos, actuaciones de DJ y fiesta de la espuma<br \/>\n<span style=\"color: #00ff00;\"><strong>\u2713 <\/strong><\/span>Almuerzo<\/div>\n<div dir=\"ltr\"><span style=\"color: #00ff00;\"><strong>\u2713\u00a0 <\/strong><\/span>Espect\u00e1culo de sirenas<\/div>\n<h3 dir=\"ltr\"><span style=\"color: #000000;\"><strong>No se incluye:<\/strong><\/span><\/h3>\n<p dir=\"ltr\"><span style=\"color: #ff0000;\"><strong>\u2717<\/strong><\/span> Gastos personales<br \/>\n<span style=\"color: #ff0000;\"><strong>\u2717 <\/strong><\/span>Bebidas<\/p>\n<h3 dir=\"ltr\"><span style=\"color: #000000;\"><strong>\ud83c\udfa2 Destacados<\/strong><\/span><\/h3>\n<p dir=\"ltr\">\ud83d\udd39 Toboganes de alta velocidad: Embudo gigante<br \/>\n\ud83d\udd39 El primer espect\u00e1culo de sirenas de Turqu\u00eda<br \/>\n\ud83d\udd39 Piscina de olas y zonas infantiles<br \/>\n\ud83d\udd39 DJ, fiestas de la espuma y playa.<br \/>\n\ud83d\udd39 Playa privada con tumbonas.<br \/>\n\ud83d\udd39 Calle de cuento con personajes del folclore<\/p>\n<h3 dir=\"ltr\"><span style=\"color: #000000;\"><strong>\ud83d\udcd6 Descripci\u00f3n completa<\/strong><\/span><\/h3>\n<p dir=\"ltr\">Embarque en un emocionante d\u00eda en DoluSu Aquapark desde Kemer con un c\u00f3modo traslado. Descienda por 17 toboganes de alta velocidad, rel\u00e1jese en la piscina de olas o participe en el espect\u00e1culo de sirenas, donde incluso podr\u00e1 nadar con ellas. A los ni\u00f1os les encantar\u00e1 la Calle de los Cuentos, con personajes de leyendas turcas. Baile al ritmo de los DJ, disfrute de una fiesta de la espuma o rel\u00e1jese en la playa privada. Tras un d\u00eda de aventuras, regrese a su hotel con recuerdos vibrantes.<\/p>\n<h3 dir=\"ltr\"><span style=\"color: #000000;\"><strong>\ud83d\uddfa\ufe0f Itinerario<\/strong><\/span><\/h3>\n<p dir=\"ltr\">\ud83d\udd39 Recogida en Kemer y alrededores.<br \/>\n\ud83d\udd39 Llegada a DoluSu Aquapark<br \/>\n\ud83d\udd39 Breve introducci\u00f3n e informaci\u00f3n<br \/>\n\ud83d\udd39 Tiempo libre para atracciones y playa (~6-7 horas).<br \/>\n\ud83d\udd39 Regreso al hotel<\/p>\n<h3 dir=\"ltr\"><span style=\"color: #000000;\"><strong>\u2139\ufe0f Informaci\u00f3n \u00fatil<\/strong><\/span><\/h3>\n<p dir=\"ltr\">Duraci\u00f3n: ~8 horas (excursi\u00f3n de d\u00eda completo)<br \/>\n\ud83d\udd39 Apto para personas con movilidad b\u00e1sica<br \/>\n\ud83d\udd39 Actividad f\u00edsica moderada<br \/>\n\ud83d\udd39 Los ni\u00f1os que viajan por libre no tienen asiento individual en el autob\u00fas. Reserva un asiento si lo necesitas.<\/p>\n<h3 dir=\"ltr\"><span style=\"color: #000000;\"><strong>Qu\u00e9 llevar<\/strong><\/span><\/h3>\n<p dir=\"ltr\">\ud83d\udd39 Pasaporte o documento de identidad<br \/>\n\ud83d\udd39 Ba\u00f1ador y toalla.<br \/>\n\ud83d\udd39 Pantalones cortos c\u00f3modos<br \/>\n\ud83d\udd39 Protector solar<\/p>\n<h3 dir=\"ltr\"><span style=\"color: #000000;\"><strong>\ud83d\udeab No apto para<\/strong><\/span><\/h3>\n<p dir=\"ltr\">\ud83d\udd39 Mujeres embarazadas<br \/>\n\ud83d\udd39 Personas de m\u00e1s de 120 kg<\/p>\n<h3 dir=\"ltr\"><span style=\"color: #000000;\"><strong>\ud83d\udcb8 Precios y reservas<\/strong><\/span><\/h3>\n<p dir=\"ltr\"><strong>\ud83d\udd39 Reserva ahora - paga el d\u00eda de la excursi\u00f3n<\/strong><br \/>\n\ud83d\udd39 Ponte en contacto con nosotros a trav\u00e9s de WhatsApp, Telegram, Viber, o rellena el siguiente formulario de reserva. \ud83d\udc47\ud83c\udffc<\/p>","protected":false},"excerpt":{"rendered":"<p>La familia definitiva <b>excursi\u00f3n de un d\u00eda<\/b>\u00a1! Reserve <b>Parque acu\u00e1tico Kemer DoluSu<\/b> <b>excursi\u00f3n<\/b>\u00a1! Disfrute de <b>Espect\u00e1culo de sirenas<\/b>, 17 emocionante <b>diapositivas<\/b>, y un <b>fiesta de la espuma<\/b>. Almuerzo incluido.<\/p>","protected":false},"featured_media":12751,"comment_status":"open","ping_status":"closed","template":"","meta":[],"product_brand":[],"product_cat":[124],"product_tag":[105],"class_list":{"0":"post-12920","1":"product","2":"type-product","3":"status-publish","4":"has-post-thumbnail","6":"tour_phys-kemer-tours","7":"product_cat-kemer-tours","8":"product_tag-kemer","9":"pa_destination-kemer-tours","11":"first","12":"instock","13":"sale","14":"shipping-taxable","15":"purchasable","16":"product-type-tour_phys"},"aioseo_notices":[],"_links":{"self":[{"href":"https:\/\/excursionsworld.com\/es\/wp-json\/wp\/v2\/product\/12920","targetHints":{"allow":["GET"]}}],"collection":[{"href":"https:\/\/excursionsworld.com\/es\/wp-json\/wp\/v2\/product"}],"about":[{"href":"https:\/\/excursionsworld.com\/es\/wp-json\/wp\/v2\/types\/product"}],"replies":[{"embeddable":true,"href":"https:\/\/excursionsworld.com\/es\/wp-json\/wp\/v2\/comments?post=12920"}],"wp:featuredmedia":[{"embeddable":true,"href":"https:\/\/excursionsworld.com\/es\/wp-json\/wp\/v2\/media\/12751"}],"wp:attachment":[{"href":"https:\/\/excursionsworld.com\/es\/wp-json\/wp\/v2\/media?parent=12920"}],"wp:term":[{"taxonomy":"product_brand","embeddable":true,"href":"https:\/\/excursionsworld.com\/es\/wp-json\/wp\/v2\/product_brand?post=12920"},{"taxonomy":"product_cat","embeddable":true,"href":"https:\/\/excursionsworld.com\/es\/wp-json\/wp\/v2\/product_cat?post=12920"},{"taxonomy":"product_tag","embeddable":true,"href":"https:\/\/excursionsworld.com\/es\/wp-json\/wp\/v2\/product_tag?post=12920"}],"curies":[{"name":"wp","href":"https:\/\/api.w.org\/{rel}","templated":true}]}}