{"id":12921,"date":"2025-05-10T18:48:34","date_gmt":"2025-05-10T15:48:34","guid":{"rendered":"https:\/\/excursionsworld.com\/?post_type=product&#038;p=12921"},"modified":"2026-04-30T18:09:22","modified_gmt":"2026-04-30T15:09:22","slug":"parque-acuatico-kingdom-of-sea-kemer","status":"publish","type":"product","link":"https:\/\/excursionsworld.com\/tours\/kemer-kingdom-of-sea-aquapark\/","title":{"rendered":"Parque acu\u00e1tico Kingdom of Sea tour en Kemer \u2013 todo incluido"},"content":{"rendered":"<h2 dir=\"ltr\" data-pm-slice=\"1 1 []\"><span style=\"color: #000000;\"><strong>\ud83c\udf0a Visi\u00f3n general<\/strong><\/span><\/h2>\n<p dir=\"ltr\">Sum\u00e9rgete en un d\u00eda de emoci\u00f3n en Aquapark Kingdom of Sea con traslados desde <a href=\"https:\/\/en.wikipedia.org\/wiki\/Kemer,_Antalya\" target=\"_blank\" rel=\"noopener\">Kemer<\/a> \u00a1y \u00e1reas circundantes! Disfruta de emocionantes toboganes acu\u00e1ticos, una piscina de olas masiva y zonas aptas para ni\u00f1os en uno de los parques acu\u00e1ticos m\u00e1s importantes de Antalya. Perfecto para familias y amigos, este tour de aproximadamente 7-8 horas est\u00e1 lleno de diversi\u00f3n.<\/p>\n<h3 dir=\"ltr\"><span style=\"color: #000000;\"><strong>Incluido:<\/strong><\/span><\/h3>\n<div dir=\"ltr\"><span style=\"color: #00ff00;\"><strong>\u2713<\/strong> <\/span>Recogida y entrega en el hotel<br \/>\n<span style=\"color: #00ff00;\"><strong>\u2713<\/strong> <\/span> C\u00f3modo autob\u00fas con aire acondicionado<br \/>\n<span style=\"color: #00ff00;\"><strong>\u2713<\/strong> <\/span>Entrada al parque acu\u00e1tico Kingdom of Sea Aquapark<br \/>\n<span style=\"color: #00ff00;\"><strong>\u2713<\/strong> <\/span>Seguro a todo riesgo<br \/>\n<span style=\"color: #00ff00;\"><strong>\u2713<\/strong> <\/span>Comida en el parque<\/div>\n<div dir=\"ltr\"><span style=\"color: #00ff00;\"><strong>\u2713 <\/strong><\/span>Bebidas<\/div>\n<h3 dir=\"ltr\"><span style=\"color: #000000;\"><strong>No se incluye:<\/strong><\/span><\/h3>\n<p dir=\"ltr\"><span style=\"color: #ff0000;\"><strong>\u2717<\/strong><\/span> Gastos personales<br \/>\n<span style=\"color: #ff0000;\"><strong>\u2717 <\/strong><\/span>Fotos y v\u00eddeos (opcional)<\/p>\n<h2 dir=\"ltr\"><span style=\"color: #000000;\"><strong>\ud83c\udfa2 Destacados<\/strong><\/span><\/h2>\n<p dir=\"ltr\">\ud83d\udd39 Toboganes de alta velocidad y una enorme piscina de olas<br \/>\n\ud83d\udd39 Zonas de juegos infantiles y piscinas seguras<br \/>\n\ud83d\udd39 Acceso ilimitado a todas las atracciones durante todo el d\u00eda<br \/>\n\ud83d\udd39 Acogedoras zonas de relax<br \/>\n\ud83d\udd39Diversi\u00f3n para todas las edades<\/p>\n<h2 dir=\"ltr\"><span style=\"color: #000000;\"><strong>\ud83d\udcd6 Descripci\u00f3n<\/strong><\/span><\/h2>\n<p dir=\"ltr\">Comience su aventura con un c\u00f3modo traslado desde Kemer o zonas cercanas hasta Kingdom of Sea Aquapark, en Antalya. Sum\u00e9rjase en un vibrante mundo de diversi\u00f3n con vertiginosos toboganes, una extensa piscina de olas y zonas interactivas para todas las edades. Los ni\u00f1os se deleitar\u00e1n en los coloridos chapoteaderos, mientras que los adultos pueden enfrentarse a toboganes llenos de adrenalina o relajarse en las sombreadas zonas de descanso. Un suculento almuerzo le mantendr\u00e1 con energ\u00eda para m\u00e1s aventuras acu\u00e1ticas. Con socorristas garantizando la seguridad, este despreocupado d\u00eda de risas y chapuzones termina con el regreso a su hotel, dej\u00e1ndole recuerdos imborrables.<\/p>\n<h3 dir=\"ltr\"><span style=\"color: #000000;\"><strong>\ud83d\uddfa\ufe0f Itinerario<\/strong><\/span><\/h3>\n<p dir=\"ltr\">\ud83d\udd39 Recogida en Kemer y alrededores.<br \/>\n\ud83d\udd39 Llegada a Kingdom of Sea Aquapark<br \/>\n\ud83d\udd39 Sesi\u00f3n informativa de bienvenida<br \/>\n\ud83d\udd39 Tiempo libre para toboganes, piscinas, albercas y atracciones.<br \/>\n\ud83d\udd39 Almuerzo en el parque<br \/>\n\ud83d\udd39 Volver a Kemer<\/p>\n<h3 dir=\"ltr\"><span style=\"color: #000000;\"><strong>\u2139\ufe0f Informaci\u00f3n \u00fatil<\/strong><\/span><\/h3>\n<p>\ud83d\udd39 <strong>Duraci\u00f3n<\/strong>: ~7-8 horas (excursi\u00f3n de d\u00eda completo)<br \/>\n\ud83d\udd39 <strong>Actividad f\u00edsica<\/strong>: Bajo a moderado<br \/>\n\ud83d\udd39 <strong>Instalaciones<\/strong>: Taquillas disponibles en el parque<br \/>\n\ud83d\udd39 <strong>Seguridad<\/strong>: Socorristas y personal de servicio<br \/>\n\ud83d\udd39 <strong>Supervisi\u00f3n<\/strong>: Los ni\u00f1os deben ir acompa\u00f1ados de adultos<br \/>\n\ud83d\udd39 <strong>Restricciones<\/strong>: Algunos toboganes tienen l\u00edmites de altura\/edad<br \/>\n\ud83d\udd39 <strong>Pol\u00edtica de la infancia<\/strong>: Los ni\u00f1os menores de 6 a\u00f1os que viajan gratis no tienen asiento individual en el autob\u00fas. Si el autob\u00fas est\u00e1 lleno, se sientan en el regazo de un adulto, o se puede reservar un asiento individual.<\/p>\n<h2 dir=\"ltr\"><span style=\"color: #000000;\"><strong>Qu\u00e9 llevar<\/strong><\/span><\/h2>\n<p dir=\"ltr\">\ud83d\udd39 Ba\u00f1ador y toalla.<br \/>\n\ud83d\udd39 Gafas de sol y protecci\u00f3n solar.<br \/>\n\ud83d\udd39 Dinero en efectivo para bebidas o servicios extra.<\/p>\n<h3 dir=\"ltr\"><span style=\"color: #000000;\"><strong>\ud83d\udeab No apto para<\/strong><\/span><\/h3>\n<div dir=\"ltr\">\ud83d\udd39 Hu\u00e9spedes con graves problemas de movilidad.<br \/>\n\ud83d\udd39 Personas a las que no les gustan las actividades acu\u00e1ticas<\/div>\n<h2 dir=\"ltr\"><span style=\"color: #000000;\"><strong>\ud83d\udcb8 Precios y reservas<\/strong><\/span><\/h2>\n<p dir=\"ltr\">\ud83d\udd39 <strong>Reserve ahora, pague el d\u00eda de la excursi\u00f3n<\/strong><br \/>\n\ud83d\udd39 Ponte en contacto con nosotros a trav\u00e9s de WhatsApp, Telegram, Viber, o rellena el siguiente formulario de reserva. \ud83d\udc47\ud83c\udffc<\/p>\n<p>\u00bfBuscas alternativas? Explora <a href=\"https:\/\/excursionsworld.com\/es\/excursiones-kemer\/\">m\u00e1s tours en Kemer<\/a>.<\/p>","protected":false},"excerpt":{"rendered":"<p>La familia perfecta <b>excursi\u00f3n de un d\u00eda<\/b>\u00a1! Disfruta <b>Parque acu\u00e1tico Kemer Kingdom of Sea<\/b> <b>todo incluido<\/b> (almuerzo y bebidas) Emocionante <b>toboganes acu\u00e1ticos<\/b> y <b>piscina de olas<\/b> divertido. <b>Transferencia<\/b> incluido.<\/p>","protected":false},"featured_media":12857,"comment_status":"open","ping_status":"closed","template":"","meta":[],"product_brand":[],"product_cat":[124],"product_tag":[105],"class_list":{"0":"post-12921","1":"product","2":"type-product","3":"status-publish","4":"has-post-thumbnail","6":"tour_phys-kemer-tours","7":"product_cat-kemer-tours","8":"product_tag-kemer","9":"pa_destination-kemer-tours","11":"first","12":"instock","13":"sale","14":"shipping-taxable","15":"purchasable","16":"product-type-tour_phys"},"aioseo_notices":[],"_links":{"self":[{"href":"https:\/\/excursionsworld.com\/es\/wp-json\/wp\/v2\/product\/12921","targetHints":{"allow":["GET"]}}],"collection":[{"href":"https:\/\/excursionsworld.com\/es\/wp-json\/wp\/v2\/product"}],"about":[{"href":"https:\/\/excursionsworld.com\/es\/wp-json\/wp\/v2\/types\/product"}],"replies":[{"embeddable":true,"href":"https:\/\/excursionsworld.com\/es\/wp-json\/wp\/v2\/comments?post=12921"}],"wp:featuredmedia":[{"embeddable":true,"href":"https:\/\/excursionsworld.com\/es\/wp-json\/wp\/v2\/media\/12857"}],"wp:attachment":[{"href":"https:\/\/excursionsworld.com\/es\/wp-json\/wp\/v2\/media?parent=12921"}],"wp:term":[{"taxonomy":"product_brand","embeddable":true,"href":"https:\/\/excursionsworld.com\/es\/wp-json\/wp\/v2\/product_brand?post=12921"},{"taxonomy":"product_cat","embeddable":true,"href":"https:\/\/excursionsworld.com\/es\/wp-json\/wp\/v2\/product_cat?post=12921"},{"taxonomy":"product_tag","embeddable":true,"href":"https:\/\/excursionsworld.com\/es\/wp-json\/wp\/v2\/product_tag?post=12921"}],"curies":[{"name":"wp","href":"https:\/\/api.w.org\/{rel}","templated":true}]}}