{"id":12944,"date":"2025-05-11T10:54:45","date_gmt":"2025-05-11T07:54:45","guid":{"rendered":"https:\/\/excursionsworld.com\/?post_type=product&#038;p=12944"},"modified":"2025-12-10T11:12:11","modified_gmt":"2025-12-10T08:12:11","slug":"goynuk-canon-kemer","status":"publish","type":"product","link":"https:\/\/excursionsworld.com\/tours\/goynuk-canyon-kemer\/","title":{"rendered":"Ca\u00f1\u00f3n G\u00f6yn\u00fck excursi\u00f3n desde Kemer \u2013 senderismo y ba\u00f1o"},"content":{"rendered":"<h3 dir=\"ltr\" data-pm-slice=\"1 1 []\"><span style=\"color: #000000;\"><strong>\ud83c\udf3f Visi\u00f3n general<\/strong><\/span><\/h3>\n<p dir=\"ltr\">Sum\u00e9rjase en la belleza del ca\u00f1\u00f3n de G\u00f6yn\u00fck en una excursi\u00f3n de medio d\u00eda desde Kemer y sus alrededores. Recorra senderos panor\u00e1micos, b\u00e1\u00f1ese en aguas turquesas y marav\u00edllese con las monta\u00f1as Beyda\u011flar\u0131. Ideal para los amantes de la naturaleza, esta excursi\u00f3n dura entre 4 y 5 horas.<\/p>\n<h3 dir=\"ltr\"><span style=\"color: #000000;\"><strong>Incluido:<\/strong><\/span><\/h3>\n<p dir=\"ltr\"><span style=\"color: #00ff00;\"><strong>\u2713<\/strong><\/span> Recogida y entrega en el hotel<br \/>\n<span style=\"color: #00ff00;\"><strong>\u2713 <\/strong><\/span>Entrada al ca\u00f1\u00f3n de G\u00f6yn\u00fck<br \/>\n<span style=\"color: #00ff00;\"><strong>\u2713 <\/strong><\/span>Gu\u00eda<br \/>\n<span style=\"color: #00ff00;\"><strong>\u2713 <\/strong><\/span>Seguro a todo riesgo<br \/>\n<span style=\"color: #00ff00;\"><strong>\u2713 <\/strong><\/span>Autob\u00fas descapotable (cabrio)<\/p>\n<h3 dir=\"ltr\"><span style=\"color: #000000;\"><strong>No se incluye:<\/strong><\/span><\/h3>\n<p dir=\"ltr\"><strong><span style=\"color: #ff0000;\">\u2717<\/span><\/strong> Bebidas<br \/>\n<strong><span style=\"color: #ff0000;\">\u2717 <\/span><\/strong>Gastos personales, fotos y v\u00eddeos<br \/>\n<strong><span style=\"color: #ff0000;\">\u2717 <\/span><\/strong>Actividades opcionales<\/p>\n<h3 dir=\"ltr\"><span style=\"color: #000000;\"><strong>\ud83c\udfde\ufe0f Aspectos destacados<\/strong><\/span><\/h3>\n<p dir=\"ltr\">\ud83d\udd39 Ca\u00f1\u00f3n de G\u00f6yn\u00fck con acantilados de 350 metros y pozas turquesas<br \/>\n\ud83d\udd39 Senderos por el Parque Nacional de Beyda\u011flar\u0131<br \/>\n\ud83d\udd39 Nadar en aguas de monta\u00f1a<br \/>\n\ud83d\udd39 El encanto de G\u00f6yn\u00fck \u201cvalle f\u00e9rtil\u201d<br \/>\n\ud83d\udd39 Tirolina, rafting o pirag\u00fcismo opcionales.<\/p>\n<h3 dir=\"ltr\"><span style=\"color: #000000;\"><strong>\ud83d\udcd6 Descripci\u00f3n completa<\/strong><\/span><\/h3>\n<p dir=\"ltr\">Emb\u00e1rquese en una refrescante aventura con un traslado desde Kemer o zonas cercanas hasta el ca\u00f1\u00f3n de G\u00f6yn\u00fck, enclavado en el Parque Nacional de Beyda\u011flar\u0131. Este ca\u00f1\u00f3n de 14 kil\u00f3metros, con sus acantilados de 350 metros, cautiva con paisajes espectaculares y pozas cristalinas. Recorra senderos forestales, vadee aguas poco profundas y sienta la serenidad de G\u00f6yn\u00fck, que significa \u201cvalle f\u00e9rtil\u201d en etrusco. Guiado por un experto de habla inglesa, explore esta joya mediterr\u00e1nea, perfecta para practicar senderismo, nataci\u00f3n y fotograf\u00eda. Si desea emociones fuertes, pruebe la tirolina opcional, el body rafting o el pirag\u00fcismo. Regrese a su hotel a la hora de comer, inspirado por la naturaleza.<\/p>\n<h3 dir=\"ltr\"><span style=\"color: #000000;\"><strong>\ud83d\uddfa\ufe0f Itinerario<\/strong><\/span><\/h3>\n<p dir=\"ltr\">\ud83d\udd39 Recogida en Kemer y alrededores.<br \/>\n\ud83d\udd39 Llegada al ca\u00f1\u00f3n de G\u00f6yn\u00fck<br \/>\n\ud83d\udd39 Tiempo libre para hacer senderismo, nadar y explorar (~2 horas).<br \/>\n\ud83d\udd39 Actividades opcionales (tirolina, rafting, pirag\u00fcismo).<br \/>\n\ud83d\udd39 Regreso al hotel a la hora de comer.<\/p>\n<h3 dir=\"ltr\"><span style=\"color: #000000;\"><strong>\u2139\ufe0f Informaci\u00f3n \u00fatil<\/strong><\/span><\/h3>\n<p dir=\"ltr\">Duraci\u00f3n: ~4-5 horas (excursi\u00f3n de medio d\u00eda)<br \/>\n\ud83d\udd39 Actividad f\u00edsica moderada (senderismo y vadeo).<br \/>\n\ud83d\udd39 Tasa de traslado extra desde \u00c7amyuva\/Tekirova: $5 por persona.<br \/>\n\ud83d\udd39 Los menores de 5 a\u00f1os comparten asiento en el autob\u00fas<br \/>\n\ud83d\udd39 Actividades opcionales: tirolina, body rafting, pirag\u00fcismo.<\/p>\n<h3 dir=\"ltr\"><span style=\"color: #000000;\"><strong>Qu\u00e9 llevar<\/strong><\/span><\/h3>\n<p dir=\"ltr\">\ud83d\udd39 Ba\u00f1ador y toalla.<br \/>\n\ud83d\udd39 Zapatos c\u00f3modos y resistentes al agua<br \/>\n\ud83d\udd39 Gafas de sol, gorra, crema solar.<br \/>\n\ud83d\udd39 Agua y tentempi\u00e9s<br \/>\n\ud83d\udd39 C\u00e1mara o smartphone<br \/>\n\ud83d\udd39 Efectivo por servicios adicionales<\/p>\n<h3 dir=\"ltr\"><span style=\"color: #000000;\"><strong>\ud83d\udeab No apto para<\/strong><\/span><\/h3>\n<p dir=\"ltr\">\ud83d\udd39 Usuarios de sillas de ruedas<br \/>\n\ud83d\udd39 Beb\u00e9s desatendidos<br \/>\n\ud83d\udd39 Personas con movilidad reducida<\/p>\n<h3 dir=\"ltr\"><span style=\"color: #000000;\"><strong>\ud83d\udcb8 Precios y reservas<\/strong><\/span><\/h3>\n<p dir=\"ltr\"><strong>\ud83d\udd39 Reserva ahora, paga el d\u00eda de la excursi\u00f3n<\/strong><br \/>\n\ud83d\udd39 Ponte en contacto con nosotros a trav\u00e9s de WhatsApp, Telegram, Viber, o rellena el siguiente formulario de reserva. \ud83d\udc47\ud83c\udffc<\/p>","protected":false},"excerpt":{"rendered":"<p>\u00a1\u00danase a una excursi\u00f3n por el ca\u00f1\u00f3n de G\u00f6yn\u00fck desde Kemer! Disfrute del senderismo, la nataci\u00f3n y las vistas de la naturaleza en el Parque Nacional de Beyda\u011flar\u0131. Excursi\u00f3n de medio d\u00eda con traslados incluidos.<\/p>","protected":false},"featured_media":12811,"comment_status":"open","ping_status":"closed","template":"","meta":[],"product_brand":[],"product_cat":[124],"product_tag":[105],"class_list":{"0":"post-12944","1":"product","2":"type-product","3":"status-publish","4":"has-post-thumbnail","6":"tour_phys-kemer-tours","7":"product_cat-kemer-tours","8":"product_tag-kemer","9":"pa_destination-kemer-tours","11":"first","12":"instock","13":"sale","14":"featured","15":"shipping-taxable","16":"purchasable","17":"product-type-tour_phys"},"aioseo_notices":[],"_links":{"self":[{"href":"https:\/\/excursionsworld.com\/es\/wp-json\/wp\/v2\/product\/12944","targetHints":{"allow":["GET"]}}],"collection":[{"href":"https:\/\/excursionsworld.com\/es\/wp-json\/wp\/v2\/product"}],"about":[{"href":"https:\/\/excursionsworld.com\/es\/wp-json\/wp\/v2\/types\/product"}],"replies":[{"embeddable":true,"href":"https:\/\/excursionsworld.com\/es\/wp-json\/wp\/v2\/comments?post=12944"}],"wp:featuredmedia":[{"embeddable":true,"href":"https:\/\/excursionsworld.com\/es\/wp-json\/wp\/v2\/media\/12811"}],"wp:attachment":[{"href":"https:\/\/excursionsworld.com\/es\/wp-json\/wp\/v2\/media?parent=12944"}],"wp:term":[{"taxonomy":"product_brand","embeddable":true,"href":"https:\/\/excursionsworld.com\/es\/wp-json\/wp\/v2\/product_brand?post=12944"},{"taxonomy":"product_cat","embeddable":true,"href":"https:\/\/excursionsworld.com\/es\/wp-json\/wp\/v2\/product_cat?post=12944"},{"taxonomy":"product_tag","embeddable":true,"href":"https:\/\/excursionsworld.com\/es\/wp-json\/wp\/v2\/product_tag?post=12944"}],"curies":[{"name":"wp","href":"https:\/\/api.w.org\/{rel}","templated":true}]}}