{"id":12945,"date":"2025-05-11T11:00:46","date_gmt":"2025-05-11T08:00:46","guid":{"rendered":"https:\/\/excursionsworld.com\/?post_type=product&#038;p=12945"},"modified":"2026-02-27T16:55:59","modified_gmt":"2026-02-27T13:55:59","slug":"bano-turco-hamam-kemer","status":"publish","type":"product","link":"https:\/\/excursionsworld.com\/tours\/kemer-turkish-bath-hamam\/","title":{"rendered":"Ba\u00f1o turco en Kemer tour \u2013 hamam y spa aut\u00e9ntico"},"content":{"rendered":"<h3 dir=\"ltr\" data-pm-slice=\"1 1 []\"><span style=\"color: #000000;\"><strong>\u2b50 Visi\u00f3n general<\/strong><\/span><\/h3>\n<p dir=\"ltr\">Rel\u00e1jese en un ba\u00f1o turco tradicional en Kemer con traslados desde Kemer y sus alrededores. Disfrute de un hammam, sauna, masajes y t\u00e9 turco para la m\u00e1xima relajaci\u00f3n.<\/p>\n<h3 dir=\"ltr\"><span style=\"color: #000000;\"><strong>Incluido:<\/strong><\/span><\/h3>\n<p dir=\"ltr\"><span style=\"color: #00ff00;\"><strong>\u2713<\/strong><\/span> Recogida y entrega en el hotel<br \/>\n<span style=\"color: #00ff00;\"><strong>\u2713 <\/strong><\/span>C\u00f3modo autob\u00fas con aire acondicionado<br \/>\n<span style=\"color: #00ff00;\"><strong>\u2713 <\/strong><\/span>Acceso ilimitado a la sauna y al ba\u00f1o turco<br \/>\n<span style=\"color: #00ff00;\"><strong>\u2713 <\/strong><\/span>Exfoliaci\u00f3n corporal (10 min)<br \/>\n<span style=\"color: #00ff00;\"><strong>\u2713 <\/strong><\/span>Masaje con espuma (10 min)<br \/>\n<span style=\"color: #00ff00;\"><strong>\u2713 <\/strong><\/span>M\u00e1scara de arcilla<br \/>\n<span style=\"color: #00ff00;\"><strong>\u2713 <\/strong><\/span>Masaje de aromaterapia (20 min)<br \/>\n<span style=\"color: #00ff00;\"><strong>\u2713 <\/strong><\/span>T\u00e9 turco<\/p>\n<h3 dir=\"ltr\"><span style=\"color: #000000;\"><strong>No se incluye:<\/strong><\/span><\/h3>\n<p dir=\"ltr\"><span style=\"color: #ff0000;\"><strong>\u2717<\/strong><\/span> Servicios adicionales de hammam<\/p>\n<h3 dir=\"ltr\"><span style=\"color: #000000;\"><strong>\ud83c\udf1f Aspectos destacados<\/strong><\/span><\/h3>\n<p dir=\"ltr\">\ud83d\udd39 Aut\u00e9ntica experiencia en el hammam de Kemer<br \/>\n\ud83d\udd39 Exfoliaci\u00f3n corporal limpiadora y masaje con espuma.<br \/>\nMasaje relajante con aromaterapia<br \/>\n\ud83d\udd39 Acceso a la piscina y al ba\u00f1o turco<br \/>\n\ud83d\udd39 Acogedor t\u00e9 turco<\/p>\n<h3 dir=\"ltr\"><span style=\"color: #000000;\"><strong>\ud83d\udcd6 Descripci\u00f3n completa<\/strong><\/span><\/h3>\n<p dir=\"ltr\">La excursi\u00f3n comienza con un traslado desde Kemer hasta el hammam. Rel\u00e1jese en la sauna y la sala de vapor, seguidas de una exfoliaci\u00f3n corporal rejuvenecedora y un masaje de espuma. Una mascarilla de arcilla purifica la piel y un masaje de aromaterapia de 20 minutos disipa el estr\u00e9s. Despu\u00e9s de disfrutar de un t\u00e9 turco, volver\u00e1 a su hotel renovado.<\/p>\n<h3><span style=\"color: #000000;\"><strong>\ud83d\uddfa\ufe0f Itinerario<\/strong><\/span><\/h3>\n<p dir=\"ltr\">\ud83d\udd39 Recogida en Kemer<br \/>\n\ud83d\udd39 Sauna y sala de vapor<br \/>\n\ud83d\udd39 Exfoliaci\u00f3n corporal y masaje con espuma.<br \/>\n\ud83d\udd39 M\u00e1scara de arcilla<br \/>\n\ud83d\udd39 Relajaci\u00f3n en la piscina<br \/>\nMasaje de aromaterapia<br \/>\n\ud83d\udd39 T\u00e9 turco<br \/>\n\ud83d\udd39 Regreso al hotel<\/p>\n<h3 dir=\"ltr\"><span style=\"color: #000000;\"><strong>\u2139\ufe0f Informaci\u00f3n \u00fatil<\/strong><\/span><\/h3>\n<p dir=\"ltr\">\ud83d\udd39 Duraci\u00f3n: 2,5-3 horas<br \/>\n\ud83d\udd39 Adecuado para hombres y mujeres<br \/>\n\ud83d\udd39 Los menores de 12 a\u00f1os deben ir acompa\u00f1ados de sus padres<\/p>\n<h3 dir=\"ltr\"><span style=\"color: #000000;\"><strong>Qu\u00e9 llevar<\/strong><\/span><\/h3>\n<p dir=\"ltr\">Ba\u00f1ador \ud83d\udd39<br \/>\n\ud83d\udd39 Zapatillas<br \/>\n\ud83d\udd39 Toalla (opcional)<\/p>\n<h3 dir=\"ltr\"><span style=\"color: #000000;\"><strong>\ud83d\udeab No apto para<\/strong><\/span><\/h3>\n<p dir=\"ltr\">\ud83d\udd39 Personas con afecciones cut\u00e1neas o card\u00edacas<br \/>\n\ud83d\udd39 Mujeres embarazadas (consultar al m\u00e9dico)<\/p>\n<h3><span style=\"color: #000000;\"><strong>\ud83d\udcb8 Precios y reservas<\/strong><\/span><\/h3>\n<p dir=\"ltr\"><strong>\ud83d\udd39 Reserva ahora, paga el d\u00eda de la excursi\u00f3n<\/strong><br \/>\n\ud83d\udd39 Ponte en contacto con nosotros a trav\u00e9s de WhatsApp, Telegram, Viber, o rellena el siguiente formulario de reserva. \ud83d\udc47\ud83c\udffd<\/p>","protected":false},"excerpt":{"rendered":"<p>Rel\u00e1jese con un aut\u00e9ntico ba\u00f1o turco en Kemer. Disfrute de sauna, exfoliaci\u00f3n corporal, masaje de espuma y aroma, y t\u00e9 turco para una experiencia de spa perfecta.<\/p>","protected":false},"featured_media":15777,"comment_status":"open","ping_status":"closed","template":"","meta":[],"product_brand":[],"product_cat":[124],"product_tag":[105],"class_list":{"0":"post-12945","1":"product","2":"type-product","3":"status-publish","4":"has-post-thumbnail","6":"tour_phys-kemer-tours","7":"product_cat-kemer-tours","8":"product_tag-kemer","9":"pa_destination-kemer-tours","11":"first","12":"instock","13":"sale","14":"featured","15":"shipping-taxable","16":"purchasable","17":"product-type-tour_phys"},"aioseo_notices":[],"_links":{"self":[{"href":"https:\/\/excursionsworld.com\/es\/wp-json\/wp\/v2\/product\/12945","targetHints":{"allow":["GET"]}}],"collection":[{"href":"https:\/\/excursionsworld.com\/es\/wp-json\/wp\/v2\/product"}],"about":[{"href":"https:\/\/excursionsworld.com\/es\/wp-json\/wp\/v2\/types\/product"}],"replies":[{"embeddable":true,"href":"https:\/\/excursionsworld.com\/es\/wp-json\/wp\/v2\/comments?post=12945"}],"wp:featuredmedia":[{"embeddable":true,"href":"https:\/\/excursionsworld.com\/es\/wp-json\/wp\/v2\/media\/15777"}],"wp:attachment":[{"href":"https:\/\/excursionsworld.com\/es\/wp-json\/wp\/v2\/media?parent=12945"}],"wp:term":[{"taxonomy":"product_brand","embeddable":true,"href":"https:\/\/excursionsworld.com\/es\/wp-json\/wp\/v2\/product_brand?post=12945"},{"taxonomy":"product_cat","embeddable":true,"href":"https:\/\/excursionsworld.com\/es\/wp-json\/wp\/v2\/product_cat?post=12945"},{"taxonomy":"product_tag","embeddable":true,"href":"https:\/\/excursionsworld.com\/es\/wp-json\/wp\/v2\/product_tag?post=12945"}],"curies":[{"name":"wp","href":"https:\/\/api.w.org\/{rel}","templated":true}]}}