{"id":12946,"date":"2025-05-11T11:35:10","date_gmt":"2025-05-11T08:35:10","guid":{"rendered":"https:\/\/excursionsworld.com\/?post_type=product&#038;p=12946"},"modified":"2026-04-24T00:20:38","modified_gmt":"2026-04-23T21:20:38","slug":"safari-quad-kemer","status":"publish","type":"product","link":"https:\/\/excursionsworld.com\/tours\/kemer-quad-safari-tour\/","title":{"rendered":"Safari en quad en Kemer tour \u2013 aventura off-road"},"content":{"rendered":"<h2 dir=\"ltr\" data-pm-slice=\"1 1 []\"><span style=\"color: #000000;\"><strong>\u2b50 Visi\u00f3n general<\/strong><\/span><\/h2>\n<p dir=\"ltr\">Emb\u00e1rcate en una aventura de cuatriciclo que bombea adrenalina a trav\u00e9s de las monta\u00f1as del Tauro con traslados desde <a href=\"https:\/\/en.wikipedia.org\/wiki\/Kemer,_Antalya\" target=\"_blank\" rel=\"noopener\">Kemer<\/a> \u00a1y alrededores! Compite por senderos forestales y caminos rocosos, disfruta de vistas impresionantes y nada en un ca\u00f1\u00f3n. Perfecto para los amantes de la adrenalina, no se necesita experiencia previa.<\/p>\n<h3 dir=\"ltr\"><span style=\"color: #000000;\"><strong>Incluido:<\/strong><\/span><\/h3>\n<p dir=\"ltr\"><span style=\"color: #00ff00;\"><strong>\u2713<\/strong><\/span> Recogida y entrega en el hotel<br \/>\n<span style=\"color: #00ff00;\"><strong>\u2713 <\/strong><\/span>Gu\u00eda profesional<br \/>\n<span style=\"color: #00ff00;\"><strong>\u2713 <\/strong><\/span>Seguros<br \/>\n<span style=\"color: #00ff00;\"><strong>\u2713 <\/strong><\/span>Equipamiento (casco, etc.)<\/p>\n<h3 dir=\"ltr\"><span style=\"color: #000000;\"><strong>No se incluye:<\/strong><\/span><\/h3>\n<p dir=\"ltr\"><span style=\"color: #ff0000;\"><strong>\u2717<\/strong><\/span> Gastos personales<br \/>\n<span style=\"color: #ff0000;\"><strong>\u2717 <\/strong><\/span>Fotos y v\u00eddeos<\/p>\n<h2 dir=\"ltr\"><span style=\"color: #000000;\"><strong>\ud83c\udf1f Aspectos destacados<\/strong><\/span><\/h2>\n<p dir=\"ltr\">\ud83d\udd39 Quads cargados de adrenalina<br \/>\n\ud83d\udd39 Senderos forestales y pistas rocosas<br \/>\n\ud83d\udd39 Parada fotogr\u00e1fica esc\u00e9nica con vistas panor\u00e1micas<br \/>\n\ud83d\udd39 Refrescante ba\u00f1o en un ca\u00f1\u00f3n<br \/>\n\ud83d\udd39 Apto para principiantes<br \/>\n\ud83d\udd39 Espectaculares paisajes de monta\u00f1a<\/p>\n<h2 dir=\"ltr\"><span style=\"color: #000000;\"><strong>\ud83d\udcd6 Descripci\u00f3n completa<\/strong><\/span><\/h2>\n<p dir=\"ltr\">La excursi\u00f3n comienza con el traslado desde Kemer hasta la base de quads. Tras una sesi\u00f3n informativa sobre seguridad y una prueba de conducci\u00f3n, emprender\u00e1 un emocionante recorrido por pistas forestales y senderos rocosos, guiado por experimentados instructores. Det\u00e9ngase en un mirador para hacer fotos y admirar las monta\u00f1as. Contin\u00fae el recorrido por pistas m\u00e1s dif\u00edciles y refr\u00e9squese con un ba\u00f1o en un ca\u00f1\u00f3n. Despu\u00e9s de la aventura, le llevar\u00e1n de vuelta a su hotel.<\/p>\n<h3 dir=\"ltr\"><span style=\"color: #000000;\"><strong>\ud83d\uddfa\ufe0f Itinerario<\/strong><\/span><\/h3>\n<p dir=\"ltr\">\ud83d\udd39 Recogida en Kemer y alrededores.<br \/>\n\ud83d\udd39 Llegada a la base de quads.<br \/>\n\ud83d\udd39 Sesi\u00f3n informativa sobre seguridad y prueba de conducci\u00f3n<br \/>\n\ud83d\udd39 Recorre senderos y pistas<br \/>\n\ud83d\udd39 Parada fotogr\u00e1fica en un mirador paisaj\u00edstico.<br \/>\n\ud83d\udd39 Ruta continuada<br \/>\n\ud83d\udd39 Nadar en el ca\u00f1\u00f3n<br \/>\n\ud83d\udd39 Regreso al hotel<\/p>\n<h3 dir=\"ltr\"><span style=\"color: #000000;\"><strong>\u2139\ufe0f Informaci\u00f3n \u00fatil<\/strong><\/span><\/h3>\n<p dir=\"ltr\">\ud83d\udd39 Duraci\u00f3n: 3-4 horas<br \/>\n\ud83d\udd39 No hace falta carnet de conducir<br \/>\n\ud83d\udd39 Edad m\u00ednima del conductor: 17 a\u00f1os<br \/>\n\ud83d\udd39 Equipo suministrado<br \/>\n\ud83d\udd39 Actividad f\u00edsica de moderada a alta.<\/p>\n<h2 dir=\"ltr\">Qu\u00e9 llevar<\/h2>\n<p dir=\"ltr\">\ud83d\udd39 Ropa y calzado c\u00f3modos<br \/>\n\ud83d\udd39 Toalla y ba\u00f1ador<br \/>\n\ud83d\udd39 Efectivo para gastos<br \/>\n\ud83d\udd39 Protector solar<\/p>\n<h3 dir=\"ltr\"><strong>\ud83d\udeab No apto para<\/strong><\/h3>\n<p dir=\"ltr\">\ud83d\udd39 Mujeres embarazadas<br \/>\n\ud83d\udd39 Personas con movilidad reducida<\/p>\n<h2 dir=\"ltr\"><span style=\"color: #000000;\"><strong>\ud83d\udcb8 Precios y reservas<\/strong><\/span><\/h2>\n<p dir=\"ltr\"><strong>\ud83d\udd39 Reserva ahora, paga el d\u00eda de la excursi\u00f3n<\/strong><br \/>\n\ud83d\udd39 Ponte en contacto con nosotros a trav\u00e9s de WhatsApp, Telegram, Viber, o rellena el siguiente formulario de reserva. \ud83d\udc47\ud83c\udffc<\/p>\n<p>\u00bfBuscas alternativas? Explora <a href=\"https:\/\/excursionsworld.com\/es\/excursiones-kemer\/\">m\u00e1s tours en Kemer<\/a>.<\/p>","protected":false},"excerpt":{"rendered":"<p>\u00danase a una emocionante excursi\u00f3n de safari en quad por Kemer, cerca del ca\u00f1\u00f3n de G\u00f6yn\u00fck. Recorre senderos todoterreno, disfruta de vistas panor\u00e1micas, b\u00e1\u00f1ate en un ca\u00f1\u00f3n y siente la<\/p>\n<p dir=\"auto\">ATV Aventura y adrenalina.<\/p>","protected":false},"featured_media":12701,"comment_status":"open","ping_status":"closed","template":"","meta":[],"product_brand":[],"product_cat":[124],"product_tag":[105],"class_list":{"0":"post-12946","1":"product","2":"type-product","3":"status-publish","4":"has-post-thumbnail","6":"tour_phys-kemer-tours","7":"product_cat-kemer-tours","8":"product_tag-kemer","9":"pa_destination-kemer-tours","11":"first","12":"instock","13":"sale","14":"featured","15":"shipping-taxable","16":"purchasable","17":"product-type-tour_phys"},"aioseo_notices":[],"_links":{"self":[{"href":"https:\/\/excursionsworld.com\/es\/wp-json\/wp\/v2\/product\/12946","targetHints":{"allow":["GET"]}}],"collection":[{"href":"https:\/\/excursionsworld.com\/es\/wp-json\/wp\/v2\/product"}],"about":[{"href":"https:\/\/excursionsworld.com\/es\/wp-json\/wp\/v2\/types\/product"}],"replies":[{"embeddable":true,"href":"https:\/\/excursionsworld.com\/es\/wp-json\/wp\/v2\/comments?post=12946"}],"wp:featuredmedia":[{"embeddable":true,"href":"https:\/\/excursionsworld.com\/es\/wp-json\/wp\/v2\/media\/12701"}],"wp:attachment":[{"href":"https:\/\/excursionsworld.com\/es\/wp-json\/wp\/v2\/media?parent=12946"}],"wp:term":[{"taxonomy":"product_brand","embeddable":true,"href":"https:\/\/excursionsworld.com\/es\/wp-json\/wp\/v2\/product_brand?post=12946"},{"taxonomy":"product_cat","embeddable":true,"href":"https:\/\/excursionsworld.com\/es\/wp-json\/wp\/v2\/product_cat?post=12946"},{"taxonomy":"product_tag","embeddable":true,"href":"https:\/\/excursionsworld.com\/es\/wp-json\/wp\/v2\/product_tag?post=12946"}],"curies":[{"name":"wp","href":"https:\/\/api.w.org\/{rel}","templated":true}]}}