{"id":12947,"date":"2025-05-11T11:43:49","date_gmt":"2025-05-11T08:43:49","guid":{"rendered":"https:\/\/excursionsworld.com\/?post_type=product&#038;p=12947"},"modified":"2026-04-02T23:03:49","modified_gmt":"2026-04-02T20:03:49","slug":"olympos-chimaera-jeep-kemer","status":"publish","type":"product","link":"https:\/\/excursionsworld.com\/tours\/olympos-chimaera-jeep-kemer\/","title":{"rendered":"Excursi\u00f3n a Olympos y Chimera desde Kemer \u2013 Safari en jeep nocturno"},"content":{"rendered":"<h3 dir=\"ltr\" data-pm-slice=\"1 1 []\"><span style=\"color: #000000;\"><strong>\u2b50 Visi\u00f3n general<\/strong><\/span><\/h3>\n<p dir=\"ltr\">Emb\u00e1rquese en un emocionante safari nocturno en jeep al monte Chimaera y Olympos desde Kemer y sus alrededores con traslados incluidos. Explore las llamas eternas de Chimaera, b\u00e1\u00f1ese en la playa de Olympos y saboree una cena junto al r\u00edo en Ulup\u0131nar. Perfecto para parejas, familias y amantes de la naturaleza.<\/p>\n<h3 dir=\"ltr\"><span style=\"color: #000000;\"><strong>Incluido:<\/strong><\/span><\/h3>\n<p dir=\"ltr\"><span style=\"color: #00ff00;\"><strong>\u2713<\/strong><\/span> Recogida y entrega en el hotel<br \/>\n<span style=\"color: #00ff00;\"><strong>\u2713 <\/strong><\/span>Entrada a Chimaera<br \/>\n<span style=\"color: #00ff00;\"><strong>\u2713 <\/strong><\/span>Conductor y gu\u00eda profesionales<br \/>\n<span style=\"color: #00ff00;\"><strong>\u2713 <\/strong><\/span>Seguros<br \/>\n<span style=\"color: #00ff00;\"><strong>\u2713 <\/strong><\/span>Cena<\/p>\n<h3 dir=\"ltr\"><span style=\"color: #000000;\"><strong>No se incluye:<\/strong><\/span><\/h3>\n<p dir=\"ltr\"><span style=\"color: #ff0000;\"><strong>\u2717<\/strong><\/span> Gastos personales<br \/>\n<span style=\"color: #ff0000;\"><strong>\u2717 <\/strong><\/span>Entrada a Olympos<br \/>\n<span style=\"color: #ff0000;\"><strong>\u2717 <\/strong><\/span>Bebidas<\/p>\n<h3 dir=\"ltr\"><span style=\"color: #000000;\"><strong>\ud83c\udf1f Aspectos destacados<\/strong><\/span><\/h3>\n<p dir=\"ltr\">\ud83d\udd39 Llamas eternas de Chimaera tras la puesta de sol<br \/>\n\ud83d\udd39 Nataci\u00f3n en la playa de Olympos<br \/>\n\ud83d\udd39 Paseo en jeep por los pueblos<br \/>\n\ud83d\udd39 Cena a orillas del r\u00edo en Ulup\u0131nar<br \/>\n\ud83d\udd39 C\u00f3modos jeeps Range Rover para 10 personas<br \/>\n\ud83d\udd39 Impresionantes vistas nocturnas<\/p>\n<h3 dir=\"ltr\"><span style=\"color: #000000;\"><strong>\ud83d\udcd6 Descripci\u00f3n completa<\/strong><\/span><\/h3>\n<p dir=\"ltr\">La excursi\u00f3n comienza con la recogida en Kemer, seguida de un paseo en jeep por los pueblos de Kuzdere y Tekirova. Parada en la playa de Olympos, en \u00c7\u0131ral\u0131, para nadar y relajarse. A continuaci\u00f3n, haga una excursi\u00f3n de 30 minutos a Chimaera para contemplar sus llamas eternas brillando en la noche. Concluya la velada con una cena de pescado o pollo con ensalada en un restaurante ribere\u00f1o de Ulup\u0131nar antes de regresar a su hotel.<\/p>\n<h3 dir=\"ltr\"><span style=\"color: #000000;\"><strong>\ud83d\uddfa\ufe0f Itinerario<\/strong><\/span><\/h3>\n<p dir=\"ltr\">\ud83d\udd39 Recogida en Kemer<br \/>\n\ud83d\udd39 Paseo en jeep por los pueblos<br \/>\n\ud83d\udd39 Nataci\u00f3n en la playa de Olympos<br \/>\n\ud83d\udd39 30 minutos de caminata hasta Chimaera.<br \/>\n\ud83d\udd39 Visualizaci\u00f3n de las llamas eternas.<br \/>\n\ud83d\udd39 Cena a orillas del r\u00edo en Ulup\u0131nar<br \/>\n\ud83d\udd39 Regreso al hotel<\/p>\n<h3 dir=\"ltr\"><span style=\"color: #000000;\"><strong>\u2139\ufe0f Informaci\u00f3n \u00fatil<\/strong><\/span><\/h3>\n<p dir=\"ltr\">\ud83d\udd39 Duraci\u00f3n: ~7 horas (16:00-23:00)<br \/>\n\ud83d\udd39 Actividad f\u00edsica moderada (senderismo y paseos).<br \/>\n\ud83d\udd39 Apto para personas con una forma f\u00edsica b\u00e1sica<br \/>\n\ud83d\udd39 Jeeps operados por conductores profesionales.<\/p>\n<h3 dir=\"ltr\"><span style=\"color: #000000;\"><strong>Qu\u00e9 llevar<\/strong><\/span><\/h3>\n<p dir=\"ltr\">\ud83d\udd39 Zapatillas de senderismo c\u00f3modas<br \/>\n\ud83d\udd39 Ba\u00f1ador y toalla.<br \/>\n\ud83d\udd39 Agua y objetos personales<\/p>\n<h3 dir=\"ltr\"><span style=\"color: #000000;\"><strong>\ud83d\udeab No apto para<\/strong><\/span><\/h3>\n<p dir=\"ltr\">\ud83d\udd39 Personas con movilidad reducida<br \/>\n\ud83d\udd39 Ni\u00f1os menores de 4 a\u00f1os<br \/>\n\ud83d\udd39 Mujeres embarazadas<\/p>\n<h3 dir=\"ltr\"><span style=\"color: #000000;\"><strong>\ud83d\udcb8 Precios y reservas<\/strong><\/span><\/h3>\n<p dir=\"ltr\"><strong>\ud83d\udd39 Reserva ahora, paga el d\u00eda de la excursi\u00f3n<\/strong><br \/>\n\ud83d\udd39 Ponte en contacto con nosotros a trav\u00e9s de WhatsApp, Telegram, Viber, o rellena el siguiente formulario de reserva. \ud83d\udc47\ud83c\udffc<\/p>","protected":false},"excerpt":{"rendered":"<p>\u00danase a un safari nocturno en jeep desde Kemer hasta Olympos y el monte Chimaera. Explore las llamas eternas, b\u00e1\u00f1ese en la playa de Olympos y disfrute de una cena junto al r\u00edo.<\/p>","protected":false},"featured_media":12731,"comment_status":"open","ping_status":"closed","template":"","meta":[],"product_brand":[],"product_cat":[124],"product_tag":[105],"class_list":{"0":"post-12947","1":"product","2":"type-product","3":"status-publish","4":"has-post-thumbnail","6":"tour_phys-kemer-tours","7":"product_cat-kemer-tours","8":"product_tag-kemer","9":"pa_destination-kemer-tours","11":"first","12":"instock","13":"sale","14":"featured","15":"shipping-taxable","16":"purchasable","17":"product-type-tour_phys"},"aioseo_notices":[],"_links":{"self":[{"href":"https:\/\/excursionsworld.com\/es\/wp-json\/wp\/v2\/product\/12947","targetHints":{"allow":["GET"]}}],"collection":[{"href":"https:\/\/excursionsworld.com\/es\/wp-json\/wp\/v2\/product"}],"about":[{"href":"https:\/\/excursionsworld.com\/es\/wp-json\/wp\/v2\/types\/product"}],"replies":[{"embeddable":true,"href":"https:\/\/excursionsworld.com\/es\/wp-json\/wp\/v2\/comments?post=12947"}],"wp:featuredmedia":[{"embeddable":true,"href":"https:\/\/excursionsworld.com\/es\/wp-json\/wp\/v2\/media\/12731"}],"wp:attachment":[{"href":"https:\/\/excursionsworld.com\/es\/wp-json\/wp\/v2\/media?parent=12947"}],"wp:term":[{"taxonomy":"product_brand","embeddable":true,"href":"https:\/\/excursionsworld.com\/es\/wp-json\/wp\/v2\/product_brand?post=12947"},{"taxonomy":"product_cat","embeddable":true,"href":"https:\/\/excursionsworld.com\/es\/wp-json\/wp\/v2\/product_cat?post=12947"},{"taxonomy":"product_tag","embeddable":true,"href":"https:\/\/excursionsworld.com\/es\/wp-json\/wp\/v2\/product_tag?post=12947"}],"curies":[{"name":"wp","href":"https:\/\/api.w.org\/{rel}","templated":true}]}}