{"id":12948,"date":"2025-05-11T11:50:59","date_gmt":"2025-05-11T08:50:59","guid":{"rendered":"https:\/\/excursionsworld.com\/?post_type=product&#038;p=12948"},"modified":"2026-04-24T00:20:39","modified_gmt":"2026-04-23T21:20:39","slug":"safari-jeep-kemer","status":"publish","type":"product","link":"https:\/\/excursionsworld.com\/tours\/kemer-jeep-safari-tour\/","title":{"rendered":"Safari en jeep desde Kemer por las monta\u00f1as Tauro"},"content":{"rendered":"<h2 dir=\"ltr\" data-pm-slice=\"1 1 []\"><span style=\"color: #000000;\"><strong>\ud83c\udfdd\ufe0f Visi\u00f3n general<\/strong><\/span><\/h2>\n<p dir=\"ltr\">Emb\u00e1rcate en un emocionante safari en jeep por las monta\u00f1as del Tauro desde <a href=\"https:\/\/en.wikipedia.org\/wiki\/Kemer,_Antalya\" target=\"_blank\" rel=\"noopener\">Kemer<\/a>Ofrecemos traslados convenientes desde hoteles en Beldibi, G\u00f6yn\u00fck, Kemer, Kiri\u015f, \u00c7amyuva y Tekirova. Explore paisajes impresionantes, visite un pueblo turco tradicional, nade en un r\u00edo de monta\u00f1a y disfrute de un delicioso almuerzo en plena naturaleza. \u00a1Perfecto para entusiastas de la aventura y familias!<\/p>\n<h3 dir=\"ltr\"><span style=\"color: #000000;\"><strong>Incluido:<\/strong><\/span><\/h3>\n<p dir=\"ltr\"><span style=\"color: #00ff00;\"><strong>\u2713<\/strong><\/span> Recogida y entrega en el hotel<br \/>\n<span style=\"color: #00ff00;\"><strong>\u2713 <\/strong><\/span>Gu\u00eda<br \/>\n<span style=\"color: #00ff00;\"><strong>\u2713 <\/strong><\/span>Paseo en jeep 4\u00d74<br \/>\n<span style=\"color: #00ff00;\"><strong>\u2713 <\/strong><\/span>Seguro a todo riesgo<br \/>\n<span style=\"color: #00ff00;\"><strong>\u2713 <\/strong><\/span>Almuerzo (pescado o shashlik a elegir, ensalada)<\/p>\n<h3 dir=\"ltr\"><span style=\"color: #000000;\"><strong>No se incluye:<\/strong><\/span><\/h3>\n<p dir=\"ltr\"><span style=\"color: #ff0000;\"><strong>\u2717<\/strong><\/span> Bebidas<br \/>\n<span style=\"color: #ff0000;\"><strong>\u2717 <\/strong><\/span>Fotos y v\u00eddeos<br \/>\n<span style=\"color: #ff0000;\"><strong>\u2717 <\/strong><\/span>Entrada a la cueva<\/p>\n<h2><span style=\"color: #000000;\"><strong>\ud83c\udf1f Lo m\u00e1s destacado del viaje<\/strong><\/span><\/h2>\n<p dir=\"ltr\">\ud83d\udd39 Emocionante paseo en jeep todoterreno<br \/>\n\ud83d\udd39 Impresionantes vistas a la monta\u00f1a Taurus.<br \/>\n\ud83d\udd39 Visita a un pueblo tradicional turco y a una mezquita<br \/>\n\ud83d\udd39 Nadar en un r\u00edo fresco de monta\u00f1a<br \/>\n\ud83d\udd39 Delicioso almuerzo en un restaurante r\u00fastico.<br \/>\n\ud83d\udd39 Paradas fotogr\u00e1ficas en el desfiladero de Kesme y un pl\u00e1tano de 2000 a\u00f1os de antig\u00fcedad<br \/>\n\ud83d\udd39 Pelea de agua opcional en el viaje de vuelta<\/p>\n<h2 dir=\"ltr\"><span style=\"color: #000000;\"><strong>\ud83d\udcd6 Descripci\u00f3n completa<\/strong><\/span><\/h2>\n<div dir=\"ltr\">Su aventura comienza con un c\u00f3modo traslado desde su hotel en Beldibi, G\u00f6yn\u00fck, Kemer, Kiri\u015f, \u00c7amyuva o Tekirova. Suba a potentes jeeps 4\u00d74 y ad\u00e9ntrese en los Montes Tauro, empap\u00e1ndose de aire puro y vistas espectaculares.<\/div>\n<div dir=\"ltr\">La primera parada es un pueblo tradicional turco, donde experimentar\u00e1 la cultura local, visitar\u00e1 una mezquita y conocer\u00e1 a sus acogedores habitantes. A continuaci\u00f3n, \u00a1sum\u00e9rjase en la aut\u00e9ntica emoci\u00f3n todoterreno! Recorra senderos rocosos y caminos polvorientos, deteni\u00e9ndose en pintorescos miradores para hacer fotos. Entre los lugares m\u00e1s destacados se encuentran el pintoresco desfiladero de Kesme, un pl\u00e1tano de 2000 a\u00f1os de antig\u00fcedad y una cueva bizantina.<\/div>\n<div dir=\"ltr\">A mediod\u00eda, saboree un delicioso almuerzo en un acogedor restaurante rodeado de naturaleza, eligiendo entre pescado a la parrilla o shashlik de pollo con ensalada fresca. Despu\u00e9s, refr\u00e9squese con un ba\u00f1o en un r\u00edo de monta\u00f1a entre pinares.<\/div>\n<div dir=\"ltr\">A la vuelta, participe opcionalmente en una batalla de agua entre jeeps para disfrutar de un final divertido. La excursi\u00f3n concluye con el regreso a su hotel.<\/div>\n<h3 dir=\"ltr\"><span style=\"color: #000000;\"><strong>\ud83d\uddfa\ufe0f Itinerario<\/strong><\/span><\/h3>\n<p dir=\"ltr\">\ud83d\udd39 Recogida en hoteles de Beldibi, G\u00f6yn\u00fck, Kemer, Kiri\u015f, \u00c7amyuva o Tekirova.<br \/>\n\ud83d\udd39 Parada fotogr\u00e1fica en el desfiladero de Kesme<br \/>\n\ud83d\udd39 Visita a un pl\u00e1tano de 2000 a\u00f1os de antig\u00fcedad<br \/>\n\ud83d\udd39 Exploraci\u00f3n de una cueva y un poblado bizantinos<br \/>\n\ud83d\udd39 Parada panor\u00e1mica a 1500 m de altitud.<br \/>\n\ud83d\udd39 Comida en un restaurante r\u00fastico.<br \/>\n\ud83d\udd39 Nadar en un r\u00edo de monta\u00f1a<br \/>\n\ud83d\udd39 Pelea de agua opcional<br \/>\n\ud83d\udd39 Regreso al hotel<\/p>\n<h3><span style=\"color: #000000;\"><strong>\u2139\ufe0f Informaci\u00f3n \u00fatil<\/strong><\/span><\/h3>\n<p dir=\"ltr\">\ud83d\udd39 Duraci\u00f3n: ~5-6 horas<br \/>\n\ud83d\udd39 El itinerario puede cambiar debido a las condiciones meteorol\u00f3gicas<br \/>\n\ud83d\udd39 Actividad f\u00edsica moderada (montar a caballo, caminar, nadar).<\/p>\n<h2 dir=\"ltr\"><span style=\"color: #000000;\"><strong>Qu\u00e9 llevar<\/strong><\/span><\/h2>\n<p dir=\"ltr\">Gafas de sol \ud83d\udd39<br \/>\n\ud83d\udd39 Ba\u00f1ador y toalla.<br \/>\n\ud83d\udd39 Protector solar<br \/>\n\ud83d\udd39 Ropa y calzado deportivo c\u00f3modo<br \/>\n\ud83d\udd39 Efectivo para gastos personales<\/p>\n<h3 dir=\"ltr\"><span style=\"color: #000000;\"><strong>\ud83d\udeab No apto para<\/strong><\/span><\/h3>\n<p dir=\"ltr\">\ud83d\udd39 Personas con hipertensi\u00f3n arterial<br \/>\n\ud83d\udd39 Mujeres embarazadas<br \/>\n\ud83d\udd39 Viajeros con movilidad reducida<\/p>\n<h2 dir=\"ltr\"><span style=\"color: #000000;\"><strong>\ud83d\udcb8 Precios y reservas<\/strong><\/span><\/h2>\n<p dir=\"ltr\"><strong>\ud83d\udd39 Reserva ahora, paga el d\u00eda de la excursi\u00f3n<\/strong><br \/>\n\ud83d\udd39 Ponte en contacto con nosotros a trav\u00e9s de WhatsApp, Telegram, Viber, o rellena el siguiente formulario de reserva. \ud83d\udc47\ud83c\udffc<\/p>\n<p>\u00bfBuscas alternativas? Explora <a href=\"https:\/\/excursionsworld.com\/es\/excursiones-kemer\/\">m\u00e1s tours en Kemer<\/a>.<\/p>","protected":false},"excerpt":{"rendered":"<p>\u00a1\u00danase a nuestro viaje Kemer Jeep Safari! Explore los Montes Tauro, los pueblos locales y los r\u00edos con una divertida aventura todoterreno. La excursi\u00f3n incluye almuerzo y traslados.<\/p>","protected":false},"featured_media":16677,"comment_status":"open","ping_status":"closed","template":"","meta":[],"product_brand":[],"product_cat":[124],"product_tag":[105],"class_list":{"0":"post-12948","1":"product","2":"type-product","3":"status-publish","4":"has-post-thumbnail","6":"tour_phys-kemer-tours","7":"product_cat-kemer-tours","8":"product_tag-kemer","9":"pa_destination-kemer-tours","11":"first","12":"instock","13":"sale","14":"featured","15":"shipping-taxable","16":"purchasable","17":"product-type-tour_phys"},"aioseo_notices":[],"_links":{"self":[{"href":"https:\/\/excursionsworld.com\/es\/wp-json\/wp\/v2\/product\/12948","targetHints":{"allow":["GET"]}}],"collection":[{"href":"https:\/\/excursionsworld.com\/es\/wp-json\/wp\/v2\/product"}],"about":[{"href":"https:\/\/excursionsworld.com\/es\/wp-json\/wp\/v2\/types\/product"}],"replies":[{"embeddable":true,"href":"https:\/\/excursionsworld.com\/es\/wp-json\/wp\/v2\/comments?post=12948"}],"wp:featuredmedia":[{"embeddable":true,"href":"https:\/\/excursionsworld.com\/es\/wp-json\/wp\/v2\/media\/16677"}],"wp:attachment":[{"href":"https:\/\/excursionsworld.com\/es\/wp-json\/wp\/v2\/media?parent=12948"}],"wp:term":[{"taxonomy":"product_brand","embeddable":true,"href":"https:\/\/excursionsworld.com\/es\/wp-json\/wp\/v2\/product_brand?post=12948"},{"taxonomy":"product_cat","embeddable":true,"href":"https:\/\/excursionsworld.com\/es\/wp-json\/wp\/v2\/product_cat?post=12948"},{"taxonomy":"product_tag","embeddable":true,"href":"https:\/\/excursionsworld.com\/es\/wp-json\/wp\/v2\/product_tag?post=12948"}],"curies":[{"name":"wp","href":"https:\/\/api.w.org\/{rel}","templated":true}]}}