{"id":12952,"date":"2025-05-11T12:43:01","date_gmt":"2025-05-11T09:43:01","guid":{"rendered":"https:\/\/excursionsworld.com\/?post_type=product&#038;p=12952"},"modified":"2026-04-24T00:20:40","modified_gmt":"2026-04-23T21:20:40","slug":"capadocia-2-dias-kemer","status":"publish","type":"product","link":"https:\/\/excursionsworld.com\/tours\/cappadocia-2-day-kemer\/","title":{"rendered":"Capadocia tour de 2 d\u00edas desde Kemer \u2013 paseo en globo"},"content":{"rendered":"<h2><span style=\"color: #000000;\"><strong>\ud83c\udf04 Visi\u00f3n general<\/strong><\/span><\/h2>\n<p>\u00danete a un tour guiado de 2 d\u00edas desde Kemer y sus alrededores (Beldibi, G\u00f6yn\u00fck, Kiri\u015f, \u00c7amyuva, Tekirova) para explorar los paisajes m\u00e1gicos de <a href=\"https:\/\/en.wikipedia.org\/wiki\/Cappadocia\" target=\"_blank\" rel=\"noopener\">Capadocia<\/a>. Descubre chimeneas de hadas, ciudades subterr\u00e1neas e iglesias rupestres talladas en roca volc\u00e1nica: una mezcla perfecta de historia, cultura y naturaleza.<\/p>\n<h3><span style=\"color: #000000;\"><strong>Incluido:<\/strong><\/span><\/h3>\n<div><span style=\"color: #00ff00;\"><strong>\u2713<\/strong> <\/span>Recogida y entrega en el hotel<\/div>\n<div><span style=\"color: #00ff00;\"><strong>\u2713<\/strong> <\/span>1 noche de hotel (habitaci\u00f3n est\u00e1ndar)<br \/><span style=\"color: #00ff00;\"><strong>\u2713<\/strong> <\/span>Cena de la primera noche<\/div>\n<div><span style=\"color: #00ff00;\"><strong>\u2713 <\/strong><\/span>Desayuno (D\u00eda 2 - en el hotel)<br \/><span style=\"color: #00ff00;\"><strong>\u2713<\/strong> <\/span>Entradas a los principales lugares de inter\u00e9s<br \/><span style=\"color: #00ff00;\"><strong>\u2713<\/strong> <\/span>Gu\u00eda profesional<br \/><span style=\"color: #00ff00;\"><strong>\u2713<\/strong> <\/span>Seguro de viaje<br \/><span style=\"color: #00ff00;\"><strong>\u2713<\/strong> <\/span>Autob\u00fas con aire acondicionado<\/div>\n<h3><strong>Excluidos:<\/strong><\/h3>\n<div><strong><span style=\"color: #ff0000;\">\u2717<\/span><\/strong> Bebidas durante las comidas<br \/><strong><span style=\"color: #ff0000;\">\u2717 <\/span><\/strong>Suplemento por habitaci\u00f3n individual<br \/><strong><span style=\"color: #ff0000;\">\u2717 <\/span><\/strong>Almuerzos ambos d\u00edas<br \/><strong><span style=\"color: #ff0000;\">\u2717<\/span><\/strong> <strong>Actividades opcionales:<\/strong><\/div>\n<div><strong>\u2022<\/strong> Noche turca 30\u20ac<br \/><strong>\u2022<\/strong> Tour Panor\u00e1mico \u2013 En Bus \u2013 30\u20ac<br \/>\n<strong>\u2022<\/strong> Tour Panor\u00e1mico \u2013 En Jeep \u2013 50\u20ac<\/div>\n<h2>\ud83c\udff0 <strong>Lo m\u00e1s destacado<\/strong><\/h2>\n<p>\ud83d\udd39 El Valle del Amor y sus chimeneas de hadas<br \/>\ud83d\udd39 Ciudad subterr\u00e1nea excavada en la roca.<br \/>\ud83d\udd39 Pa\u015faba\u011f Valle con rocas en forma de seta.<br \/>\ud83d\udd39 Castillo de Uchisar con vistas panor\u00e1micas<br \/>\ud83d\udd39 Valles de Zelve y Devrent<br \/>\ud83d\udd39 Taller de cer\u00e1mica en Avanos<br \/>\ud83d\udd39 Paseo opcional en globo aerost\u00e1tico al amanecer<\/p>\n<h2>\ud83d\udcd6 <strong>Descripci\u00f3n completa<\/strong><\/h2>\n<p>Su viaje comienza con la recogida en Kemer y un pintoresco viaje a Capadocia. Explore una antigua ciudad subterr\u00e1nea, marav\u00edllese con las surrealistas chimeneas del Valle del Amor y visite el Castillo de Uchisar para disfrutar de unas vistas incre\u00edbles. Descubra los valles de Pa\u015faba\u011f, Zelve y Devrent, cada uno repleto de formaciones rocosas \u00fanicas.<br \/>Vea c\u00f3mo se hace la cer\u00e1mica en Avanos antes de registrarse en su hotel y disfrutar de la cena o de un espect\u00e1culo nocturno turco opcional.<br \/>El segundo d\u00eda, visite iglesias rupestres, un caravasar hist\u00f3rico y un centro de tejido de alfombras antes de regresar a Antalya.<\/p>\n<h3>\ud83d\uddfa\ufe0f <strong>Itinerario<\/strong><\/h3>\n<p><strong>D\u00eda 1<\/strong><br \/>\ud83d\udd39 Recogida en los hoteles de Kemer<br \/>\ud83d\udd39 Parada para desayunar en el camino<br \/>\ud83d\udd39 Visita la ciudad subterr\u00e1nea<br \/>\ud83d\udd39 Almuerzo en Uchisar<br \/>\ud83d\udd39 Explora el castillo de Uchisar y el valle de G\u00f6reme<br \/>\ud83d\udd39 Visita a Pa\u015faba\u011f y Avanos (demostraci\u00f3n de alfarer\u00eda).<br \/>\ud83d\udd39 Registro en el hotel, cena, tarde libre.<\/p>\n<p><strong>D\u00eda 2<\/strong><br \/>\ud83d\udd39 Desayuno en el hotel<br \/>\ud83d\udd39 Visita el Valle del Amor y las iglesias rupestres<br \/>\ud83d\udd39 Parada en centro de alfombras y caravasar<br \/>\ud83d\udd39 Almuerzo en Konya<br \/>\ud83d\udd39 Volver a los hoteles de Antalya<\/p>\n<h3><span style=\"color: #000000;\"><strong>\u2139\ufe0f Informaci\u00f3n \u00fatil<\/strong><\/span><\/h3>\n<p>\ud83d\udd39 Duraci\u00f3n: 2 d\u00edas<br \/>\ud83d\udd39 Actividad f\u00edsica moderada<br \/>\ud83d\udd39 Paseo en globo opcional, en funci\u00f3n de las condiciones meteorol\u00f3gicas.<br \/>\ud83d\udd39 Estancia est\u00e1ndar en hotel (suplemento por habitaci\u00f3n individual)<br \/>\ud83d\udd39 Los menores de 6 a\u00f1os viajan gratis pero comparten asiento a menos que reserven por separado<\/p>\n<h2>\ud83c\udf92 <strong>Qu\u00e9 llevar<\/strong><\/h2>\n<p>\ud83d\udd39 Pasaporte o documento de identidad<br \/>\ud83d\udd39 Zapatos c\u00f3modos<br \/>\ud83d\udd39 Gafas de sol, gorra y crema solar.<br \/>\ud83d\udd39 Chaqueta para las noches frescas<br \/>\ud83d\udd39 C\u00e1mara o smartphone<br \/>\ud83d\udd39 Dinero por extras<\/p>\n<h3>\ud83d\udeab <strong>No apto para<\/strong><\/h3>\n<p>\ud83d\udd39 Hu\u00e9spedes con dificultades de movilidad<br \/>\ud83d\udd39 Ni\u00f1os peque\u00f1os<\/p>\n<h2><span style=\"color: #000000;\"><strong>\ud83d\udcb8 Precios y reservas<\/strong><\/span><\/h2>\n<p><strong>\ud83d\udd39 Reserva ahora - paga el d\u00eda de la excursi\u00f3n<\/strong><br \/>\ud83d\udd39 Contacta con nosotros v\u00eda WhatsApp, Telegram o Viber para reservas y dudas. \ud83d\udc47\ud83c\udffc<\/p>\n<p>\u00bfBuscas alternativas? Explora <a href=\"https:\/\/excursionsworld.com\/es\/excursiones-kemer\/\">m\u00e1s tours en Kemer en Capadocia<\/a>.<\/p>","protected":false},"excerpt":{"rendered":"<p><b>Excursi\u00f3n de 2 d\u00edas de Kemer a Capadocia<\/b>\u00a1! Descubra <b>chimeneas de hadas<\/b>, <b>ciudades subterr\u00e1neas<\/b>, <b>Valle de Pa\u015faba\u011f<\/b>. <b>Todo incluido<\/b> con <b>hotel<\/b> &amp; <b>gu\u00eda\/transferencia<\/b>.<\/p>","protected":false},"featured_media":12798,"comment_status":"open","ping_status":"closed","template":"","meta":[],"product_brand":[],"product_cat":[124],"product_tag":[105],"class_list":{"0":"post-12952","1":"product","2":"type-product","3":"status-publish","4":"has-post-thumbnail","6":"tour_phys-kemer-tours","7":"product_cat-kemer-tours","8":"product_tag-kemer","9":"pa_destination-kemer-tours","11":"first","12":"instock","13":"sale","14":"featured","15":"shipping-taxable","16":"purchasable","17":"product-type-tour_phys"},"aioseo_notices":[],"_links":{"self":[{"href":"https:\/\/excursionsworld.com\/es\/wp-json\/wp\/v2\/product\/12952","targetHints":{"allow":["GET"]}}],"collection":[{"href":"https:\/\/excursionsworld.com\/es\/wp-json\/wp\/v2\/product"}],"about":[{"href":"https:\/\/excursionsworld.com\/es\/wp-json\/wp\/v2\/types\/product"}],"replies":[{"embeddable":true,"href":"https:\/\/excursionsworld.com\/es\/wp-json\/wp\/v2\/comments?post=12952"}],"wp:featuredmedia":[{"embeddable":true,"href":"https:\/\/excursionsworld.com\/es\/wp-json\/wp\/v2\/media\/12798"}],"wp:attachment":[{"href":"https:\/\/excursionsworld.com\/es\/wp-json\/wp\/v2\/media?parent=12952"}],"wp:term":[{"taxonomy":"product_brand","embeddable":true,"href":"https:\/\/excursionsworld.com\/es\/wp-json\/wp\/v2\/product_brand?post=12952"},{"taxonomy":"product_cat","embeddable":true,"href":"https:\/\/excursionsworld.com\/es\/wp-json\/wp\/v2\/product_cat?post=12952"},{"taxonomy":"product_tag","embeddable":true,"href":"https:\/\/excursionsworld.com\/es\/wp-json\/wp\/v2\/product_tag?post=12952"}],"curies":[{"name":"wp","href":"https:\/\/api.w.org\/{rel}","templated":true}]}}