{"id":12958,"date":"2025-05-11T13:50:28","date_gmt":"2025-05-11T10:50:28","guid":{"rendered":"https:\/\/excursionsworld.com\/?post_type=product&#038;p=12958"},"modified":"2025-12-14T19:11:43","modified_gmt":"2025-12-14T16:11:43","slug":"pesca-mar-barco-kemer","status":"publish","type":"product","link":"https:\/\/excursionsworld.com\/tours\/sea-fishing-boat-kemer\/","title":{"rendered":"Tour de pesca en Kemer en yate \u2013 Todo incluido"},"content":{"rendered":"<h3 dir=\"ltr\" data-pm-slice=\"1 1 []\"><span style=\"color: #000000;\"><strong>\ud83c\udfa3 Visi\u00f3n general<\/strong><\/span><\/h3>\n<p dir=\"ltr\">Emb\u00e1rquese en una tranquila excursi\u00f3n de pesca desde Kemer y sus alrededores. Pesque en las aguas cristalinas del mar Mediterr\u00e1neo, nade en bah\u00edas solitarias y disfrute del desayuno y el almuerzo a bordo. Perfecta para los amantes de la naturaleza, esta excursi\u00f3n dura aproximadamente de 4 a 6 horas.<\/p>\n<h3 dir=\"ltr\"><span style=\"color: #000000;\"><strong>Incluido:<\/strong><\/span><\/h3>\n<p dir=\"ltr\"><span style=\"color: #00ff00;\"><strong>\u2713<\/strong><\/span> Recogida y entrega en el hotel<br \/>\n<span style=\"color: #00ff00;\"><strong>\u2713 <\/strong><\/span>Desayuno a bordo<br \/>\n<span style=\"color: #00ff00;\"><strong>\u2713 <\/strong><\/span>Material de pesca y cebos<br \/>\n<span style=\"color: #00ff00;\"><strong>\u2713 <\/strong><\/span>Instrucci\u00f3n y asistencia<br \/>\n<span style=\"color: #00ff00;\"><strong>\u2713 <\/strong><\/span>Almuerzo en el yate<br \/>\n<span style=\"color: #00ff00;\"><strong>\u2713 <\/strong><\/span>Refrescos<br \/>\n<span style=\"color: #00ff00;\"><strong>\u2713 <\/strong><\/span>Seguro a todo riesgo<\/p>\n<h3 dir=\"ltr\"><span style=\"color: #000000;\"><strong>No se incluye:<\/strong><\/span><\/h3>\n<p dir=\"ltr\"><span style=\"color: #ff0000;\"><strong>\u2717 <\/strong><\/span>Bebidas alcoh\u00f3licas<br \/>\n<span style=\"color: #ff0000;\"><strong>\u2717 <\/strong><\/span>Fotos y v\u00eddeos (opcional)<\/p>\n<h3 dir=\"ltr\"><span style=\"color: #000000;\"><strong>\ud83c\udf0a Lo m\u00e1s destacado del viaje<\/strong><\/span><\/h3>\n<p dir=\"ltr\">\ud83d\udd39 Pesca en las cristalinas aguas del Mediterr\u00e1neo<br \/>\n\ud83d\udd39 Vistas panor\u00e1micas de la costa desde el barco<br \/>\n\ud83d\udd39 Nadar en bah\u00edas solitarias<br \/>\n\ud83d\udd39 Equipamiento y orientaci\u00f3n profesionales<br \/>\n\ud83d\udd39 Pesca fresca preparada a bordo<\/p>\n<h3 dir=\"ltr\"><span style=\"color: #000000;\"><strong>\ud83d\udcd6 Descripci\u00f3n completa<\/strong><\/span><\/h3>\n<p dir=\"ltr\">Comience el d\u00eda con un traslado desde Kemer o zonas cercanas hasta el puerto deportivo, donde le espera un barco pesquero equipado. Disfrute de un copioso desayuno mientras el barco se desliza por las brillantes aguas del Mediterr\u00e1neo. Tanto si es un principiante como un pescador experimentado, la tripulaci\u00f3n le proporcionar\u00e1 equipo e instrucciones profesionales para ayudarle a pescar. Det\u00e9ngase en tranquilas bah\u00edas para darse un refrescante ba\u00f1o mientras admira las vistas de la costa. Para almorzar, saboree sus capturas, reci\u00e9n preparadas a bordo. Regrese a su hotel al mediod\u00eda, lleno de la serenidad del mar.<\/p>\n<h3 dir=\"ltr\"><span style=\"color: #000000;\"><strong>\ud83d\uddfa\ufe0f Itinerario<\/strong><\/span><\/h3>\n<p dir=\"ltr\">\ud83d\udd39 Recogida en Kemer y alrededores.<br \/>\n\ud83d\udd39 Llegada al puerto deportivo de Kemer y embarque<br \/>\nDesayuno a bordo<br \/>\n\ud83d\udd39 Pesca con instrucci\u00f3n y equipo<br \/>\n\ud83d\udd39 Paradas para nadar en las bah\u00edas<br \/>\n\ud83d\udd39 Almuerzo con preparaci\u00f3n opcional de su pesca.<br \/>\n\ud83d\udd39 Regreso al puerto deportivo y al hotel.<\/p>\n<h3 dir=\"ltr\"><span style=\"color: #000000;\"><strong>\u2139\ufe0f Informaci\u00f3n \u00fatil<\/strong><\/span><\/h3>\n<p dir=\"ltr\">Duraci\u00f3n: ~4-6 horas (excursi\u00f3n de medio d\u00eda)<br \/>\n\ud83d\udd39 Actividad f\u00edsica de baja a moderada<br \/>\n\ud83d\udd39 Los menores de 5 a\u00f1os viajan gratis (sin asiento separado)<br \/>\n\ud83d\udd39 Comidas vegetarianas disponibles bajo petici\u00f3n.<br \/>\n\ud83d\udd39 El recorrido depende de las condiciones meteorol\u00f3gicas<\/p>\n<h3 dir=\"ltr\"><span style=\"color: #000000;\"><strong>Qu\u00e9 llevar<\/strong><\/span><\/h3>\n<p dir=\"ltr\">\ud83d\udd39 Ropa c\u00f3moda y ba\u00f1ador.<br \/>\n\ud83d\udd39 Toalla, crema solar, gorra, gafas de sol.<br \/>\n\ud83d\udd39 C\u00e1mara o smartphone<br \/>\n\ud83d\udd39 Dinero en efectivo para bebidas o souvenirs.<\/p>\n<h3 dir=\"ltr\"><span style=\"color: #000000;\"><strong>\ud83d\udeab No apto para<\/strong><\/span><\/h3>\n<p dir=\"ltr\">\ud83d\udd39 Personas con mareos severos.<br \/>\n\ud83d\udd39 Personas con movilidad reducida<\/p>\n<div class=\"elementor-element elementor-element-884d539 e-con-full e-flex e-con e-child\" data-id=\"884d539\" data-element_type=\"container\">\n<div id=\"description\" class=\"elementor-element elementor-element-337037cc elementor-widget elementor-widget-thim-ekits-tours-content\" data-id=\"337037cc\" data-element_type=\"widget\" data-widget_type=\"thim-ekits-tours-content.default\">\n<div class=\"elementor-widget-container\">\n<div class=\"thim-ekit-single-tour__content\">\n<h3 dir=\"ltr\"><strong>\ud83d\udcb8 Precios y reservas<\/strong><\/h3>\n<p dir=\"ltr\"><strong>\ud83d\udd39 Reserva ahora, paga el d\u00eda de la excursi\u00f3n<\/strong><br \/>\n\ud83d\udd39 Ponte en contacto con nosotros a trav\u00e9s de WhatsApp, Telegram, Viber, o rellena el siguiente formulario de reserva. \ud83d\udc47\ud83c\udffc<\/p>\n<\/div>\n<\/div>\n<\/div>\n<\/div>","protected":false},"excerpt":{"rendered":"<p data-start=\"171\" data-end=\"381\">\u00danase a una excursi\u00f3n de pesca mar\u00edtima y en barco por Kemer. Incluye desayuno, equipo de pesca, instrucci\u00f3n, nataci\u00f3n, almuerzo con sus capturas, traslado al hotel y seguro.<\/p>","protected":false},"featured_media":15809,"comment_status":"open","ping_status":"closed","template":"","meta":[],"product_brand":[],"product_cat":[124],"product_tag":[105],"class_list":{"0":"post-12958","1":"product","2":"type-product","3":"status-publish","4":"has-post-thumbnail","6":"tour_phys-boat-tours","7":"tour_phys-kemer-tours","8":"product_cat-kemer-tours","9":"product_tag-kemer","10":"pa_destination-kemer-tours","11":"pa_kategori-boat-tours","13":"first","14":"instock","15":"sale","16":"featured","17":"shipping-taxable","18":"purchasable","19":"product-type-tour_phys"},"aioseo_notices":[],"_links":{"self":[{"href":"https:\/\/excursionsworld.com\/es\/wp-json\/wp\/v2\/product\/12958","targetHints":{"allow":["GET"]}}],"collection":[{"href":"https:\/\/excursionsworld.com\/es\/wp-json\/wp\/v2\/product"}],"about":[{"href":"https:\/\/excursionsworld.com\/es\/wp-json\/wp\/v2\/types\/product"}],"replies":[{"embeddable":true,"href":"https:\/\/excursionsworld.com\/es\/wp-json\/wp\/v2\/comments?post=12958"}],"wp:featuredmedia":[{"embeddable":true,"href":"https:\/\/excursionsworld.com\/es\/wp-json\/wp\/v2\/media\/15809"}],"wp:attachment":[{"href":"https:\/\/excursionsworld.com\/es\/wp-json\/wp\/v2\/media?parent=12958"}],"wp:term":[{"taxonomy":"product_brand","embeddable":true,"href":"https:\/\/excursionsworld.com\/es\/wp-json\/wp\/v2\/product_brand?post=12958"},{"taxonomy":"product_cat","embeddable":true,"href":"https:\/\/excursionsworld.com\/es\/wp-json\/wp\/v2\/product_cat?post=12958"},{"taxonomy":"product_tag","embeddable":true,"href":"https:\/\/excursionsworld.com\/es\/wp-json\/wp\/v2\/product_tag?post=12958"}],"curies":[{"name":"wp","href":"https:\/\/api.w.org\/{rel}","templated":true}]}}