{"id":12961,"date":"2025-05-11T14:03:54","date_gmt":"2025-05-11T11:03:54","guid":{"rendered":"https:\/\/excursionsworld.com\/?post_type=product&#038;p=12961"},"modified":"2026-04-02T23:12:11","modified_gmt":"2026-04-02T20:12:11","slug":"buceo-snorkel-kemer","status":"publish","type":"product","link":"https:\/\/excursionsworld.com\/tours\/kemer-scuba-diving-snorkeling\/","title":{"rendered":"Buceo y snorkel en Kemer \u2013 Scuba Diving"},"content":{"rendered":"<h3 dir=\"ltr\"><strong>\ud83c\udf0a Visi\u00f3n general<\/strong><\/h3>\n<p dir=\"ltr\">Emb\u00e1rquese en un emocionante viaje por el mundo submarino del mar Mediterr\u00e1neo con una excursi\u00f3n de buceo desde Kemer y sus alrededores, que incluye recogida y regreso al hotel. Disfrute de dos inmersiones en las bah\u00edas de Aquarium y Kiri\u015f, nataci\u00f3n, snorkel y un almuerzo fresco a bordo. La excursi\u00f3n es adecuada tanto para principiantes como para buceadores certificados.<\/p>\n<h3 dir=\"ltr\"><strong>Incluido:<\/strong><\/h3>\n<p dir=\"ltr\"><span style=\"color: #00ff00;\"><strong>\u2713<\/strong> <\/span>Recogida y entrega en el hotel<br \/>\n<span style=\"color: #00ff00;\"><strong>\u2713<\/strong> <\/span>C\u00f3modo autob\u00fas con aire acondicionado<br \/>\n<span style=\"color: #00ff00;\"><strong>\u2713<\/strong> <\/span>Seguros<br \/>\n<span style=\"color: #00ff00;\"><strong>\u2713<\/strong> <\/span>Gu\u00eda<br \/>\n<span style=\"color: #00ff00;\"><strong>\u2713<\/strong> <\/span>Almuerzo<\/p>\n<h3 dir=\"ltr\"><strong>No se incluye:<\/strong><\/h3>\n<p dir=\"ltr\"><strong><span style=\"color: #ff0000;\">\u2717<\/span><\/strong> Gastos personales<br \/>\n<strong><span style=\"color: #ff0000;\">\u2717 <\/span><\/strong>Fotos y v\u00eddeos<br \/>\n<strong><span style=\"color: #ff0000;\">\u2717 <\/span><\/strong>Bebidas<\/p>\n<h3 dir=\"ltr\"><strong>\ud83c\udf1f Lo m\u00e1s destacado del viaje<\/strong><\/h3>\n<p dir=\"ltr\">\ud83d\udd39 Dos inmersiones con gu\u00edas en las bah\u00edas Aquarium y Kiri\u015f.<br \/>\n\ud83d\udd39 Nadar y bucear en aguas cristalinas<br \/>\n\ud83d\udd39 Almuerzo fresco servido a bordo<br \/>\n\ud83d\udd39 Observaci\u00f3n de la vibrante vida marina<br \/>\n\ud83d\udd39 Apto para buceadores principiantes y experimentados<br \/>\n\ud83d\udd39 Impresionantes vistas de la costa mediterr\u00e1nea.<\/p>\n<h3 dir=\"ltr\"><strong>\ud83d\udcd6 Descripci\u00f3n completa<\/strong><\/h3>\n<div dir=\"ltr\">La excursi\u00f3n comienza con el traslado desde su hotel en Kemer o zonas cercanas hasta el puerto deportivo. A bordo de la embarcaci\u00f3n, instructores titulados impartir\u00e1n una sesi\u00f3n informativa sobre seguridad, descripci\u00f3n del equipo y t\u00e9cnicas de buceo.<\/div>\n<div dir=\"ltr\">La primera inmersi\u00f3n tiene lugar en la bah\u00eda Aquarium a una profundidad de 5 metros y dura entre 20 y 25 minutos. Despu\u00e9s, rel\u00e1jese en la cubierta, nade o practique snorkel. Se sirve un almuerzo fresco a bordo. La segunda inmersi\u00f3n se realiza en la bah\u00eda de Kiri\u015f a una profundidad de 10-15 metros, guiada por instructores.<\/div>\n<div dir=\"ltr\">Disfrute del pintoresco litoral y del tranquilo ambiente marino. La excursi\u00f3n es apta incluso para no nadadores, ya que las inmersiones est\u00e1n totalmente supervisadas. Tras la segunda inmersi\u00f3n, regresar\u00e1 al puerto deportivo y despu\u00e9s a su hotel.<\/div>\n<h3 dir=\"ltr\"><strong>\ud83d\uddfa\ufe0f Tour Itinerar<\/strong>y<\/h3>\n<p dir=\"ltr\">\ud83d\udd39 Recogida en el hotel en Kemer o alrededores.<br \/>\n\ud83d\udd39 Llegada al puerto deportivo y embarque en el barco.<br \/>\n\ud83d\udd39 Sesi\u00f3n informativa sobre seguridad y equipamiento<br \/>\n\ud83d\udd39 Primera inmersi\u00f3n en Aquarium Bay (5 metros, 20-25 minutos)<br \/>\n\ud83d\udd39 Nataci\u00f3n, snorkel y almuerzo a bordo.<br \/>\n\ud83d\udd39 Segunda inmersi\u00f3n en la bah\u00eda de Kiri\u015f (10-15 metros).<br \/>\n\ud83d\udd39 Regreso al puerto deportivo y traslado al hotel.<\/p>\n<h3 dir=\"ltr\"><strong>\u2139\ufe0f Informaci\u00f3n \u00fatil<\/strong><\/h3>\n<p dir=\"ltr\">\ud83d\udd39 Duraci\u00f3n de la excursi\u00f3n: aproximadamente 7-8 horas.<br \/>\n\ud83d\udd39 Todo el equipo es moderno y se mantiene con regularidad<br \/>\n\ud83d\udd39 No es necesario saber nadar, apto para principiantes.<br \/>\n\ud83d\udd39 Los ni\u00f1os con billete gratuito no tienen asiento individual en el autob\u00fas y deben sentarse en el regazo de un adulto<\/p>\n<h3 dir=\"ltr\"><strong>Qu\u00e9 llevar<\/strong><\/h3>\n<p dir=\"ltr\">\ud83d\udd39 Ba\u00f1ador y toalla.<br \/>\n\ud83d\udd39 Gafas de sol y protecci\u00f3n solar.<br \/>\n\ud83d\udd39 Efectivo para gastos personales<\/p>\n<h3 dir=\"ltr\"><strong>\ud83d\udeab No apto para<\/strong><\/h3>\n<p dir=\"ltr\">\ud83d\udd39 Personas con hipertensi\u00f3n arterial<br \/>\n\ud83d\udd39 Mujeres embarazadas<\/p>\n<h3 dir=\"ltr\"><strong>\ud83d\udcb8 Precios y reservas<\/strong><\/h3>\n<p dir=\"ltr\"><strong>\ud83d\udd39 Reserva ahora, paga el d\u00eda de la excursi\u00f3n<\/strong><br \/>\n\ud83d\udd39 Ponte en contacto con nosotros a trav\u00e9s de WhatsApp, Telegram, Viber, o rellena el siguiente formulario de reserva. \ud83d\udc47\ud83c\udffc<\/p>","protected":false},"excerpt":{"rendered":"<p>\u00a1\u00danase a una excursi\u00f3n de buceo y snorkel en Kemer! Disfrute de 2 inmersiones guiadas, almuerzo a bordo, traslados al hotel y una excursi\u00f3n de buceo segura en el Mediterr\u00e1neo para todos los niveles.<\/p>","protected":false},"featured_media":12653,"comment_status":"open","ping_status":"closed","template":"","meta":[],"product_brand":[],"product_cat":[124],"product_tag":[105],"class_list":{"0":"post-12961","1":"product","2":"type-product","3":"status-publish","4":"has-post-thumbnail","6":"tour_phys-boat-tours","7":"tour_phys-kemer-tours","8":"product_cat-kemer-tours","9":"product_tag-kemer","10":"pa_destination-kemer-tours","11":"pa_kategori-boat-tours","13":"first","14":"instock","15":"sale","16":"featured","17":"shipping-taxable","18":"purchasable","19":"product-type-tour_phys"},"aioseo_notices":[],"_links":{"self":[{"href":"https:\/\/excursionsworld.com\/es\/wp-json\/wp\/v2\/product\/12961","targetHints":{"allow":["GET"]}}],"collection":[{"href":"https:\/\/excursionsworld.com\/es\/wp-json\/wp\/v2\/product"}],"about":[{"href":"https:\/\/excursionsworld.com\/es\/wp-json\/wp\/v2\/types\/product"}],"replies":[{"embeddable":true,"href":"https:\/\/excursionsworld.com\/es\/wp-json\/wp\/v2\/comments?post=12961"}],"wp:featuredmedia":[{"embeddable":true,"href":"https:\/\/excursionsworld.com\/es\/wp-json\/wp\/v2\/media\/12653"}],"wp:attachment":[{"href":"https:\/\/excursionsworld.com\/es\/wp-json\/wp\/v2\/media?parent=12961"}],"wp:term":[{"taxonomy":"product_brand","embeddable":true,"href":"https:\/\/excursionsworld.com\/es\/wp-json\/wp\/v2\/product_brand?post=12961"},{"taxonomy":"product_cat","embeddable":true,"href":"https:\/\/excursionsworld.com\/es\/wp-json\/wp\/v2\/product_cat?post=12961"},{"taxonomy":"product_tag","embeddable":true,"href":"https:\/\/excursionsworld.com\/es\/wp-json\/wp\/v2\/product_tag?post=12961"}],"curies":[{"name":"wp","href":"https:\/\/api.w.org\/{rel}","templated":true}]}}