{"id":12963,"date":"2025-05-11T14:18:54","date_gmt":"2025-05-11T11:18:54","guid":{"rendered":"https:\/\/excursionsworld.com\/?post_type=product&#038;p=12963"},"modified":"2025-12-28T11:25:55","modified_gmt":"2025-12-28T08:25:55","slug":"relax-barco-kemer","status":"publish","type":"product","link":"https:\/\/excursionsworld.com\/tours\/relax-boat-kemer\/","title":{"rendered":"Excursi\u00f3n en barco Relax en Kemer \u2013 peque\u00f1o grupo en el mar"},"content":{"rendered":"<h3 data-start=\"177\" data-end=\"196\">\ud83c\udfdd\ufe0f Visi\u00f3n general<\/h3>\n<p data-start=\"197\" data-end=\"440\">Disfrute de un d\u00eda tranquilo y refrescante en el mar a bordo del <strong data-start=\"243\" data-end=\"268\">Kemer Relax Paseo en barco<\/strong>. Navegue por la costa turquesa de Kemer, b\u00e1\u00f1ese en bah\u00edas cristalinas como Phaselis y Paradise, y rel\u00e1jese en un ambiente tranquilo y sin m\u00fasica, perfecto para familias y parejas.<\/p>\n<h3 data-start=\"656\" data-end=\"671\">Incluido:<\/h3>\n<p data-start=\"672\" data-end=\"831\"><strong><span style=\"color: #00ff00;\">\u2713<\/span><\/strong> Recogida y entrega en el hotel<br data-start=\"699\" data-end=\"702\" \/><strong><span style=\"color: #00ff00;\">\u2713 <\/span><\/strong>Gu\u00eda profesional<br data-start=\"722\" data-end=\"725\" \/><strong><span style=\"color: #00ff00;\">\u2713 <\/span><\/strong>Seguros<br data-start=\"736\" data-end=\"739\" \/><strong><span style=\"color: #00ff00;\">\u2713 <\/span><\/strong>Almuerzo (pollo a la plancha, arroz, ensalada)<\/p>\n<h3 data-start=\"672\" data-end=\"831\"><strong>No se incluye:<\/strong><\/h3>\n<p data-start=\"853\" data-end=\"920\"><span style=\"color: #ff0000;\"><strong>\u2717<\/strong><\/span>Bebidas<br data-start=\"874\" data-end=\"877\" \/><span style=\"color: #ff0000;\"><strong>\u2717 <\/strong><\/span>Gastos personales<br data-start=\"896\" data-end=\"899\" \/><span style=\"color: #ff0000;\"><strong>\u2717 <\/strong><\/span>Fotos y v\u00eddeos<\/p>\n<h3 data-start=\"922\" data-end=\"947\">\ud83c\udf1f Lo m\u00e1s destacado del viaje<\/h3>\n<p data-start=\"948\" data-end=\"1200\">\ud83d\udd39 Crucero tranquilo, sin m\u00fasica y con pocos invitados<br data-start=\"998\" data-end=\"1001\" \/>\ud83d\udd39 Nataci\u00f3n en las bah\u00edas Phaselis, Paradise y Moonlight.<br data-start=\"1054\" data-end=\"1057\" \/>\ud83d\udd39 Vistas panor\u00e1micas de la Cueva del Pirata y la costa.<br data-start=\"1105\" data-end=\"1108\" \/>\ud83d\udd39 Delicioso almuerzo y refrescos incluidos.<br data-start=\"1151\" data-end=\"1154\" \/>\ud83d\udd39 Ideal para familias y amantes de la relajaci\u00f3n<\/p>\n<h3 data-start=\"1202\" data-end=\"1228\">\ud83d\udcd6 Descripci\u00f3n completa<\/h3>\n<p data-start=\"1229\" data-end=\"1683\">Saliendo del puerto de Kemer, el barco sigue una ruta panor\u00e1mica a lo largo de la costa turquesa con varias paradas largas para nadar y tomar el sol.<br data-start=\"1363\" data-end=\"1366\" \/>Visitar\u00e1 <strong data-start=\"1379\" data-end=\"1395\">Bah\u00eda de Phaselis<\/strong>, famosa por sus antiguas ruinas, <strong data-start=\"1427\" data-end=\"1443\">Bah\u00eda Para\u00edso<\/strong> con aguas tranquilas y paisajes exuberantes, y <strong data-start=\"1483\" data-end=\"1500\">Bah\u00eda Moonlight<\/strong>, perfecto para nadar y hacer fotos.<br data-start=\"1534\" data-end=\"1537\" \/>Se sirve un sabroso almuerzo a bordo antes de navegar de vuelta a puerto. Sin m\u00fasica alta ni multitudes, es una experiencia tranquila y refrescante en el mar.<\/p>\n<h3 data-start=\"1685\" data-end=\"1710\">\ud83d\uddfa\ufe0f Itinerario<\/h3>\n<p data-start=\"1711\" data-end=\"1966\">\ud83d\udd39 Recogida en los hoteles de la zona de Kemer<br data-start=\"1746\" data-end=\"1749\" \/>\ud83d\udd39 Salida desde el puerto de Kemer<br data-start=\"1777\" data-end=\"1780\" \/>\ud83d\udd39 Parada para nadar en la bah\u00eda de Phaselis.<br data-start=\"1812\" data-end=\"1815\" \/>\ud83d\udd39 Parada para nadar en la Bah\u00eda Para\u00edso.<br data-start=\"1847\" data-end=\"1850\" \/>\ud83d\udd39 Parada para nadar en la bah\u00eda de Moonlight.<br data-start=\"1883\" data-end=\"1886\" \/>\ud83d\udd39 Navega por la Cueva del Pirata para hacer fotos<br data-start=\"1919\" data-end=\"1922\" \/>\ud83d\udd39 Regreso al puerto de Kemer y traslado al hotel.<\/p>\n<h3 data-start=\"1968\" data-end=\"1996\">\u2139\ufe0f Informaci\u00f3n \u00fatil<\/h3>\n<p data-start=\"1997\" data-end=\"2183\">\ud83d\udd39 Duraci\u00f3n: 5-6 horas<br data-start=\"2019\" data-end=\"2022\" \/>\ud83d\udd39 Ambiente tranquilo y familiar<br data-start=\"2060\" data-end=\"2063\" \/>\ud83d\udd39 Posibilidad de almuerzo vegetariano<br data-start=\"2099\" data-end=\"2102\" \/>\ud83d\udd39 Tripulaci\u00f3n angl\u00f3fona<br data-start=\"2126\" data-end=\"2129\" \/>\ud83d\udd39 Los menores de 5 a\u00f1os viajan gratis pero comparten asiento en el autob\u00fas<\/p>\n<h3 data-start=\"2185\" data-end=\"2208\">Qu\u00e9 llevar<\/h3>\n<p data-start=\"2209\" data-end=\"2318\">\ud83d\udd39 Ba\u00f1ador y toalla.<br data-start=\"2230\" data-end=\"2233\" \/>\ud83d\udd39 Protector solar y gafas de sol.<br data-start=\"2260\" data-end=\"2263\" \/>\ud83d\udd39 Sombrero o gorra<br data-start=\"2276\" data-end=\"2279\" \/>\ud83d\udd39 Poco dinero en efectivo para bebidas o souvenirs.<\/p>\n<h3 data-start=\"2320\" data-end=\"2346\">\ud83d\udeab No apto para<\/h3>\n<p data-start=\"2347\" data-end=\"2426\">\ud83d\udd39 Hu\u00e9spedes que buscan una fiesta o un crucero musical<br data-start=\"2388\" data-end=\"2391\" \/>\ud83d\udd39 Personas con mareos severos.<\/p>\n<h3 data-start=\"2528\" data-end=\"2555\">\ud83d\udcb8 Precios y reservas<\/h3>\n<p data-start=\"2556\" data-end=\"2676\"><strong>\ud83d\udd39 Reserva ahora - paga el d\u00eda de la excursi\u00f3n<\/strong><br data-start=\"2596\" data-end=\"2599\" \/>\ud83d\udd39 Contacta con nosotros v\u00eda WhatsApp, Telegram o Viber para reservas y dudas \ud83d\udc47\ud83c\udffc<\/p>","protected":false},"excerpt":{"rendered":"<p>Reserva un <b>Relajante excursi\u00f3n en yate por Kemer<\/b>\u00a1! Disfrute de un lujo <b>viaje por mar<\/b> a bah\u00edas turquesas, tumbonas y un delicioso <b>almuerzo de lubina<\/b>. Excursi\u00f3n privada lejos de las multitudes.<\/p>","protected":false},"featured_media":15218,"comment_status":"open","ping_status":"closed","template":"","meta":[],"product_brand":[],"product_cat":[124],"product_tag":[105],"class_list":{"0":"post-12963","1":"product","2":"type-product","3":"status-publish","4":"has-post-thumbnail","6":"tour_phys-boat-tours","7":"tour_phys-kemer-tours","8":"product_cat-kemer-tours","9":"product_tag-kemer","10":"pa_destination-kemer-tours","11":"pa_kategori-boat-tours","13":"first","14":"instock","15":"sale","16":"featured","17":"shipping-taxable","18":"purchasable","19":"product-type-tour_phys"},"aioseo_notices":[],"_links":{"self":[{"href":"https:\/\/excursionsworld.com\/es\/wp-json\/wp\/v2\/product\/12963","targetHints":{"allow":["GET"]}}],"collection":[{"href":"https:\/\/excursionsworld.com\/es\/wp-json\/wp\/v2\/product"}],"about":[{"href":"https:\/\/excursionsworld.com\/es\/wp-json\/wp\/v2\/types\/product"}],"replies":[{"embeddable":true,"href":"https:\/\/excursionsworld.com\/es\/wp-json\/wp\/v2\/comments?post=12963"}],"wp:featuredmedia":[{"embeddable":true,"href":"https:\/\/excursionsworld.com\/es\/wp-json\/wp\/v2\/media\/15218"}],"wp:attachment":[{"href":"https:\/\/excursionsworld.com\/es\/wp-json\/wp\/v2\/media?parent=12963"}],"wp:term":[{"taxonomy":"product_brand","embeddable":true,"href":"https:\/\/excursionsworld.com\/es\/wp-json\/wp\/v2\/product_brand?post=12963"},{"taxonomy":"product_cat","embeddable":true,"href":"https:\/\/excursionsworld.com\/es\/wp-json\/wp\/v2\/product_cat?post=12963"},{"taxonomy":"product_tag","embeddable":true,"href":"https:\/\/excursionsworld.com\/es\/wp-json\/wp\/v2\/product_tag?post=12963"}],"curies":[{"name":"wp","href":"https:\/\/api.w.org\/{rel}","templated":true}]}}