{"id":12965,"date":"2025-05-11T14:32:23","date_gmt":"2025-05-11T11:32:23","guid":{"rendered":"https:\/\/excursionsworld.com\/?post_type=product&#038;p=12965"},"modified":"2026-04-02T23:16:24","modified_gmt":"2026-04-02T20:16:24","slug":"suluada-puesta-sol-barco-kemer","status":"publish","type":"product","link":"https:\/\/excursionsworld.com\/tours\/suluada-sunset-boat-kemer\/","title":{"rendered":"Isla Suluada excursi\u00f3n en barco al atardecer desde Kemer"},"content":{"rendered":"<h3 dir=\"ltr\" data-pm-slice=\"1 1 []\"><span style=\"color: #000000;\"><strong>\ud83c\udf05 Visi\u00f3n general<\/strong><\/span><\/h3>\n<p dir=\"ltr\">Sum\u00e9rjase en la magia del Mediterr\u00e1neo con nuestra excursi\u00f3n al atardecer a la isla Suluada desde Kemer. Organizaremos un traslado desde Kemer y sus alrededores. Disfrute de un ba\u00f1o en aguas cristalinas, de un sereno crucero en yate y de una m\u00e1gica puesta de sol sobre el mar. Perfecto para parejas, amantes de la naturaleza y fot\u00f3grafos.<\/p>\n<h3 dir=\"ltr\"><span style=\"color: #000000;\"><strong>Incluido:<\/strong><\/span><\/h3>\n<p dir=\"ltr\"><span style=\"color: #00ff00;\"><strong>\u2713<\/strong><\/span> Recogida y entrega en el hotel<br \/>\n<span style=\"color: #00ff00;\"><strong>\u2713<\/strong><\/span>\u00a0 C\u00f3modo autob\u00fas con aire acondicionado<br \/>\n<span style=\"color: #00ff00;\"><strong>\u2713<\/strong><\/span>\u00a0 Seguros<br \/>\n<span style=\"color: #00ff00;\"><strong>\u2713<\/strong><\/span>\u00a0 Gu\u00eda<br \/>\n<span style=\"color: #00ff00;\"><strong>\u2713<\/strong><\/span>\u00a0 Cena a bordo durante la puesta de sol<\/p>\n<h3 dir=\"ltr\"><span style=\"color: #000000;\"><strong>No se incluye:<\/strong><\/span><\/h3>\n<p dir=\"ltr\"><span style=\"color: #ff0000;\"><strong>\u2717<\/strong><\/span> Bebidas<br \/>\n<span style=\"color: #ff0000;\"><strong>\u2717 <\/strong><\/span>Gastos personales<br \/>\n<span style=\"color: #ff0000;\"><strong>\u2717 <\/strong><\/span>Servicios de fotograf\u00eda y v\u00eddeo<\/p>\n<h3 dir=\"ltr\"><span style=\"color: #000000;\"><strong>\ud83d\udcf8 Lo m\u00e1s destacado<\/strong><\/span><\/h3>\n<p dir=\"ltr\">\ud83d\udd39 Traslado de Kemer a Adrasan<br \/>\n\ud83d\udd39 Crucero en yate a la isla Suluada: las \u201cMaldivas turcas\u201d<br \/>\n\ud83d\udd39 Nadar en bah\u00edas turquesas<br \/>\n\ud83d\udd39 Rom\u00e1ntica puesta de sol en el mar<br \/>\n\ud83d\udd39 Cena a bordo con vistas a la puesta de sol<br \/>\n\ud83d\udd39 Perfecto para sesiones de fotos y relajaci\u00f3n.<\/p>\n<h3 dir=\"ltr\"><span style=\"color: #000000;\"><strong>\ud83d\udcdd Descripci\u00f3n completa<\/strong><\/span><\/h3>\n<div dir=\"ltr\">Su excursi\u00f3n comienza con el traslado desde su hotel en Kemer o zonas cercanas hasta el pueblo costero de Adrasan. Desde all\u00ed, zarpar\u00e1 en un yate hacia la isla de Suluada, famosa por su arena blanca y sus aguas azules.<\/div>\n<div dir=\"ltr\">A lo largo del d\u00eda, har\u00e1 paradas para nadar en pintorescas bah\u00edas. Cuando el sol comience a ponerse, disfrute de una cena rom\u00e1ntica a bordo, rodeado de los vibrantes colores de la puesta de sol mediterr\u00e1nea.<\/div>\n<div dir=\"ltr\">Este recorrido ofrece tranquilidad, fotos impresionantes y recuerdos inolvidables.<\/div>\n<h3 dir=\"ltr\"><span style=\"color: #000000;\"><strong>\ud83d\udd52 Itinerario<\/strong><\/span><\/h3>\n<p dir=\"ltr\">\ud83d\udd39 Recogida en el hotel<br \/>\n\ud83d\udd39 Traslado a Adrasan<br \/>\n\ud83d\udd39 Salida en yate desde el puerto de Adrasan<br \/>\n\ud83d\udd39 Paradas de nataci\u00f3n<br \/>\n\ud83d\udd39 Tiempo libre en la isla Suluada.<br \/>\n\ud83d\udd39 Cena al atardecer a bordo<br \/>\n\ud83d\udd39 Regreso al puerto y traslado al hotel.<\/p>\n<h3 dir=\"ltr\"><span style=\"color: #000000;\"><strong>\u2139\ufe0f Informaci\u00f3n \u00fatil<\/strong><\/span><\/h3>\n<p dir=\"ltr\">\ud83d\udd39 Prep\u00e1rate para ser recogido a tiempo en la entrada principal de tu hotel.<br \/>\n\ud83d\udd39 El recorrido depende de las condiciones meteorol\u00f3gicas<br \/>\n\ud83d\udd39 Men\u00fa vegetariano disponible bajo petici\u00f3n.<br \/>\n\ud83d\udd39 Las tardes pueden ser frescas - llevar una chaqueta ligera.<br \/>\n\ud83d\udd39 Los ni\u00f1os menores de 5 a\u00f1os que viajan gratis no tienen un asiento aparte en el autob\u00fas. Si el autob\u00fas est\u00e1 lleno, se sientan en el regazo de un adulto, o se puede reservar un asiento aparte<\/p>\n<h3 dir=\"ltr\"><span style=\"color: #000000;\"><strong>Qu\u00e9 llevar<\/strong><\/span><\/h3>\n<p dir=\"ltr\">\ud83d\udd39 Ba\u00f1ador y toalla.<br \/>\n\ud83d\udd39 Protector solar y gafas de sol.<br \/>\n\ud83d\udd39 Tel\u00e9fono o c\u00e1mara<br \/>\n\ud83d\udd39 Efectivo para gastos personales<\/p>\n<h3 dir=\"ltr\"><span style=\"color: #000000;\"><strong>\ud83d\udeab No apto para<\/strong><\/span><\/h3>\n<p dir=\"ltr\">\ud83d\udd39 Personas con movilidad reducida<br \/>\n\ud83d\udd39 Ni\u00f1os menores de 3 a\u00f1os<br \/>\n\ud83d\udd39 Los propensos al mareo severo.<\/p>\n<h3 dir=\"ltr\"><span style=\"color: #000000;\"><strong>\ud83d\udcb8 Precios y reservas<\/strong><\/span><\/h3>\n<p dir=\"ltr\"><strong>\ud83d\udd39 Reserva ahora, paga el d\u00eda de la excursi\u00f3n<\/strong><br \/>\n\ud83d\udd39 Ponte en contacto con nosotros a trav\u00e9s de WhatsApp, Telegram, Viber, o rellena el siguiente formulario de reserva. \ud83d\udc47\ud83c\udffc<\/p>","protected":false},"excerpt":{"rendered":"<p>Rom\u00e1ntica Excursi\u00f3n en Yate al Atardecer a la Isla Suluada desde Kemer - Ba\u00f1o, Cena a Bordo e Impresionante Puesta de Sol en el Mar. \u00a1Reserve ya su viaje con todo incluido!<\/p>","protected":false},"featured_media":12437,"comment_status":"open","ping_status":"closed","template":"","meta":[],"product_brand":[],"product_cat":[124],"product_tag":[105],"class_list":{"0":"post-12965","1":"product","2":"type-product","3":"status-publish","4":"has-post-thumbnail","6":"tour_phys-boat-tours","7":"tour_phys-kemer-tours","8":"product_cat-kemer-tours","9":"product_tag-kemer","10":"pa_destination-kemer-tours","11":"pa_kategori-boat-tours","13":"first","14":"instock","15":"sale","16":"featured","17":"shipping-taxable","18":"purchasable","19":"product-type-tour_phys"},"aioseo_notices":[],"_links":{"self":[{"href":"https:\/\/excursionsworld.com\/es\/wp-json\/wp\/v2\/product\/12965","targetHints":{"allow":["GET"]}}],"collection":[{"href":"https:\/\/excursionsworld.com\/es\/wp-json\/wp\/v2\/product"}],"about":[{"href":"https:\/\/excursionsworld.com\/es\/wp-json\/wp\/v2\/types\/product"}],"replies":[{"embeddable":true,"href":"https:\/\/excursionsworld.com\/es\/wp-json\/wp\/v2\/comments?post=12965"}],"wp:featuredmedia":[{"embeddable":true,"href":"https:\/\/excursionsworld.com\/es\/wp-json\/wp\/v2\/media\/12437"}],"wp:attachment":[{"href":"https:\/\/excursionsworld.com\/es\/wp-json\/wp\/v2\/media?parent=12965"}],"wp:term":[{"taxonomy":"product_brand","embeddable":true,"href":"https:\/\/excursionsworld.com\/es\/wp-json\/wp\/v2\/product_brand?post=12965"},{"taxonomy":"product_cat","embeddable":true,"href":"https:\/\/excursionsworld.com\/es\/wp-json\/wp\/v2\/product_cat?post=12965"},{"taxonomy":"product_tag","embeddable":true,"href":"https:\/\/excursionsworld.com\/es\/wp-json\/wp\/v2\/product_tag?post=12965"}],"curies":[{"name":"wp","href":"https:\/\/api.w.org\/{rel}","templated":true}]}}