{"id":13050,"date":"2025-05-11T21:58:43","date_gmt":"2025-05-11T18:58:43","guid":{"rendered":"https:\/\/excursionsworld.com\/?post_type=product&#038;p=13050"},"modified":"2025-11-23T21:04:20","modified_gmt":"2025-11-23T18:04:20","slug":"alquiler-yate-privado-briz-kemer","status":"publish","type":"product","link":"https:\/\/excursionsworld.com\/tours\/kemer-private-yacht-rental-briz-luxury-sea-experience\/","title":{"rendered":"Alquiler de yate privado Briz en Kemer \u2013 experiencia de lujo"},"content":{"rendered":"<h3 dir=\"ltr\" data-pm-slice=\"1 1 []\">\ud83c\udfdd\ufe0f Visi\u00f3n general<\/h3>\n<p dir=\"ltr\">Emb\u00e1rquese en una lujosa aventura mar\u00edtima con el alquiler de un yate privado en Kemer. Explore la belleza del Mediterr\u00e1neo, aguas cristalinas y bah\u00edas solitarias. Disfrute del confort y de un delicioso almuerzo a bordo. Los traslados desde Antalya y los hoteles de los alrededores est\u00e1n incluidos.<\/p>\n<h3 dir=\"ltr\">Incluido:<\/h3>\n<p dir=\"ltr\"><span style=\"color: #00ff00;\"><strong>\u2713<\/strong> <\/span>Recogida y entrega en el hotel<br \/>\n<span style=\"color: #00ff00;\"><strong>\u2713<\/strong> <\/span>Servicios de gu\u00eda<br \/>\n<span style=\"color: #00ff00;\"><strong>\u2713<\/strong> <\/span>Seguros<br \/>\n<span style=\"color: #00ff00;\"><strong>\u2713<\/strong> <\/span>Almuerzo en el yate<br \/>\n<span style=\"color: #00ff00;\"><strong>\u2713<\/strong> <\/span>Frutas frescas<br \/>\n<span style=\"color: #00ff00;\"><strong>\u2713<\/strong> <\/span>Refrescos<\/p>\n<h3 dir=\"ltr\">No incluido<\/h3>\n<p dir=\"ltr\"><strong><span style=\"color: #ff0000;\">\u2717<\/span><\/strong> Bebidas alcoh\u00f3licas<br \/>\n<strong><span style=\"color: #ff0000;\">\u2717 <\/span><\/strong>Gastos personales, fotos y v\u00eddeos<\/p>\n<h3 dir=\"ltr\">\ud83c\udf1f Aspectos destacados<\/h3>\n<p dir=\"ltr\">\ud83d\udd39 <strong>Aguas cristalinas<\/strong>: Nadar en los mares turquesa de Kemer<br \/>\n\ud83d\udd39 <strong>Bah\u00edas ocultas<\/strong>: Descubra lugares rec\u00f3nditos a los que s\u00f3lo se puede acceder en yate<br \/>\n\ud83d\udd39 <strong>Puesta de sol rom\u00e1ntica<\/strong>: Disfrute de una impresionante puesta de sol sobre el mar<br \/>\n\ud83d\udd39 <strong>Ambiente exclusivo<\/strong>: Pase tiempo de calidad con sus seres queridos con toda comodidad<\/p>\n<h3 dir=\"ltr\">\ud83d\udcd6 Descripci\u00f3n completa<\/h3>\n<p dir=\"ltr\">Kemer es un destino mediterr\u00e1neo de primer orden con aguas cristalinas. El alquiler de un yate privado es la forma perfecta de disfrutar de un viaje por mar a medida con su grupo, lejos de las multitudes, inmerso en la belleza de la naturaleza.<\/p>\n<p dir=\"ltr\">El yate cuenta con amplias cubiertas y elegantes interiores. B\u00e1\u00f1ese en las bah\u00edas Phaselis y Paradise, y admire una puesta de sol desde el mar. La excursi\u00f3n incluye un delicioso almuerzo, fruta fresca y refrescos.<\/p>\n<p dir=\"ltr\">El yate tiene capacidad para un m\u00e1ximo de 12 personas, con precios basados en un grupo de 6 (contactar para grupos m\u00e1s grandes). Reserve con antelaci\u00f3n para obtener las mejores tarifas.<\/p>\n<h3 dir=\"ltr\">\ud83d\uddfa\ufe0f Itinerario<\/h3>\n<p dir=\"ltr\">\ud83d\udd39 Recogida en los hoteles de la zona de Kemer<br \/>\n\ud83d\udd39 Salida desde el puerto deportivo de Kemer<br \/>\n\ud83d\udd39 Parada fotogr\u00e1fica en la Cueva del Pirata.<br \/>\n\ud83d\udd39 Nataci\u00f3n (1,5 horas) en la bah\u00eda de Phaselis y almuerzo.<br \/>\n\ud83d\udd39 Nataci\u00f3n (1 hora) en Paradise Bay<br \/>\n\ud83d\udd39 Nataci\u00f3n (1 hora) cerca de la Cueva del Pirata.<br \/>\n\ud83d\udd39 Volver a Kemer Marina<br \/>\n\ud83d\udd39 Traslado de vuelta a los hoteles<\/p>\n<h5 dir=\"ltr\">\u2139\ufe0f Informaci\u00f3n \u00fatil<\/h5>\n<p dir=\"ltr\">\ud83d\udd39 <strong>Duraci\u00f3n<\/strong>: 5-6 horas<br \/>\n\ud83d\udd39 Zonas de sombra y para tomar el sol a bordo<br \/>\nLa tripulaci\u00f3n habla ingl\u00e9s<\/p>\n<h3 dir=\"ltr\">Qu\u00e9 llevar<\/h3>\n<p dir=\"ltr\">\ud83d\udd39 Ba\u00f1ador y toalla.<br \/>\n\ud83d\udd39 Protector solar y gafas de sol.<br \/>\n\ud83d\udd39 Sombrero o gorra<br \/>\n\ud83d\udd39 Dinero para souvenirs<\/p>\n<h3 dir=\"ltr\">\ud83d\udeab No apto para<\/h3>\n<p dir=\"ltr\">\ud83d\udd39 Hu\u00e9spedes propensos al mareo<br \/>\n\ud83d\udd39 Personas con movilidad reducida<\/p>\n<div class=\"elementor-element elementor-element-884d539 e-con-full e-flex e-con e-child\" data-id=\"884d539\" data-element_type=\"container\">\n<div id=\"description\" class=\"elementor-element elementor-element-337037cc elementor-widget elementor-widget-thim-ekits-tours-content\" data-id=\"337037cc\" data-element_type=\"widget\" data-widget_type=\"thim-ekits-tours-content.default\">\n<div class=\"elementor-widget-container\">\n<div class=\"thim-ekit-single-tour__content\">\n<h3 dir=\"ltr\">\ud83d\udcb8\u00a0<strong>Precios y reservas<\/strong><\/h3>\n<p dir=\"ltr\"><strong>\ud83d\udd39 Reserva ahora, paga el d\u00eda de la excursi\u00f3n<\/strong><br \/>\n\ud83d\udd39 Ponte en contacto con nosotros a trav\u00e9s de WhatsApp, Telegram, Viber, o rellena el siguiente formulario de reserva. \ud83d\udc47\ud83c\udffc<\/p>\n<\/div>\n<\/div>\n<\/div>\n<\/div>\n<div class=\"elementor-element elementor-element-57a2f74 elementor-widget-divider--view-line elementor-widget elementor-widget-divider\" data-id=\"57a2f74\" data-element_type=\"widget\" data-widget_type=\"divider.default\">\n<div class=\"elementor-widget-container\">\n<div class=\"elementor-divider\"><\/div>\n<\/div>\n<\/div>","protected":false},"excerpt":{"rendered":"<p>Disfrute de una lujosa excursi\u00f3n privada en yate en Kemer con traslados a Antalya. Nade, rel\u00e1jese y explore bah\u00edas escondidas en su exclusivo viaje por el mar Mediterr\u00e1neo.<\/p>","protected":false},"featured_media":13051,"comment_status":"open","ping_status":"closed","template":"","meta":[],"product_brand":[],"product_cat":[129],"product_tag":[105],"class_list":{"0":"post-13050","1":"product","2":"type-product","3":"status-publish","4":"has-post-thumbnail","6":"tour_phys-yacht-rental","7":"product_cat-yacht-rental","8":"product_tag-kemer","9":"pa_kategori-private-yacht-rental-kemer-antalya","11":"first","12":"instock","13":"sale","14":"shipping-taxable","15":"purchasable","16":"product-type-tour_phys"},"aioseo_notices":[],"_links":{"self":[{"href":"https:\/\/excursionsworld.com\/es\/wp-json\/wp\/v2\/product\/13050","targetHints":{"allow":["GET"]}}],"collection":[{"href":"https:\/\/excursionsworld.com\/es\/wp-json\/wp\/v2\/product"}],"about":[{"href":"https:\/\/excursionsworld.com\/es\/wp-json\/wp\/v2\/types\/product"}],"replies":[{"embeddable":true,"href":"https:\/\/excursionsworld.com\/es\/wp-json\/wp\/v2\/comments?post=13050"}],"wp:featuredmedia":[{"embeddable":true,"href":"https:\/\/excursionsworld.com\/es\/wp-json\/wp\/v2\/media\/13051"}],"wp:attachment":[{"href":"https:\/\/excursionsworld.com\/es\/wp-json\/wp\/v2\/media?parent=13050"}],"wp:term":[{"taxonomy":"product_brand","embeddable":true,"href":"https:\/\/excursionsworld.com\/es\/wp-json\/wp\/v2\/product_brand?post=13050"},{"taxonomy":"product_cat","embeddable":true,"href":"https:\/\/excursionsworld.com\/es\/wp-json\/wp\/v2\/product_cat?post=13050"},{"taxonomy":"product_tag","embeddable":true,"href":"https:\/\/excursionsworld.com\/es\/wp-json\/wp\/v2\/product_tag?post=13050"}],"curies":[{"name":"wp","href":"https:\/\/api.w.org\/{rel}","templated":true}]}}