{"id":13297,"date":"2025-05-16T18:15:20","date_gmt":"2025-05-16T15:15:20","guid":{"rendered":"https:\/\/excursionsworld.com\/?post_type=product&#038;p=13297"},"modified":"2026-03-07T19:07:37","modified_gmt":"2026-03-07T16:07:37","slug":"budva-yate-cueva-azul-our-lady-of-the-rocks","status":"publish","type":"product","link":"https:\/\/excursionsworld.com\/tours\/budva-yacht-blue-cave-our-lady-of-the-rocks\/","title":{"rendered":"Yate desde Budva: Kotor, Cueva Azul &amp; Our Lady of the Rocks"},"content":{"rendered":"<h4 dir=\"ltr\" data-pm-slice=\"1 1 []\">\ud83c\udfdd\ufe0f Visi\u00f3n general<\/h4>\n<p dir=\"ltr\">Emb\u00e1rquese en un viaje inolvidable por la pintoresca bah\u00eda de Boka desde Budva o Petrovac. Esta excursi\u00f3n cl\u00e1sica, que se realiza desde 1981, incluye un crucero en el c\u00f3modo barco MB Vesna, una visita a la encantadora Herceg Novi, un ba\u00f1o en la playa de \u017danjice, una parada en la isla de Nuestra Se\u00f1ora de las Rocas y un paseo por la hist\u00f3rica Kotor. Perfecto para familias y amantes de la naturaleza y la cultura.<\/p>\n<h4 dir=\"ltr\">Incluido:<\/h4>\n<p dir=\"ltr\"><span style=\"color: #00ff00;\"><strong>\u2713<\/strong><\/span> Traslado en autob\u00fas desde Budva y Petrovac<br \/>\n<span style=\"color: #00ff00;\"><strong>\u2713 <\/strong><\/span>Crucero en el barco MB Vesna<br \/>\n<span style=\"color: #00ff00;\"><strong>\u2713 <\/strong><\/span>Gu\u00eda profesional a bordo<br \/>\n<span style=\"color: #00ff00;\"><strong>\u2713 <\/strong><\/span>Almuerzo<br \/>\n<span style=\"color: #00ff00;\"><strong>\u2713 <\/strong><\/span>Entrada a la iglesia y al museo de Nuestra Se\u00f1ora de las Rocas<br \/>\n<span style=\"color: #00ff00;\"><strong>\u2713 <\/strong><\/span>Opcional: Traslado en barco peque\u00f1o a la Cueva Azul (10 \u20ac, extra)<\/p>\n<h4 dir=\"ltr\">No se incluye:<\/h4>\n<p dir=\"ltr\"><span style=\"color: #ff0000;\"><strong>\u2717<\/strong><\/span> Traslado adicional a la Cueva Azul<br \/>\n<span style=\"color: #ff0000;\"><strong>\u2717<\/strong><\/span> Fotos y v\u00eddeos<br \/>\n<span style=\"color: #ff0000;\"><strong>\u2717<\/strong><\/span> Bebidas<\/p>\n<h4 dir=\"ltr\">\ud83c\udf1f Lo m\u00e1s destacado del viaje<\/h4>\n<p dir=\"ltr\">\ud83d\udd39 Crucero cl\u00e1sico por la bah\u00eda de Boka, popular desde 1981<br \/>\n\ud83d\udd39 Tiempo libre en el encantador casco antiguo de Herceg Novi.<br \/>\n\ud83d\udd39 Ba\u00f1o y relax en la playa de \u017danjice con visita opcional a la Cueva Azul.<br \/>\n\ud83d\udd39 Visita a Nuestra Se\u00f1ora de las Rocas con su iglesia y museo.<br \/>\n\ud83d\udd39 Paseo por las pintorescas calles del hist\u00f3rico Kotor<br \/>\n\ud83d\udd39 Impresionantes vistas de Perast y la bah\u00eda de Boka.<br \/>\n\ud83d\udd39 Traslados c\u00f3modos en un autob\u00fas moderno<\/p>\n<h4 dir=\"ltr\">\ud83d\udcd6 Descripci\u00f3n completa<\/h4>\n<p dir=\"ltr\">Su aventura comienza con un c\u00f3modo traslado en autob\u00fas desde Budva o Petrovac hasta la ciudad costera de Tivat. All\u00ed, embarcar\u00e1 en el espacioso barco MB Vesna para realizar un crucero que comenzar\u00e1 a las 10:00 de la ma\u00f1ana.<\/p>\n<p dir=\"ltr\">La primera parada es Herceg Novi, donde dispondr\u00e1 de 1 hora de tiempo libre para pasear por el encantador casco antiguo o relajarse junto al mar. A continuaci\u00f3n, navegaremos por el mar Adri\u00e1tico y llegaremos a la playa de \u017danjice, donde disfrutaremos de 1,5 horas para nadar, tomar el sol o realizar una excursi\u00f3n opcional a la Cueva Azul (cargo adicional).<\/p>\n<p dir=\"ltr\">Contin\u00fae hasta la emblem\u00e1tica isla de Nuestra Se\u00f1ora de las Rocas y dedique 40 minutos a explorar la iglesia, el museo y las impresionantes vistas. A continuaci\u00f3n, el crucero le llevar\u00e1 por la pintoresca bah\u00eda de Boka, pasando por la ciudad de Perast, antes de llegar a Kotor. Disfrute de unos 70 minutos para relajarse en el parque, comer algo o explorar el casco antiguo.<\/p>\n<p dir=\"ltr\">Despu\u00e9s de Kotor, regreso en autob\u00fas a Budva y Petrovac, llegando de nuevo a su punto de recogida.<\/p>\n<h4 dir=\"ltr\">\ud83d\uddfa\ufe0f Itinerario<\/h4>\n<p dir=\"ltr\">\ud83d\udd39 Traslado en autob\u00fas de Budva\/Petrovac a Tivat (40 min)<br \/>\n\ud83d\udd39 Crucero a Herceg Novi (40 min)<br \/>\n\ud83d\udd39 Parada en Herceg Novi (1 hora)<br \/>\n\ud83d\udd39 Crucero a la playa de \u017danjice (35 min)<br \/>\n\ud83d\udd39 Parada en la playa de \u017danjice (1,5 horas, ba\u00f1o opcional de 15 minutos en la Cueva Azul por un suplemento).<br \/>\n\ud83d\udd39 Crucero a Nuestra Se\u00f1ora de las Rocas (80 min)<br \/>\n\ud83d\udd39 Parada en Nuestra Se\u00f1ora de las Rocas (40 min)<br \/>\n\ud83d\udd39 Crucero a Kotor (40 min)<br \/>\n\ud83d\udd39 Parada en Kotor (70 min)<br \/>\n\ud83d\udd39 Vuelta en autob\u00fas a Budva\/Petrovac (40 min)<\/p>\n<h4 dir=\"ltr\">\u2139\ufe0f Informaci\u00f3n \u00fatil<\/h4>\n<p dir=\"ltr\">\ud83d\udd39 Duraci\u00f3n: ~8-9 horas<br \/>\n\ud83d\udd39 El horario puede cambiar debido a las condiciones meteorol\u00f3gicas o mar\u00edtimas<br \/>\n\ud83d\udd39 Actividad f\u00edsica moderada (caminar y nadar).<br \/>\n\ud83d\udd39 En caso de mal tiempo, el capit\u00e1n puede cancelar la visita a la playa de \u017danjice o a la Cueva Azul por razones de seguridad.<\/p>\n<h4 dir=\"ltr\">Qu\u00e9 llevar<\/h4>\n<p dir=\"ltr\">\ud83d\udd39 Zapatos c\u00f3modos para caminar<br \/>\n\ud83d\udd39 Gafas de sol y protecci\u00f3n solar.<br \/>\n\ud83d\udd39 Ba\u00f1ador y toalla.<br \/>\n\ud83d\udd39 Dinero en efectivo para gastos personales y excursiones opcionales.<br \/>\n\ud83d\udd39 C\u00e1mara o tel\u00e9fono resistente al agua<\/p>\n<h4 dir=\"ltr\">\ud83d\udeab No apto para<\/h4>\n<p dir=\"ltr\">\ud83d\udd39 Personas con movilidad reducida<br \/>\n\ud83d\udd39 Viajeros con enfermedades graves<\/p>\n<h3 data-start=\"3975\" data-end=\"4004\"><img decoding=\"async\" class=\"emoji\" role=\"img\" draggable=\"false\" src=\"https:\/\/s.w.org\/images\/core\/emoji\/17.0.2\/svg\/1f4b8.svg\" alt=\"\ud83d\udcb8\" \/>\u00a0<strong data-start=\"3983\" data-end=\"4004\">Precios y reservas<\/strong><\/h3>\n<p data-start=\"4005\" data-end=\"4144\"><img decoding=\"async\" class=\"emoji\" role=\"img\" draggable=\"false\" src=\"https:\/\/s.w.org\/images\/core\/emoji\/17.0.2\/svg\/1f539.svg\" alt=\"\ud83d\udd39\" \/>\u00a0Reserve ahora, pague despu\u00e9s<br data-start=\"4030\" data-end=\"4033\" \/><img decoding=\"async\" class=\"emoji\" role=\"img\" draggable=\"false\" src=\"https:\/\/s.w.org\/images\/core\/emoji\/17.0.2\/svg\/1f539.svg\" alt=\"\ud83d\udd39\" \/>\u00a0Cancelaci\u00f3n gratuita hasta 24 horas antes del viaje<br data-start=\"4084\" data-end=\"4087\" \/><img decoding=\"async\" class=\"emoji\" role=\"img\" draggable=\"false\" src=\"https:\/\/s.w.org\/images\/core\/emoji\/17.0.2\/svg\/1f539.svg\" alt=\"\ud83d\udd39\" \/>\u00a0Reserve f\u00e1cilmente por WhatsApp o mediante el formulario de reserva en l\u00ednea\u00a0<img decoding=\"async\" class=\"emoji\" role=\"img\" draggable=\"false\" src=\"https:\/\/s.w.org\/images\/core\/emoji\/17.0.2\/svg\/1f447-1f3fd.svg\" alt=\"\ud83d\udc47\ud83c\udffd\" \/><\/p>","protected":false},"excerpt":{"rendered":"<p>Explore la bah\u00eda de Kotor en una excursi\u00f3n en yate desde Budva. Visita Herceg Novi, b\u00e1\u00f1ate en la playa de \u017danjice, contempla la Cueva Azul y la isla de Nuestra Se\u00f1ora de las Rocas.<\/p>","protected":false},"featured_media":15873,"comment_status":"open","ping_status":"closed","template":"","meta":[],"product_brand":[],"product_cat":[132],"product_tag":[123],"class_list":{"0":"post-13297","1":"product","2":"type-product","3":"status-publish","4":"has-post-thumbnail","6":"tour_phys-budva-tours","7":"product_cat-budva-tours","8":"product_tag-budva","9":"pa_montenegro-budva-tours","11":"first","12":"instock","13":"sale","14":"shipping-taxable","15":"purchasable","16":"product-type-tour_phys"},"aioseo_notices":[],"_links":{"self":[{"href":"https:\/\/excursionsworld.com\/es\/wp-json\/wp\/v2\/product\/13297","targetHints":{"allow":["GET"]}}],"collection":[{"href":"https:\/\/excursionsworld.com\/es\/wp-json\/wp\/v2\/product"}],"about":[{"href":"https:\/\/excursionsworld.com\/es\/wp-json\/wp\/v2\/types\/product"}],"replies":[{"embeddable":true,"href":"https:\/\/excursionsworld.com\/es\/wp-json\/wp\/v2\/comments?post=13297"}],"wp:featuredmedia":[{"embeddable":true,"href":"https:\/\/excursionsworld.com\/es\/wp-json\/wp\/v2\/media\/15873"}],"wp:attachment":[{"href":"https:\/\/excursionsworld.com\/es\/wp-json\/wp\/v2\/media?parent=13297"}],"wp:term":[{"taxonomy":"product_brand","embeddable":true,"href":"https:\/\/excursionsworld.com\/es\/wp-json\/wp\/v2\/product_brand?post=13297"},{"taxonomy":"product_cat","embeddable":true,"href":"https:\/\/excursionsworld.com\/es\/wp-json\/wp\/v2\/product_cat?post=13297"},{"taxonomy":"product_tag","embeddable":true,"href":"https:\/\/excursionsworld.com\/es\/wp-json\/wp\/v2\/product_tag?post=13297"}],"curies":[{"name":"wp","href":"https:\/\/api.w.org\/{rel}","templated":true}]}}