{"id":13351,"date":"2025-05-17T21:32:14","date_gmt":"2025-05-17T18:32:14","guid":{"rendered":"https:\/\/excursionsworld.com\/?post_type=product&#038;p=13351"},"modified":"2025-12-09T22:59:47","modified_gmt":"2025-12-09T19:59:47","slug":"kas-kaputas-playa-kemer","status":"publish","type":"product","link":"https:\/\/excursionsworld.com\/tours\/kas-kaputas-beach-kemer\/","title":{"rendered":"Excursi\u00f3n a Ka\u015f y playa Kaputa\u015f desde Kemer \u2013 d\u00eda completo"},"content":{"rendered":"<h3><span style=\"color: #000000;\"><strong>\ud83c\udfdd\ufe0f Visi\u00f3n general<\/strong><\/span><\/h3>\n<p dir=\"ltr\">Pase un d\u00eda entero explorando los lugares m\u00e1s bellos de la costa sur de Turqu\u00eda. Pasee por las encantadoras calles de Kalkan, b\u00e1\u00f1ese en las cristalinas aguas turquesas de la playa de Kaputa\u015f y disfrute de un d\u00eda relajado en la pintoresca ciudad de Ka\u015f. La excursi\u00f3n incluye almuerzo en un restaurante de pescado local, paseos junto al mar y tiempo para ir de compras.<\/p>\n<h3 dir=\"ltr\"><span style=\"color: #000000;\"><strong>Incluido:<\/strong><\/span><\/h3>\n<div dir=\"ltr\"><strong><span style=\"color: #00ff00;\">\u2713<\/span><\/strong> Recogida y entrega en el hotel<br data-start=\"123\" data-end=\"126\" \/><strong><span style=\"color: #00ff00;\">\u2713 <\/span><\/strong>Gu\u00eda<br data-start=\"150\" data-end=\"153\" \/><strong><span style=\"color: #00ff00;\">\u2713 <\/span><\/strong>Entrada a la playa de Kaputa\u015f<br data-start=\"187\" data-end=\"190\" \/><strong><span style=\"color: #00ff00;\">\u2713 <\/span><\/strong>Visita a la Tumba Real<br data-start=\"215\" data-end=\"218\" \/><strong><span style=\"color: #00ff00;\">\u2713 <\/span><\/strong>Visita al Teatro Antiguo<br data-start=\"248\" data-end=\"251\" \/><strong><span style=\"color: #00ff00;\">\u2713 <\/span><\/strong>Seguros<\/div>\n<div dir=\"ltr\"><strong><span style=\"color: #00ff00;\">\u2713 <\/span><\/strong>Almuerzo<\/div>\n<h3 dir=\"ltr\"><span style=\"color: #000000;\">No se incluye:<\/span><\/h3>\n<div dir=\"ltr\"><span style=\"color: #ff0000;\"><strong>\u2717\u00a0<\/strong><\/span> Bebidas<br \/>\n<span style=\"color: #ff0000;\"><strong>\u2717 <\/strong><\/span>Gastos personales<\/div>\n<h3 dir=\"ltr\"><span style=\"color: #000000;\"><strong>\ud83c\udf1f Lo m\u00e1s destacado del viaje<\/strong><\/span><\/h3>\n<p dir=\"ltr\">\ud83d\udd39 Viaje panor\u00e1mico por la costa mediterr\u00e1nea<br \/>\n\ud83d\udd39 Visita a un mirador panor\u00e1mico con vistas a la isla griega de Meis.<br \/>\n\ud83d\udd39 3 horas de tiempo libre en Ka\u015f para explorar y almorzar.<br \/>\n\ud83d\udd39 Ba\u00f1o y relajaci\u00f3n en la emblem\u00e1tica playa de Kaputa\u015f (2-2,5 horas).<br \/>\n\ud83d\udd39 Almuerzo aut\u00e9ntico en un restaurante local<\/p>\n<h3 dir=\"ltr\">\ud83d\udcd6 <strong>Descripci\u00f3n completa<\/strong><\/h3>\n<div dir=\"ltr\">Esta excursi\u00f3n panor\u00e1mica de un d\u00eda de Kemer a Ka\u015f combina historia, belleza natural y encanto costero. Se realiza en grupos reducidos (hasta 15 personas) con un gu\u00eda profesional de habla inglesa y es perfecta para los viajeros que prefieren un ritmo relajado y destinos aut\u00e9nticos.<\/div>\n<div dir=\"ltr\">El d\u00eda comienza con un c\u00f3modo trayecto en coche desde Kemer, incluyendo una breve parada por el camino. La primera parada es un mirador panor\u00e1mico con impresionantes vistas de la isla griega de Meis, perfecto para sacar fotos impresionantes. A continuaci\u00f3n, se dirigir\u00e1 a Ka\u015f, una pintoresca ciudad costera conocida por sus callejuelas floreadas, sus ruinas antiguas, sus boutiques y su ambiente tranquilo.<\/div>\n<div dir=\"ltr\">Tras una breve introducci\u00f3n guiada, dispondr\u00e1 de aproximadamente 2-3 horas de tiempo libre para explorar la ciudad por su cuenta, hacer fotos, comprar recuerdos y almorzar en un restaurante local. A continuaci\u00f3n, visitar\u00e1 la famosa playa de Kaputa\u015f, una de las m\u00e1s emblem\u00e1ticas de Turqu\u00eda, famosa por sus aguas turquesas y su espectacular acantilado. Pase entre 2 y 2,5 horas nadando, relaj\u00e1ndose y tomando el sol antes de regresar a Kemer.<\/div>\n<h3 dir=\"ltr\"><span style=\"color: #000000;\"><strong>\ud83d\uddfa\ufe0f Itinerario<\/strong><\/span><\/h3>\n<p dir=\"ltr\">\ud83d\udd39 Recogida en los hoteles sobre las 08:00<br \/>\n\ud83d\udd39 Viaje panor\u00e1mico con una parada t\u00e9cnica<br \/>\n\ud83d\udd39 Visita al mirador panor\u00e1mico cercano a la isla de Meis.<br \/>\n\ud83d\udd39 Visita guiada al teatro antiguo de Ka\u015f.<br \/>\n\ud83d\udd39 2-3 horas de tiempo libre en Ka\u015f para comer y explorar.<br \/>\n\ud83d\udd39 Traslado a la playa de Kaputa\u015f para nadar y relajarse (2-2,5 horas).<br \/>\n\ud83d\udd39 Salida de la playa de Kaputa\u015f alrededor de las 16:00<br \/>\n\ud83d\udd39 Regreso a los hoteles de Kemer sobre las 18:00-19:00<\/p>\n<h3 dir=\"ltr\"><span style=\"color: #000000;\"><strong>\u2139\ufe0f Informaci\u00f3n \u00fatil<\/strong><\/span><\/h3>\n<p dir=\"ltr\">\ud83d\udd39 Duraci\u00f3n de la excursi\u00f3n: aproximadamente 10-11 horas.<br \/>\n\ud83d\udd39 Almuerzo incluido (pescado, pollo o alb\u00f3ndigas), bebidas con coste adicional.<br \/>\n\ud83d\udd39 Numerosos restaurantes y caf\u00e9s locales disponibles en Ka\u015f durante el tiempo libre.<br \/>\n\ud83d\udd39 Los ni\u00f1os menores de 5 a\u00f1os que viajan gratis no tienen un asiento aparte en el autob\u00fas. Si el autob\u00fas est\u00e1 lleno, se sientan en el regazo de un adulto, o se puede reservar un asiento aparte<\/p>\n<h3 dir=\"ltr\"><span style=\"color: #000000;\"><strong>Qu\u00e9 llevar<\/strong><\/span><\/h3>\n<p dir=\"ltr\">\ud83d\udd39 Ba\u00f1ador y toalla.<br \/>\n\ud83d\udd39 Calzado y ropa c\u00f3modos<br \/>\n\ud83d\udd39 Protecci\u00f3n solar (gorra, crema solar, gafas de sol).<br \/>\n\ud83d\udd39 Dinero en efectivo para bebidas y gastos personales.<\/p>\n<h3 dir=\"ltr\"><span style=\"color: #000000;\"><strong>\ud83d\udeab No apto para<\/strong><\/span><\/h3>\n<p dir=\"ltr\">\ud83d\udd39 Personas con movilidad reducida<br \/>\n\ud83d\udd39 Ni\u00f1os peque\u00f1os y beb\u00e9s debido al largo viaje.<\/p>\n<h3 dir=\"ltr\"><span style=\"color: #000000;\"><strong>\ud83d\udcb8 Precios y reservas<\/strong><\/span><\/h3>\n<p dir=\"ltr\"><strong>\ud83d\udd39 Reserva ahora, paga el d\u00eda de la excursi\u00f3n<\/strong><br \/>\n\ud83d\udd39 Ponte en contacto con nosotros a trav\u00e9s de WhatsApp, Telegram, Viber, o rellena el siguiente formulario de reserva. \ud83d\udc47\ud83c\udffc<\/p>","protected":false},"excerpt":{"rendered":"<p>Descubre la excursi\u00f3n de Kemer a las playas de Ka\u015f, Kalkan y Kaputa\u015f: playas impresionantes, vistas espectaculares y un delicioso almuerzo. Incluye traslado, gu\u00eda experto y seguro.<\/p>","protected":false},"featured_media":14102,"comment_status":"open","ping_status":"closed","template":"","meta":[],"product_brand":[],"product_cat":[124],"product_tag":[105],"class_list":{"0":"post-13351","1":"product","2":"type-product","3":"status-publish","4":"has-post-thumbnail","6":"tour_phys-kemer-tours","7":"product_cat-kemer-tours","8":"product_tag-kemer","9":"pa_destination-kemer-tours","11":"first","12":"instock","13":"sale","14":"shipping-taxable","15":"purchasable","16":"product-type-tour_phys"},"aioseo_notices":[],"_links":{"self":[{"href":"https:\/\/excursionsworld.com\/es\/wp-json\/wp\/v2\/product\/13351","targetHints":{"allow":["GET"]}}],"collection":[{"href":"https:\/\/excursionsworld.com\/es\/wp-json\/wp\/v2\/product"}],"about":[{"href":"https:\/\/excursionsworld.com\/es\/wp-json\/wp\/v2\/types\/product"}],"replies":[{"embeddable":true,"href":"https:\/\/excursionsworld.com\/es\/wp-json\/wp\/v2\/comments?post=13351"}],"wp:featuredmedia":[{"embeddable":true,"href":"https:\/\/excursionsworld.com\/es\/wp-json\/wp\/v2\/media\/14102"}],"wp:attachment":[{"href":"https:\/\/excursionsworld.com\/es\/wp-json\/wp\/v2\/media?parent=13351"}],"wp:term":[{"taxonomy":"product_brand","embeddable":true,"href":"https:\/\/excursionsworld.com\/es\/wp-json\/wp\/v2\/product_brand?post=13351"},{"taxonomy":"product_cat","embeddable":true,"href":"https:\/\/excursionsworld.com\/es\/wp-json\/wp\/v2\/product_cat?post=13351"},{"taxonomy":"product_tag","embeddable":true,"href":"https:\/\/excursionsworld.com\/es\/wp-json\/wp\/v2\/product_tag?post=13351"}],"curies":[{"name":"wp","href":"https:\/\/api.w.org\/{rel}","templated":true}]}}