{"id":14085,"date":"2025-07-01T11:09:40","date_gmt":"2025-07-01T08:09:40","guid":{"rendered":"https:\/\/excursionsworld.com\/?post_type=product&#038;p=14085"},"modified":"2025-12-12T22:27:42","modified_gmt":"2025-12-12T19:27:42","slug":"yate-privado-belek-duden","status":"publish","type":"product","link":"https:\/\/excursionsworld.com\/tours\/private-yacht-belek-duden\/","title":{"rendered":"Alquiler de yates privados en Belek - Cascada de D\u00fcden"},"content":{"rendered":"<h3 dir=\"ltr\" data-pm-slice=\"1 1 []\">\ud83c\udfdd\ufe0f Visi\u00f3n general<\/h3>\n<p dir=\"ltr\">Zarpe en el elegant, un yate privado a motor de 14,5 metros, para vivir una lujosa experiencia VIP por la Riviera turca. Perfecto para ocasiones especiales o para un d\u00eda sereno de indulgencia, este recorrido para un m\u00e1ximo de 12 personas ofrece unas vistas impresionantes, refrescantes ba\u00f1os y cenas gourmet. Con salida del puerto deportivo Ac\u0131su de Belek, navegue hasta la cascada de D\u00fcden y la playa de Lara para vivir una inolvidable aventura mediterr\u00e1nea.<\/p>\n<h3 dir=\"ltr\">Incluido:<\/h3>\n<p dir=\"ltr\"><span style=\"color: #00ff00;\"><strong>\u2713<\/strong><\/span> Recogida y entrega en el hotel<br \/>\n<span style=\"color: #00ff00;\"><strong>\u2713 <\/strong><\/span>Servicios de gu\u00eda<br \/>\n<span style=\"color: #00ff00;\"><strong>\u2713 <\/strong><\/span>Seguros<br \/>\n<span style=\"color: #00ff00;\"><strong>\u2713 <\/strong><\/span>Almuerzo en el yate<br \/>\n<span style=\"color: #00ff00;\"><strong>\u2713 <\/strong><\/span>Frutas frescas<br \/>\n<span style=\"color: #00ff00;\"><strong>\u2713 <\/strong><\/span>Refrescos<\/p>\n<h3 dir=\"ltr\">No se incluye:<\/h3>\n<p dir=\"ltr\"><strong><span style=\"color: #ff0000;\">\u2717<\/span><\/strong> Bebidas alcoh\u00f3licas<br \/>\n<strong><span style=\"color: #ff0000;\">\u2717 <\/span><\/strong>Gastos personales, fotos y v\u00eddeos<\/p>\n<h3 dir=\"ltr\" data-pm-slice=\"1 1 []\">\ud83c\udf1f Lo m\u00e1s destacado del viaje<\/h3>\n<p dir=\"ltr\">\ud83d\udd39 Crucero exclusivo en un yate a motor privado de 14,5 metros.<br \/>\n\ud83d\udd39 B\u00e1\u00f1ate cerca de las orillas v\u00edrgenes de la playa de Lara<br \/>\n\ud83d\udd39 Descubre una cueva aislada y una cascada costera<br \/>\n\ud83d\udd39 Vistas \u00fanicas de la cascada del Alto D\u00fcden desde el mar<br \/>\n\ud83d\udd39 Almuerzo gourmet servido a bordo junto a las cataratas<br \/>\n\ud83d\udd39 Servicio personalizado para familias, parejas o grupos peque\u00f1os.<\/p>\n<h3 dir=\"ltr\">\ud83d\udcd6 Descripci\u00f3n completa<\/h3>\n<p dir=\"ltr\">Su aventura VIP comienza a las 9:00 de la ma\u00f1ana con una c\u00e1lida bienvenida a bordo del yate a motor en el puerto deportivo Ac\u0131su de Belek. Acom\u00f3dese en la cubierta con una bebida refrescante mientras su tripulaci\u00f3n profesional navega por las aguas turquesas del Mediterr\u00e1neo.<\/p>\n<p dir=\"ltr\">La primera parada es la playa de Lara, donde anclar\u00e1 para darse un ba\u00f1o en aguas cristalinas frente a la espectacular costa de Antalya. A continuaci\u00f3n, explore una cueva costera oculta y una encantadora minicascada, perfectas para hacer fotos y disfrutar de un toque de aventura. Navegue cerca de la majestuosa cascada Upper D\u00fcden, un espect\u00e1culo poco com\u00fan que cae en cascada sobre el mar, y disfrute de un almuerzo gourmet a bordo con frescos sabores locales. Dese un segundo ba\u00f1o bajo la bruma de la cascada para vivir un momento m\u00e1gico.<\/p>\n<p dir=\"ltr\">El crucero de regreso ofrece tiempo para relajarse, tomar una copa y disfrutar de la brisa mediterr\u00e1nea. A las 16:00 llegar\u00e1 de vuelta al puerto deportivo de Ac\u0131su, renovado e inspirado por este exclusivo viaje.<\/p>\n<h3 dir=\"ltr\">\ud83d\uddfa\ufe0f Itinerario<\/h3>\n<p dir=\"ltr\">\ud83d\udd39 9:00 AM: Embarque en yate a motor en Ac\u0131su Marina, Belek.<br \/>\n\ud83d\udd39 Crucero a la playa de Lara para la primera parada de ba\u00f1o (11:00 AM)<br \/>\n\ud83d\udd39 Explora una cueva aislada y una mini cascada (12:00 PM)<br \/>\n\ud83d\udd39 Navega hasta la Cascada Superior de D\u00fcden para disfrutar de unas vistas panor\u00e1micas (12:30 PM)<br \/>\n\ud83d\udd39 Almuerzo gourmet a bordo y segundo ba\u00f1o junto a las cataratas (13:00)<br \/>\n\ud83d\udd39 Crucero panor\u00e1mico de regreso por la costa (14:00)<br \/>\n\ud83d\udd39 Regreso al puerto deportivo de Ac\u0131su (16:00).<\/p>\n<h3 dir=\"ltr\">\u2139\ufe0f Informaci\u00f3n \u00fatil<\/h3>\n<p dir=\"ltr\">\ud83d\udd39 Duraci\u00f3n: aprox. 7 horas (9:00 - 16:00)<br \/>\n\ud83d\udd39 El tour opera todos los d\u00edas, sujeto a disponibilidad<br \/>\n\ud83d\udd39 El itinerario puede cambiar debido a las condiciones meteorol\u00f3gicas o mar\u00edtimas<br \/>\n\ud83d\udd39 Actividad f\u00edsica moderada (nataci\u00f3n, paseos ligeros en yate).<br \/>\n\ud83d\udd39 Capacidad del yate: hasta 12 invitados para una experiencia privada.<br \/>\n\ud83d\udd39 Los menores de 5 a\u00f1os viajan gratis pero comparten asiento a menos que reserven por separado<\/p>\n<h3 dir=\"ltr\">Qu\u00e9 llevar<\/h3>\n<p dir=\"ltr\">\ud83d\udd39 Ba\u00f1ador y toalla.<br \/>\n\ud83d\udd39 Protector solar y gafas de sol.<br \/>\n\ud83d\udd39 Zapatos c\u00f3modos y aptos para el agua<br \/>\n\ud83d\udd39 Efectivo para gastos personales<br \/>\n\ud83d\udd39 C\u00e1mara o tel\u00e9fono resistente al agua<\/p>\n<h3 dir=\"ltr\">\ud83d\udeab No apto para<\/h3>\n<p dir=\"ltr\">\ud83d\udd39 Personas con movilidad reducida<br \/>\n\ud83d\udd39 Personas propensas al mareo<\/p>\n<div class=\"elementor-element elementor-element-884d539 e-con-full e-flex e-con e-child\" data-id=\"884d539\" data-element_type=\"container\">\n<div id=\"description\" class=\"elementor-element elementor-element-337037cc elementor-widget elementor-widget-thim-ekits-tours-content\" data-id=\"337037cc\" data-element_type=\"widget\" data-widget_type=\"thim-ekits-tours-content.default\">\n<div class=\"elementor-widget-container\">\n<div class=\"thim-ekit-single-tour__content\">\n<h3 dir=\"ltr\">\ud83d\udcb8\u00a0<strong>Precios y reservas<\/strong><\/h3>\n<p dir=\"ltr\"><strong>\ud83d\udd39 Reserva ahora, paga el d\u00eda de la excursi\u00f3n<\/strong><br \/>\n\ud83d\udd39 Ponte en contacto con nosotros a trav\u00e9s de WhatsApp, Telegram, Viber, o rellena el siguiente formulario de reserva. \ud83d\udc47\ud83c\udffc<\/p>\n<\/div>\n<\/div>\n<\/div>\n<\/div>\n<div class=\"elementor-element elementor-element-57a2f74 elementor-widget-divider--view-line elementor-widget elementor-widget-divider\" data-id=\"57a2f74\" data-element_type=\"widget\" data-widget_type=\"divider.default\">\n<div class=\"elementor-widget-container\">\n<div class=\"elementor-divider\"><\/div>\n<\/div>\n<\/div>","protected":false},"excerpt":{"rendered":"<p><strong>Disfrute de un crucero privado en yate desde Belek hasta la playa de Lara y la cascada de D\u00fcden. Nadar, relajarse en el yate de motor con almuerzo y servicio completo.<\/strong><\/p>","protected":false},"featured_media":14086,"comment_status":"open","ping_status":"closed","template":"","meta":[],"product_brand":[],"product_cat":[129],"product_tag":[120],"class_list":{"0":"post-14085","1":"product","2":"type-product","3":"status-publish","4":"has-post-thumbnail","6":"tour_phys-yacht-rental","7":"product_cat-yacht-rental","8":"product_tag-belek","9":"pa_kategori-private-yacht-rental-kemer-antalya","11":"first","12":"instock","13":"sale","14":"shipping-taxable","15":"purchasable","16":"product-type-tour_phys"},"aioseo_notices":[],"_links":{"self":[{"href":"https:\/\/excursionsworld.com\/es\/wp-json\/wp\/v2\/product\/14085","targetHints":{"allow":["GET"]}}],"collection":[{"href":"https:\/\/excursionsworld.com\/es\/wp-json\/wp\/v2\/product"}],"about":[{"href":"https:\/\/excursionsworld.com\/es\/wp-json\/wp\/v2\/types\/product"}],"replies":[{"embeddable":true,"href":"https:\/\/excursionsworld.com\/es\/wp-json\/wp\/v2\/comments?post=14085"}],"wp:featuredmedia":[{"embeddable":true,"href":"https:\/\/excursionsworld.com\/es\/wp-json\/wp\/v2\/media\/14086"}],"wp:attachment":[{"href":"https:\/\/excursionsworld.com\/es\/wp-json\/wp\/v2\/media?parent=14085"}],"wp:term":[{"taxonomy":"product_brand","embeddable":true,"href":"https:\/\/excursionsworld.com\/es\/wp-json\/wp\/v2\/product_brand?post=14085"},{"taxonomy":"product_cat","embeddable":true,"href":"https:\/\/excursionsworld.com\/es\/wp-json\/wp\/v2\/product_cat?post=14085"},{"taxonomy":"product_tag","embeddable":true,"href":"https:\/\/excursionsworld.com\/es\/wp-json\/wp\/v2\/product_tag?post=14085"}],"curies":[{"name":"wp","href":"https:\/\/api.w.org\/{rel}","templated":true}]}}