{"id":14094,"date":"2025-07-01T11:58:30","date_gmt":"2025-07-01T08:58:30","guid":{"rendered":"https:\/\/excursionsworld.com\/?post_type=product&#038;p=14094"},"modified":"2026-04-24T01:26:53","modified_gmt":"2026-04-23T22:26:53","slug":"yate-privado-atardecer-belek-cena","status":"publish","type":"product","link":"https:\/\/excursionsworld.com\/tours\/belek-sunset-private-yacht-tour-with-dinner\/","title":{"rendered":"Excursi\u00f3n en yate privado al atardecer desde Belek con cena"},"content":{"rendered":"<h2 dir=\"ltr\" data-pm-slice=\"1 1 []\">\ud83c\udfdd\ufe0f Visi\u00f3n general<\/h2>\n<p dir=\"ltr\">Disfruta de un lujoso crucero VIP al atardecer en un yate a motor privado de 14,5 metros a lo largo de la impresionante Riviera Turca. Ideal para veladas rom\u00e1nticas, reuniones familiares o celebraciones especiales, este tour privado ofrece impresionantes vistas al mar, paradas para nadar relajantes y una deliciosa cena a bordo. Saliendo desde <a href=\"https:\/\/en.wikipedia.org\/wiki\/Belek\" target=\"_blank\" rel=\"noopener\">Belek<\/a>\u2019Ac\u0131su Marina a las 16:30, navegue hasta las aguas cristalinas cerca de la playa de Lara y regrese a las 20:30 bajo el dorado cielo del Mediterr\u00e1neo.<\/p>\n<h3 dir=\"ltr\">Incluido:<\/h3>\n<p dir=\"ltr\"><span style=\"color: #00ff00;\"><strong>\u2713<\/strong><\/span> Recogida y entrega en el hotel<br \/>\n<span style=\"color: #00ff00;\"><strong>\u2713 <\/strong><\/span>Servicios de gu\u00eda<br \/>\n<span style=\"color: #00ff00;\"><strong>\u2713 <\/strong><\/span>Seguros<br \/>\n<span style=\"color: #00ff00;\"><strong>\u2713 <\/strong><\/span>Cena en el yate<br \/>\n<span style=\"color: #00ff00;\"><strong>\u2713 <\/strong><\/span>Frutas frescas<br \/>\n<span style=\"color: #00ff00;\"><strong>\u2713 <\/strong><\/span>Refrescos<\/p>\n<h3 dir=\"ltr\">No se incluye:<\/h3>\n<p dir=\"ltr\"><strong><span style=\"color: #ff0000;\">\u2717<\/span><\/strong> Bebidas alcoh\u00f3licas<br \/>\n<strong><span style=\"color: #ff0000;\">\u2717 <\/span><\/strong>Gastos personales, fotos y v\u00eddeos<\/p>\n<h2 dir=\"ltr\" data-pm-slice=\"1 1 []\">\ud83c\udf1f Puntos Destacados del Tour Privado en Yate al Atardecer en Belek<\/h2>\n<p dir=\"ltr\">\ud83d\udd39 Crucero privado al atardecer en un yate a motor de 14,5 metros.<br \/>\n\ud83d\udd39 Parada para nadar cerca de la tranquila costa de la playa de Lara.<br \/>\n\ud83d\udd39 Cena reci\u00e9n preparada servida a bordo<br \/>\n\ud83d\udd39 Ambiente \u00edntimo y relajante para parejas o grupos peque\u00f1os<br \/>\n\ud83d\udd39 Contempla la puesta de sol sobre el mar Mediterr\u00e1neo<br \/>\n\ud83d\udd39 Servicio VIP personalizado con tripulaci\u00f3n profesional<\/p>\n<h2 dir=\"ltr\">\ud83d\udcd6 Descripci\u00f3n completa: Tu experiencia privada en yate al atardecer en Belek<\/h2>\n<p>Su inolvidable velada comienza a las 16:30 en el puerto deportivo Ac\u0131su de Belek, donde su yate privado y su amable tripulaci\u00f3n le dan la bienvenida a bordo. Rel\u00e1jese en el sol\u00e1rium con una bebida refrescante mientras navega por la costa hacia la playa de Lara.<\/p>\n<p>Eche el ancla en una tranquila bah\u00eda y dese un refrescante ba\u00f1o en aguas turquesas. De vuelta a bordo, disfrute de una cena cuidadosamente preparada con platos locales frescos, frutas y refrescos, todo ello mientras admira los colores del sol poniente. Tanto si est\u00e1 celebrando un acontecimiento especial como si busca tranquilidad, este crucero nocturno es el marco perfecto.<\/p>\n<p>Mientras el sol se oculta en el horizonte, disfrute de la suave brisa, la buena compa\u00f1\u00eda y el ambiente tranquilo. Regrese al puerto deportivo de Ac\u0131su a las 20:30 y termine el d\u00eda con un recuerdo inolvidable de su escapada al Mediterr\u00e1neo.<\/p>\n<h3 dir=\"ltr\">\ud83d\uddfa\ufe0f Itinerario<\/h3>\n<p dir=\"ltr\">\ud83d\udd39 16:30 - Salida desde Ac\u0131su Marina, Belek.<br \/>\n\ud83d\udd39 Crucero por la costa hacia la playa de Lara<br \/>\n\ud83d\udd39 Parada para nadar en una bah\u00eda aislada.<br \/>\n\ud83d\udd39 Cena a bordo al atardecer<br \/>\n\ud83d\udd39 Crucero de ida y vuelta con vistas panor\u00e1micas al mar<br \/>\n\ud83d\udd39 20:30 - Llegada de vuelta al puerto deportivo de Ac\u0131su.<\/p>\n<h3 dir=\"ltr\">\u2139\ufe0f Informaci\u00f3n \u00fatil<\/h3>\n<p dir=\"ltr\">\ud83d\udd39 Duraci\u00f3n: aprox. 4 horas (16:30 - 20:30)<br \/>\n\ud83d\udd39 Opera todos los d\u00edas, sujeto a disponibilidad.<br \/>\n\ud83d\udd39 El itinerario puede cambiar debido a las condiciones del mar<br \/>\n\ud83d\udd39 M\u00e1ximo 12 invitados para una experiencia privada<\/p>\n<h2 dir=\"ltr\">Qu\u00e9 llevar<\/h2>\n<p>\ud83d\udd39 Ba\u00f1ador y toalla.<br \/>\n\ud83d\udd39 Protector solar y gafas de sol.<br \/>\n\ud83d\udd39 Chaqueta ligera para la brisa nocturna.<br \/>\n\ud83d\udd39 Efectivo para gastos personales<br \/>\n\ud83d\udd39 C\u00e1mara o tel\u00e9fono resistente al agua<\/p>\n<h3 dir=\"ltr\">\ud83d\udeab No apto para<\/h3>\n<p dir=\"ltr\">\ud83d\udd39 Personas con movilidad reducida<br \/>\n\ud83d\udd39 Personas propensas al mareo<\/p>\n<h2 dir=\"ltr\">\ud83d\udcb8\u00a0<strong>Precios y reservas<\/strong><\/h2>\n<p dir=\"ltr\"><strong>\ud83d\udd39 Reserva ahora, paga el d\u00eda de la excursi\u00f3n<\/strong><br \/>\n\ud83d\udd39 Ponte en contacto con nosotros a trav\u00e9s de WhatsApp, Telegram, Viber, o rellena el siguiente formulario de reserva. \ud83d\udc47\ud83c\udffc<\/p>\n<p>\u00bfBuscas alternativas? Explora <a href=\"https:\/\/excursionsworld.com\/es\/alquiler-yate-privado-kemer-antalya\/\">m\u00e1s alquiler de yates en Belek<\/a>.<\/p>","protected":false},"excerpt":{"rendered":"<p><strong>Disfrute de una excursi\u00f3n privada en yate al atardecer desde Belek con cena a bordo. Nadar cerca de la playa de Lara y relajarse en un yate de lujo durante el crucero nocturno.<\/strong><\/p>","protected":false},"featured_media":14086,"comment_status":"open","ping_status":"closed","template":"","meta":[],"product_brand":[],"product_cat":[129],"product_tag":[120],"class_list":{"0":"post-14094","1":"product","2":"type-product","3":"status-publish","4":"has-post-thumbnail","6":"tour_phys-yacht-rental","7":"product_cat-yacht-rental","8":"product_tag-belek","9":"pa_kategori-private-yacht-rental-kemer-antalya","11":"first","12":"instock","13":"sale","14":"shipping-taxable","15":"purchasable","16":"product-type-tour_phys"},"aioseo_notices":[],"_links":{"self":[{"href":"https:\/\/excursionsworld.com\/es\/wp-json\/wp\/v2\/product\/14094","targetHints":{"allow":["GET"]}}],"collection":[{"href":"https:\/\/excursionsworld.com\/es\/wp-json\/wp\/v2\/product"}],"about":[{"href":"https:\/\/excursionsworld.com\/es\/wp-json\/wp\/v2\/types\/product"}],"replies":[{"embeddable":true,"href":"https:\/\/excursionsworld.com\/es\/wp-json\/wp\/v2\/comments?post=14094"}],"wp:featuredmedia":[{"embeddable":true,"href":"https:\/\/excursionsworld.com\/es\/wp-json\/wp\/v2\/media\/14086"}],"wp:attachment":[{"href":"https:\/\/excursionsworld.com\/es\/wp-json\/wp\/v2\/media?parent=14094"}],"wp:term":[{"taxonomy":"product_brand","embeddable":true,"href":"https:\/\/excursionsworld.com\/es\/wp-json\/wp\/v2\/product_brand?post=14094"},{"taxonomy":"product_cat","embeddable":true,"href":"https:\/\/excursionsworld.com\/es\/wp-json\/wp\/v2\/product_cat?post=14094"},{"taxonomy":"product_tag","embeddable":true,"href":"https:\/\/excursionsworld.com\/es\/wp-json\/wp\/v2\/product_tag?post=14094"}],"curies":[{"name":"wp","href":"https:\/\/api.w.org\/{rel}","templated":true}]}}