{"id":14097,"date":"2025-07-01T15:46:19","date_gmt":"2025-07-01T12:46:19","guid":{"rendered":"https:\/\/excursionsworld.com\/?post_type=product&#038;p=14097"},"modified":"2025-11-20T19:02:49","modified_gmt":"2025-11-20T16:02:49","slug":"yate-privado-kemer","status":"publish","type":"product","link":"https:\/\/excursionsworld.com\/tours\/kemer-private-yacht-tour\/","title":{"rendered":"Tour en yate privado desde Kemer \u2013 2 horas en el mar"},"content":{"rendered":"<h3 data-start=\"183\" data-end=\"203\"><span style=\"color: #000000;\"><strong>\ud83c\udfdd\ufe0f Visi\u00f3n general<\/strong><\/span><\/h3>\n<p data-start=\"204\" data-end=\"442\">\u00bfBusca un tranquilo paseo en barco sin multitudes? \u00danase a nuestro crucero privado en yate a motor de 2 horas desde Kemer: la escapada corta perfecta para parejas, familias o grupos peque\u00f1os que quieran disfrutar del mar sin pasar todo el d\u00eda a bordo.<\/p>\n<p data-start=\"444\" data-end=\"754\">Navegando entre Kiri\u015f Aquarium Bay, Pirate's Cave y Moonlight Bay, este tour \u00edntimo es ideal para nadar, relajarse y experimentar la belleza natural de la Riviera Turca. Con un m\u00e1ximo de 12 invitados y dos paradas para nadar, es la forma perfecta de disfrutar del Mediterr\u00e1neo en un entorno tranquilo y exclusivo.<\/p>\n<h3 data-start=\"756\" data-end=\"774\"><span style=\"color: #000000;\"><strong>\u00a0Incluido:<\/strong><\/span><\/h3>\n<div><span style=\"color: #00ff00;\"><strong>\u2713<\/strong><\/span> Traslado del hotel<\/div>\n<div><span style=\"color: #00ff00;\"><strong>\u2713 <\/strong><\/span>Crucero privado de 2 horas en yate a motor<br data-start=\"810\" data-end=\"813\" \/><span style=\"color: #00ff00;\"><strong>\u2713 <\/strong><\/span>Tripulaci\u00f3n profesional<br data-start=\"832\" data-end=\"835\" \/><span style=\"color: #00ff00;\"><strong>\u2713 <\/strong><\/span>Refrescos ilimitados a bordo<br data-start=\"909\" data-end=\"912\" \/><span style=\"color: #00ff00;\"><strong>\u2713 <\/strong><\/span>Seguro a todo riesgo<\/div>\n<h3 data-start=\"932\" data-end=\"954\"><span style=\"color: #000000;\"><strong>No se incluye:<\/strong><\/span><\/h3>\n<p data-start=\"955\" data-end=\"1026\"><span style=\"color: #ff0000;\"><strong>\u2717<\/strong><\/span> Comidas<br data-start=\"981\" data-end=\"984\" \/><span style=\"color: #ff0000;\"><strong>\u2717 <\/strong><\/span>Gastos personales<br data-start=\"1003\" data-end=\"1006\" \/><span style=\"color: #ff0000;\"><strong>\u2717<\/strong><\/span> Fotos o v\u00eddeos<\/p>\n<h3 data-start=\"1028\" data-end=\"1054\"><span style=\"color: #000000;\"><strong>\ud83c\udf1f Lo m\u00e1s destacado del viaje<\/strong><\/span><\/h3>\n<p data-start=\"1055\" data-end=\"1385\">\ud83d\udd39 Relajante crucero de 2 horas desde Kemer en un moderno yate a motor<br data-start=\"1115\" data-end=\"1118\" \/>\ud83d\udd39 Experiencia en grupo reducido - m\u00e1ximo 12 invitados<br data-start=\"1163\" data-end=\"1166\" \/>\ud83d\udd39 Nadar en las aguas cristalinas de Kiri\u015f Aquarium Bay y Moonlight Bay.<br data-start=\"1241\" data-end=\"1244\" \/>\ud83d\udd39 Explora la misteriosa Cueva del Pirata.<br data-start=\"1283\" data-end=\"1286\" \/>\ud83d\udd39 Escapa de las multitudes y disfruta de un apacible tiempo en el mar<br data-start=\"1337\" data-end=\"1340\" \/>\ud83d\udd39 Perfecto para los que prefieren los viajes cortos<\/p>\n<h3 data-start=\"1387\" data-end=\"1414\"><span style=\"color: #000000;\"><strong>\ud83d\udcd6 Descripci\u00f3n completa<\/strong><\/span><\/h3>\n<div data-start=\"1415\" data-end=\"1564\">Su relajante viaje comienza a las 16:00 desde el puerto deportivo de Kemer. Tras una c\u00e1lida bienvenida de su tripulaci\u00f3n, zarpe hacia las tranquilas calas de la costa.<\/div>\n<div data-start=\"1566\" data-end=\"1848\">La primera parada es la bah\u00eda del Acuario de Kiri\u015f, conocida por sus aguas incre\u00edblemente transparentes y su entorno tranquilo. Aqu\u00ed disfrutar\u00e1 de su primer ba\u00f1o en un entorno realmente tranquilo. A continuaci\u00f3n, navegaremos por la intrigante Cueva del Pirata, una joya costera escondida perfecta para hacer fotos y explorar un poco.<\/div>\n<div data-start=\"1850\" data-end=\"2009\">La segunda parada para nadar es en la hermosa bah\u00eda Moonlight, donde podr\u00e1 disfrutar de un \u00faltimo chapuz\u00f3n refrescante o simplemente relajarse en cubierta con una bebida en la mano.<\/div>\n<div data-start=\"2011\" data-end=\"2115\">A las 18:00, regrese al puerto deportivo de Kemer sinti\u00e9ndose renovado, relajado y con las pilas cargadas: una escapada perfecta.<\/div>\n<h3 data-start=\"2117\" data-end=\"2143\"><span style=\"color: #000000;\"><strong>\ud83d\uddfa\ufe0f Itinerario<\/strong><\/span><\/h3>\n<p data-start=\"2144\" data-end=\"2325\">\ud83d\udd39 16:00 - Salida de Kemer Marina<br data-start=\"2182\" data-end=\"2185\" \/>\ud83d\udd39 Crucero a la bah\u00eda del acuario de Kiri\u015f - parada para nadar.<br data-start=\"2228\" data-end=\"2231\" \/>\ud83d\udd39 Pasar por la Cueva del Pirata<br data-start=\"2255\" data-end=\"2258\" \/>\ud83d\udd39 Parada para nadar en la bah\u00eda Moonlight.<br data-start=\"2287\" data-end=\"2290\" \/>\ud83d\udd39 18:00 - Regreso al puerto deportivo de Kemer.<\/p>\n<h3 data-start=\"2658\" data-end=\"2687\"><span style=\"color: #000000;\"><strong>\u2139\ufe0f Informaci\u00f3n \u00fatil<\/strong><\/span><\/h3>\n<p data-start=\"2688\" data-end=\"2915\">\ud83d\udd39 Duraci\u00f3n: 2 horas (16:00-18:00)<br data-start=\"2722\" data-end=\"2725\" \/>\ud83d\udd39 Se trata de un crucero corto, sin comidas, ideal para quienes prefieren experiencias relajantes y sin multitudes<br data-start=\"2819\" data-end=\"2822\" \/>Tama\u00f1o m\u00e1ximo del grupo: 12 personas<br data-start=\"2854\" data-end=\"2857\" \/>\ud83d\udd39 Opera a diario, sujeto a las condiciones meteorol\u00f3gicas y mar\u00edtimas.<\/p>\n<h3 data-start=\"2428\" data-end=\"2452\"><span style=\"color: #000000;\"><strong>Qu\u00e9 llevar<\/strong><\/span><\/h3>\n<p data-start=\"2453\" data-end=\"2564\">\ud83d\udd39 Ba\u00f1ador y toalla.<br data-start=\"2474\" data-end=\"2477\" \/>\ud83d\udd39 Protector solar y gafas de sol.<br data-start=\"2504\" data-end=\"2507\" \/>\ud83d\udd39 Zapatos aptos para el agua<br data-start=\"2530\" data-end=\"2533\" \/>\ud83d\udd39 Tel\u00e9fono o c\u00e1mara resistente al agua<\/p>\n<h3 data-start=\"2327\" data-end=\"2354\"><span style=\"color: #000000;\"><strong>\ud83d\udeab No apto para<\/strong><\/span><\/h3>\n<p data-start=\"2355\" data-end=\"2426\">\ud83d\udd39 Hu\u00e9spedes con movilidad reducida<br data-start=\"2386\" data-end=\"2389\" \/>\ud83d\udd39 Personas propensas al mareo<\/p>\n<h3 data-start=\"2917\" data-end=\"2945\"><span style=\"color: #000000;\"><strong>\ud83d\udcb8 Precios y reservas<\/strong><\/span><\/h3>\n<p data-start=\"2946\" data-end=\"3070\"><strong><span style=\"color: #000000;\">\ud83d\udd39 Reserva ahora, paga el d\u00eda de la excursi\u00f3n\u00a0<\/span><\/strong><br data-start=\"2985\" data-end=\"2988\" \/>\ud83d\udd39 Contacta con nosotros v\u00eda WhatsApp, Telegram o Viber para disponibilidad y reservas \ud83d\udc47\ud83c\udffc<\/p>","protected":false},"excerpt":{"rendered":"<p>Esc\u00e1pese de las multitudes en una excursi\u00f3n privada en yate de 2 horas desde Kemer. Nade en bah\u00edas de aguas cristalinas, rel\u00e1jese a bordo y disfrute de refrescos. M\u00e1ximo 12 personas.<\/p>","protected":false},"featured_media":13028,"comment_status":"open","ping_status":"closed","template":"","meta":[],"product_brand":[],"product_cat":[124],"product_tag":[105],"class_list":{"0":"post-14097","1":"product","2":"type-product","3":"status-publish","4":"has-post-thumbnail","6":"tour_phys-kemer-tours","7":"tour_phys-yacht-rental","8":"product_cat-kemer-tours","9":"product_tag-kemer","10":"pa_destination-kemer-tours","11":"pa_kategori-private-yacht-rental-kemer-antalya","13":"first","14":"instock","15":"sale","16":"shipping-taxable","17":"purchasable","18":"product-type-tour_phys"},"aioseo_notices":[],"_links":{"self":[{"href":"https:\/\/excursionsworld.com\/es\/wp-json\/wp\/v2\/product\/14097","targetHints":{"allow":["GET"]}}],"collection":[{"href":"https:\/\/excursionsworld.com\/es\/wp-json\/wp\/v2\/product"}],"about":[{"href":"https:\/\/excursionsworld.com\/es\/wp-json\/wp\/v2\/types\/product"}],"replies":[{"embeddable":true,"href":"https:\/\/excursionsworld.com\/es\/wp-json\/wp\/v2\/comments?post=14097"}],"wp:featuredmedia":[{"embeddable":true,"href":"https:\/\/excursionsworld.com\/es\/wp-json\/wp\/v2\/media\/13028"}],"wp:attachment":[{"href":"https:\/\/excursionsworld.com\/es\/wp-json\/wp\/v2\/media?parent=14097"}],"wp:term":[{"taxonomy":"product_brand","embeddable":true,"href":"https:\/\/excursionsworld.com\/es\/wp-json\/wp\/v2\/product_brand?post=14097"},{"taxonomy":"product_cat","embeddable":true,"href":"https:\/\/excursionsworld.com\/es\/wp-json\/wp\/v2\/product_cat?post=14097"},{"taxonomy":"product_tag","embeddable":true,"href":"https:\/\/excursionsworld.com\/es\/wp-json\/wp\/v2\/product_tag?post=14097"}],"curies":[{"name":"wp","href":"https:\/\/api.w.org\/{rel}","templated":true}]}}