{"id":15095,"date":"2025-10-19T00:42:26","date_gmt":"2025-10-18T21:42:26","guid":{"rendered":"https:\/\/excursionsworld.com\/?post_type=product&#038;p=15095"},"modified":"2026-04-24T01:26:55","modified_gmt":"2026-04-23T22:26:55","slug":"bano-turco-alanya-hamam","status":"publish","type":"product","link":"https:\/\/excursionsworld.com\/tours\/alanya-turkish-bath-hamam\/","title":{"rendered":"Ba\u00f1o turco en Alanya \u2013 experiencia de hamam aut\u00e9ntica"},"content":{"rendered":"<h2><span style=\"color: #000000;\"><strong>\ud83c\udfdd\ufe0f Visi\u00f3n general<\/strong><\/span><\/h2>\n<p>Experimente la aut\u00e9ntica relajaci\u00f3n con el <strong><a href=\"https:\/\/en.wikipedia.org\/wiki\/Alanya\" target=\"_blank\" rel=\"noopener\">Alanya<\/a> Ba\u00f1o Turco \u2013 Experiencia Hamam y Spa<\/strong> - un ritual de bienestar centenario dise\u00f1ado para purificar la piel, refrescar el cuerpo y calmar la mente. Perfecta para el inicio de sus vacaciones, esta sesi\u00f3n de hammam tradicional le ayudar\u00e1 a preparar su piel para un bronceado duradero y le dejar\u00e1 profundamente rejuvenecido.<\/p>\n<h3>\u00a0<span style=\"color: #000000;\"><strong>Incluido:<\/strong><\/span><\/h3>\n<p><span style=\"color: #00ff00;\"><strong>\u2713<\/strong><\/span> Recogida y regreso al hotel en Alanya<br \/>\n<span style=\"color: #00ff00;\"><strong>\u2713 <\/strong><\/span>Acceso a sauna, ba\u00f1o de vapor y sala de sal<br \/>\n<span style=\"color: #00ff00;\"><strong>\u2713 <\/strong><\/span>30 minutos de exfoliaci\u00f3n y masaje con espuma<br \/>\n<span style=\"color: #00ff00;\"><strong>\u2713 <\/strong><\/span>20 minutos de masaje relajante con aceite<br \/>\n<span style=\"color: #00ff00;\"><strong>\u2713 <\/strong><\/span>Mascarilla y masaje facial<br \/>\n<span style=\"color: #00ff00;\"><strong>\u2713 <\/strong><\/span>Toallas, zapatillas, jab\u00f3n y pestemal (pa\u00f1o de cintura)<br \/>\n<span style=\"color: #00ff00;\"><strong>\u2713 <\/strong><\/span>Servicio de t\u00e9 o t\u00e9 con manzana<br \/>\n<span style=\"color: #00ff00;\"><strong>\u2713 <\/strong><\/span>Seguro a todo riesgo<\/p>\n<h3>\u00a0<span style=\"color: #000000;\"><strong>No se incluye:<\/strong><\/span><\/h3>\n<p><span style=\"color: #ff0000;\"><strong>\u2717<\/strong><\/span> Gastos personales (bebidas, propinas, etc.)<br \/>\n<span style=\"color: #ff0000;\"><strong>\u2717 <\/strong><\/span>Tratamientos adicionales (opcionales)<br \/>\n<span style=\"color: #ff0000;\"><strong>\u2717 <\/strong><\/span>Fotos o v\u00eddeos (disponibles para su compra)<\/p>\n<h2><span style=\"color: #000000;\"><strong>\ud83c\udf1f Lo m\u00e1s destacado del viaje<\/strong><\/span><\/h2>\n<p>\ud83d\udd39 Experiencia en un hamam turco tradicional en Alanya<br \/>\n\ud83d\udd39 Desintox\u00edcate con sesiones de sauna, vapor y sala de sal<br \/>\n\ud83d\udd39 Exfoliaci\u00f3n corporal completa y masaje con espuma sobre piedra de m\u00e1rmol calentada<br \/>\n\ud83d\udd39 Masaje relajante con aceite y tratamiento facial refrescante<br \/>\n\ud83d\udd39 T\u00e9 turco o t\u00e9 de manzana de cortes\u00eda.<br \/>\n\ud83d\udd39 Instalaciones de spa limpias, higi\u00e9nicas y profesionales.<\/p>\n<h2><span style=\"color: #000000;\"><strong>\ud83d\udcd6 Descripci\u00f3n completa<\/strong><\/span><\/h2>\n<p>Su experiencia en el ba\u00f1o turco comienza con una c\u00f3moda recogida en el hotel de Alanya y zonas cercanas. A su llegada a un centro de bienestar de alta calidad, el amable personal le dar\u00e1 la bienvenida y le proporcionar\u00e1 toallas, zapatillas, jab\u00f3n y un pestemal (pa\u00f1o de cintura) tradicional. Comience su tratamiento con sesiones en el <strong>sauna<\/strong>, <strong>ba\u00f1o turco<\/strong>, y <strong>sala de sal<\/strong> - ideal para limpiar los poros y relajar los m\u00fasculos. A continuaci\u00f3n, pase al <strong>zona hamam principal<\/strong>, donde disfrutar\u00e1 de una <strong>30 minutos de exfoliaci\u00f3n y masaje con espuma<\/strong> se realiza sobre una plataforma de m\u00e1rmol caliente, eliminando la piel muerta y dejando el cuerpo suave como la seda. Tras una breve pausa de relajaci\u00f3n con <strong>t\u00e9 o t\u00e9 de manzana<\/strong>, Contin\u00fae con <strong>20 minutos de masaje con aceites arom\u00e1ticos<\/strong> para aliviar la tensi\u00f3n muscular y favorecer la relajaci\u00f3n de todo el cuerpo. La sesi\u00f3n concluye con un <strong>mascarilla facial y suave masaje facial<\/strong>, Su piel quedar\u00e1 resplandeciente y fresca. Por \u00faltimo, rel\u00e1jese en el sal\u00f3n antes de ser trasladado c\u00f3modamente de vuelta a su hotel, sinti\u00e9ndose renovado, relajado y radiante.<\/p>\n<h3><span style=\"color: #000000;\"><strong>\ud83d\uddfa\ufe0f Itinerario<\/strong><\/span><\/h3>\n<p>\ud83d\udd39 Recogida en hoteles en Alanya y alrededores.<br \/>\n\ud83d\udd39 Llegada y bienvenida al centro termal.<br \/>\n\ud83d\udd39 Sesiones de sauna, ba\u00f1o de vapor y sala de sal.<br \/>\n\ud83d\udd39 Exfoliaci\u00f3n y masaje con espuma en plataforma de m\u00e1rmol.<br \/>\n\ud83d\udd39 Descanso para el t\u00e9 o la infusi\u00f3n de manzana<br \/>\n\ud83d\udd39 Masaje relajante con aceite y tratamiento de mascarilla facial<br \/>\nRegreso al hotel<\/p>\n<h3><span style=\"color: #000000;\"><strong>\u2139\ufe0f Informaci\u00f3n \u00fatil<\/strong><\/span><\/h3>\n<p>\ud83d\udd39 Duraci\u00f3n: Aproximadamente 2-3 horas (incluidos los traslados)<br \/>\n\ud83d\udd39 Apto para todas las edades (los ni\u00f1os deben ir acompa\u00f1ados)<br \/>\n\ud83d\udd39 No se requiere experiencia<br \/>\n\ud83d\udd39 Se proporcionan toallas, jab\u00f3n y zapatillas.<br \/>\n\ud83d\udd39 Salas de masaje privadas disponibles bajo petici\u00f3n.<\/p>\n<h2><span style=\"color: #000000;\"><strong>Qu\u00e9 llevar<\/strong><\/span><\/h2>\n<p>\ud83d\udd39 Ba\u00f1ador o bikini<br \/>\n\ud83d\udd39 Champ\u00fa para el pelo<br \/>\n\ud83d\udd39 Ropa de recambio (opcional)<\/p>\n<h3><span style=\"color: #000000;\"><strong>\ud83d\udeab No apto para<\/strong><\/span><\/h3>\n<p>\ud83d\udd39 Mujeres embarazadas<br \/>\n\ud83d\udd39 Hu\u00e9spedes con asma o problemas respiratorios graves.<br \/>\n\ud83d\udd39 Personas con heridas abiertas o infecciones cut\u00e1neas<\/p>\n<h2 dir=\"ltr\">\ud83d\udcb8\u00a0<strong>Precios y reservas<\/strong><\/h2>\n<p dir=\"ltr\"><strong>\ud83d\udd39 Reserva ahora, paga el d\u00eda de la excursi\u00f3n<\/strong><br \/>\n\ud83d\udd39 Ponte en contacto con nosotros a trav\u00e9s de WhatsApp, Telegram, Viber, o rellena el siguiente formulario de reserva. \ud83d\udc47\ud83c\udffc<\/p>\n<p>\u00bfBuscas alternativas? Explora <a href=\"https:\/\/excursionsworld.com\/es\/excursiones-alanya\/\">m\u00e1s tours en Alanya<\/a>.<\/p>","protected":false},"excerpt":{"rendered":"<p data-start=\"3442\" data-end=\"3600\">Experimenta la <b>Ba\u00f1o turco y balneario de Alanya<\/b>\u00a1! Disfrute de un <b>Hamam<\/b> ritual con exfoliante, <b>masaje con espuma<\/b>, sauna y aceite <b>relajaci\u00f3n<\/b>. <b>Traslado incluido<\/b>. Empiece las vacaciones con energ\u00eda<\/p>","protected":false},"featured_media":12688,"comment_status":"open","ping_status":"closed","template":"","meta":[],"product_brand":[],"product_cat":[128],"product_tag":[111],"class_list":{"0":"post-15095","1":"product","2":"type-product","3":"status-publish","4":"has-post-thumbnail","6":"tour_phys-alanya-tours","7":"product_cat-alanya-tours","8":"product_tag-alanya","9":"pa_destination-alanya-tours","11":"first","12":"instock","13":"sale","14":"shipping-taxable","15":"purchasable","16":"product-type-tour_phys"},"aioseo_notices":[],"_links":{"self":[{"href":"https:\/\/excursionsworld.com\/es\/wp-json\/wp\/v2\/product\/15095","targetHints":{"allow":["GET"]}}],"collection":[{"href":"https:\/\/excursionsworld.com\/es\/wp-json\/wp\/v2\/product"}],"about":[{"href":"https:\/\/excursionsworld.com\/es\/wp-json\/wp\/v2\/types\/product"}],"replies":[{"embeddable":true,"href":"https:\/\/excursionsworld.com\/es\/wp-json\/wp\/v2\/comments?post=15095"}],"wp:featuredmedia":[{"embeddable":true,"href":"https:\/\/excursionsworld.com\/es\/wp-json\/wp\/v2\/media\/12688"}],"wp:attachment":[{"href":"https:\/\/excursionsworld.com\/es\/wp-json\/wp\/v2\/media?parent=15095"}],"wp:term":[{"taxonomy":"product_brand","embeddable":true,"href":"https:\/\/excursionsworld.com\/es\/wp-json\/wp\/v2\/product_brand?post=15095"},{"taxonomy":"product_cat","embeddable":true,"href":"https:\/\/excursionsworld.com\/es\/wp-json\/wp\/v2\/product_cat?post=15095"},{"taxonomy":"product_tag","embeddable":true,"href":"https:\/\/excursionsworld.com\/es\/wp-json\/wp\/v2\/product_tag?post=15095"}],"curies":[{"name":"wp","href":"https:\/\/api.w.org\/{rel}","templated":true}]}}