{"id":15105,"date":"2025-10-19T19:02:18","date_gmt":"2025-10-19T16:02:18","guid":{"rendered":"https:\/\/excursionsworld.com\/?post_type=product&#038;p=15105"},"modified":"2026-04-24T01:26:55","modified_gmt":"2026-04-23T22:26:55","slug":"parapente-tandem-alanya","status":"publish","type":"product","link":"https:\/\/excursionsworld.com\/tours\/alanya-paragliding-tandem-flight\/","title":{"rendered":"Parapente t\u00e1ndem en Alanya sobre la playa Cleopatra"},"content":{"rendered":"<h2><strong>\ud83c\udfdd\ufe0f Visi\u00f3n general<\/strong><\/h2>\n<p>Experimenta la emoci\u00f3n del parapente sobre la impresionante playa de Cleopatra en <a href=\"https:\/\/en.wikipedia.org\/wiki\/Alanya\" target=\"_blank\" rel=\"noopener\">Alanya<\/a>\u00a1Despega de la colina Yass\u0131 Tepe (700 m de altitud) y planea con vistas impresionantes del Castillo de Alanya, las Monta\u00f1as del Tauro y el Mediterr\u00e1neo turquesa. No se requiere experiencia: tu piloto con licencia se encarga de todo mientras t\u00fa disfrutas de la libertad del vuelo!<\/p>\n<h3><strong>Incluido:<\/strong><\/h3>\n<p><span style=\"color: #00ff00;\"><strong>\u2713<\/strong><\/span> Recogida y entrega en el hotel<br \/>\n<span style=\"color: #00ff00;\"><strong>\u2713 <\/strong><\/span>Piloto profesional e instructor con licencia<br \/>\n<span style=\"color: #00ff00;\"><strong>\u2713 <\/strong><\/span>Seguro a todo riesgo<br \/>\n<span style=\"color: #00ff00;\"><strong>\u2713 <\/strong><\/span>Todo el equipo de vuelo y seguridad<br \/>\n<span style=\"color: #00ff00;\"><strong>\u2713 <\/strong><\/span>Traslado en 4\u00d74 al punto de despegue<br \/>\n<span style=\"color: #00ff00;\"><strong>\u2713 <\/strong><\/span>Entrada a la zona de despegue<\/p>\n<h3><strong>No se incluye:<\/strong><\/h3>\n<p><strong><span style=\"color: #ff0000;\">\u2717<\/span><\/strong> Gastos personales<br \/>\n<strong><span style=\"color: #ff0000;\">\u2717 <\/span><\/strong>Fotos y v\u00eddeos profesionales<br \/>\n<strong><span style=\"color: #ff0000;\">\u2717 <\/span><\/strong>Solicitud de piloto femenino (+15\u20ac de recargo)<\/p>\n<h2>\ud83c\udf1f <strong>Lo m\u00e1s destacado<\/strong><\/h2>\n<p>\ud83d\udd39 Parapente biplaza sobre la playa de Cleopatra<br \/>\n\ud83d\udd39 Espectaculares vistas del castillo y la costa de Alanya<br \/>\n\ud83d\udd39 Despegue suave desde la colina Yass\u0131 Tepe, de 700 m de altura.<br \/>\n\ud83d\udd39 Aterrizaje seguro en la playa con piloto profesional<br \/>\n\ud83d\udd39 Apto para principiantes - sin experiencia previa.<\/p>\n<h2><strong>\ud83d\udcd6 Descripci\u00f3n completa<\/strong><\/h2>\n<p>Su aventura comienza con la recogida en el hotel de Alanya y zonas cercanas. Tras un corto trayecto en 4\u00d74 hasta la colina de Yass\u0131 Tepe, tu instructor te dar\u00e1 unas r\u00e1pidas instrucciones de seguridad y preparar\u00e1 el equipo. Con s\u00f3lo unos pasos, despegar\u00e1 y se elevar\u00e1 como un p\u00e1jaro sobre la impresionante costa de Alanya. Disfrute de un vuelo de 15-20 minutos con vistas panor\u00e1micas de la playa de Cleopatra y el castillo de Alanya. Al aterrizar suavemente en la playa, podr\u00e1 ver fotos o v\u00eddeos opcionales de su vuelo antes de regresar a su hotel con recuerdos inolvidables.<\/p>\n<h3><strong>\ud83d\uddfa\ufe0f Itinerario<\/strong><\/h3>\n<p>\ud83d\udd39 Recogida en los hoteles de Alanya<br \/>\n\ud83d\udd39 Llegada a la estaci\u00f3n de parapente<br \/>\n\ud83d\udd39 Traslado en jeep a la colina Yass\u0131 Tepe (700 m).<br \/>\n\ud83d\udd39 Sesi\u00f3n informativa de seguridad y preparaci\u00f3n del vuelo<br \/>\n\ud83d\udd39 Vuelo en t\u00e1ndem (15-20 minutos)<br \/>\n\ud83d\udd39 Desembarco en la playa de Cleopatra<br \/>\n\ud83d\udd39 Traslado de vuelta al hotel<\/p>\n<h3><strong>\u2139\ufe0f Informaci\u00f3n \u00fatil<\/strong><\/h3>\n<p>\ud83d\udd39 Duraci\u00f3n: aprox. 2-3 horas (traslados incluidos)<br \/>\n\ud83d\udd39 Tiempo de vuelo: 15-20 minutos (en funci\u00f3n de las condiciones meteorol\u00f3gicas)<br \/>\n\ud83d\udd39 Disponible todos los d\u00edas de 09:00 a 17:00<br \/>\n\ud83d\udd39 Funciona todo el a\u00f1o (si el tiempo lo permite).<br \/>\n\ud83d\udd39 Recomendado: ropa c\u00f3moda y calzado deportivo.<br \/>\n\ud83d\udd39 Llevar: gafas de sol y agua.<\/p>\n<h2>\ud83c\udf92 <strong>Qu\u00e9 llevar<\/strong><\/h2>\n<p>\ud83d\udd39 Ropa c\u00f3moda (pantalones cortos \/ pantalones)<br \/>\n\ud83d\udd39 Zapatillas de deporte<br \/>\nGafas de sol \ud83d\udd39<br \/>\n\ud83d\udd39 Dinero en efectivo para fotos o gastos personales.<\/p>\n<h3>\ud83d\udeab <strong>No apto para<\/strong><\/h3>\n<p>\ud83d\udd39 Invitados bajo los efectos del alcohol o las drogas.<br \/>\n\ud83d\udd39 Personas con enfermedades graves del coraz\u00f3n o de la columna vertebral<\/p>\n<h2 dir=\"ltr\">\ud83d\udcb8\u00a0<strong>Precios y reservas<\/strong><\/h2>\n<p dir=\"ltr\"><strong>\ud83d\udd39 Reserva ahora, paga el d\u00eda de la excursi\u00f3n<\/strong><br \/>\n\ud83d\udd39 Ponte en contacto con nosotros a trav\u00e9s de WhatsApp, Telegram, Viber, o rellena el siguiente formulario de reserva. \ud83d\udc47\ud83c\udffc<\/p>\n<p>\u00bfBuscas alternativas? Explora <a href=\"https:\/\/excursionsworld.com\/es\/excursiones-alanya\/\">m\u00e1s tours en Alanya<\/a>.<\/p>","protected":false},"excerpt":{"rendered":"<p>Reserve su <b>Vuelo biplaza en parapente en Alanya<\/b>\u00a1! Sobrevuela <b>Playa de Cleopatra<\/b> a partir de 700 m. <b>Adrenalina<\/b> acometidas con vistas impresionantes. <b>Traslado incluido<\/b>, No se necesita experiencia.<\/p>","protected":false},"featured_media":15128,"comment_status":"open","ping_status":"closed","template":"","meta":[],"product_brand":[],"product_cat":[128],"product_tag":[111],"class_list":{"0":"post-15105","1":"product","2":"type-product","3":"status-publish","4":"has-post-thumbnail","6":"tour_phys-alanya-tours","7":"product_cat-alanya-tours","8":"product_tag-alanya","9":"pa_destination-alanya-tours","11":"first","12":"instock","13":"sale","14":"shipping-taxable","15":"purchasable","16":"product-type-tour_phys"},"aioseo_notices":[],"_links":{"self":[{"href":"https:\/\/excursionsworld.com\/es\/wp-json\/wp\/v2\/product\/15105","targetHints":{"allow":["GET"]}}],"collection":[{"href":"https:\/\/excursionsworld.com\/es\/wp-json\/wp\/v2\/product"}],"about":[{"href":"https:\/\/excursionsworld.com\/es\/wp-json\/wp\/v2\/types\/product"}],"replies":[{"embeddable":true,"href":"https:\/\/excursionsworld.com\/es\/wp-json\/wp\/v2\/comments?post=15105"}],"wp:featuredmedia":[{"embeddable":true,"href":"https:\/\/excursionsworld.com\/es\/wp-json\/wp\/v2\/media\/15128"}],"wp:attachment":[{"href":"https:\/\/excursionsworld.com\/es\/wp-json\/wp\/v2\/media?parent=15105"}],"wp:term":[{"taxonomy":"product_brand","embeddable":true,"href":"https:\/\/excursionsworld.com\/es\/wp-json\/wp\/v2\/product_brand?post=15105"},{"taxonomy":"product_cat","embeddable":true,"href":"https:\/\/excursionsworld.com\/es\/wp-json\/wp\/v2\/product_cat?post=15105"},{"taxonomy":"product_tag","embeddable":true,"href":"https:\/\/excursionsworld.com\/es\/wp-json\/wp\/v2\/product_tag?post=15105"}],"curies":[{"name":"wp","href":"https:\/\/api.w.org\/{rel}","templated":true}]}}